{"id":70534,"date":"2023-07-17T09:20:39","date_gmt":"2023-07-17T07:20:39","guid":{"rendered":"https:\/\/prod.tubesca-comabi.com\/norma-en-131\/"},"modified":"2023-07-17T10:50:32","modified_gmt":"2023-07-17T08:50:32","slug":"norma-en-131","status":"publish","type":"page","link":"https:\/\/prod.tubesca-comabi.com\/it\/norma-en-131\/","title":{"rendered":"NORMA EN 131"},"content":{"rendered":"\n<h2 class=\"wp-block-heading\" id=\"informations-destinees-aux-utilisateurs-de-l-echelle\">INFORMAZIONI PER GLI UTENTI DELLA SCALA<\/h2>\n\n<h3 class=\"wp-block-heading\" id=\"1-remarques-generales\"><a>1. Commenti generali<\/a><\/h3>\n\n<h4 class=\"wp-block-heading\" id=\"1-1-introduction\">1.1. INTRODUZIONE<\/h4>\n\n<p>Le presenti informazioni per l&#8217;utente descrivono come utilizzare la scala in modo sicuro. Prima di utilizzare la scala e per la vostra sicurezza, leggete attentamente le presenti informazioni per l&#8217;utente e conservatele per riferimento futuro Quando la scala viene ceduta a terzi, le informazioni per l&#8217;utente devono essere trasmesse al nuovo proprietario.<\/p>\n\n<h4 class=\"wp-block-heading\" id=\"1-2-avant-d-utiliser-l-echelle-extrait-de-l-en-131-3\">1.2. PRIMA DI UTILIZZARE LA SCALA (ESTRATTO DALLA NORMA EN 131-3)<\/h4>\n\n<p><strong>a Il suo stato di salute le consente di utilizzare la scala?<\/strong> Alcuni problemi di salute, l&#8217;assunzione di farmaci o l&#8217;abuso di alcol o droghe possono rappresentare un pericolo per la sicurezza durante l&#8217;utilizzo della scala.<\/p>\n\n<p><strong>b Se si trasportano le scale su un portapacchi o in un camion, assicurarsi che siano fissate\/posizionate correttamente per evitare danni.<\/strong><\/p>\n\n<p><strong>c Controllare la scala dopo la consegna e prima di utilizzarla per la prima volta per assicurarsi che tutte le parti siano in buone condizioni di funzionamento.<\/strong> <\/p>\n\n<p><strong>d Eseguire un controllo visivo della scala per verificare l&#8217;assenza di danni e per assicurarsi che sia sicura da usare, all&#8217;inizio di ogni giornata lavorativa durante la quale la scala verr\u00e0 utilizzata.<\/strong><\/p>\n\n<p><strong>e Gli utenti professionali devono effettuare controlli regolari.<\/strong><\/p>\n\n<p><strong>f Assicurarsi che la scala sia adatta all&#8217;uso previsto.<\/strong><\/p>\n\n<p><strong>g Non utilizzare una scala danneggiata.<\/strong><\/p>\n\n<p><strong>h Rimuovere eventuali impurit\u00e0 dalla scala, come vernice fresca, sporco, olio o neve.<\/strong><\/p>\n\n<p><strong>i Prima di utilizzare la scala per scopi professionali, \u00e8 necessario effettuare una valutazione dei rischi in conformit\u00e0 alle linee guida in vigore nel paese di utilizzo.<\/strong><\/p>\n\n<h4 class=\"wp-block-heading\" id=\"1-3-positionner-et-dresser-l-echelle-extrait-de-l-en-131-3\">1.3. POSIZIONAMENTO E MONTAGGIO DELLA BILANCIA (ESTRATTO DA EN 131-3)<\/h4>\n\n<p><strong>a La scala deve essere installata nella posizione corretta, con la giusta angolazione, ad esempio scale d&#8217;appoggio (angolo di inclinazione circa 1:4), pioli o gradini orizzontali e scale doppie devono essere completamente aperte.<\/strong><\/p>\n\n<p><strong>b Tutti i dispositivi di bloccaggio montati sulla scala devono essere completamente bloccati prima dell&#8217;uso.<\/strong><\/p>\n\n<p><strong>c La scala deve essere posizionata su un terreno piano, orizzontale e stabile.<\/strong><\/p>\n\n<p><strong>d Prima dell&#8217;uso, \u00e8 necessario appoggiare la scala d&#8217;appoggio a una superficie piana e solida e fissarla, ad esempio con dei fissaggi o con un dispositivo adatto a garantirne la stabilit\u00e0.<\/strong><\/p>\n\n<p><strong>e Non riposizionare mai una scala dall&#8217;alto.<\/strong><\/p>\n\n<p><strong>f Quando si posiziona una scala, \u00e8 necessario assicurarsi che non possa entrare in collisione con pedoni, veicoli o porte, ad esempio.<\/strong> Se possibile, bloccare le porte (ma non le uscite di emergenza) e le finestre dell&#8217;area di lavoro.<\/p>\n\n<p><strong>g Identificare tutti i potenziali pericoli che potrebbero essere causati da apparecchiature elettriche, come linee aeree ad alta tensione o altre apparecchiature accessibili.<\/strong><\/p>\n\n<p><strong>h La scala deve stare in piedi e non sui pioli o sui gradini.<\/strong><\/p>\n\n<p><strong>i Non \u00e8 consentito posizionare le scale su superfici scivolose (ad esempio, superfici ghiacciate, lisce o solide ma evidentemente sporche), a meno che non si adottino misure aggiuntive per garantire che la scala non possa scivolare o che le superfici siano sufficientemente pulite.<\/strong><\/p>\n\n<h4 class=\"wp-block-heading\" id=\"1-4-utilisation-de-l-echelle-extrait-de-l-en-131-3\">1.4. USO DELLA SCALA (ESTRATTO DALLA EN 131-3)<\/h4>\n\n<p><strong>a Non superare il carico massimo previsto per ogni tipo di scala.<\/strong><\/p>\n\n<p><strong>b Non superare il numero massimo di utenti per la scala\/il segmento di scala.<\/strong><\/p>\n\n<p><strong>c Non sporgersi troppo; gli utenti devono stare all&#8217;altezza della vita tra i montanti della scala e con entrambi i piedi sullo stesso gradino\/piolo.<\/strong><\/p>\n\n<p><strong>d Non scendere da una scala a grande altezza senza ulteriori dispositivi di sicurezza, come ad esempio dei fissaggi o un dispositivo adatto a garantire la stabilit\u00e0.<\/strong><\/p>\n\n<p><strong>e Non utilizzare una scala doppia per accedere a un altro livello.<\/strong><\/p>\n\n<p><strong>f Non utilizzare i tre gradini\/pioli superiori di una scala di sostegno come superficie di appoggio.<\/strong><\/p>\n\n<p><strong>g Non utilizzare come superficie d&#8217;appoggio i due gradini\/pioli superiori di una scala doppia priva di piattaforma e senza un dispositivo di trattenuta per mani\/ginocchia.<\/strong><\/p>\n\n<p><strong>h Non utilizzare come supporto i quattro gradini\/pioli superiori di una scala doppia dotata di una scala a sfilo.<\/strong><\/p>\n\n<p><strong>i <\/strong>Uso le scale solo per lavori brevi e semplici.<\/p>\n\n<p><strong>j<\/strong> Utilizzare scale non conduttive per lavori che comportano elettricit\u00e0 sotto tensione.<\/p>\n\n<p><strong>k<\/strong> Non utilizzare la scala all&#8217;aperto in condizioni atmosferiche avverse, come ad esempio in caso di forte vento.<\/p>\n\n<p><strong>l<\/strong> Prendete le dovute precauzioni per evitare che i bambini giochino sulla scala.<\/p>\n\n<p><strong>m<\/strong> Se possibile, bloccare le porte (ma non le uscite di emergenza) e le finestre dell&#8217;area di lavoro.<\/p>\n\n<p><strong>n<\/strong> Salite e scendete affrontando la scala.<\/p>\n\n<p><strong>o<\/strong> Tenere saldamente la scala quando si sale o si scende.<\/p>\n\n<p><strong>p<\/strong> Non utilizzare la scala come passerella.<\/p>\n\n<p><strong>q<\/strong> Indossare calzature adeguate quando si sale sulla scala.<\/p>\n\n<p><strong>r<\/strong> Evitare sollecitazioni laterali eccessive, ad esempio quando si fora la muratura o il calcestruzzo.<\/p>\n\n<p><strong>s<\/strong> Non rimanete sulla scala per troppo tempo senza fare pause regolari (la stanchezza \u00e8 un rischio).<\/p>\n\n<p><strong>t<\/strong> Se \u00e8 necessario accedere a un&#8217;altezza maggiore, le scale di sostegno devono estendersi di almeno 1 m oltre il loro punto di appoggio.<\/p>\n\n<p><strong>u<\/strong>Gli oggetti che si portano con s\u00e9 quando si sale su una scala devono essere leggeri e facili da maneggiare. Quando si trasportano oggetti, installare un corrimano che funga da protezione anticaduta laterale.<\/p>\n\n<p><strong>v<\/strong> Sulle scale doppie, evitare i lavori che comportano sollecitazioni laterali, come la perforazione laterale di materiali duri (muratura o calcestruzzo, ad esempio).<\/p>\n\n<p><strong>w<\/strong> Quando si lavora su una scala, \u00e8 necessario tenersi con una sola mano o, se ci\u00f2 non \u00e8 possibile, adottare ulteriori misure di sicurezza.<\/p>\n\n<p><strong>x<\/strong> Non utilizzare scale doppie come scale di sostegno.<\/p>\n\n<h4 class=\"wp-block-heading\" id=\"1-5-reparation-maintenance-et-stockage\">1.5. RIPARAZIONE, MANUTENZIONE E STOCCAGGIO<\/h4>\n\n<p>I lavori di riparazione e manutenzione della scala devono essere eseguiti da personale qualificato secondo le istruzioni del produttore. I ricambi possono essere ordinati al produttore. Le scale devono essere conservate secondo le istruzioni del produttore, al riparo dalle intemperie.<\/p>\n\n<h4 class=\"wp-block-heading\" id=\"1-6-nettoyage\">1.6. PULIZIA<\/h4>\n\n<p>Pulire il prodotto con acqua mescolata a un normale prodotto di pulizia.<\/p>\n\n<p><strong>ATTENZIONE<\/strong><br\/>Rischio di scivolamento in caso di presenza di acqua sui gradini! Dopo la pulizia, asciugare accuratamente i gradini e i dispositivi di ritenuta.<\/p>\n\n<h4 class=\"wp-block-heading\" id=\"1-7-elimination\">1.7. SMALTIMENTO<\/h4>\n\n<p>Il prodotto \u00e8 realizzato principalmente in alluminio. Smaltire il prodotto come segue:<\/p>\n\n<p>alluminio : Riciclaggio<br\/>acciaio : Riciclaggio<br\/>Plastica: recupero di energia<\/p>\n\n<p>(piedini della scala, tappi di chiusura, cinghie)<\/p>\n\n<h3 class=\"wp-block-heading\" id=\"2-controle-de-l-echelle\"><a>2. Controllo della scala<\/a><\/h3>\n\n<p>La sicurezza operativa del prodotto deve essere controllata regolarmente da un esperto. Lo specialista riceve l&#8217;autorizzazione a effettuare l&#8217;ispezione dall&#8217;operatore e partecipa ai seminari previsti dalla legge nazionale in vigore.<br\/>Gli intervalli di ispezione devono essere adattati alle condizioni operative. I controlli devono essere effettuati almeno una volta all&#8217;anno.<br\/>L&#8217;esecuzione dell&#8217;ispezione deve essere documentata. Le liste di controllo dei prodotti sono disponibili sul sito web di TUBESCA-COMABI. Una volta eseguito il test e se il risultato \u00e8 positivo, apporre la piastrina di controllo TUBESCA-COMABI (rif. 828384 o 828385) sul prodotto. Il mese e l&#8217;anno della prossima ispezione devono essere perfettamente leggibili.<\/p>\n\n<h4 class=\"wp-block-heading\" id=\"2-1-criteres-de-controle\">2.1. CRITERI DI CONTROLLO<\/h4>\n\n<p><strong>Importi<\/strong><\/p>\n\n<p>Deformazione Danni (ad es. crepe) Spigoli vivi, schegge, bave Usura<br\/>trattamento protettivo (legno)<\/p>\n\n<p><strong>Protezione anti-spostamento<\/strong><\/p>\n\n<p>Completezza\/fissazione Funzionalit\u00e0 Danni\/corrosione<\/p>\n\n<p><strong>Elementi di rivestimento<\/strong><\/p>\n\n<p>Danno\/corrosione Completamento\/fissazione Funzionalit\u00e0<br\/>usura Lubrificazione (parti meccaniche)<\/p>\n\n<p><strong>Balaustre\/gradini\/piattaforme<\/strong><\/p>\n\n<p>Deformazione Danno (ad es. crepe) Spigoli vivi, schegge, bave Collegamento al montante (crimpatura, collegamenti a vite, rivetti, saldature) Usura (ad es. superficie di appoggio, supporto della piattaforma)<\/p>\n\n<p><strong>Piedini\/rulli per scale<\/strong><\/p>\n\n<p>Completezza\/usura\/corrosione degli attacchi, funzionalit\u00e0<\/p>\n\n<p><strong>Marcatura di identificazione<\/strong><\/p>\n\n<p>Istruzioni per l&#8217;uso (pittogramma)<\/p>\n\n<p><strong>Accessori (ad es. prolunga del montante, prolunga del piede, supporto a parete)<\/strong><\/p>\n\n<p>Integrale\/fisso<\/p>\n\n<div class=\"wp-block-columns is-layout-flex wp-container-core-columns-is-layout-9d6595d7 wp-block-columns-is-layout-flex\">\n<div class=\"wp-block-column is-layout-flow wp-block-column-is-layout-flow\">\n<div class=\"wp-block-buttons alignwide is-content-justification-center is-layout-flex wp-container-core-buttons-is-layout-16018d1d wp-block-buttons-is-layout-flex\">\n<div class=\"wp-block-button\"><a class=\"wp-block-button__link wp-element-button\" href=\"http:\/\/prod.tubesca-comabi.com\/wp-content\/uploads\/sites\/3\/2023\/07\/NoticeUtilisation_EchellesEN131.pdf\">Scarica i nostri opuscoli sulle scale<\/a><\/div>\n<\/div>\n<\/div>\n\n\n\n<div class=\"wp-block-column is-layout-flow wp-block-column-is-layout-flow\">\n<div class=\"wp-block-buttons alignwide is-content-justification-center is-layout-flex wp-container-core-buttons-is-layout-16018d1d wp-block-buttons-is-layout-flex\">\n<div class=\"wp-block-button\"><a class=\"wp-block-button__link wp-element-button\" href=\"http:\/\/prod.tubesca-comabi.com\/wp-content\/uploads\/sites\/3\/2023\/07\/NoticeUtilisation_MarchepiedsEN131.pdf\">Scarica i nostri opuscoli sulle pedane da corsa<\/a><\/div>\n<\/div>\n<\/div>\n<\/div>\n\n<p><\/p>\n\n<p><\/p>\n","protected":false},"excerpt":{"rendered":"<p>INFORMAZIONI PER GLI UTENTI DELLA SCALA 1. Commenti generali 1.1. INTRODUZIONE Le presenti informazioni per l&#8217;utente descrivono come utilizzare la scala in modo sicuro. Prima di utilizzare la scala e per la vostra sicurezza, leggete attentamente le presenti informazioni per l&#8217;utente e conservatele per riferimento futuro Quando la scala viene ceduta a terzi, le informazioni [&hellip;]<\/p>\n","protected":false},"author":8,"featured_media":0,"parent":0,"menu_order":0,"comment_status":"closed","ping_status":"closed","template":"","meta":{"_acf_changed":false,"ep_exclude_from_search":false,"footnotes":""},"class_list":["post-70534","page","type-page","status-publish","hentry"],"acf":[],"yoast_head":"<!-- This site is optimized with the Yoast SEO plugin v27.4 - https:\/\/yoast.com\/product\/yoast-seo-wordpress\/ -->\n<title>NORMA EN 131 - Tubesca Comabi<\/title>\n<meta name=\"robots\" content=\"noindex, follow, max-snippet:-1, max-image-preview:large, max-video-preview:-1\" \/>\n<meta property=\"og:locale\" content=\"it_IT\" \/>\n<meta property=\"og:type\" content=\"article\" \/>\n<meta property=\"og:title\" content=\"NORMA EN 131 - Tubesca Comabi\" \/>\n<meta property=\"og:description\" content=\"INFORMAZIONI PER GLI UTENTI DELLA SCALA 1. Commenti generali 1.1. INTRODUZIONE Le presenti informazioni per l&#8217;utente descrivono come utilizzare la scala in modo sicuro. Prima di utilizzare la scala e per la vostra sicurezza, leggete attentamente le presenti informazioni per l&#8217;utente e conservatele per riferimento futuro Quando la scala viene ceduta a terzi, le informazioni [&hellip;]\" \/>\n<meta property=\"og:url\" content=\"https:\/\/prod.tubesca-comabi.com\/it\/norma-en-131\/\" \/>\n<meta property=\"og:site_name\" content=\"Tubesca Comabi\" \/>\n<meta property=\"article:publisher\" content=\"https:\/\/www.facebook.com\/tubescacomabi\/\" \/>\n<meta property=\"article:modified_time\" content=\"2023-07-17T08:50:32+00:00\" \/>\n<meta name=\"twitter:card\" content=\"summary_large_image\" \/>\n<meta name=\"twitter:site\" content=\"@tubesca_comabi\" \/>\n<meta name=\"twitter:label1\" content=\"Tempo di lettura stimato\" \/>\n\t<meta name=\"twitter:data1\" content=\"6 minuti\" \/>\n<script type=\"application\/ld+json\" class=\"yoast-schema-graph\">{\"@context\":\"https:\\\/\\\/schema.org\",\"@graph\":[{\"@type\":\"WebPage\",\"@id\":\"https:\\\/\\\/prod.tubesca-comabi.com\\\/it\\\/norma-en-131\\\/\",\"url\":\"https:\\\/\\\/prod.tubesca-comabi.com\\\/it\\\/norma-en-131\\\/\",\"name\":\"NORMA EN 131 - Tubesca Comabi\",\"isPartOf\":{\"@id\":\"https:\\\/\\\/prod.tubesca-comabi.com\\\/it\\\/#website\"},\"datePublished\":\"2023-07-17T07:20:39+00:00\",\"dateModified\":\"2023-07-17T08:50:32+00:00\",\"breadcrumb\":{\"@id\":\"https:\\\/\\\/prod.tubesca-comabi.com\\\/it\\\/norma-en-131\\\/#breadcrumb\"},\"inLanguage\":\"it-IT\",\"potentialAction\":[{\"@type\":\"ReadAction\",\"target\":[\"https:\\\/\\\/prod.tubesca-comabi.com\\\/it\\\/norma-en-131\\\/\"]}]},{\"@type\":\"BreadcrumbList\",\"@id\":\"https:\\\/\\\/prod.tubesca-comabi.com\\\/it\\\/norma-en-131\\\/#breadcrumb\",\"itemListElement\":[{\"@type\":\"ListItem\",\"position\":1,\"name\":\"Tubesca-Comabi\",\"item\":\"https:\\\/\\\/prod.tubesca-comabi.com\\\/it\\\/\"},{\"@type\":\"ListItem\",\"position\":2,\"name\":\"NORMA EN 131\"}]},{\"@type\":\"WebSite\",\"@id\":\"https:\\\/\\\/prod.tubesca-comabi.com\\\/it\\\/#website\",\"url\":\"https:\\\/\\\/prod.tubesca-comabi.com\\\/it\\\/\",\"name\":\"Tubesca Comabi\",\"description\":\"Une entreprise du groupe Fr\u00e9n\u00e9hard &amp; Michaux\",\"publisher\":{\"@id\":\"https:\\\/\\\/prod.tubesca-comabi.com\\\/it\\\/#organization\"},\"potentialAction\":[{\"@type\":\"SearchAction\",\"target\":{\"@type\":\"EntryPoint\",\"urlTemplate\":\"https:\\\/\\\/prod.tubesca-comabi.com\\\/it\\\/?s={search_term_string}\"},\"query-input\":{\"@type\":\"PropertyValueSpecification\",\"valueRequired\":true,\"valueName\":\"search_term_string\"}}],\"inLanguage\":\"it-IT\"},{\"@type\":\"Organization\",\"@id\":\"https:\\\/\\\/prod.tubesca-comabi.com\\\/it\\\/#organization\",\"name\":\"Tubesca Comabi\",\"url\":\"https:\\\/\\\/prod.tubesca-comabi.com\\\/it\\\/\",\"logo\":{\"@type\":\"ImageObject\",\"inLanguage\":\"it-IT\",\"@id\":\"https:\\\/\\\/prod.tubesca-comabi.com\\\/it\\\/#\\\/schema\\\/logo\\\/image\\\/\",\"url\":\"https:\\\/\\\/prod.tubesca-comabi.com\\\/wp-content\\\/uploads\\\/sites\\\/3\\\/2022\\\/12\\\/tubesca-comabi_logo_0.png\",\"contentUrl\":\"https:\\\/\\\/prod.tubesca-comabi.com\\\/wp-content\\\/uploads\\\/sites\\\/3\\\/2022\\\/12\\\/tubesca-comabi_logo_0.png\",\"width\":426,\"height\":54,\"caption\":\"Tubesca Comabi\"},\"image\":{\"@id\":\"https:\\\/\\\/prod.tubesca-comabi.com\\\/it\\\/#\\\/schema\\\/logo\\\/image\\\/\"},\"sameAs\":[\"https:\\\/\\\/www.facebook.com\\\/tubescacomabi\\\/\",\"https:\\\/\\\/x.com\\\/tubesca_comabi\",\"https:\\\/\\\/www.youtube.com\\\/channel\\\/UCiiudWOV9mAvU9c7VkV4kmA\",\"https:\\\/\\\/www.linkedin.com\\\/company\\\/tubesca-comabi\",\"https:\\\/\\\/www.instagram.com\\\/tubesca.comabi\\\/\"]}]}<\/script>\n<!-- \/ Yoast SEO plugin. -->","yoast_head_json":{"title":"NORMA EN 131 - Tubesca Comabi","robots":{"index":"noindex","follow":"follow","max-snippet":"max-snippet:-1","max-image-preview":"max-image-preview:large","max-video-preview":"max-video-preview:-1"},"og_locale":"it_IT","og_type":"article","og_title":"NORMA EN 131 - Tubesca Comabi","og_description":"INFORMAZIONI PER GLI UTENTI DELLA SCALA 1. Commenti generali 1.1. INTRODUZIONE Le presenti informazioni per l&#8217;utente descrivono come utilizzare la scala in modo sicuro. Prima di utilizzare la scala e per la vostra sicurezza, leggete attentamente le presenti informazioni per l&#8217;utente e conservatele per riferimento futuro Quando la scala viene ceduta a terzi, le informazioni [&hellip;]","og_url":"https:\/\/prod.tubesca-comabi.com\/it\/norma-en-131\/","og_site_name":"Tubesca Comabi","article_publisher":"https:\/\/www.facebook.com\/tubescacomabi\/","article_modified_time":"2023-07-17T08:50:32+00:00","twitter_card":"summary_large_image","twitter_site":"@tubesca_comabi","twitter_misc":{"Tempo di lettura stimato":"6 minuti"},"schema":{"@context":"https:\/\/schema.org","@graph":[{"@type":"WebPage","@id":"https:\/\/prod.tubesca-comabi.com\/it\/norma-en-131\/","url":"https:\/\/prod.tubesca-comabi.com\/it\/norma-en-131\/","name":"NORMA EN 131 - Tubesca Comabi","isPartOf":{"@id":"https:\/\/prod.tubesca-comabi.com\/it\/#website"},"datePublished":"2023-07-17T07:20:39+00:00","dateModified":"2023-07-17T08:50:32+00:00","breadcrumb":{"@id":"https:\/\/prod.tubesca-comabi.com\/it\/norma-en-131\/#breadcrumb"},"inLanguage":"it-IT","potentialAction":[{"@type":"ReadAction","target":["https:\/\/prod.tubesca-comabi.com\/it\/norma-en-131\/"]}]},{"@type":"BreadcrumbList","@id":"https:\/\/prod.tubesca-comabi.com\/it\/norma-en-131\/#breadcrumb","itemListElement":[{"@type":"ListItem","position":1,"name":"Tubesca-Comabi","item":"https:\/\/prod.tubesca-comabi.com\/it\/"},{"@type":"ListItem","position":2,"name":"NORMA EN 131"}]},{"@type":"WebSite","@id":"https:\/\/prod.tubesca-comabi.com\/it\/#website","url":"https:\/\/prod.tubesca-comabi.com\/it\/","name":"Tubesca Comabi","description":"Une entreprise du groupe Fr\u00e9n\u00e9hard &amp; Michaux","publisher":{"@id":"https:\/\/prod.tubesca-comabi.com\/it\/#organization"},"potentialAction":[{"@type":"SearchAction","target":{"@type":"EntryPoint","urlTemplate":"https:\/\/prod.tubesca-comabi.com\/it\/?s={search_term_string}"},"query-input":{"@type":"PropertyValueSpecification","valueRequired":true,"valueName":"search_term_string"}}],"inLanguage":"it-IT"},{"@type":"Organization","@id":"https:\/\/prod.tubesca-comabi.com\/it\/#organization","name":"Tubesca Comabi","url":"https:\/\/prod.tubesca-comabi.com\/it\/","logo":{"@type":"ImageObject","inLanguage":"it-IT","@id":"https:\/\/prod.tubesca-comabi.com\/it\/#\/schema\/logo\/image\/","url":"https:\/\/prod.tubesca-comabi.com\/wp-content\/uploads\/sites\/3\/2022\/12\/tubesca-comabi_logo_0.png","contentUrl":"https:\/\/prod.tubesca-comabi.com\/wp-content\/uploads\/sites\/3\/2022\/12\/tubesca-comabi_logo_0.png","width":426,"height":54,"caption":"Tubesca Comabi"},"image":{"@id":"https:\/\/prod.tubesca-comabi.com\/it\/#\/schema\/logo\/image\/"},"sameAs":["https:\/\/www.facebook.com\/tubescacomabi\/","https:\/\/x.com\/tubesca_comabi","https:\/\/www.youtube.com\/channel\/UCiiudWOV9mAvU9c7VkV4kmA","https:\/\/www.linkedin.com\/company\/tubesca-comabi","https:\/\/www.instagram.com\/tubesca.comabi\/"]}]}},"_links":{"self":[{"href":"https:\/\/prod.tubesca-comabi.com\/it\/wp-json\/wp\/v2\/pages\/70534","targetHints":{"allow":["GET"]}}],"collection":[{"href":"https:\/\/prod.tubesca-comabi.com\/it\/wp-json\/wp\/v2\/pages"}],"about":[{"href":"https:\/\/prod.tubesca-comabi.com\/it\/wp-json\/wp\/v2\/types\/page"}],"author":[{"embeddable":true,"href":"https:\/\/prod.tubesca-comabi.com\/it\/wp-json\/wp\/v2\/users\/8"}],"replies":[{"embeddable":true,"href":"https:\/\/prod.tubesca-comabi.com\/it\/wp-json\/wp\/v2\/comments?post=70534"}],"version-history":[{"count":1,"href":"https:\/\/prod.tubesca-comabi.com\/it\/wp-json\/wp\/v2\/pages\/70534\/revisions"}],"predecessor-version":[{"id":70535,"href":"https:\/\/prod.tubesca-comabi.com\/it\/wp-json\/wp\/v2\/pages\/70534\/revisions\/70535"}],"wp:attachment":[{"href":"https:\/\/prod.tubesca-comabi.com\/it\/wp-json\/wp\/v2\/media?parent=70534"}],"curies":[{"name":"wp","href":"https:\/\/api.w.org\/{rel}","templated":true}]}}