{"id":31001,"date":"2023-04-18T10:36:45","date_gmt":"2023-04-18T08:36:45","guid":{"rendered":"https:\/\/prod.tubesca-comabi.com\/ponteggio-sospeso\/"},"modified":"2023-05-26T15:41:35","modified_gmt":"2023-05-26T13:41:35","slug":"ponteggio-sospeso","status":"publish","type":"page","link":"https:\/\/prod.tubesca-comabi.com\/it\/ponteggio-sospeso\/","title":{"rendered":"Ponteggio sospeso"},"content":{"rendered":"\n<p>A seconda della configurazione del cantiere, <strong>a volte \u00e8 necessario un ponteggio sospeso senza alcun punto di appoggio a terra.<\/strong><\/p>\n\n<figure class=\"wp-block-image aligncenter size-full\"><a href=\"https:\/\/prod.tubesca-comabi.com\/wp-content\/uploads\/sites\/3\/2023\/04\/echafaudages_suspendus.jpg\"><img loading=\"lazy\" decoding=\"async\" width=\"690\" height=\"287\" src=\"https:\/\/prod.tubesca-comabi.com\/wp-content\/uploads\/sites\/3\/2023\/04\/echafaudages_suspendus.jpg\" alt=\"\" class=\"wp-image-18609\" srcset=\"https:\/\/prod.tubesca-comabi.com\/wp-content\/uploads\/sites\/3\/2023\/04\/echafaudages_suspendus.jpg 690w, https:\/\/prod.tubesca-comabi.com\/wp-content\/uploads\/sites\/3\/2023\/04\/echafaudages_suspendus-300x125.jpg 300w, https:\/\/prod.tubesca-comabi.com\/wp-content\/uploads\/sites\/3\/2023\/04\/echafaudages_suspendus-600x250.jpg 600w\" sizes=\"auto, (max-width: 690px) 100vw, 690px\" \/><\/a><\/figure>\n\n<p>\u00c8 il caso ad esempio della <strong>ristrutturazione di ponti<\/strong> o di un <strong>restauro sugli ultimi livelli di un immobile<\/strong> se non \u00e8 possibile impiegare un ponteggio dalla strada.<\/p>\n\n<div class=\"wp-block-columns is-layout-flex wp-container-core-columns-is-layout-9d6595d7 wp-block-columns-is-layout-flex\">\n<div class=\"wp-block-column is-layout-flow wp-block-column-is-layout-flow\">\n<figure class=\"wp-block-image size-full\"><a href=\"https:\/\/prod.tubesca-comabi.com\/wp-content\/uploads\/sites\/3\/2023\/04\/echafaudage_suspendu1.jpg\"><img loading=\"lazy\" decoding=\"async\" width=\"342\" height=\"287\" src=\"https:\/\/prod.tubesca-comabi.com\/wp-content\/uploads\/sites\/3\/2023\/04\/echafaudage_suspendu1.jpg\" alt=\"\" class=\"wp-image-18624\" srcset=\"https:\/\/prod.tubesca-comabi.com\/wp-content\/uploads\/sites\/3\/2023\/04\/echafaudage_suspendu1.jpg 342w, https:\/\/prod.tubesca-comabi.com\/wp-content\/uploads\/sites\/3\/2023\/04\/echafaudage_suspendu1-300x252.jpg 300w\" sizes=\"auto, (max-width: 342px) 100vw, 342px\" \/><\/a><\/figure>\n<\/div>\n\n\n\n<div class=\"wp-block-column is-layout-flow wp-block-column-is-layout-flow\">\n<figure class=\"wp-block-image size-full\"><a href=\"https:\/\/prod.tubesca-comabi.com\/wp-content\/uploads\/sites\/3\/2023\/04\/echafaudages_suspendu2-2.jpg\"><img loading=\"lazy\" decoding=\"async\" width=\"342\" height=\"287\" src=\"https:\/\/prod.tubesca-comabi.com\/wp-content\/uploads\/sites\/3\/2023\/04\/echafaudages_suspendu2-2.jpg\" alt=\"\" class=\"wp-image-18629\" srcset=\"https:\/\/prod.tubesca-comabi.com\/wp-content\/uploads\/sites\/3\/2023\/04\/echafaudages_suspendu2-2.jpg 342w, https:\/\/prod.tubesca-comabi.com\/wp-content\/uploads\/sites\/3\/2023\/04\/echafaudages_suspendu2-2-300x252.jpg 300w\" sizes=\"auto, (max-width: 342px) 100vw, 342px\" \/><\/a><\/figure>\n<\/div>\n\n\n\n<div class=\"wp-block-column is-layout-flow wp-block-column-is-layout-flow\">\n<figure class=\"wp-block-image size-full\"><a href=\"https:\/\/prod.tubesca-comabi.com\/wp-content\/uploads\/sites\/3\/2023\/04\/echafaudage_facade_suspendu3.jpg\"><img loading=\"lazy\" decoding=\"async\" width=\"342\" height=\"287\" src=\"https:\/\/prod.tubesca-comabi.com\/wp-content\/uploads\/sites\/3\/2023\/04\/echafaudage_facade_suspendu3.jpg\" alt=\"\" class=\"wp-image-18634\" srcset=\"https:\/\/prod.tubesca-comabi.com\/wp-content\/uploads\/sites\/3\/2023\/04\/echafaudage_facade_suspendu3.jpg 342w, https:\/\/prod.tubesca-comabi.com\/wp-content\/uploads\/sites\/3\/2023\/04\/echafaudage_facade_suspendu3-300x252.jpg 300w\" sizes=\"auto, (max-width: 342px) 100vw, 342px\" \/><\/a><\/figure>\n<\/div>\n<\/div>\n\n<div class=\"wp-block-columns is-layout-flex wp-container-core-columns-is-layout-9d6595d7 wp-block-columns-is-layout-flex\">\n<div class=\"wp-block-column is-layout-flow wp-block-column-is-layout-flow\"><\/div>\n\n\n\n<div class=\"wp-block-column is-layout-flow wp-block-column-is-layout-flow\">\n<figure class=\"wp-block-image size-full\"><a href=\"https:\/\/prod.tubesca-comabi.com\/wp-content\/uploads\/sites\/3\/2023\/04\/ponts_echafaudages_suspendus6.jpg\"><img loading=\"lazy\" decoding=\"async\" width=\"342\" height=\"287\" src=\"https:\/\/prod.tubesca-comabi.com\/wp-content\/uploads\/sites\/3\/2023\/04\/ponts_echafaudages_suspendus6.jpg\" alt=\"\" class=\"wp-image-18644\" srcset=\"https:\/\/prod.tubesca-comabi.com\/wp-content\/uploads\/sites\/3\/2023\/04\/ponts_echafaudages_suspendus6.jpg 342w, https:\/\/prod.tubesca-comabi.com\/wp-content\/uploads\/sites\/3\/2023\/04\/ponts_echafaudages_suspendus6-300x252.jpg 300w\" sizes=\"auto, (max-width: 342px) 100vw, 342px\" \/><\/a><\/figure>\n<\/div>\n\n\n\n<div class=\"wp-block-column is-layout-flow wp-block-column-is-layout-flow\">\n<figure class=\"wp-block-image size-full\"><a href=\"https:\/\/prod.tubesca-comabi.com\/wp-content\/uploads\/sites\/3\/2023\/04\/echafaudage_pont7.jpg\"><img loading=\"lazy\" decoding=\"async\" width=\"342\" height=\"287\" src=\"https:\/\/prod.tubesca-comabi.com\/wp-content\/uploads\/sites\/3\/2023\/04\/echafaudage_pont7.jpg\" alt=\"\" class=\"wp-image-18649\" srcset=\"https:\/\/prod.tubesca-comabi.com\/wp-content\/uploads\/sites\/3\/2023\/04\/echafaudage_pont7.jpg 342w, https:\/\/prod.tubesca-comabi.com\/wp-content\/uploads\/sites\/3\/2023\/04\/echafaudage_pont7-300x252.jpg 300w\" sizes=\"auto, (max-width: 342px) 100vw, 342px\" \/><\/a><\/figure>\n<\/div>\n<\/div>\n","protected":false},"excerpt":{"rendered":"<p>A seconda della configurazione del cantiere, a volte \u00e8 necessario un ponteggio sospeso senza alcun punto di appoggio a terra. \u00c8 il caso ad esempio della ristrutturazione di ponti o di un restauro sugli ultimi livelli di un immobile se non \u00e8 possibile impiegare un ponteggio dalla strada.<\/p>\n","protected":false},"author":8,"featured_media":0,"parent":0,"menu_order":0,"comment_status":"closed","ping_status":"closed","template":"","meta":{"_acf_changed":false,"ep_exclude_from_search":false,"footnotes":""},"class_list":["post-31001","page","type-page","status-publish","hentry"],"acf":[],"yoast_head":"<!-- This site is optimized with the Yoast SEO plugin v27.3 - https:\/\/yoast.com\/product\/yoast-seo-wordpress\/ -->\n<title>Ponteggio sospeso - Tubesca Comabi<\/title>\n<meta name=\"robots\" content=\"noindex, follow, max-snippet:-1, max-image-preview:large, max-video-preview:-1\" \/>\n<meta property=\"og:locale\" content=\"it_IT\" \/>\n<meta property=\"og:type\" content=\"article\" \/>\n<meta property=\"og:title\" content=\"Ponteggio sospeso - Tubesca Comabi\" \/>\n<meta property=\"og:description\" content=\"A seconda della configurazione del cantiere, a volte \u00e8 necessario un ponteggio sospeso senza alcun punto di appoggio a terra. \u00c8 il caso ad esempio della ristrutturazione di ponti o di un restauro sugli ultimi livelli di un immobile se non \u00e8 possibile impiegare un ponteggio dalla strada.\" \/>\n<meta property=\"og:url\" content=\"https:\/\/prod.tubesca-comabi.com\/it\/ponteggio-sospeso\/\" \/>\n<meta property=\"og:site_name\" content=\"Tubesca Comabi\" \/>\n<meta property=\"article:publisher\" content=\"https:\/\/www.facebook.com\/tubescacomabi\/\" \/>\n<meta property=\"article:modified_time\" content=\"2023-05-26T13:41:35+00:00\" \/>\n<meta property=\"og:image\" content=\"https:\/\/prod.tubesca-comabi.com\/wp-content\/uploads\/sites\/3\/2023\/04\/echafaudages_suspendus.jpg\" \/>\n<meta name=\"twitter:card\" content=\"summary_large_image\" \/>\n<meta name=\"twitter:site\" content=\"@tubesca_comabi\" \/>\n<script type=\"application\/ld+json\" class=\"yoast-schema-graph\">{\"@context\":\"https:\\\/\\\/schema.org\",\"@graph\":[{\"@type\":\"WebPage\",\"@id\":\"https:\\\/\\\/prod.tubesca-comabi.com\\\/it\\\/ponteggio-sospeso\\\/\",\"url\":\"https:\\\/\\\/prod.tubesca-comabi.com\\\/it\\\/ponteggio-sospeso\\\/\",\"name\":\"Ponteggio sospeso - Tubesca Comabi\",\"isPartOf\":{\"@id\":\"https:\\\/\\\/prod.tubesca-comabi.com\\\/it\\\/#website\"},\"primaryImageOfPage\":{\"@id\":\"https:\\\/\\\/prod.tubesca-comabi.com\\\/it\\\/ponteggio-sospeso\\\/#primaryimage\"},\"image\":{\"@id\":\"https:\\\/\\\/prod.tubesca-comabi.com\\\/it\\\/ponteggio-sospeso\\\/#primaryimage\"},\"thumbnailUrl\":\"https:\\\/\\\/prod.tubesca-comabi.com\\\/wp-content\\\/uploads\\\/sites\\\/3\\\/2023\\\/04\\\/echafaudages_suspendus.jpg\",\"datePublished\":\"2023-04-18T08:36:45+00:00\",\"dateModified\":\"2023-05-26T13:41:35+00:00\",\"breadcrumb\":{\"@id\":\"https:\\\/\\\/prod.tubesca-comabi.com\\\/it\\\/ponteggio-sospeso\\\/#breadcrumb\"},\"inLanguage\":\"it-IT\",\"potentialAction\":[{\"@type\":\"ReadAction\",\"target\":[\"https:\\\/\\\/prod.tubesca-comabi.com\\\/it\\\/ponteggio-sospeso\\\/\"]}]},{\"@type\":\"ImageObject\",\"inLanguage\":\"it-IT\",\"@id\":\"https:\\\/\\\/prod.tubesca-comabi.com\\\/it\\\/ponteggio-sospeso\\\/#primaryimage\",\"url\":\"https:\\\/\\\/prod.tubesca-comabi.com\\\/wp-content\\\/uploads\\\/sites\\\/3\\\/2023\\\/04\\\/echafaudages_suspendus.jpg\",\"contentUrl\":\"https:\\\/\\\/prod.tubesca-comabi.com\\\/wp-content\\\/uploads\\\/sites\\\/3\\\/2023\\\/04\\\/echafaudages_suspendus.jpg\"},{\"@type\":\"BreadcrumbList\",\"@id\":\"https:\\\/\\\/prod.tubesca-comabi.com\\\/it\\\/ponteggio-sospeso\\\/#breadcrumb\",\"itemListElement\":[{\"@type\":\"ListItem\",\"position\":1,\"name\":\"Tubesca-Comabi\",\"item\":\"https:\\\/\\\/prod.tubesca-comabi.com\\\/it\\\/\"},{\"@type\":\"ListItem\",\"position\":2,\"name\":\"Ponteggio sospeso\"}]},{\"@type\":\"WebSite\",\"@id\":\"https:\\\/\\\/prod.tubesca-comabi.com\\\/it\\\/#website\",\"url\":\"https:\\\/\\\/prod.tubesca-comabi.com\\\/it\\\/\",\"name\":\"Tubesca Comabi\",\"description\":\"Une entreprise du groupe Fr\u00e9n\u00e9hard &amp; Michaux\",\"publisher\":{\"@id\":\"https:\\\/\\\/prod.tubesca-comabi.com\\\/it\\\/#organization\"},\"potentialAction\":[{\"@type\":\"SearchAction\",\"target\":{\"@type\":\"EntryPoint\",\"urlTemplate\":\"https:\\\/\\\/prod.tubesca-comabi.com\\\/it\\\/?s={search_term_string}\"},\"query-input\":{\"@type\":\"PropertyValueSpecification\",\"valueRequired\":true,\"valueName\":\"search_term_string\"}}],\"inLanguage\":\"it-IT\"},{\"@type\":\"Organization\",\"@id\":\"https:\\\/\\\/prod.tubesca-comabi.com\\\/it\\\/#organization\",\"name\":\"Tubesca Comabi\",\"url\":\"https:\\\/\\\/prod.tubesca-comabi.com\\\/it\\\/\",\"logo\":{\"@type\":\"ImageObject\",\"inLanguage\":\"it-IT\",\"@id\":\"https:\\\/\\\/prod.tubesca-comabi.com\\\/it\\\/#\\\/schema\\\/logo\\\/image\\\/\",\"url\":\"https:\\\/\\\/prod.tubesca-comabi.com\\\/wp-content\\\/uploads\\\/sites\\\/3\\\/2022\\\/12\\\/tubesca-comabi_logo_0.png\",\"contentUrl\":\"https:\\\/\\\/prod.tubesca-comabi.com\\\/wp-content\\\/uploads\\\/sites\\\/3\\\/2022\\\/12\\\/tubesca-comabi_logo_0.png\",\"width\":426,\"height\":54,\"caption\":\"Tubesca Comabi\"},\"image\":{\"@id\":\"https:\\\/\\\/prod.tubesca-comabi.com\\\/it\\\/#\\\/schema\\\/logo\\\/image\\\/\"},\"sameAs\":[\"https:\\\/\\\/www.facebook.com\\\/tubescacomabi\\\/\",\"https:\\\/\\\/x.com\\\/tubesca_comabi\",\"https:\\\/\\\/www.youtube.com\\\/channel\\\/UCiiudWOV9mAvU9c7VkV4kmA\",\"https:\\\/\\\/www.linkedin.com\\\/company\\\/tubesca-comabi\",\"https:\\\/\\\/www.instagram.com\\\/tubesca.comabi\\\/\"]}]}<\/script>\n<!-- \/ Yoast SEO plugin. -->","yoast_head_json":{"title":"Ponteggio sospeso - Tubesca Comabi","robots":{"index":"noindex","follow":"follow","max-snippet":"max-snippet:-1","max-image-preview":"max-image-preview:large","max-video-preview":"max-video-preview:-1"},"og_locale":"it_IT","og_type":"article","og_title":"Ponteggio sospeso - Tubesca Comabi","og_description":"A seconda della configurazione del cantiere, a volte \u00e8 necessario un ponteggio sospeso senza alcun punto di appoggio a terra. \u00c8 il caso ad esempio della ristrutturazione di ponti o di un restauro sugli ultimi livelli di un immobile se non \u00e8 possibile impiegare un ponteggio dalla strada.","og_url":"https:\/\/prod.tubesca-comabi.com\/it\/ponteggio-sospeso\/","og_site_name":"Tubesca Comabi","article_publisher":"https:\/\/www.facebook.com\/tubescacomabi\/","article_modified_time":"2023-05-26T13:41:35+00:00","og_image":[{"url":"https:\/\/prod.tubesca-comabi.com\/wp-content\/uploads\/sites\/3\/2023\/04\/echafaudages_suspendus.jpg","type":"","width":"","height":""}],"twitter_card":"summary_large_image","twitter_site":"@tubesca_comabi","schema":{"@context":"https:\/\/schema.org","@graph":[{"@type":"WebPage","@id":"https:\/\/prod.tubesca-comabi.com\/it\/ponteggio-sospeso\/","url":"https:\/\/prod.tubesca-comabi.com\/it\/ponteggio-sospeso\/","name":"Ponteggio sospeso - Tubesca Comabi","isPartOf":{"@id":"https:\/\/prod.tubesca-comabi.com\/it\/#website"},"primaryImageOfPage":{"@id":"https:\/\/prod.tubesca-comabi.com\/it\/ponteggio-sospeso\/#primaryimage"},"image":{"@id":"https:\/\/prod.tubesca-comabi.com\/it\/ponteggio-sospeso\/#primaryimage"},"thumbnailUrl":"https:\/\/prod.tubesca-comabi.com\/wp-content\/uploads\/sites\/3\/2023\/04\/echafaudages_suspendus.jpg","datePublished":"2023-04-18T08:36:45+00:00","dateModified":"2023-05-26T13:41:35+00:00","breadcrumb":{"@id":"https:\/\/prod.tubesca-comabi.com\/it\/ponteggio-sospeso\/#breadcrumb"},"inLanguage":"it-IT","potentialAction":[{"@type":"ReadAction","target":["https:\/\/prod.tubesca-comabi.com\/it\/ponteggio-sospeso\/"]}]},{"@type":"ImageObject","inLanguage":"it-IT","@id":"https:\/\/prod.tubesca-comabi.com\/it\/ponteggio-sospeso\/#primaryimage","url":"https:\/\/prod.tubesca-comabi.com\/wp-content\/uploads\/sites\/3\/2023\/04\/echafaudages_suspendus.jpg","contentUrl":"https:\/\/prod.tubesca-comabi.com\/wp-content\/uploads\/sites\/3\/2023\/04\/echafaudages_suspendus.jpg"},{"@type":"BreadcrumbList","@id":"https:\/\/prod.tubesca-comabi.com\/it\/ponteggio-sospeso\/#breadcrumb","itemListElement":[{"@type":"ListItem","position":1,"name":"Tubesca-Comabi","item":"https:\/\/prod.tubesca-comabi.com\/it\/"},{"@type":"ListItem","position":2,"name":"Ponteggio sospeso"}]},{"@type":"WebSite","@id":"https:\/\/prod.tubesca-comabi.com\/it\/#website","url":"https:\/\/prod.tubesca-comabi.com\/it\/","name":"Tubesca Comabi","description":"Une entreprise du groupe Fr\u00e9n\u00e9hard &amp; Michaux","publisher":{"@id":"https:\/\/prod.tubesca-comabi.com\/it\/#organization"},"potentialAction":[{"@type":"SearchAction","target":{"@type":"EntryPoint","urlTemplate":"https:\/\/prod.tubesca-comabi.com\/it\/?s={search_term_string}"},"query-input":{"@type":"PropertyValueSpecification","valueRequired":true,"valueName":"search_term_string"}}],"inLanguage":"it-IT"},{"@type":"Organization","@id":"https:\/\/prod.tubesca-comabi.com\/it\/#organization","name":"Tubesca Comabi","url":"https:\/\/prod.tubesca-comabi.com\/it\/","logo":{"@type":"ImageObject","inLanguage":"it-IT","@id":"https:\/\/prod.tubesca-comabi.com\/it\/#\/schema\/logo\/image\/","url":"https:\/\/prod.tubesca-comabi.com\/wp-content\/uploads\/sites\/3\/2022\/12\/tubesca-comabi_logo_0.png","contentUrl":"https:\/\/prod.tubesca-comabi.com\/wp-content\/uploads\/sites\/3\/2022\/12\/tubesca-comabi_logo_0.png","width":426,"height":54,"caption":"Tubesca Comabi"},"image":{"@id":"https:\/\/prod.tubesca-comabi.com\/it\/#\/schema\/logo\/image\/"},"sameAs":["https:\/\/www.facebook.com\/tubescacomabi\/","https:\/\/x.com\/tubesca_comabi","https:\/\/www.youtube.com\/channel\/UCiiudWOV9mAvU9c7VkV4kmA","https:\/\/www.linkedin.com\/company\/tubesca-comabi","https:\/\/www.instagram.com\/tubesca.comabi\/"]}]}},"_links":{"self":[{"href":"https:\/\/prod.tubesca-comabi.com\/it\/wp-json\/wp\/v2\/pages\/31001","targetHints":{"allow":["GET"]}}],"collection":[{"href":"https:\/\/prod.tubesca-comabi.com\/it\/wp-json\/wp\/v2\/pages"}],"about":[{"href":"https:\/\/prod.tubesca-comabi.com\/it\/wp-json\/wp\/v2\/types\/page"}],"author":[{"embeddable":true,"href":"https:\/\/prod.tubesca-comabi.com\/it\/wp-json\/wp\/v2\/users\/8"}],"replies":[{"embeddable":true,"href":"https:\/\/prod.tubesca-comabi.com\/it\/wp-json\/wp\/v2\/comments?post=31001"}],"version-history":[{"count":1,"href":"https:\/\/prod.tubesca-comabi.com\/it\/wp-json\/wp\/v2\/pages\/31001\/revisions"}],"predecessor-version":[{"id":31002,"href":"https:\/\/prod.tubesca-comabi.com\/it\/wp-json\/wp\/v2\/pages\/31001\/revisions\/31002"}],"wp:attachment":[{"href":"https:\/\/prod.tubesca-comabi.com\/it\/wp-json\/wp\/v2\/media?parent=31001"}],"curies":[{"name":"wp","href":"https:\/\/api.w.org\/{rel}","templated":true}]}}