{"id":111033,"date":"2023-09-29T15:48:06","date_gmt":"2023-09-29T13:48:06","guid":{"rendered":"https:\/\/prod.tubesca-comabi.com\/thierry-dufour-entra-a-far-parte-del-gruppo-frenehard-michaux-come-direttore-generale\/"},"modified":"2023-10-03T14:07:47","modified_gmt":"2023-10-03T12:07:47","slug":"thierry-dufour-entra-a-far-parte-del-gruppo-frenehard-michaux-come-direttore-generale","status":"publish","type":"page","link":"https:\/\/prod.tubesca-comabi.com\/it\/thierry-dufour-entra-a-far-parte-del-gruppo-frenehard-michaux-come-direttore-generale\/","title":{"rendered":"Thierry Dufour entra a far parte del gruppo Fr\u00e9n\u00e9hard &amp; Michaux come direttore generale"},"content":{"rendered":"\n<figure class=\"wp-block-image aligncenter size-full\"><a href=\"http:\/\/prod.tubesca-comabi.com\/wp-content\/uploads\/sites\/3\/2023\/09\/1693400926248.jpg\"><img loading=\"lazy\" decoding=\"async\" width=\"388\" height=\"280\" src=\"http:\/\/prod.tubesca-comabi.com\/wp-content\/uploads\/sites\/3\/2023\/09\/1693400926248.jpg\" alt=\"\" class=\"wp-image-110987\" srcset=\"https:\/\/prod.tubesca-comabi.com\/wp-content\/uploads\/sites\/3\/2023\/09\/1693400926248.jpg 388w, https:\/\/prod.tubesca-comabi.com\/wp-content\/uploads\/sites\/3\/2023\/09\/1693400926248-300x216.jpg 300w\" sizes=\"auto, (max-width: 388px) 100vw, 388px\" \/><\/a><\/figure>\n\n<p><strong>Il gruppo Fr\u00e9n\u00e9hard &amp; Michaux, leader nella protezione del lavoro in quota e del fissaggio di elementi di copertura e grondaie, \u00e8 lieto di annunciare la nomina di Thierry Dufour come direttore generale del gruppo. La nomina ha effetto a partire dal 7 settembre 2023.<\/strong><\/p>\n\n<p>Thierry Dufour ha una formazione di base come ingegnere integrata da un MBA conseguito presso una scuola di management e ha iniziato la carriera da Ernst &amp; Young; in seguito ha lavorato alla divisione Distribution B\u00e2timent del gruppo Saint-Gobain, dove tra il 2005 e il 2019 ha ricoperto il ruolo di direttore finanziario in seno a diverse entit\u00e0 del gruppo Point P. Ha inoltre condotto diverse operazioni di crescita esterna, in particolare internazionali, e diretto Jewson, la filiale britannica della divisione Saint-Gobain Distribution B\u00e2timent. Nel 2019 \u00e8 passato al gruppo Alliance Automotive in qualit\u00e0 di responsabile di una Business Unit.<\/p>\n\n<p>Grazie alla sua competenza, maturata in particolare presso Saint-Gobain, Thierry Dufour conosce bene il mercato in cui si muove Fr\u00e9n\u00e9hard &amp; Michaux. La sua carriera internazionale di successo costituisce una risorsa preziosa per il gruppo.<\/p>\n\n<p>Nella veste di direttore generale, Thierry Dufour sar\u00e0 il braccio destro di Bernard Rothan, presidente di Fr\u00e9n\u00e9hard &amp; Michaux. Thierry Dufour assumer\u00e0 la direzione delle societ\u00e0 TUBESCA-COMABI, ARTUB, TENDO, FMS RINGUE e MAE a partire da gennaio 2024. <strong><\/strong><\/p>\n\n<p>Dufour stesso si \u00e8 detto entusiasta all&#8217;idea di unirsi al gruppo Fr\u00e9n\u00e9hard &amp; Michaux:<\/p>\n\n<p><em>\u201cSono davvero molto felice di essere entrato a far parte del gruppo Fr\u00e9n\u00e9hard &amp; Michaux, un&#8217;azienda con un posizionamento unico, quello di \u201cFiducia in quota\u201d. Grazie a team molto impegnati, un&#8217;offerta di prodotti innovativa e una cultura fortemente orientata al cliente, il gruppo oggi possiede delle basi solide per consolidare le sue posizioni e continuare a svilupparsi. Sono determinato a mettere tutte le mie energie al servizio dei clienti e dei collaboratori, in uno spirito di continuit\u00e0 e assicurando il futuro a lungo termine delle nostre attivit\u00e0 in Francia e all&#8217;estero\u201d.<\/em><\/p>\n\n<p>Questa nomina rappresenta una tappa importante nella storia del gruppo Fr\u00e9n\u00e9hard &amp; Michaux, con la convinzione che le sue leadership ed esperienza avranno un impatto significativo sulla crescita futura.<\/p>\n","protected":false},"excerpt":{"rendered":"<p>Il gruppo Fr\u00e9n\u00e9hard &amp; Michaux, leader nella protezione del lavoro in quota e del fissaggio di elementi di copertura e grondaie, \u00e8 lieto di annunciare la nomina di Thierry Dufour come direttore generale del gruppo. La nomina ha effetto a partire dal 7 settembre 2023. Thierry Dufour ha una formazione di base come ingegnere integrata [&hellip;]<\/p>\n","protected":false},"author":8,"featured_media":0,"parent":0,"menu_order":0,"comment_status":"closed","ping_status":"closed","template":"","meta":{"_acf_changed":false,"ep_exclude_from_search":false,"footnotes":""},"class_list":["post-111033","page","type-page","status-publish","hentry"],"acf":[],"yoast_head":"<!-- This site is optimized with the Yoast SEO plugin v27.4 - https:\/\/yoast.com\/product\/yoast-seo-wordpress\/ -->\n<title>Thierry Dufour entra a far parte del gruppo Fr\u00e9n\u00e9hard &amp; Michaux come direttore generale - Tubesca Comabi<\/title>\n<meta name=\"robots\" content=\"noindex, follow, max-snippet:-1, max-image-preview:large, max-video-preview:-1\" \/>\n<meta property=\"og:locale\" content=\"it_IT\" \/>\n<meta property=\"og:type\" content=\"article\" \/>\n<meta property=\"og:title\" content=\"Thierry Dufour entra a far parte del gruppo Fr\u00e9n\u00e9hard &amp; Michaux come direttore generale - Tubesca Comabi\" \/>\n<meta property=\"og:description\" content=\"Il gruppo Fr\u00e9n\u00e9hard &amp; Michaux, leader nella protezione del lavoro in quota e del fissaggio di elementi di copertura e grondaie, \u00e8 lieto di annunciare la nomina di Thierry Dufour come direttore generale del gruppo. La nomina ha effetto a partire dal 7 settembre 2023. Thierry Dufour ha una formazione di base come ingegnere integrata [&hellip;]\" \/>\n<meta property=\"og:url\" content=\"https:\/\/prod.tubesca-comabi.com\/it\/thierry-dufour-entra-a-far-parte-del-gruppo-frenehard-michaux-come-direttore-generale\/\" \/>\n<meta property=\"og:site_name\" content=\"Tubesca Comabi\" \/>\n<meta property=\"article:publisher\" content=\"https:\/\/www.facebook.com\/tubescacomabi\/\" \/>\n<meta property=\"article:modified_time\" content=\"2023-10-03T12:07:47+00:00\" \/>\n<meta property=\"og:image\" content=\"http:\/\/prod.tubesca-comabi.com\/wp-content\/uploads\/sites\/3\/2023\/09\/1693400926248.jpg\" \/>\n<meta name=\"twitter:card\" content=\"summary_large_image\" \/>\n<meta name=\"twitter:site\" content=\"@tubesca_comabi\" \/>\n<meta name=\"twitter:label1\" content=\"Tempo di lettura stimato\" \/>\n\t<meta name=\"twitter:data1\" content=\"2 minuti\" \/>\n<script type=\"application\/ld+json\" class=\"yoast-schema-graph\">{\"@context\":\"https:\\\/\\\/schema.org\",\"@graph\":[{\"@type\":\"WebPage\",\"@id\":\"https:\\\/\\\/prod.tubesca-comabi.com\\\/it\\\/thierry-dufour-entra-a-far-parte-del-gruppo-frenehard-michaux-come-direttore-generale\\\/\",\"url\":\"https:\\\/\\\/prod.tubesca-comabi.com\\\/it\\\/thierry-dufour-entra-a-far-parte-del-gruppo-frenehard-michaux-come-direttore-generale\\\/\",\"name\":\"Thierry Dufour entra a far parte del gruppo Fr\u00e9n\u00e9hard &amp; Michaux come direttore generale - Tubesca Comabi\",\"isPartOf\":{\"@id\":\"https:\\\/\\\/prod.tubesca-comabi.com\\\/it\\\/#website\"},\"primaryImageOfPage\":{\"@id\":\"https:\\\/\\\/prod.tubesca-comabi.com\\\/it\\\/thierry-dufour-entra-a-far-parte-del-gruppo-frenehard-michaux-come-direttore-generale\\\/#primaryimage\"},\"image\":{\"@id\":\"https:\\\/\\\/prod.tubesca-comabi.com\\\/it\\\/thierry-dufour-entra-a-far-parte-del-gruppo-frenehard-michaux-come-direttore-generale\\\/#primaryimage\"},\"thumbnailUrl\":\"http:\\\/\\\/prod.tubesca-comabi.com\\\/wp-content\\\/uploads\\\/sites\\\/3\\\/2023\\\/09\\\/1693400926248.jpg\",\"datePublished\":\"2023-09-29T13:48:06+00:00\",\"dateModified\":\"2023-10-03T12:07:47+00:00\",\"breadcrumb\":{\"@id\":\"https:\\\/\\\/prod.tubesca-comabi.com\\\/it\\\/thierry-dufour-entra-a-far-parte-del-gruppo-frenehard-michaux-come-direttore-generale\\\/#breadcrumb\"},\"inLanguage\":\"it-IT\",\"potentialAction\":[{\"@type\":\"ReadAction\",\"target\":[\"https:\\\/\\\/prod.tubesca-comabi.com\\\/it\\\/thierry-dufour-entra-a-far-parte-del-gruppo-frenehard-michaux-come-direttore-generale\\\/\"]}]},{\"@type\":\"ImageObject\",\"inLanguage\":\"it-IT\",\"@id\":\"https:\\\/\\\/prod.tubesca-comabi.com\\\/it\\\/thierry-dufour-entra-a-far-parte-del-gruppo-frenehard-michaux-come-direttore-generale\\\/#primaryimage\",\"url\":\"http:\\\/\\\/prod.tubesca-comabi.com\\\/wp-content\\\/uploads\\\/sites\\\/3\\\/2023\\\/09\\\/1693400926248.jpg\",\"contentUrl\":\"http:\\\/\\\/prod.tubesca-comabi.com\\\/wp-content\\\/uploads\\\/sites\\\/3\\\/2023\\\/09\\\/1693400926248.jpg\"},{\"@type\":\"BreadcrumbList\",\"@id\":\"https:\\\/\\\/prod.tubesca-comabi.com\\\/it\\\/thierry-dufour-entra-a-far-parte-del-gruppo-frenehard-michaux-come-direttore-generale\\\/#breadcrumb\",\"itemListElement\":[{\"@type\":\"ListItem\",\"position\":1,\"name\":\"Tubesca-Comabi\",\"item\":\"https:\\\/\\\/prod.tubesca-comabi.com\\\/it\\\/\"},{\"@type\":\"ListItem\",\"position\":2,\"name\":\"Thierry Dufour entra a far parte del gruppo Fr\u00e9n\u00e9hard &amp; Michaux come direttore generale\"}]},{\"@type\":\"WebSite\",\"@id\":\"https:\\\/\\\/prod.tubesca-comabi.com\\\/it\\\/#website\",\"url\":\"https:\\\/\\\/prod.tubesca-comabi.com\\\/it\\\/\",\"name\":\"Tubesca Comabi\",\"description\":\"Une entreprise du groupe Fr\u00e9n\u00e9hard &amp; Michaux\",\"publisher\":{\"@id\":\"https:\\\/\\\/prod.tubesca-comabi.com\\\/it\\\/#organization\"},\"potentialAction\":[{\"@type\":\"SearchAction\",\"target\":{\"@type\":\"EntryPoint\",\"urlTemplate\":\"https:\\\/\\\/prod.tubesca-comabi.com\\\/it\\\/?s={search_term_string}\"},\"query-input\":{\"@type\":\"PropertyValueSpecification\",\"valueRequired\":true,\"valueName\":\"search_term_string\"}}],\"inLanguage\":\"it-IT\"},{\"@type\":\"Organization\",\"@id\":\"https:\\\/\\\/prod.tubesca-comabi.com\\\/it\\\/#organization\",\"name\":\"Tubesca Comabi\",\"url\":\"https:\\\/\\\/prod.tubesca-comabi.com\\\/it\\\/\",\"logo\":{\"@type\":\"ImageObject\",\"inLanguage\":\"it-IT\",\"@id\":\"https:\\\/\\\/prod.tubesca-comabi.com\\\/it\\\/#\\\/schema\\\/logo\\\/image\\\/\",\"url\":\"https:\\\/\\\/prod.tubesca-comabi.com\\\/wp-content\\\/uploads\\\/sites\\\/3\\\/2022\\\/12\\\/tubesca-comabi_logo_0.png\",\"contentUrl\":\"https:\\\/\\\/prod.tubesca-comabi.com\\\/wp-content\\\/uploads\\\/sites\\\/3\\\/2022\\\/12\\\/tubesca-comabi_logo_0.png\",\"width\":426,\"height\":54,\"caption\":\"Tubesca Comabi\"},\"image\":{\"@id\":\"https:\\\/\\\/prod.tubesca-comabi.com\\\/it\\\/#\\\/schema\\\/logo\\\/image\\\/\"},\"sameAs\":[\"https:\\\/\\\/www.facebook.com\\\/tubescacomabi\\\/\",\"https:\\\/\\\/x.com\\\/tubesca_comabi\",\"https:\\\/\\\/www.youtube.com\\\/channel\\\/UCiiudWOV9mAvU9c7VkV4kmA\",\"https:\\\/\\\/www.linkedin.com\\\/company\\\/tubesca-comabi\",\"https:\\\/\\\/www.instagram.com\\\/tubesca.comabi\\\/\"]}]}<\/script>\n<!-- \/ Yoast SEO plugin. -->","yoast_head_json":{"title":"Thierry Dufour entra a far parte del gruppo Fr\u00e9n\u00e9hard &amp; Michaux come direttore generale - Tubesca Comabi","robots":{"index":"noindex","follow":"follow","max-snippet":"max-snippet:-1","max-image-preview":"max-image-preview:large","max-video-preview":"max-video-preview:-1"},"og_locale":"it_IT","og_type":"article","og_title":"Thierry Dufour entra a far parte del gruppo Fr\u00e9n\u00e9hard &amp; Michaux come direttore generale - Tubesca Comabi","og_description":"Il gruppo Fr\u00e9n\u00e9hard &amp; Michaux, leader nella protezione del lavoro in quota e del fissaggio di elementi di copertura e grondaie, \u00e8 lieto di annunciare la nomina di Thierry Dufour come direttore generale del gruppo. La nomina ha effetto a partire dal 7 settembre 2023. Thierry Dufour ha una formazione di base come ingegnere integrata [&hellip;]","og_url":"https:\/\/prod.tubesca-comabi.com\/it\/thierry-dufour-entra-a-far-parte-del-gruppo-frenehard-michaux-come-direttore-generale\/","og_site_name":"Tubesca Comabi","article_publisher":"https:\/\/www.facebook.com\/tubescacomabi\/","article_modified_time":"2023-10-03T12:07:47+00:00","og_image":[{"url":"http:\/\/prod.tubesca-comabi.com\/wp-content\/uploads\/sites\/3\/2023\/09\/1693400926248.jpg","type":"","width":"","height":""}],"twitter_card":"summary_large_image","twitter_site":"@tubesca_comabi","twitter_misc":{"Tempo di lettura stimato":"2 minuti"},"schema":{"@context":"https:\/\/schema.org","@graph":[{"@type":"WebPage","@id":"https:\/\/prod.tubesca-comabi.com\/it\/thierry-dufour-entra-a-far-parte-del-gruppo-frenehard-michaux-come-direttore-generale\/","url":"https:\/\/prod.tubesca-comabi.com\/it\/thierry-dufour-entra-a-far-parte-del-gruppo-frenehard-michaux-come-direttore-generale\/","name":"Thierry Dufour entra a far parte del gruppo Fr\u00e9n\u00e9hard &amp; Michaux come direttore generale - Tubesca Comabi","isPartOf":{"@id":"https:\/\/prod.tubesca-comabi.com\/it\/#website"},"primaryImageOfPage":{"@id":"https:\/\/prod.tubesca-comabi.com\/it\/thierry-dufour-entra-a-far-parte-del-gruppo-frenehard-michaux-come-direttore-generale\/#primaryimage"},"image":{"@id":"https:\/\/prod.tubesca-comabi.com\/it\/thierry-dufour-entra-a-far-parte-del-gruppo-frenehard-michaux-come-direttore-generale\/#primaryimage"},"thumbnailUrl":"http:\/\/prod.tubesca-comabi.com\/wp-content\/uploads\/sites\/3\/2023\/09\/1693400926248.jpg","datePublished":"2023-09-29T13:48:06+00:00","dateModified":"2023-10-03T12:07:47+00:00","breadcrumb":{"@id":"https:\/\/prod.tubesca-comabi.com\/it\/thierry-dufour-entra-a-far-parte-del-gruppo-frenehard-michaux-come-direttore-generale\/#breadcrumb"},"inLanguage":"it-IT","potentialAction":[{"@type":"ReadAction","target":["https:\/\/prod.tubesca-comabi.com\/it\/thierry-dufour-entra-a-far-parte-del-gruppo-frenehard-michaux-come-direttore-generale\/"]}]},{"@type":"ImageObject","inLanguage":"it-IT","@id":"https:\/\/prod.tubesca-comabi.com\/it\/thierry-dufour-entra-a-far-parte-del-gruppo-frenehard-michaux-come-direttore-generale\/#primaryimage","url":"http:\/\/prod.tubesca-comabi.com\/wp-content\/uploads\/sites\/3\/2023\/09\/1693400926248.jpg","contentUrl":"http:\/\/prod.tubesca-comabi.com\/wp-content\/uploads\/sites\/3\/2023\/09\/1693400926248.jpg"},{"@type":"BreadcrumbList","@id":"https:\/\/prod.tubesca-comabi.com\/it\/thierry-dufour-entra-a-far-parte-del-gruppo-frenehard-michaux-come-direttore-generale\/#breadcrumb","itemListElement":[{"@type":"ListItem","position":1,"name":"Tubesca-Comabi","item":"https:\/\/prod.tubesca-comabi.com\/it\/"},{"@type":"ListItem","position":2,"name":"Thierry Dufour entra a far parte del gruppo Fr\u00e9n\u00e9hard &amp; Michaux come direttore generale"}]},{"@type":"WebSite","@id":"https:\/\/prod.tubesca-comabi.com\/it\/#website","url":"https:\/\/prod.tubesca-comabi.com\/it\/","name":"Tubesca Comabi","description":"Une entreprise du groupe Fr\u00e9n\u00e9hard &amp; Michaux","publisher":{"@id":"https:\/\/prod.tubesca-comabi.com\/it\/#organization"},"potentialAction":[{"@type":"SearchAction","target":{"@type":"EntryPoint","urlTemplate":"https:\/\/prod.tubesca-comabi.com\/it\/?s={search_term_string}"},"query-input":{"@type":"PropertyValueSpecification","valueRequired":true,"valueName":"search_term_string"}}],"inLanguage":"it-IT"},{"@type":"Organization","@id":"https:\/\/prod.tubesca-comabi.com\/it\/#organization","name":"Tubesca Comabi","url":"https:\/\/prod.tubesca-comabi.com\/it\/","logo":{"@type":"ImageObject","inLanguage":"it-IT","@id":"https:\/\/prod.tubesca-comabi.com\/it\/#\/schema\/logo\/image\/","url":"https:\/\/prod.tubesca-comabi.com\/wp-content\/uploads\/sites\/3\/2022\/12\/tubesca-comabi_logo_0.png","contentUrl":"https:\/\/prod.tubesca-comabi.com\/wp-content\/uploads\/sites\/3\/2022\/12\/tubesca-comabi_logo_0.png","width":426,"height":54,"caption":"Tubesca Comabi"},"image":{"@id":"https:\/\/prod.tubesca-comabi.com\/it\/#\/schema\/logo\/image\/"},"sameAs":["https:\/\/www.facebook.com\/tubescacomabi\/","https:\/\/x.com\/tubesca_comabi","https:\/\/www.youtube.com\/channel\/UCiiudWOV9mAvU9c7VkV4kmA","https:\/\/www.linkedin.com\/company\/tubesca-comabi","https:\/\/www.instagram.com\/tubesca.comabi\/"]}]}},"_links":{"self":[{"href":"https:\/\/prod.tubesca-comabi.com\/it\/wp-json\/wp\/v2\/pages\/111033","targetHints":{"allow":["GET"]}}],"collection":[{"href":"https:\/\/prod.tubesca-comabi.com\/it\/wp-json\/wp\/v2\/pages"}],"about":[{"href":"https:\/\/prod.tubesca-comabi.com\/it\/wp-json\/wp\/v2\/types\/page"}],"author":[{"embeddable":true,"href":"https:\/\/prod.tubesca-comabi.com\/it\/wp-json\/wp\/v2\/users\/8"}],"replies":[{"embeddable":true,"href":"https:\/\/prod.tubesca-comabi.com\/it\/wp-json\/wp\/v2\/comments?post=111033"}],"version-history":[{"count":1,"href":"https:\/\/prod.tubesca-comabi.com\/it\/wp-json\/wp\/v2\/pages\/111033\/revisions"}],"predecessor-version":[{"id":111034,"href":"https:\/\/prod.tubesca-comabi.com\/it\/wp-json\/wp\/v2\/pages\/111033\/revisions\/111034"}],"wp:attachment":[{"href":"https:\/\/prod.tubesca-comabi.com\/it\/wp-json\/wp\/v2\/media?parent=111033"}],"curies":[{"name":"wp","href":"https:\/\/api.w.org\/{rel}","templated":true}]}}