{"id":7587,"date":"2023-01-27T11:35:37","date_gmt":"2023-01-27T10:35:37","guid":{"rendered":"https:\/\/prod.tubesca-comabi.com\/?page_id=7587"},"modified":"2023-03-21T11:01:51","modified_gmt":"2023-03-21T10:01:51","slug":"mentions-legales","status":"publish","type":"page","link":"https:\/\/prod.tubesca-comabi.com\/fr\/mentions-legales\/","title":{"rendered":"Mentions l\u00e9gales"},"content":{"rendered":"\n<h3 class=\"is-style-nomargin wp-block-heading\" id=\"1-editeur-du-site\">1. <strong>\u00c9DITEUR DU SITE<\/strong><\/h3>\n\n\n\n<p class=\"is-style-default has-mycms-antracite-color has-text-color\">Le site TUBESCA-COMABI (<a href=\"https:\/\/www.tubesca-comabi.com\/\">https:\/\/www.tubesca-comabi.com\/<\/a>) (ci-apr\u00e8s \u00ab\u00a0<strong>le Site<\/strong>\u00a0\u00bb) est produit et \u00e9dit\u00e9 par la soci\u00e9t\u00e9 TUBESCA-COMABI, SAS au capital social de 6\u00a0393\u00a0200 euros, immatricul\u00e9e au RCS de Bourg-en-Bresse sous le num\u00e9ro n\u00b0 422\u00a0481\u00a0838 et sis 976 route de Saint-Bernard, 01600 Tr\u00e9voux, France.<\/p>\n\n\n\n<p class=\"is-style-nomargin has-mycms-antracite-color has-text-color\">Contact&nbsp;:<\/p>\n\n\n\n<ul class=\"is-style-nomargin has-mycms-antracite-color has-text-color wp-block-list\"><li><strong>Email&nbsp;: contact@tubesca-comabi.com<\/strong><\/li><li><strong>T\u00e9l\u00e9phone&nbsp;: +33 (0)4.74.00.90.90<\/strong><\/li><\/ul>\n\n\n\n<p class=\"is-style-nomargin has-mycms-antracite-color has-text-color\">Directeur de la publication\u00a0: Laurent MONTES<br>Responsable de la r\u00e9daction\u00a0: Dominique PAGNIEZ<\/p>\n\n\n\n<h3 class=\"is-style-nomargin wp-block-heading\" id=\"1-editeur-du-site\">2. <strong>H\u00c9BERGEUR DU SITE<\/strong><\/h3>\n\n\n\n<p class=\"is-style-default has-mycms-antracite-color has-text-color\">Le Site est h\u00e9berg\u00e9 par la soci\u00e9t\u00e9 Clevercloud, SAS au capital social de 22.952 euros immatricul\u00e9e au RCS de NANTES sous le num\u00e9ro n\u00b0 524&nbsp;172 699 et sis 3, rue de l\u2019Allier, 44000 Nantes, France.<\/p>\n\n\n\n<p class=\"is-style-nomargin has-mycms-antracite-color has-text-color\">Contact&nbsp;:<\/p>\n\n\n\n<ul class=\"has-mycms-antracite-color has-text-color wp-block-list\"><li>T\u00e9l\u00e9phone&nbsp;: +33 02 85 52 07 69<\/li><\/ul>\n\n\n\n<div style=\"height:74px\" aria-hidden=\"true\" class=\"wp-block-spacer\"><\/div>\n\n\n\n<h3 class=\"is-style-nomargin wp-block-heading\" id=\"1-editeur-du-site\">3. DIVERS<\/h3>\n\n\n\n<p class=\"is-style-nomargin has-mycms-antracite-color has-text-color\">TUBESCA-COMABI a r\u00e9dig\u00e9 et met \u00e0 la disposition des utilisateurs du Site la documentation suivante. Il est fortement recommand\u00e9 aux utilisateurs du Site d\u2019en prendre connaissance\u00a0:<\/p>\n\n\n\n<ul class=\"has-mycms-antracite-color has-text-color wp-block-list\"><li>Conditions g\u00e9n\u00e9rales d\u2019utilisation.<\/li><li>Politique de confidentialit\u00e9.<\/li><\/ul>\n\n\n\n<div style=\"height:27px\" aria-hidden=\"true\" class=\"wp-block-spacer\"><\/div>\n","protected":false},"excerpt":{"rendered":"<p>1. \u00c9DITEUR DU SITE Le site TUBESCA-COMABI (https:\/\/www.tubesca-comabi.com\/) (ci-apr\u00e8s \u00ab\u00a0le Site\u00a0\u00bb) est produit et \u00e9dit\u00e9 par la soci\u00e9t\u00e9 TUBESCA-COMABI, SAS au capital social de 6\u00a0393\u00a0200 euros, immatricul\u00e9e au RCS de Bourg-en-Bresse sous le num\u00e9ro n\u00b0 422\u00a0481\u00a0838 et sis 976 route de Saint-Bernard, 01600 Tr\u00e9voux, France. Contact&nbsp;: Email&nbsp;: contact@tubesca-comabi.com T\u00e9l\u00e9phone&nbsp;: +33 (0)4.74.00.90.90 Directeur de la publication\u00a0: [&hellip;]<\/p>\n","protected":false},"author":1,"featured_media":0,"parent":0,"menu_order":0,"comment_status":"closed","ping_status":"closed","template":"","meta":{"_acf_changed":false,"ep_exclude_from_search":false,"footnotes":""},"class_list":["post-7587","page","type-page","status-publish","hentry"],"acf":[],"yoast_head":"<!-- This site is optimized with the Yoast SEO plugin v27.5 - https:\/\/yoast.com\/product\/yoast-seo-wordpress\/ -->\n<title>Mentions l\u00e9gales - Tubesca Comabi<\/title>\n<meta name=\"robots\" content=\"noindex, follow, max-snippet:-1, max-image-preview:large, max-video-preview:-1\" \/>\n<meta property=\"og:locale\" content=\"fr_FR\" \/>\n<meta property=\"og:type\" content=\"article\" \/>\n<meta property=\"og:title\" content=\"Mentions l\u00e9gales - Tubesca Comabi\" \/>\n<meta property=\"og:description\" content=\"1. \u00c9DITEUR DU SITE Le site TUBESCA-COMABI (https:\/\/www.tubesca-comabi.com\/) (ci-apr\u00e8s \u00ab\u00a0le Site\u00a0\u00bb) est produit et \u00e9dit\u00e9 par la soci\u00e9t\u00e9 TUBESCA-COMABI, SAS au capital social de 6\u00a0393\u00a0200 euros, immatricul\u00e9e au RCS de Bourg-en-Bresse sous le num\u00e9ro n\u00b0 422\u00a0481\u00a0838 et sis 976 route de Saint-Bernard, 01600 Tr\u00e9voux, France. Contact&nbsp;: Email&nbsp;: contact@tubesca-comabi.com T\u00e9l\u00e9phone&nbsp;: +33 (0)4.74.00.90.90 Directeur de la publication\u00a0: [&hellip;]\" \/>\n<meta property=\"og:url\" content=\"https:\/\/prod.tubesca-comabi.com\/fr\/mentions-legales\/\" \/>\n<meta property=\"og:site_name\" content=\"Tubesca Comabi\" \/>\n<meta property=\"article:publisher\" content=\"https:\/\/www.facebook.com\/tubescacomabi\/\" \/>\n<meta property=\"article:modified_time\" content=\"2023-03-21T10:01:51+00:00\" \/>\n<meta name=\"twitter:card\" content=\"summary_large_image\" \/>\n<meta name=\"twitter:site\" content=\"@tubesca_comabi\" \/>\n<meta name=\"twitter:label1\" content=\"Dur\u00e9e de lecture estim\u00e9e\" \/>\n\t<meta name=\"twitter:data1\" content=\"1 minute\" \/>\n<script type=\"application\/ld+json\" class=\"yoast-schema-graph\">{\"@context\":\"https:\\\/\\\/schema.org\",\"@graph\":[{\"@type\":\"WebPage\",\"@id\":\"https:\\\/\\\/prod.tubesca-comabi.com\\\/fr\\\/mentions-legales\\\/\",\"url\":\"https:\\\/\\\/prod.tubesca-comabi.com\\\/fr\\\/mentions-legales\\\/\",\"name\":\"Mentions l\u00e9gales - Tubesca Comabi\",\"isPartOf\":{\"@id\":\"https:\\\/\\\/prod.tubesca-comabi.com\\\/fr\\\/#website\"},\"datePublished\":\"2023-01-27T10:35:37+00:00\",\"dateModified\":\"2023-03-21T10:01:51+00:00\",\"breadcrumb\":{\"@id\":\"https:\\\/\\\/prod.tubesca-comabi.com\\\/fr\\\/mentions-legales\\\/#breadcrumb\"},\"inLanguage\":\"fr-FR\",\"potentialAction\":[{\"@type\":\"ReadAction\",\"target\":[\"https:\\\/\\\/prod.tubesca-comabi.com\\\/fr\\\/mentions-legales\\\/\"]}]},{\"@type\":\"BreadcrumbList\",\"@id\":\"https:\\\/\\\/prod.tubesca-comabi.com\\\/fr\\\/mentions-legales\\\/#breadcrumb\",\"itemListElement\":[{\"@type\":\"ListItem\",\"position\":1,\"name\":\"Tubesca-Comabi\",\"item\":\"https:\\\/\\\/prod.tubesca-comabi.com\\\/fr\\\/\"},{\"@type\":\"ListItem\",\"position\":2,\"name\":\"Mentions l\u00e9gales\"}]},{\"@type\":\"WebSite\",\"@id\":\"https:\\\/\\\/prod.tubesca-comabi.com\\\/fr\\\/#website\",\"url\":\"https:\\\/\\\/prod.tubesca-comabi.com\\\/fr\\\/\",\"name\":\"Tubesca Comabi\",\"description\":\"Une entreprise du groupe Fr\u00e9n\u00e9hard &amp; Michaux\",\"publisher\":{\"@id\":\"https:\\\/\\\/prod.tubesca-comabi.com\\\/fr\\\/#organization\"},\"potentialAction\":[{\"@type\":\"SearchAction\",\"target\":{\"@type\":\"EntryPoint\",\"urlTemplate\":\"https:\\\/\\\/prod.tubesca-comabi.com\\\/fr\\\/?s={search_term_string}\"},\"query-input\":{\"@type\":\"PropertyValueSpecification\",\"valueRequired\":true,\"valueName\":\"search_term_string\"}}],\"inLanguage\":\"fr-FR\"},{\"@type\":\"Organization\",\"@id\":\"https:\\\/\\\/prod.tubesca-comabi.com\\\/fr\\\/#organization\",\"name\":\"Tubesca Comabi\",\"url\":\"https:\\\/\\\/prod.tubesca-comabi.com\\\/fr\\\/\",\"logo\":{\"@type\":\"ImageObject\",\"inLanguage\":\"fr-FR\",\"@id\":\"https:\\\/\\\/prod.tubesca-comabi.com\\\/fr\\\/#\\\/schema\\\/logo\\\/image\\\/\",\"url\":\"https:\\\/\\\/prod.tubesca-comabi.com\\\/wp-content\\\/uploads\\\/sites\\\/3\\\/2022\\\/12\\\/tubesca-comabi_logo_0.png\",\"contentUrl\":\"https:\\\/\\\/prod.tubesca-comabi.com\\\/wp-content\\\/uploads\\\/sites\\\/3\\\/2022\\\/12\\\/tubesca-comabi_logo_0.png\",\"width\":426,\"height\":54,\"caption\":\"Tubesca Comabi\"},\"image\":{\"@id\":\"https:\\\/\\\/prod.tubesca-comabi.com\\\/fr\\\/#\\\/schema\\\/logo\\\/image\\\/\"},\"sameAs\":[\"https:\\\/\\\/www.facebook.com\\\/tubescacomabi\\\/\",\"https:\\\/\\\/x.com\\\/tubesca_comabi\",\"https:\\\/\\\/www.youtube.com\\\/channel\\\/UCiiudWOV9mAvU9c7VkV4kmA\",\"https:\\\/\\\/www.linkedin.com\\\/company\\\/tubesca-comabi\",\"https:\\\/\\\/www.instagram.com\\\/tubesca.comabi\\\/\"]}]}<\/script>\n<!-- \/ Yoast SEO plugin. -->","yoast_head_json":{"title":"Mentions l\u00e9gales - Tubesca Comabi","robots":{"index":"noindex","follow":"follow","max-snippet":"max-snippet:-1","max-image-preview":"max-image-preview:large","max-video-preview":"max-video-preview:-1"},"og_locale":"fr_FR","og_type":"article","og_title":"Mentions l\u00e9gales - Tubesca Comabi","og_description":"1. \u00c9DITEUR DU SITE Le site TUBESCA-COMABI (https:\/\/www.tubesca-comabi.com\/) (ci-apr\u00e8s \u00ab\u00a0le Site\u00a0\u00bb) est produit et \u00e9dit\u00e9 par la soci\u00e9t\u00e9 TUBESCA-COMABI, SAS au capital social de 6\u00a0393\u00a0200 euros, immatricul\u00e9e au RCS de Bourg-en-Bresse sous le num\u00e9ro n\u00b0 422\u00a0481\u00a0838 et sis 976 route de Saint-Bernard, 01600 Tr\u00e9voux, France. Contact&nbsp;: Email&nbsp;: contact@tubesca-comabi.com T\u00e9l\u00e9phone&nbsp;: +33 (0)4.74.00.90.90 Directeur de la publication\u00a0: [&hellip;]","og_url":"https:\/\/prod.tubesca-comabi.com\/fr\/mentions-legales\/","og_site_name":"Tubesca Comabi","article_publisher":"https:\/\/www.facebook.com\/tubescacomabi\/","article_modified_time":"2023-03-21T10:01:51+00:00","twitter_card":"summary_large_image","twitter_site":"@tubesca_comabi","twitter_misc":{"Dur\u00e9e de lecture estim\u00e9e":"1 minute"},"schema":{"@context":"https:\/\/schema.org","@graph":[{"@type":"WebPage","@id":"https:\/\/prod.tubesca-comabi.com\/fr\/mentions-legales\/","url":"https:\/\/prod.tubesca-comabi.com\/fr\/mentions-legales\/","name":"Mentions l\u00e9gales - Tubesca Comabi","isPartOf":{"@id":"https:\/\/prod.tubesca-comabi.com\/fr\/#website"},"datePublished":"2023-01-27T10:35:37+00:00","dateModified":"2023-03-21T10:01:51+00:00","breadcrumb":{"@id":"https:\/\/prod.tubesca-comabi.com\/fr\/mentions-legales\/#breadcrumb"},"inLanguage":"fr-FR","potentialAction":[{"@type":"ReadAction","target":["https:\/\/prod.tubesca-comabi.com\/fr\/mentions-legales\/"]}]},{"@type":"BreadcrumbList","@id":"https:\/\/prod.tubesca-comabi.com\/fr\/mentions-legales\/#breadcrumb","itemListElement":[{"@type":"ListItem","position":1,"name":"Tubesca-Comabi","item":"https:\/\/prod.tubesca-comabi.com\/fr\/"},{"@type":"ListItem","position":2,"name":"Mentions l\u00e9gales"}]},{"@type":"WebSite","@id":"https:\/\/prod.tubesca-comabi.com\/fr\/#website","url":"https:\/\/prod.tubesca-comabi.com\/fr\/","name":"Tubesca Comabi","description":"Une entreprise du groupe Fr\u00e9n\u00e9hard &amp; Michaux","publisher":{"@id":"https:\/\/prod.tubesca-comabi.com\/fr\/#organization"},"potentialAction":[{"@type":"SearchAction","target":{"@type":"EntryPoint","urlTemplate":"https:\/\/prod.tubesca-comabi.com\/fr\/?s={search_term_string}"},"query-input":{"@type":"PropertyValueSpecification","valueRequired":true,"valueName":"search_term_string"}}],"inLanguage":"fr-FR"},{"@type":"Organization","@id":"https:\/\/prod.tubesca-comabi.com\/fr\/#organization","name":"Tubesca Comabi","url":"https:\/\/prod.tubesca-comabi.com\/fr\/","logo":{"@type":"ImageObject","inLanguage":"fr-FR","@id":"https:\/\/prod.tubesca-comabi.com\/fr\/#\/schema\/logo\/image\/","url":"https:\/\/prod.tubesca-comabi.com\/wp-content\/uploads\/sites\/3\/2022\/12\/tubesca-comabi_logo_0.png","contentUrl":"https:\/\/prod.tubesca-comabi.com\/wp-content\/uploads\/sites\/3\/2022\/12\/tubesca-comabi_logo_0.png","width":426,"height":54,"caption":"Tubesca Comabi"},"image":{"@id":"https:\/\/prod.tubesca-comabi.com\/fr\/#\/schema\/logo\/image\/"},"sameAs":["https:\/\/www.facebook.com\/tubescacomabi\/","https:\/\/x.com\/tubesca_comabi","https:\/\/www.youtube.com\/channel\/UCiiudWOV9mAvU9c7VkV4kmA","https:\/\/www.linkedin.com\/company\/tubesca-comabi","https:\/\/www.instagram.com\/tubesca.comabi\/"]}]}},"_links":{"self":[{"href":"https:\/\/prod.tubesca-comabi.com\/fr\/wp-json\/wp\/v2\/pages\/7587","targetHints":{"allow":["GET"]}}],"collection":[{"href":"https:\/\/prod.tubesca-comabi.com\/fr\/wp-json\/wp\/v2\/pages"}],"about":[{"href":"https:\/\/prod.tubesca-comabi.com\/fr\/wp-json\/wp\/v2\/types\/page"}],"author":[{"embeddable":true,"href":"https:\/\/prod.tubesca-comabi.com\/fr\/wp-json\/wp\/v2\/users\/1"}],"replies":[{"embeddable":true,"href":"https:\/\/prod.tubesca-comabi.com\/fr\/wp-json\/wp\/v2\/comments?post=7587"}],"version-history":[{"count":20,"href":"https:\/\/prod.tubesca-comabi.com\/fr\/wp-json\/wp\/v2\/pages\/7587\/revisions"}],"predecessor-version":[{"id":12332,"href":"https:\/\/prod.tubesca-comabi.com\/fr\/wp-json\/wp\/v2\/pages\/7587\/revisions\/12332"}],"wp:attachment":[{"href":"https:\/\/prod.tubesca-comabi.com\/fr\/wp-json\/wp\/v2\/media?parent=7587"}],"curies":[{"name":"wp","href":"https:\/\/api.w.org\/{rel}","templated":true}]}}