{"id":18263,"date":"2023-04-14T14:24:37","date_gmt":"2023-04-14T12:24:37","guid":{"rendered":"https:\/\/prod.tubesca-comabi.com\/?page_id=18263"},"modified":"2023-04-18T10:45:17","modified_gmt":"2023-04-18T08:45:17","slug":"renovation-du-centre-pompidou-a-paris-fms-ringue-et-tubesca-comabi-allient-leur-savoir-faire","status":"publish","type":"page","link":"https:\/\/prod.tubesca-comabi.com\/fr\/renovation-du-centre-pompidou-a-paris-fms-ringue-et-tubesca-comabi-allient-leur-savoir-faire\/","title":{"rendered":"R\u00c9NOVATION DU CENTRE POMPIDOU \u00c0 PARIS FMS RINGUE ET TUBESCA-COMABI ALLIENT LEUR SAVOIR-FAIRE"},"content":{"rendered":"\n<p><strong>Comme annonc\u00e9 par la ministre de la Culture, Roselyne Bachelot, le 25 janvier dernier, le Centre Pompidou fera l\u2019objet de grands travaux de restauration. Dans le cadre de ce projet, sous ma\u00eetrise d\u2019oeuvre de RENZO Piano Building Workshop, FMS RINGUE, sp\u00e9cialiste de la location, de la pose et d\u00e9pose d&#8217;\u00e9chafaudages, a \u00e9t\u00e9 retenu aux c\u00f4t\u00e9s de Tubesca-Comabi, leader fran\u00e7ais dans la fabrication et la commercialisation des solutions d&#8217;acc\u00e8s et de travail en hauteur, par la soci\u00e9t\u00e9 Multispe pour la mise en place du nouveau syst\u00e8me de nacelles install\u00e9es \u00e0 demeure sur les 6 niveaux de cet \u00e9tablissement embl\u00e9matique. <\/strong><\/p>\n\n\n\n<p>Inaugur\u00e9 en 1977, le Centre Pompidou, l\u2019un des plus grands mus\u00e9es d\u2019art moderne et contemporain au monde, fermera ses portes fin 2023 et rouvrira en 2027 &#8211; apr\u00e8s modernisation et d\u00e9samiantage int\u00e9gral &#8211; \u00e0 l\u2019occasion de son 50e anniversaire. Ces travaux \u00e9taient devenus indispensables en raison de la corrosion et de l\u2019usure affectant l\u2019immense b\u00e2timent.<\/p>\n\n\n\n<h2 class=\"wp-block-heading\" id=\"echafauder-le-centre-national-d-art-et-de-culture-georges-pompidou\">\u00c9chafauder le centre national d\u2019art et de culture Georges-Pompidou<\/h2>\n\n\n\n<div class=\"wp-block-columns is-layout-flex wp-container-core-columns-is-layout-9d6595d7 wp-block-columns-is-layout-flex\">\n<div class=\"wp-block-column is-layout-flow wp-block-column-is-layout-flow\">\n<figure class=\"wp-block-image size-large is-resized\"><a href=\"https:\/\/prod.tubesca-comabi.com\/wp-content\/uploads\/sites\/3\/2023\/04\/1_CP_TUBESCACOMABI_FMSRINGUE_CentrePompidou_VF.jpg\"><img loading=\"lazy\" decoding=\"async\" src=\"https:\/\/prod.tubesca-comabi.com\/wp-content\/uploads\/sites\/3\/2023\/04\/1_CP_TUBESCACOMABI_FMSRINGUE_CentrePompidou_VF-1024x692.jpg\" alt=\"\" class=\"wp-image-18264\" width=\"600\" height=\"405\" srcset=\"https:\/\/prod.tubesca-comabi.com\/wp-content\/uploads\/sites\/3\/2023\/04\/1_CP_TUBESCACOMABI_FMSRINGUE_CentrePompidou_VF-1024x692.jpg 1024w, https:\/\/prod.tubesca-comabi.com\/wp-content\/uploads\/sites\/3\/2023\/04\/1_CP_TUBESCACOMABI_FMSRINGUE_CentrePompidou_VF-300x203.jpg 300w, https:\/\/prod.tubesca-comabi.com\/wp-content\/uploads\/sites\/3\/2023\/04\/1_CP_TUBESCACOMABI_FMSRINGUE_CentrePompidou_VF-768x519.jpg 768w, https:\/\/prod.tubesca-comabi.com\/wp-content\/uploads\/sites\/3\/2023\/04\/1_CP_TUBESCACOMABI_FMSRINGUE_CentrePompidou_VF-600x406.jpg 600w, https:\/\/prod.tubesca-comabi.com\/wp-content\/uploads\/sites\/3\/2023\/04\/1_CP_TUBESCACOMABI_FMSRINGUE_CentrePompidou_VF.jpg 1086w\" sizes=\"auto, (max-width: 600px) 100vw, 600px\" \/><\/a><\/figure>\n<\/div>\n\n\n\n<div class=\"wp-block-column is-layout-flow wp-block-column-is-layout-flow\">\n<p>Afin de retirer les nacelles existantes sur les 6 niveaux &#8211; install\u00e9es \u00e0 demeure sur l\u2019\u00e9difice pour nettoyer les tunnels de verre au quotidien &#8211; et mettre en place le nouveau syst\u00e8me de nacelles sur le Centre Pompidou, FMS RINGUE a fait appel au bureau d\u2019\u00e9tudes de TUBESCA-COMABI. Ce dernier a su ainsi d\u00e9montrer un v\u00e9ritable savoir-faire technique en mettant au point une solution technique innovante et sur-mesure qui r\u00e9pond aux contraintes de ce chantier hors-normes : un \u00e9chafaudage suspendu destin\u00e9 \u00e0 \u00eatre plac\u00e9 au-dessus des grands tunnels de verre du Centre Pompidou.<br>Le chantier (de montage et d\u00e9montage) a d\u00e9marr\u00e9 en f\u00e9vrier dernier pour une dur\u00e9e de 6 mois. Gr\u00e2ce \u00e0 la mobilisation de 6 monteurs qualifi\u00e9s de chez FMS RINGUE, les nacelles actuelles seront enti\u00e8rement d\u00e9mont\u00e9es et remplac\u00e9es par la soci\u00e9t\u00e9 MULTISPE.<\/p>\n<\/div>\n<\/div>\n\n\n\n<h2 class=\"wp-block-heading\" id=\"un-echafaudage-suspendu-a-un-defi-technique\">Un \u00e9chafaudage suspendu \u00e0 un d\u00e9fi technique<\/h2>\n\n\n\n<div class=\"wp-block-columns is-layout-flex wp-container-core-columns-is-layout-9d6595d7 wp-block-columns-is-layout-flex\">\n<div class=\"wp-block-column is-layout-flow wp-block-column-is-layout-flow\">\n<p>Parmi les difficult\u00e9s de ce chantier, celle de l\u2019acc\u00e8s des op\u00e9rateurs pour passer au-dessus des tunnels de verre. En effet, aucune zone d\u2019appui au sol n\u2019\u00e9tant possible et aucun \u00e9l\u00e9ment m\u00e9tallique ne pouvant prendre appui sur les zones de verre, le bureau d\u2019\u00e9tude a con\u00e7u un \u00e9chafaudage suspendu au-dessus de chaque tunnel de verre, v\u00e9ritable prouesse technique. Pour permettre la d\u00e9pose des anciennes nacelles et la pose des nouvelles, 10 trav\u00e9es (11.5 m de long chacune) ont \u00e9t\u00e9 pr\u00e9vues. L\u2019autre difficult\u00e9 concerne les temps de montage et de d\u00e9montage sur un chantier qui se d\u00e9roule en continue pour passer d\u2019une zone \u00e0 une autre.<\/p>\n<\/div>\n\n\n\n<div class=\"wp-block-column is-layout-flow wp-block-column-is-layout-flow\">\n<figure class=\"wp-block-image size-full is-resized\"><a href=\"https:\/\/prod.tubesca-comabi.com\/wp-content\/uploads\/sites\/3\/2023\/04\/1_CP_TUBESCACOMABI_FMSRINGUE_CentrePompidou_VF-1.jpg\"><img loading=\"lazy\" decoding=\"async\" src=\"https:\/\/prod.tubesca-comabi.com\/wp-content\/uploads\/sites\/3\/2023\/04\/1_CP_TUBESCACOMABI_FMSRINGUE_CentrePompidou_VF-1.jpg\" alt=\"\" class=\"wp-image-18269\" width=\"242\" height=\"247\" srcset=\"https:\/\/prod.tubesca-comabi.com\/wp-content\/uploads\/sites\/3\/2023\/04\/1_CP_TUBESCACOMABI_FMSRINGUE_CentrePompidou_VF-1.jpg 477w, https:\/\/prod.tubesca-comabi.com\/wp-content\/uploads\/sites\/3\/2023\/04\/1_CP_TUBESCACOMABI_FMSRINGUE_CentrePompidou_VF-1-294x300.jpg 294w\" sizes=\"auto, (max-width: 242px) 100vw, 242px\" \/><\/a><\/figure>\n<\/div>\n<\/div>\n\n\n\n<p>\u00ab Nous avons remport\u00e9 une petite partie du march\u00e9 parmi tant d\u2019autres sur ce chantier titanesque. Au-del\u00e0 des contraintes techniques, il faut aussi prendre en compte la co-activit\u00e9 avec des confr\u00e8res sur place, synchroniser l\u2019approvisionnement du mat\u00e9riel et les contraintes des uns des autres pour respecter le timing \u00bb ajoute Jean- Baptiste Spinicci, directeur g\u00e9n\u00e9ral chez FMS RINGUE &amp; directeur technique et commercial chez Tubesca- Comabi. La solution d\u2019\u00e9chafaudage retenue par le bureau d\u2019\u00e9tudes de TUBESCA-COMABI <strong>est le multidirectionnel M368 (8 positions), transform\u00e9 \u00e9galement en \u00e9chafaudage mobile<\/strong>. Son assemblage permet de r\u00e9pondre aux contraintes des formes g\u00e9om\u00e9triques du b\u00e2timent et fait toute la sp\u00e9cificit\u00e9 et la technicit\u00e9 de ce chantier.<\/p>\n\n\n\n<p>Lorsque le montage correspond \u00e0 celui pr\u00e9vu sur les zones de l\u2019\u00e9difice pr\u00e9sentant les tunnels en verre, l\u2019\u00e9chafaudage suspendu sera mont\u00e9 ; l\u2019\u00e9chafaudage roulant sp\u00e9cifique, quant \u00e0 lui, sera install\u00e9 sur les autres zones sans tunnels de verre.<\/p>\n\n\n\n<p><br><strong>L&#8217;architecture m\u00e9tallique du b\u00e2timent permet \u00e0 l&#8217;\u00e9chafaudage de s&#8217;int\u00e9grer de mani\u00e8re particuli\u00e8rement harmonieuse.<\/strong> Comme le pr\u00e9cise Jean-Baptiste Spinicci, \u00ab Contrairement aux chantiers que l\u2019on traite historiquement, notamment les MH, cette structure architecturale hors du commun et moderne permet \u00e0 l\u2019\u00e9chafaudage de se confondre parfaitement avec l\u2019\u00e9difice. C\u2019est \u00e9videmment une grande fiert\u00e9 pour nous de travailler sur un ouvrage de renomm\u00e9 mondiale \u00bb.<\/p>\n\n\n\n<p><strong>Le chantier en quelques chiffres<\/strong><\/p>\n\n\n\n<ul class=\"is-style-mycms-bullets-orange wp-block-list\"><li>2 entreprises appartenant au groupe Fr\u00e9n\u00e9hard et Michaux<\/li><li>6 phases de travaux pour 6 niveaux de l\u2019\u00e9difice<\/li><li>6 mois de travaux<\/li><li>La solution technique : le multidirectionnel M368 en 8 positions<\/li><li>60 tonnes de mat\u00e9riel utilis\u00e9<\/li><\/ul>\n\n\n\n<p><\/p>\n\n\n\n<div class=\"wp-block-buttons is-layout-flex wp-block-buttons-is-layout-flex\">\n<div class=\"wp-block-button\"><a class=\"wp-block-button__link\" href=\"http:\/\/prod.tubesca-comabi.com\/wp-content\/uploads\/sites\/3\/2023\/04\/1_CP_TUBESCACOMABI_FMSRINGUE_CentrePompidou_VF.pdf\" target=\"_blank\" rel=\"noreferrer noopener\">t\u00e9l\u00e9chargez le cp en pdf<\/a><\/div>\n<\/div>\n","protected":false},"excerpt":{"rendered":"<p>Comme annonc\u00e9 par la ministre de la Culture, Roselyne Bachelot, le 25 janvier dernier, le Centre Pompidou fera l\u2019objet de grands travaux de restauration. Dans le cadre de ce projet, sous ma\u00eetrise d\u2019oeuvre de RENZO Piano Building Workshop, FMS RINGUE, sp\u00e9cialiste de la location, de la pose et d\u00e9pose d&#8217;\u00e9chafaudages, a \u00e9t\u00e9 retenu aux c\u00f4t\u00e9s [&hellip;]<\/p>\n","protected":false},"author":8,"featured_media":0,"parent":0,"menu_order":0,"comment_status":"closed","ping_status":"closed","template":"","meta":{"_acf_changed":false,"ep_exclude_from_search":false,"footnotes":""},"class_list":["post-18263","page","type-page","status-publish","hentry"],"acf":[],"yoast_head":"<!-- This site is optimized with the Yoast SEO plugin v27.3 - https:\/\/yoast.com\/product\/yoast-seo-wordpress\/ -->\n<title>R\u00c9NOVATION DU CENTRE POMPIDOU \u00c0 PARIS FMS RINGUE ET TUBESCA-COMABI ALLIENT LEUR SAVOIR-FAIRE - Tubesca Comabi<\/title>\n<meta name=\"robots\" content=\"noindex, follow, max-snippet:-1, max-image-preview:large, max-video-preview:-1\" \/>\n<meta property=\"og:locale\" content=\"fr_FR\" \/>\n<meta property=\"og:type\" content=\"article\" \/>\n<meta property=\"og:title\" content=\"R\u00c9NOVATION DU CENTRE POMPIDOU \u00c0 PARIS FMS RINGUE ET TUBESCA-COMABI ALLIENT LEUR SAVOIR-FAIRE - Tubesca Comabi\" \/>\n<meta property=\"og:description\" content=\"Comme annonc\u00e9 par la ministre de la Culture, Roselyne Bachelot, le 25 janvier dernier, le Centre Pompidou fera l\u2019objet de grands travaux de restauration. Dans le cadre de ce projet, sous ma\u00eetrise d\u2019oeuvre de RENZO Piano Building Workshop, FMS RINGUE, sp\u00e9cialiste de la location, de la pose et d\u00e9pose d&#8217;\u00e9chafaudages, a \u00e9t\u00e9 retenu aux c\u00f4t\u00e9s [&hellip;]\" \/>\n<meta property=\"og:url\" content=\"https:\/\/prod.tubesca-comabi.com\/fr\/renovation-du-centre-pompidou-a-paris-fms-ringue-et-tubesca-comabi-allient-leur-savoir-faire\/\" \/>\n<meta property=\"og:site_name\" content=\"Tubesca Comabi\" \/>\n<meta property=\"article:publisher\" content=\"https:\/\/www.facebook.com\/tubescacomabi\/\" \/>\n<meta property=\"article:modified_time\" content=\"2023-04-18T08:45:17+00:00\" \/>\n<meta property=\"og:image\" content=\"https:\/\/prod.tubesca-comabi.com\/wp-content\/uploads\/sites\/3\/2023\/04\/1_CP_TUBESCACOMABI_FMSRINGUE_CentrePompidou_VF-1024x692.jpg\" \/>\n<meta name=\"twitter:card\" content=\"summary_large_image\" \/>\n<meta name=\"twitter:site\" content=\"@tubesca_comabi\" \/>\n<meta name=\"twitter:label1\" content=\"Dur\u00e9e de lecture estim\u00e9e\" \/>\n\t<meta name=\"twitter:data1\" content=\"4 minutes\" \/>\n<script type=\"application\/ld+json\" class=\"yoast-schema-graph\">{\"@context\":\"https:\\\/\\\/schema.org\",\"@graph\":[{\"@type\":\"WebPage\",\"@id\":\"https:\\\/\\\/prod.tubesca-comabi.com\\\/fr\\\/renovation-du-centre-pompidou-a-paris-fms-ringue-et-tubesca-comabi-allient-leur-savoir-faire\\\/\",\"url\":\"https:\\\/\\\/prod.tubesca-comabi.com\\\/fr\\\/renovation-du-centre-pompidou-a-paris-fms-ringue-et-tubesca-comabi-allient-leur-savoir-faire\\\/\",\"name\":\"R\u00c9NOVATION DU CENTRE POMPIDOU \u00c0 PARIS FMS RINGUE ET TUBESCA-COMABI ALLIENT LEUR SAVOIR-FAIRE - Tubesca Comabi\",\"isPartOf\":{\"@id\":\"https:\\\/\\\/prod.tubesca-comabi.com\\\/fr\\\/#website\"},\"primaryImageOfPage\":{\"@id\":\"https:\\\/\\\/prod.tubesca-comabi.com\\\/fr\\\/renovation-du-centre-pompidou-a-paris-fms-ringue-et-tubesca-comabi-allient-leur-savoir-faire\\\/#primaryimage\"},\"image\":{\"@id\":\"https:\\\/\\\/prod.tubesca-comabi.com\\\/fr\\\/renovation-du-centre-pompidou-a-paris-fms-ringue-et-tubesca-comabi-allient-leur-savoir-faire\\\/#primaryimage\"},\"thumbnailUrl\":\"https:\\\/\\\/prod.tubesca-comabi.com\\\/wp-content\\\/uploads\\\/sites\\\/3\\\/2023\\\/04\\\/1_CP_TUBESCACOMABI_FMSRINGUE_CentrePompidou_VF-1024x692.jpg\",\"datePublished\":\"2023-04-14T12:24:37+00:00\",\"dateModified\":\"2023-04-18T08:45:17+00:00\",\"breadcrumb\":{\"@id\":\"https:\\\/\\\/prod.tubesca-comabi.com\\\/fr\\\/renovation-du-centre-pompidou-a-paris-fms-ringue-et-tubesca-comabi-allient-leur-savoir-faire\\\/#breadcrumb\"},\"inLanguage\":\"fr-FR\",\"potentialAction\":[{\"@type\":\"ReadAction\",\"target\":[\"https:\\\/\\\/prod.tubesca-comabi.com\\\/fr\\\/renovation-du-centre-pompidou-a-paris-fms-ringue-et-tubesca-comabi-allient-leur-savoir-faire\\\/\"]}]},{\"@type\":\"ImageObject\",\"inLanguage\":\"fr-FR\",\"@id\":\"https:\\\/\\\/prod.tubesca-comabi.com\\\/fr\\\/renovation-du-centre-pompidou-a-paris-fms-ringue-et-tubesca-comabi-allient-leur-savoir-faire\\\/#primaryimage\",\"url\":\"https:\\\/\\\/prod.tubesca-comabi.com\\\/wp-content\\\/uploads\\\/sites\\\/3\\\/2023\\\/04\\\/1_CP_TUBESCACOMABI_FMSRINGUE_CentrePompidou_VF-1024x692.jpg\",\"contentUrl\":\"https:\\\/\\\/prod.tubesca-comabi.com\\\/wp-content\\\/uploads\\\/sites\\\/3\\\/2023\\\/04\\\/1_CP_TUBESCACOMABI_FMSRINGUE_CentrePompidou_VF-1024x692.jpg\"},{\"@type\":\"BreadcrumbList\",\"@id\":\"https:\\\/\\\/prod.tubesca-comabi.com\\\/fr\\\/renovation-du-centre-pompidou-a-paris-fms-ringue-et-tubesca-comabi-allient-leur-savoir-faire\\\/#breadcrumb\",\"itemListElement\":[{\"@type\":\"ListItem\",\"position\":1,\"name\":\"Tubesca-Comabi\",\"item\":\"https:\\\/\\\/prod.tubesca-comabi.com\\\/fr\\\/\"},{\"@type\":\"ListItem\",\"position\":2,\"name\":\"R\u00c9NOVATION DU CENTRE POMPIDOU \u00c0 PARIS FMS RINGUE ET TUBESCA-COMABI ALLIENT LEUR SAVOIR-FAIRE\"}]},{\"@type\":\"WebSite\",\"@id\":\"https:\\\/\\\/prod.tubesca-comabi.com\\\/fr\\\/#website\",\"url\":\"https:\\\/\\\/prod.tubesca-comabi.com\\\/fr\\\/\",\"name\":\"Tubesca Comabi\",\"description\":\"Une entreprise du groupe Fr\u00e9n\u00e9hard &amp; Michaux\",\"publisher\":{\"@id\":\"https:\\\/\\\/prod.tubesca-comabi.com\\\/fr\\\/#organization\"},\"potentialAction\":[{\"@type\":\"SearchAction\",\"target\":{\"@type\":\"EntryPoint\",\"urlTemplate\":\"https:\\\/\\\/prod.tubesca-comabi.com\\\/fr\\\/?s={search_term_string}\"},\"query-input\":{\"@type\":\"PropertyValueSpecification\",\"valueRequired\":true,\"valueName\":\"search_term_string\"}}],\"inLanguage\":\"fr-FR\"},{\"@type\":\"Organization\",\"@id\":\"https:\\\/\\\/prod.tubesca-comabi.com\\\/fr\\\/#organization\",\"name\":\"Tubesca Comabi\",\"url\":\"https:\\\/\\\/prod.tubesca-comabi.com\\\/fr\\\/\",\"logo\":{\"@type\":\"ImageObject\",\"inLanguage\":\"fr-FR\",\"@id\":\"https:\\\/\\\/prod.tubesca-comabi.com\\\/fr\\\/#\\\/schema\\\/logo\\\/image\\\/\",\"url\":\"https:\\\/\\\/prod.tubesca-comabi.com\\\/wp-content\\\/uploads\\\/sites\\\/3\\\/2022\\\/12\\\/tubesca-comabi_logo_0.png\",\"contentUrl\":\"https:\\\/\\\/prod.tubesca-comabi.com\\\/wp-content\\\/uploads\\\/sites\\\/3\\\/2022\\\/12\\\/tubesca-comabi_logo_0.png\",\"width\":426,\"height\":54,\"caption\":\"Tubesca Comabi\"},\"image\":{\"@id\":\"https:\\\/\\\/prod.tubesca-comabi.com\\\/fr\\\/#\\\/schema\\\/logo\\\/image\\\/\"},\"sameAs\":[\"https:\\\/\\\/www.facebook.com\\\/tubescacomabi\\\/\",\"https:\\\/\\\/x.com\\\/tubesca_comabi\",\"https:\\\/\\\/www.youtube.com\\\/channel\\\/UCiiudWOV9mAvU9c7VkV4kmA\",\"https:\\\/\\\/www.linkedin.com\\\/company\\\/tubesca-comabi\",\"https:\\\/\\\/www.instagram.com\\\/tubesca.comabi\\\/\"]}]}<\/script>\n<!-- \/ Yoast SEO plugin. -->","yoast_head_json":{"title":"R\u00c9NOVATION DU CENTRE POMPIDOU \u00c0 PARIS FMS RINGUE ET TUBESCA-COMABI ALLIENT LEUR SAVOIR-FAIRE - Tubesca Comabi","robots":{"index":"noindex","follow":"follow","max-snippet":"max-snippet:-1","max-image-preview":"max-image-preview:large","max-video-preview":"max-video-preview:-1"},"og_locale":"fr_FR","og_type":"article","og_title":"R\u00c9NOVATION DU CENTRE POMPIDOU \u00c0 PARIS FMS RINGUE ET TUBESCA-COMABI ALLIENT LEUR SAVOIR-FAIRE - Tubesca Comabi","og_description":"Comme annonc\u00e9 par la ministre de la Culture, Roselyne Bachelot, le 25 janvier dernier, le Centre Pompidou fera l\u2019objet de grands travaux de restauration. Dans le cadre de ce projet, sous ma\u00eetrise d\u2019oeuvre de RENZO Piano Building Workshop, FMS RINGUE, sp\u00e9cialiste de la location, de la pose et d\u00e9pose d&#8217;\u00e9chafaudages, a \u00e9t\u00e9 retenu aux c\u00f4t\u00e9s [&hellip;]","og_url":"https:\/\/prod.tubesca-comabi.com\/fr\/renovation-du-centre-pompidou-a-paris-fms-ringue-et-tubesca-comabi-allient-leur-savoir-faire\/","og_site_name":"Tubesca Comabi","article_publisher":"https:\/\/www.facebook.com\/tubescacomabi\/","article_modified_time":"2023-04-18T08:45:17+00:00","og_image":[{"url":"https:\/\/prod.tubesca-comabi.com\/wp-content\/uploads\/sites\/3\/2023\/04\/1_CP_TUBESCACOMABI_FMSRINGUE_CentrePompidou_VF-1024x692.jpg","type":"","width":"","height":""}],"twitter_card":"summary_large_image","twitter_site":"@tubesca_comabi","twitter_misc":{"Dur\u00e9e de lecture estim\u00e9e":"4 minutes"},"schema":{"@context":"https:\/\/schema.org","@graph":[{"@type":"WebPage","@id":"https:\/\/prod.tubesca-comabi.com\/fr\/renovation-du-centre-pompidou-a-paris-fms-ringue-et-tubesca-comabi-allient-leur-savoir-faire\/","url":"https:\/\/prod.tubesca-comabi.com\/fr\/renovation-du-centre-pompidou-a-paris-fms-ringue-et-tubesca-comabi-allient-leur-savoir-faire\/","name":"R\u00c9NOVATION DU CENTRE POMPIDOU \u00c0 PARIS FMS RINGUE ET TUBESCA-COMABI ALLIENT LEUR SAVOIR-FAIRE - Tubesca Comabi","isPartOf":{"@id":"https:\/\/prod.tubesca-comabi.com\/fr\/#website"},"primaryImageOfPage":{"@id":"https:\/\/prod.tubesca-comabi.com\/fr\/renovation-du-centre-pompidou-a-paris-fms-ringue-et-tubesca-comabi-allient-leur-savoir-faire\/#primaryimage"},"image":{"@id":"https:\/\/prod.tubesca-comabi.com\/fr\/renovation-du-centre-pompidou-a-paris-fms-ringue-et-tubesca-comabi-allient-leur-savoir-faire\/#primaryimage"},"thumbnailUrl":"https:\/\/prod.tubesca-comabi.com\/wp-content\/uploads\/sites\/3\/2023\/04\/1_CP_TUBESCACOMABI_FMSRINGUE_CentrePompidou_VF-1024x692.jpg","datePublished":"2023-04-14T12:24:37+00:00","dateModified":"2023-04-18T08:45:17+00:00","breadcrumb":{"@id":"https:\/\/prod.tubesca-comabi.com\/fr\/renovation-du-centre-pompidou-a-paris-fms-ringue-et-tubesca-comabi-allient-leur-savoir-faire\/#breadcrumb"},"inLanguage":"fr-FR","potentialAction":[{"@type":"ReadAction","target":["https:\/\/prod.tubesca-comabi.com\/fr\/renovation-du-centre-pompidou-a-paris-fms-ringue-et-tubesca-comabi-allient-leur-savoir-faire\/"]}]},{"@type":"ImageObject","inLanguage":"fr-FR","@id":"https:\/\/prod.tubesca-comabi.com\/fr\/renovation-du-centre-pompidou-a-paris-fms-ringue-et-tubesca-comabi-allient-leur-savoir-faire\/#primaryimage","url":"https:\/\/prod.tubesca-comabi.com\/wp-content\/uploads\/sites\/3\/2023\/04\/1_CP_TUBESCACOMABI_FMSRINGUE_CentrePompidou_VF-1024x692.jpg","contentUrl":"https:\/\/prod.tubesca-comabi.com\/wp-content\/uploads\/sites\/3\/2023\/04\/1_CP_TUBESCACOMABI_FMSRINGUE_CentrePompidou_VF-1024x692.jpg"},{"@type":"BreadcrumbList","@id":"https:\/\/prod.tubesca-comabi.com\/fr\/renovation-du-centre-pompidou-a-paris-fms-ringue-et-tubesca-comabi-allient-leur-savoir-faire\/#breadcrumb","itemListElement":[{"@type":"ListItem","position":1,"name":"Tubesca-Comabi","item":"https:\/\/prod.tubesca-comabi.com\/fr\/"},{"@type":"ListItem","position":2,"name":"R\u00c9NOVATION DU CENTRE POMPIDOU \u00c0 PARIS FMS RINGUE ET TUBESCA-COMABI ALLIENT LEUR SAVOIR-FAIRE"}]},{"@type":"WebSite","@id":"https:\/\/prod.tubesca-comabi.com\/fr\/#website","url":"https:\/\/prod.tubesca-comabi.com\/fr\/","name":"Tubesca Comabi","description":"Une entreprise du groupe Fr\u00e9n\u00e9hard &amp; Michaux","publisher":{"@id":"https:\/\/prod.tubesca-comabi.com\/fr\/#organization"},"potentialAction":[{"@type":"SearchAction","target":{"@type":"EntryPoint","urlTemplate":"https:\/\/prod.tubesca-comabi.com\/fr\/?s={search_term_string}"},"query-input":{"@type":"PropertyValueSpecification","valueRequired":true,"valueName":"search_term_string"}}],"inLanguage":"fr-FR"},{"@type":"Organization","@id":"https:\/\/prod.tubesca-comabi.com\/fr\/#organization","name":"Tubesca Comabi","url":"https:\/\/prod.tubesca-comabi.com\/fr\/","logo":{"@type":"ImageObject","inLanguage":"fr-FR","@id":"https:\/\/prod.tubesca-comabi.com\/fr\/#\/schema\/logo\/image\/","url":"https:\/\/prod.tubesca-comabi.com\/wp-content\/uploads\/sites\/3\/2022\/12\/tubesca-comabi_logo_0.png","contentUrl":"https:\/\/prod.tubesca-comabi.com\/wp-content\/uploads\/sites\/3\/2022\/12\/tubesca-comabi_logo_0.png","width":426,"height":54,"caption":"Tubesca Comabi"},"image":{"@id":"https:\/\/prod.tubesca-comabi.com\/fr\/#\/schema\/logo\/image\/"},"sameAs":["https:\/\/www.facebook.com\/tubescacomabi\/","https:\/\/x.com\/tubesca_comabi","https:\/\/www.youtube.com\/channel\/UCiiudWOV9mAvU9c7VkV4kmA","https:\/\/www.linkedin.com\/company\/tubesca-comabi","https:\/\/www.instagram.com\/tubesca.comabi\/"]}]}},"_links":{"self":[{"href":"https:\/\/prod.tubesca-comabi.com\/fr\/wp-json\/wp\/v2\/pages\/18263","targetHints":{"allow":["GET"]}}],"collection":[{"href":"https:\/\/prod.tubesca-comabi.com\/fr\/wp-json\/wp\/v2\/pages"}],"about":[{"href":"https:\/\/prod.tubesca-comabi.com\/fr\/wp-json\/wp\/v2\/types\/page"}],"author":[{"embeddable":true,"href":"https:\/\/prod.tubesca-comabi.com\/fr\/wp-json\/wp\/v2\/users\/8"}],"replies":[{"embeddable":true,"href":"https:\/\/prod.tubesca-comabi.com\/fr\/wp-json\/wp\/v2\/comments?post=18263"}],"version-history":[{"count":8,"href":"https:\/\/prod.tubesca-comabi.com\/fr\/wp-json\/wp\/v2\/pages\/18263\/revisions"}],"predecessor-version":[{"id":18676,"href":"https:\/\/prod.tubesca-comabi.com\/fr\/wp-json\/wp\/v2\/pages\/18263\/revisions\/18676"}],"wp:attachment":[{"href":"https:\/\/prod.tubesca-comabi.com\/fr\/wp-json\/wp\/v2\/media?parent=18263"}],"curies":[{"name":"wp","href":"https:\/\/api.w.org\/{rel}","templated":true}]}}