{"id":18244,"date":"2023-04-14T14:16:54","date_gmt":"2023-04-14T12:16:54","guid":{"rendered":"https:\/\/prod.tubesca-comabi.com\/?page_id=18244"},"modified":"2023-04-18T10:05:34","modified_gmt":"2023-04-18T08:05:34","slug":"un-savoir-faire-complementaire-pour-la-renovation-de-lhotel-de-ville-de-pantin-revetu-dun-echafaudage-comabi-culminant-a-43-metres","status":"publish","type":"page","link":"https:\/\/prod.tubesca-comabi.com\/fr\/un-savoir-faire-complementaire-pour-la-renovation-de-lhotel-de-ville-de-pantin-revetu-dun-echafaudage-comabi-culminant-a-43-metres\/","title":{"rendered":"UN SAVOIR-FAIRE COMPLEMENTAIRE POUR LA R\u00c9NOVATION DE L\u2019HOTEL DE VILLE DE PANTIN REVETU D\u2019UN ECHAFAUDAGE COMABI CULMINANT \u00c0 43 METRES"},"content":{"rendered":"\n<p><strong>Apr\u00e8s le Centre Georges-Pompidou en mars dernier, c\u2019est d\u00e9sormais l\u2019H\u00f4tel de ville de Pantin, \u00e9difice inscrit au rang des Monuments historiques, qui fait l\u2019objet d\u2019une vaste campagne de restauration de sa toiture et de sa fa\u00e7ade. A ce titre et comme pour Beaubourg, FMS RINGUE, sp\u00e9cialiste de la location, de la pose et d\u00e9pose d&#8217;\u00e9chafaudages, a \u00e9t\u00e9 retenu par l\u2019entreprise LANFRY pour la mise en place d\u2019un \u00e9chafaudage recouvrant totalement l\u2019ouvrage et culminant \u00e0 43 m\u00e8tres du sol.<\/strong><\/p>\n\n\n\n<p><br>L\u2019H\u00f4tel de ville de Pantin appartient au patrimoine embl\u00e9matique de la fin du 19e si\u00e8cle, date de sa construction. Pr\u00e9serv\u00e9 gr\u00e2ce \u00e0 son inscription au titre des Monuments historiques en 2017, le b\u00e2timent n\u00e9cessite une r\u00e9novation compl\u00e8te engag\u00e9e par la municipalit\u00e9. Les travaux de restauration d\u00e9buteront par les fa\u00e7ades, la derni\u00e8re r\u00e9novation remontait aux ann\u00e9es 60 ainsi que la r\u00e9fection de sa toiture.<\/p>\n\n\n\n<div class=\"wp-block-columns is-layout-flex wp-container-core-columns-is-layout-9d6595d7 wp-block-columns-is-layout-flex\">\n<div class=\"wp-block-column is-layout-flow wp-block-column-is-layout-flow\" style=\"flex-basis:100%\">\n<div class=\"wp-block-columns is-layout-flex wp-container-core-columns-is-layout-9d6595d7 wp-block-columns-is-layout-flex\">\n<div class=\"wp-block-column is-layout-flow wp-block-column-is-layout-flow\" style=\"flex-basis:33.33%\">\n<figure class=\"wp-block-image size-full is-resized\"><a href=\"https:\/\/prod.tubesca-comabi.com\/wp-content\/uploads\/sites\/3\/2023\/04\/2_CP_TubescaComabi_FMSRINGUE_HotelVillePantin_VF.jpg\"><img loading=\"lazy\" decoding=\"async\" src=\"https:\/\/prod.tubesca-comabi.com\/wp-content\/uploads\/sites\/3\/2023\/04\/2_CP_TubescaComabi_FMSRINGUE_HotelVillePantin_VF.jpg\" alt=\"\" class=\"wp-image-18245\" width=\"288\" height=\"370\" srcset=\"https:\/\/prod.tubesca-comabi.com\/wp-content\/uploads\/sites\/3\/2023\/04\/2_CP_TubescaComabi_FMSRINGUE_HotelVillePantin_VF.jpg 656w, https:\/\/prod.tubesca-comabi.com\/wp-content\/uploads\/sites\/3\/2023\/04\/2_CP_TubescaComabi_FMSRINGUE_HotelVillePantin_VF-233x300.jpg 233w, https:\/\/prod.tubesca-comabi.com\/wp-content\/uploads\/sites\/3\/2023\/04\/2_CP_TubescaComabi_FMSRINGUE_HotelVillePantin_VF-600x771.jpg 600w\" sizes=\"auto, (max-width: 288px) 100vw, 288px\" \/><\/a><\/figure>\n<\/div>\n\n\n\n<div class=\"wp-block-column is-layout-flow wp-block-column-is-layout-flow\" style=\"flex-basis:66.66%\">\n<p><strong>\u00c9chafauder un b\u00e2timent administratif ouvert au public<\/strong><\/p>\n\n\n\n<p><br>Ce chantier d\u2019une dur\u00e9e de 20 mois vient de d\u00e9buter avec la mise en place \u00e0 terme d\u2019un \u00e9chafaudage culminant \u00e0 43 m\u00e8tres dans sa partie haute correspondant au corps central \u00ab Campanile \u00bb et \u00e0 28 m\u00e8tres de haut dans sa partie interm\u00e9diaire o\u00f9 sera install\u00e9 un parapluie permettant de couvrir l\u2019ensemble de la toiture. FMS RINGUE a fait appel au bureau d\u2019\u00e9tudes de TUBESCA-COMABI pour concevoir un \u00e9chafaudage qui \u00e9pouse parfaitement la g\u00e9om\u00e9trie de l\u2019ouvrage. Par ailleurs, l\u2019H\u00f4tel de ville devra rester ouvert au public pour toutes d\u00e9marches administratives ou \u00e9v\u00e9nements pendant toute la phase de travaux, chaque entr\u00e9e et sortie du b\u00e2timent sera prot\u00e9g\u00e9e par des tunnels. Le chantier de montage et d\u00e9montage r\u00e9alis\u00e9 par FMS RINGUE mobilisera 10 monteurs qualifi\u00e9s pendant 2 mois.<\/p>\n<\/div>\n<\/div>\n<\/div>\n<\/div>\n\n\n\n<div class=\"wp-block-columns is-layout-flex wp-container-core-columns-is-layout-9d6595d7 wp-block-columns-is-layout-flex\">\n<div class=\"wp-block-column is-layout-flow wp-block-column-is-layout-flow\">\n<p><strong>Un \u00e9chafaudage couvrant et facilitant le travail des diff\u00e9rents corps de m\u00e9tier<\/strong><\/p>\n\n\n\n<p><br>Pr\u00e8s de 120 tonnes de mat\u00e9riel seront utilis\u00e9es pour recouvrir la totalit\u00e9 du b\u00e2timent y compris la toiture. La structure a \u00e9t\u00e9 enti\u00e8rement con\u00e7ue pour faciliter l\u2019acc\u00e8s aux divers corps de m\u00e9tiers qui vont intervenir pour la restauration. Elle se compose d\u2019un \u00e9chafaudage de classe 5 (le M368 multidirectionnel) associ\u00e9 \u00e0 un syst\u00e8me de garde-corps MDS, et trois tours d\u2019acc\u00e8s en escalier de chantier install\u00e9s pour faciliter l\u2019acc\u00e8s et l\u2019approvisionnement des compagnons. La partie sup\u00e9rieure comprend un parapluie bi plan et mono plan de 900 m2 qui couvrira l\u2019ensemble du b\u00e2timent. Le choix s\u2019est port\u00e9 sur des fermes en aluminium, un mat\u00e9riau offrant l\u00e9g\u00e8ret\u00e9, robustesse et un montage sans outils pour gagner en efficacit\u00e9 et rapidit\u00e9. Enfin le bureau d\u2019\u00e9tude a pr\u00e9vu des avanc\u00e9es de toiture pour le travail des couvreurs \u00e0 20 cm des ardoises gr\u00e2ce \u00e0 des \u00e9chafaudages en encorbellement tous les 2 m\u00e8tres en hauteur et \u00e0 20 cm sur chaque versant de toiture.<\/p>\n<\/div>\n\n\n\n<div class=\"wp-block-column is-layout-flow wp-block-column-is-layout-flow\">\n<figure class=\"wp-block-image size-full is-resized\"><a href=\"https:\/\/prod.tubesca-comabi.com\/wp-content\/uploads\/sites\/3\/2023\/04\/2_CP_TubescaComabi_FMSRINGUE_HotelVillePantin_VF-1.jpg\"><img loading=\"lazy\" decoding=\"async\" src=\"https:\/\/prod.tubesca-comabi.com\/wp-content\/uploads\/sites\/3\/2023\/04\/2_CP_TubescaComabi_FMSRINGUE_HotelVillePantin_VF-1.jpg\" alt=\"\" class=\"wp-image-18251\" width=\"347\" height=\"452\" srcset=\"https:\/\/prod.tubesca-comabi.com\/wp-content\/uploads\/sites\/3\/2023\/04\/2_CP_TubescaComabi_FMSRINGUE_HotelVillePantin_VF-1.jpg 655w, https:\/\/prod.tubesca-comabi.com\/wp-content\/uploads\/sites\/3\/2023\/04\/2_CP_TubescaComabi_FMSRINGUE_HotelVillePantin_VF-1-231x300.jpg 231w, https:\/\/prod.tubesca-comabi.com\/wp-content\/uploads\/sites\/3\/2023\/04\/2_CP_TubescaComabi_FMSRINGUE_HotelVillePantin_VF-1-600x780.jpg 600w\" sizes=\"auto, (max-width: 347px) 100vw, 347px\" \/><\/a><\/figure>\n<\/div>\n<\/div>\n\n\n\n<p>\u00ab Ce tr\u00e8s beau chantier est r\u00e9alis\u00e9 avec notre partenaire historique qu\u2019est l\u2019entreprise LANFRY avec laquelle nous avons une collaboration commune sur de nombreux chantiers embl\u00e9matiques tel que sur le chantier de la fl\u00e8che de la cath\u00e9drale de Rouen. Encore une fois nous avons pu relever le d\u00e9fi avec un grand plaisir et permettre ainsi aux Compagnons d\u2019effectuer un travail de qualit\u00e9 dans les r\u00e8gles de l\u2019art \u00bb ajoute Jean-Baptiste Spinicci, directeur g\u00e9n\u00e9ral chez FMS RINGUE &amp; directeur technique et commercial chez Tubesca-Comabi.<\/p>\n\n\n\n<p><strong>Le chantier en quelques chiffres<\/strong><\/p>\n\n\n\n<ul class=\"is-style-mycms-bullets-orange wp-block-list\"><li>2 entreprises appartenant au groupe Fr\u00e9n\u00e9hard et Michaux<\/li><li>2 phases de travaux : le corps central \u00ab campanile \u00bb (aile droite) et l\u2019aile gauche<\/li><li>20 mois de travaux<\/li><li>La solution technique : le multidirectionnel M368 en 8 positions, le garde-corps MDS et l\u2019escalierUNISTEP<\/li><li>120 tonnes de mat\u00e9riel utilis\u00e9<\/li><li>900 m2 de parapluie<\/li><\/ul>\n\n\n\n<p><\/p>\n\n\n\n<div class=\"wp-block-buttons is-layout-flex wp-block-buttons-is-layout-flex\">\n<div class=\"wp-block-button\"><a class=\"wp-block-button__link\" href=\"http:\/\/prod.tubesca-comabi.com\/wp-content\/uploads\/sites\/3\/2023\/04\/2_CP_TubescaComabi_FMSRINGUE_HotelVillePantin_VF.pdf\" target=\"_blank\" rel=\"noreferrer noopener\">t\u00e9l\u00e9chargez le cp en pdf<\/a><\/div>\n<\/div>\n","protected":false},"excerpt":{"rendered":"<p>Apr\u00e8s le Centre Georges-Pompidou en mars dernier, c\u2019est d\u00e9sormais l\u2019H\u00f4tel de ville de Pantin, \u00e9difice inscrit au rang des Monuments historiques, qui fait l\u2019objet d\u2019une vaste campagne de restauration de sa toiture et de sa fa\u00e7ade. A ce titre et comme pour Beaubourg, FMS RINGUE, sp\u00e9cialiste de la location, de la pose et d\u00e9pose d&#8217;\u00e9chafaudages, [&hellip;]<\/p>\n","protected":false},"author":8,"featured_media":0,"parent":0,"menu_order":0,"comment_status":"closed","ping_status":"closed","template":"","meta":{"_acf_changed":false,"ep_exclude_from_search":false,"footnotes":""},"class_list":["post-18244","page","type-page","status-publish","hentry"],"acf":[],"yoast_head":"<!-- This site is optimized with the Yoast SEO plugin v27.4 - https:\/\/yoast.com\/product\/yoast-seo-wordpress\/ -->\n<title>UN SAVOIR-FAIRE COMPLEMENTAIRE POUR LA R\u00c9NOVATION DE L\u2019HOTEL DE VILLE DE PANTIN REVETU D\u2019UN ECHAFAUDAGE COMABI CULMINANT \u00c0 43 METRES - Tubesca Comabi<\/title>\n<meta name=\"robots\" content=\"noindex, follow, max-snippet:-1, max-image-preview:large, max-video-preview:-1\" \/>\n<meta property=\"og:locale\" content=\"fr_FR\" \/>\n<meta property=\"og:type\" content=\"article\" \/>\n<meta property=\"og:title\" content=\"UN SAVOIR-FAIRE COMPLEMENTAIRE POUR LA R\u00c9NOVATION DE L\u2019HOTEL DE VILLE DE PANTIN REVETU D\u2019UN ECHAFAUDAGE COMABI CULMINANT \u00c0 43 METRES - Tubesca Comabi\" \/>\n<meta property=\"og:description\" content=\"Apr\u00e8s le Centre Georges-Pompidou en mars dernier, c\u2019est d\u00e9sormais l\u2019H\u00f4tel de ville de Pantin, \u00e9difice inscrit au rang des Monuments historiques, qui fait l\u2019objet d\u2019une vaste campagne de restauration de sa toiture et de sa fa\u00e7ade. A ce titre et comme pour Beaubourg, FMS RINGUE, sp\u00e9cialiste de la location, de la pose et d\u00e9pose d&#8217;\u00e9chafaudages, [&hellip;]\" \/>\n<meta property=\"og:url\" content=\"https:\/\/prod.tubesca-comabi.com\/fr\/un-savoir-faire-complementaire-pour-la-renovation-de-lhotel-de-ville-de-pantin-revetu-dun-echafaudage-comabi-culminant-a-43-metres\/\" \/>\n<meta property=\"og:site_name\" content=\"Tubesca Comabi\" \/>\n<meta property=\"article:publisher\" content=\"https:\/\/www.facebook.com\/tubescacomabi\/\" \/>\n<meta property=\"article:modified_time\" content=\"2023-04-18T08:05:34+00:00\" \/>\n<meta property=\"og:image\" content=\"https:\/\/prod.tubesca-comabi.com\/wp-content\/uploads\/sites\/3\/2023\/04\/2_CP_TubescaComabi_FMSRINGUE_HotelVillePantin_VF.jpg\" \/>\n<meta name=\"twitter:card\" content=\"summary_large_image\" \/>\n<meta name=\"twitter:site\" content=\"@tubesca_comabi\" \/>\n<meta name=\"twitter:label1\" content=\"Dur\u00e9e de lecture estim\u00e9e\" \/>\n\t<meta name=\"twitter:data1\" content=\"4 minutes\" \/>\n<script type=\"application\/ld+json\" class=\"yoast-schema-graph\">{\"@context\":\"https:\\\/\\\/schema.org\",\"@graph\":[{\"@type\":\"WebPage\",\"@id\":\"https:\\\/\\\/prod.tubesca-comabi.com\\\/fr\\\/un-savoir-faire-complementaire-pour-la-renovation-de-lhotel-de-ville-de-pantin-revetu-dun-echafaudage-comabi-culminant-a-43-metres\\\/\",\"url\":\"https:\\\/\\\/prod.tubesca-comabi.com\\\/fr\\\/un-savoir-faire-complementaire-pour-la-renovation-de-lhotel-de-ville-de-pantin-revetu-dun-echafaudage-comabi-culminant-a-43-metres\\\/\",\"name\":\"UN SAVOIR-FAIRE COMPLEMENTAIRE POUR LA R\u00c9NOVATION DE L\u2019HOTEL DE VILLE DE PANTIN REVETU D\u2019UN ECHAFAUDAGE COMABI CULMINANT \u00c0 43 METRES - Tubesca Comabi\",\"isPartOf\":{\"@id\":\"https:\\\/\\\/prod.tubesca-comabi.com\\\/fr\\\/#website\"},\"primaryImageOfPage\":{\"@id\":\"https:\\\/\\\/prod.tubesca-comabi.com\\\/fr\\\/un-savoir-faire-complementaire-pour-la-renovation-de-lhotel-de-ville-de-pantin-revetu-dun-echafaudage-comabi-culminant-a-43-metres\\\/#primaryimage\"},\"image\":{\"@id\":\"https:\\\/\\\/prod.tubesca-comabi.com\\\/fr\\\/un-savoir-faire-complementaire-pour-la-renovation-de-lhotel-de-ville-de-pantin-revetu-dun-echafaudage-comabi-culminant-a-43-metres\\\/#primaryimage\"},\"thumbnailUrl\":\"https:\\\/\\\/prod.tubesca-comabi.com\\\/wp-content\\\/uploads\\\/sites\\\/3\\\/2023\\\/04\\\/2_CP_TubescaComabi_FMSRINGUE_HotelVillePantin_VF.jpg\",\"datePublished\":\"2023-04-14T12:16:54+00:00\",\"dateModified\":\"2023-04-18T08:05:34+00:00\",\"breadcrumb\":{\"@id\":\"https:\\\/\\\/prod.tubesca-comabi.com\\\/fr\\\/un-savoir-faire-complementaire-pour-la-renovation-de-lhotel-de-ville-de-pantin-revetu-dun-echafaudage-comabi-culminant-a-43-metres\\\/#breadcrumb\"},\"inLanguage\":\"fr-FR\",\"potentialAction\":[{\"@type\":\"ReadAction\",\"target\":[\"https:\\\/\\\/prod.tubesca-comabi.com\\\/fr\\\/un-savoir-faire-complementaire-pour-la-renovation-de-lhotel-de-ville-de-pantin-revetu-dun-echafaudage-comabi-culminant-a-43-metres\\\/\"]}]},{\"@type\":\"ImageObject\",\"inLanguage\":\"fr-FR\",\"@id\":\"https:\\\/\\\/prod.tubesca-comabi.com\\\/fr\\\/un-savoir-faire-complementaire-pour-la-renovation-de-lhotel-de-ville-de-pantin-revetu-dun-echafaudage-comabi-culminant-a-43-metres\\\/#primaryimage\",\"url\":\"https:\\\/\\\/prod.tubesca-comabi.com\\\/wp-content\\\/uploads\\\/sites\\\/3\\\/2023\\\/04\\\/2_CP_TubescaComabi_FMSRINGUE_HotelVillePantin_VF.jpg\",\"contentUrl\":\"https:\\\/\\\/prod.tubesca-comabi.com\\\/wp-content\\\/uploads\\\/sites\\\/3\\\/2023\\\/04\\\/2_CP_TubescaComabi_FMSRINGUE_HotelVillePantin_VF.jpg\"},{\"@type\":\"BreadcrumbList\",\"@id\":\"https:\\\/\\\/prod.tubesca-comabi.com\\\/fr\\\/un-savoir-faire-complementaire-pour-la-renovation-de-lhotel-de-ville-de-pantin-revetu-dun-echafaudage-comabi-culminant-a-43-metres\\\/#breadcrumb\",\"itemListElement\":[{\"@type\":\"ListItem\",\"position\":1,\"name\":\"Tubesca-Comabi\",\"item\":\"https:\\\/\\\/prod.tubesca-comabi.com\\\/fr\\\/\"},{\"@type\":\"ListItem\",\"position\":2,\"name\":\"UN SAVOIR-FAIRE COMPLEMENTAIRE POUR LA R\u00c9NOVATION DE L\u2019HOTEL DE VILLE DE PANTIN REVETU D\u2019UN ECHAFAUDAGE COMABI CULMINANT \u00c0 43 METRES\"}]},{\"@type\":\"WebSite\",\"@id\":\"https:\\\/\\\/prod.tubesca-comabi.com\\\/fr\\\/#website\",\"url\":\"https:\\\/\\\/prod.tubesca-comabi.com\\\/fr\\\/\",\"name\":\"Tubesca Comabi\",\"description\":\"Une entreprise du groupe Fr\u00e9n\u00e9hard &amp; Michaux\",\"publisher\":{\"@id\":\"https:\\\/\\\/prod.tubesca-comabi.com\\\/fr\\\/#organization\"},\"potentialAction\":[{\"@type\":\"SearchAction\",\"target\":{\"@type\":\"EntryPoint\",\"urlTemplate\":\"https:\\\/\\\/prod.tubesca-comabi.com\\\/fr\\\/?s={search_term_string}\"},\"query-input\":{\"@type\":\"PropertyValueSpecification\",\"valueRequired\":true,\"valueName\":\"search_term_string\"}}],\"inLanguage\":\"fr-FR\"},{\"@type\":\"Organization\",\"@id\":\"https:\\\/\\\/prod.tubesca-comabi.com\\\/fr\\\/#organization\",\"name\":\"Tubesca Comabi\",\"url\":\"https:\\\/\\\/prod.tubesca-comabi.com\\\/fr\\\/\",\"logo\":{\"@type\":\"ImageObject\",\"inLanguage\":\"fr-FR\",\"@id\":\"https:\\\/\\\/prod.tubesca-comabi.com\\\/fr\\\/#\\\/schema\\\/logo\\\/image\\\/\",\"url\":\"https:\\\/\\\/prod.tubesca-comabi.com\\\/wp-content\\\/uploads\\\/sites\\\/3\\\/2022\\\/12\\\/tubesca-comabi_logo_0.png\",\"contentUrl\":\"https:\\\/\\\/prod.tubesca-comabi.com\\\/wp-content\\\/uploads\\\/sites\\\/3\\\/2022\\\/12\\\/tubesca-comabi_logo_0.png\",\"width\":426,\"height\":54,\"caption\":\"Tubesca Comabi\"},\"image\":{\"@id\":\"https:\\\/\\\/prod.tubesca-comabi.com\\\/fr\\\/#\\\/schema\\\/logo\\\/image\\\/\"},\"sameAs\":[\"https:\\\/\\\/www.facebook.com\\\/tubescacomabi\\\/\",\"https:\\\/\\\/x.com\\\/tubesca_comabi\",\"https:\\\/\\\/www.youtube.com\\\/channel\\\/UCiiudWOV9mAvU9c7VkV4kmA\",\"https:\\\/\\\/www.linkedin.com\\\/company\\\/tubesca-comabi\",\"https:\\\/\\\/www.instagram.com\\\/tubesca.comabi\\\/\"]}]}<\/script>\n<!-- \/ Yoast SEO plugin. -->","yoast_head_json":{"title":"UN SAVOIR-FAIRE COMPLEMENTAIRE POUR LA R\u00c9NOVATION DE L\u2019HOTEL DE VILLE DE PANTIN REVETU D\u2019UN ECHAFAUDAGE COMABI CULMINANT \u00c0 43 METRES - Tubesca Comabi","robots":{"index":"noindex","follow":"follow","max-snippet":"max-snippet:-1","max-image-preview":"max-image-preview:large","max-video-preview":"max-video-preview:-1"},"og_locale":"fr_FR","og_type":"article","og_title":"UN SAVOIR-FAIRE COMPLEMENTAIRE POUR LA R\u00c9NOVATION DE L\u2019HOTEL DE VILLE DE PANTIN REVETU D\u2019UN ECHAFAUDAGE COMABI CULMINANT \u00c0 43 METRES - Tubesca Comabi","og_description":"Apr\u00e8s le Centre Georges-Pompidou en mars dernier, c\u2019est d\u00e9sormais l\u2019H\u00f4tel de ville de Pantin, \u00e9difice inscrit au rang des Monuments historiques, qui fait l\u2019objet d\u2019une vaste campagne de restauration de sa toiture et de sa fa\u00e7ade. A ce titre et comme pour Beaubourg, FMS RINGUE, sp\u00e9cialiste de la location, de la pose et d\u00e9pose d&#8217;\u00e9chafaudages, [&hellip;]","og_url":"https:\/\/prod.tubesca-comabi.com\/fr\/un-savoir-faire-complementaire-pour-la-renovation-de-lhotel-de-ville-de-pantin-revetu-dun-echafaudage-comabi-culminant-a-43-metres\/","og_site_name":"Tubesca Comabi","article_publisher":"https:\/\/www.facebook.com\/tubescacomabi\/","article_modified_time":"2023-04-18T08:05:34+00:00","og_image":[{"url":"https:\/\/prod.tubesca-comabi.com\/wp-content\/uploads\/sites\/3\/2023\/04\/2_CP_TubescaComabi_FMSRINGUE_HotelVillePantin_VF.jpg","type":"","width":"","height":""}],"twitter_card":"summary_large_image","twitter_site":"@tubesca_comabi","twitter_misc":{"Dur\u00e9e de lecture estim\u00e9e":"4 minutes"},"schema":{"@context":"https:\/\/schema.org","@graph":[{"@type":"WebPage","@id":"https:\/\/prod.tubesca-comabi.com\/fr\/un-savoir-faire-complementaire-pour-la-renovation-de-lhotel-de-ville-de-pantin-revetu-dun-echafaudage-comabi-culminant-a-43-metres\/","url":"https:\/\/prod.tubesca-comabi.com\/fr\/un-savoir-faire-complementaire-pour-la-renovation-de-lhotel-de-ville-de-pantin-revetu-dun-echafaudage-comabi-culminant-a-43-metres\/","name":"UN SAVOIR-FAIRE COMPLEMENTAIRE POUR LA R\u00c9NOVATION DE L\u2019HOTEL DE VILLE DE PANTIN REVETU D\u2019UN ECHAFAUDAGE COMABI CULMINANT \u00c0 43 METRES - Tubesca Comabi","isPartOf":{"@id":"https:\/\/prod.tubesca-comabi.com\/fr\/#website"},"primaryImageOfPage":{"@id":"https:\/\/prod.tubesca-comabi.com\/fr\/un-savoir-faire-complementaire-pour-la-renovation-de-lhotel-de-ville-de-pantin-revetu-dun-echafaudage-comabi-culminant-a-43-metres\/#primaryimage"},"image":{"@id":"https:\/\/prod.tubesca-comabi.com\/fr\/un-savoir-faire-complementaire-pour-la-renovation-de-lhotel-de-ville-de-pantin-revetu-dun-echafaudage-comabi-culminant-a-43-metres\/#primaryimage"},"thumbnailUrl":"https:\/\/prod.tubesca-comabi.com\/wp-content\/uploads\/sites\/3\/2023\/04\/2_CP_TubescaComabi_FMSRINGUE_HotelVillePantin_VF.jpg","datePublished":"2023-04-14T12:16:54+00:00","dateModified":"2023-04-18T08:05:34+00:00","breadcrumb":{"@id":"https:\/\/prod.tubesca-comabi.com\/fr\/un-savoir-faire-complementaire-pour-la-renovation-de-lhotel-de-ville-de-pantin-revetu-dun-echafaudage-comabi-culminant-a-43-metres\/#breadcrumb"},"inLanguage":"fr-FR","potentialAction":[{"@type":"ReadAction","target":["https:\/\/prod.tubesca-comabi.com\/fr\/un-savoir-faire-complementaire-pour-la-renovation-de-lhotel-de-ville-de-pantin-revetu-dun-echafaudage-comabi-culminant-a-43-metres\/"]}]},{"@type":"ImageObject","inLanguage":"fr-FR","@id":"https:\/\/prod.tubesca-comabi.com\/fr\/un-savoir-faire-complementaire-pour-la-renovation-de-lhotel-de-ville-de-pantin-revetu-dun-echafaudage-comabi-culminant-a-43-metres\/#primaryimage","url":"https:\/\/prod.tubesca-comabi.com\/wp-content\/uploads\/sites\/3\/2023\/04\/2_CP_TubescaComabi_FMSRINGUE_HotelVillePantin_VF.jpg","contentUrl":"https:\/\/prod.tubesca-comabi.com\/wp-content\/uploads\/sites\/3\/2023\/04\/2_CP_TubescaComabi_FMSRINGUE_HotelVillePantin_VF.jpg"},{"@type":"BreadcrumbList","@id":"https:\/\/prod.tubesca-comabi.com\/fr\/un-savoir-faire-complementaire-pour-la-renovation-de-lhotel-de-ville-de-pantin-revetu-dun-echafaudage-comabi-culminant-a-43-metres\/#breadcrumb","itemListElement":[{"@type":"ListItem","position":1,"name":"Tubesca-Comabi","item":"https:\/\/prod.tubesca-comabi.com\/fr\/"},{"@type":"ListItem","position":2,"name":"UN SAVOIR-FAIRE COMPLEMENTAIRE POUR LA R\u00c9NOVATION DE L\u2019HOTEL DE VILLE DE PANTIN REVETU D\u2019UN ECHAFAUDAGE COMABI CULMINANT \u00c0 43 METRES"}]},{"@type":"WebSite","@id":"https:\/\/prod.tubesca-comabi.com\/fr\/#website","url":"https:\/\/prod.tubesca-comabi.com\/fr\/","name":"Tubesca Comabi","description":"Une entreprise du groupe Fr\u00e9n\u00e9hard &amp; Michaux","publisher":{"@id":"https:\/\/prod.tubesca-comabi.com\/fr\/#organization"},"potentialAction":[{"@type":"SearchAction","target":{"@type":"EntryPoint","urlTemplate":"https:\/\/prod.tubesca-comabi.com\/fr\/?s={search_term_string}"},"query-input":{"@type":"PropertyValueSpecification","valueRequired":true,"valueName":"search_term_string"}}],"inLanguage":"fr-FR"},{"@type":"Organization","@id":"https:\/\/prod.tubesca-comabi.com\/fr\/#organization","name":"Tubesca Comabi","url":"https:\/\/prod.tubesca-comabi.com\/fr\/","logo":{"@type":"ImageObject","inLanguage":"fr-FR","@id":"https:\/\/prod.tubesca-comabi.com\/fr\/#\/schema\/logo\/image\/","url":"https:\/\/prod.tubesca-comabi.com\/wp-content\/uploads\/sites\/3\/2022\/12\/tubesca-comabi_logo_0.png","contentUrl":"https:\/\/prod.tubesca-comabi.com\/wp-content\/uploads\/sites\/3\/2022\/12\/tubesca-comabi_logo_0.png","width":426,"height":54,"caption":"Tubesca Comabi"},"image":{"@id":"https:\/\/prod.tubesca-comabi.com\/fr\/#\/schema\/logo\/image\/"},"sameAs":["https:\/\/www.facebook.com\/tubescacomabi\/","https:\/\/x.com\/tubesca_comabi","https:\/\/www.youtube.com\/channel\/UCiiudWOV9mAvU9c7VkV4kmA","https:\/\/www.linkedin.com\/company\/tubesca-comabi","https:\/\/www.instagram.com\/tubesca.comabi\/"]}]}},"_links":{"self":[{"href":"https:\/\/prod.tubesca-comabi.com\/fr\/wp-json\/wp\/v2\/pages\/18244","targetHints":{"allow":["GET"]}}],"collection":[{"href":"https:\/\/prod.tubesca-comabi.com\/fr\/wp-json\/wp\/v2\/pages"}],"about":[{"href":"https:\/\/prod.tubesca-comabi.com\/fr\/wp-json\/wp\/v2\/types\/page"}],"author":[{"embeddable":true,"href":"https:\/\/prod.tubesca-comabi.com\/fr\/wp-json\/wp\/v2\/users\/8"}],"replies":[{"embeddable":true,"href":"https:\/\/prod.tubesca-comabi.com\/fr\/wp-json\/wp\/v2\/comments?post=18244"}],"version-history":[{"count":9,"href":"https:\/\/prod.tubesca-comabi.com\/fr\/wp-json\/wp\/v2\/pages\/18244\/revisions"}],"predecessor-version":[{"id":18588,"href":"https:\/\/prod.tubesca-comabi.com\/fr\/wp-json\/wp\/v2\/pages\/18244\/revisions\/18588"}],"wp:attachment":[{"href":"https:\/\/prod.tubesca-comabi.com\/fr\/wp-json\/wp\/v2\/media?parent=18244"}],"curies":[{"name":"wp","href":"https:\/\/api.w.org\/{rel}","templated":true}]}}