{"id":18214,"date":"2023-04-14T14:07:51","date_gmt":"2023-04-14T12:07:51","guid":{"rendered":"https:\/\/prod.tubesca-comabi.com\/?page_id=18214"},"modified":"2023-04-14T14:07:54","modified_gmt":"2023-04-14T12:07:54","slug":"tubesca-comabi-devoile-ses-dernieres-solutions-innovantes-totalement-securisees-pour-un-travail-en-hauteur-personnalise","status":"publish","type":"page","link":"https:\/\/prod.tubesca-comabi.com\/fr\/tubesca-comabi-devoile-ses-dernieres-solutions-innovantes-totalement-securisees-pour-un-travail-en-hauteur-personnalise\/","title":{"rendered":"TUBESCA-COMABI d\u00e9voile ses derni\u00e8res solutions innovantes, totalement s\u00e9curis\u00e9es, pour un travail en hauteur personnalis\u00e9"},"content":{"rendered":"\n<p><strong>Leader fran\u00e7ais dans la fabrication et la commercialisation de solutions d\u2019acc\u00e8s et de travail en hauteur, Tubesca-Comabi s\u2019appuie depuis de nombreuses ann\u00e9es sur son expertise et ses ressources industrielles pour cr\u00e9er des produits et des services de qualit\u00e9 qui r\u00e9pondent \u00e0 tous les besoins d\u2019acc\u00e8s et de travail en hauteur standard et sur-mesure en toute s\u00e9curit\u00e9.<br>L\u2019entreprise continue de faire \u00e9voluer ses gammes de produits et propose en 2021 de nouvelles innovations r\u00e9pondant aux \u00e9volutions des normes et r\u00e9glementations qui garantissent la s\u00e9curit\u00e9 tout en apportant toujours plus de confort et de praticit\u00e9 pour l\u2019utilisateur.<\/strong><\/p>\n\n\n\n<div class=\"wp-block-columns is-layout-flex wp-container-core-columns-is-layout-9d6595d7 wp-block-columns-is-layout-flex\">\n<div class=\"wp-block-column is-layout-flow wp-block-column-is-layout-flow\" style=\"flex-basis:66.66%\">\n<p>De nouvelles technologies et de nouveaux process sont constamment mis en oeuvre au sein de Tubesca-Comabi pour adapter en permanence les produits et concevoir de nouvelles solutions. Elle se base \u00e9galement sur l\u2019\u00e9coute et l\u2019exp\u00e9rience de ses clients pour continuer d\u2019innover. Le Stepium, l&#8217;\u00e9chelle t\u00e9lescopique X-Tenso 2, l\u2019\u00e9chelle acc\u00e8s camion, l\u2019\u00e9chelle de fouille\u2026 en sont le fruit. Conformes aux normes fran\u00e7aises et europ\u00e9ennes en vigueur, ces produits de qualit\u00e9 s\u2019inscrivent dans une d\u00e9marche d\u2019innovation continue visant \u00e0 faciliter et s\u00e9curiser le quotidien des utilisateurs.<\/p>\n\n\n\n<p><strong>Outre le Mecamodul, un concept modulable, pens\u00e9 pour r\u00e9pondre aux besoins sp\u00e9cifiques de maintenance industrielle &#8211; d\u00e9j\u00e0 d\u00e9voil\u00e9 en octobre 2020 &#8211; Tubesca-Comabi a d\u00e9velopp\u00e9 et con\u00e7u pour l\u2019ann\u00e9e 2021 :<\/strong><\/p>\n<\/div>\n\n\n\n<div class=\"wp-block-column is-layout-flow wp-block-column-is-layout-flow\" style=\"flex-basis:33.33%\">\n<figure class=\"wp-block-image size-full\"><a href=\"https:\/\/prod.tubesca-comabi.com\/wp-content\/uploads\/sites\/3\/2023\/04\/3_Communiquedepresse_TUBESCACOMABI_innovations2021.jpg\"><img loading=\"lazy\" decoding=\"async\" width=\"289\" height=\"374\" src=\"https:\/\/prod.tubesca-comabi.com\/wp-content\/uploads\/sites\/3\/2023\/04\/3_Communiquedepresse_TUBESCACOMABI_innovations2021.jpg\" alt=\"\" class=\"wp-image-18215\" srcset=\"https:\/\/prod.tubesca-comabi.com\/wp-content\/uploads\/sites\/3\/2023\/04\/3_Communiquedepresse_TUBESCACOMABI_innovations2021.jpg 289w, https:\/\/prod.tubesca-comabi.com\/wp-content\/uploads\/sites\/3\/2023\/04\/3_Communiquedepresse_TUBESCACOMABI_innovations2021-232x300.jpg 232w\" sizes=\"auto, (max-width: 289px) 100vw, 289px\" \/><\/a><\/figure>\n<\/div>\n<\/div>\n\n\n\n<div class=\"wp-block-columns is-layout-flex wp-container-core-columns-is-layout-9d6595d7 wp-block-columns-is-layout-flex\">\n<div class=\"wp-block-column is-layout-flow wp-block-column-is-layout-flow\" style=\"flex-basis:33.33%\">\n<figure class=\"wp-block-image size-full\"><a href=\"https:\/\/prod.tubesca-comabi.com\/wp-content\/uploads\/sites\/3\/2023\/04\/3_Communiquedepresse_TUBESCACOMABI_innovations2021-1.jpg\"><img loading=\"lazy\" decoding=\"async\" width=\"221\" height=\"268\" src=\"https:\/\/prod.tubesca-comabi.com\/wp-content\/uploads\/sites\/3\/2023\/04\/3_Communiquedepresse_TUBESCACOMABI_innovations2021-1.jpg\" alt=\"\" class=\"wp-image-18220\"\/><\/a><\/figure>\n<\/div>\n\n\n\n<div class=\"wp-block-column is-layout-flow wp-block-column-is-layout-flow\" style=\"flex-basis:66.66%\">\n<p><strong>Le Stepium, marchepied en aluminium<\/strong><\/p>\n\n\n\n<p>Ce marchepied industriel r\u00e9pond aux besoins d&#8217;acc\u00e8s jusqu&#8217;\u00e0 2,59 m\u00e8tres. L\u00e9ger (3,4 kg seulement), compact avec des marches larges et antid\u00e9rapantes pour \u00e9viter les risques de chutes, il s&#8217;installe facilement. Con\u00e7u et fabriqu\u00e9 en France pour un usage intensif, il est conforme \u00e0 la norme EN NF 14 183 et au d\u00e9cret 96 333.<br>Le STEPIUM est disponible en 2 ou 3 marches ; le professionnel peut ainsi choisir le format qui lui convient le mieux.<\/p>\n<\/div>\n<\/div>\n\n\n\n<div class=\"wp-block-columns is-layout-flex wp-container-core-columns-is-layout-9d6595d7 wp-block-columns-is-layout-flex\">\n<div class=\"wp-block-column is-layout-flow wp-block-column-is-layout-flow\" style=\"flex-basis:66.66%\">\n<p><strong>L&#8217;\u00e9chelle t\u00e9lescopique aluminium X-Tenso 2<\/strong><\/p>\n\n\n\n<p><br>La gamme d\u2019\u00e9chelles t\u00e9lescopiques X-tenso est recommand\u00e9e aux professionnels ayant un usage intensif et souhaitant combiner stabilit\u00e9 avec compacit\u00e9. Son transport et son stockage sont facilit\u00e9s tout en garantissant la s\u00e9curit\u00e9 des utilisateurs lors de son utilisation.<br>L&#8217;\u00e9chelle t\u00e9lescopique aluminium X-Tenso 2 est ultra compacte. Son syst\u00e8me de coulissement avec bagues en aluminium \u00e9vite les encrassements et garantit une extr\u00eame stabilit\u00e9. Elle r\u00e9pond au d\u00e9cret 96 333 et aux nouvelles exigences de la norme EN 131-6. Cette \u00e9volution de la norme impose deux typologies de classes : domestique et professionnelle. Ceci se traduit par des essais de r\u00e9sistance r\u00e9alis\u00e9s par Tubesca-Comabi en position d\u2019utilisation et non plus \u00e0 plat. (Classe domestique : r\u00e9sistance \u00e0 225 kg ; classe professionnelle \u00e0 275 kg).<br>Elle dispose de stabilisateurs t\u00e9lescopiques avec d\u00e9verrouillage automatique quand le dernier \u00e9chelon est d\u00e9ploy\u00e9 (sur les mod\u00e8les > 3 m) et d\u2019embouts d\u2019appui pour une parfaite stabilit\u00e9.<\/p>\n<\/div>\n\n\n\n<div class=\"wp-block-column is-layout-flow wp-block-column-is-layout-flow\" style=\"flex-basis:33.33%\">\n<figure class=\"wp-block-image size-full\"><a href=\"https:\/\/prod.tubesca-comabi.com\/wp-content\/uploads\/sites\/3\/2023\/04\/3_Communiquedepresse_TUBESCACOMABI_innovations2021-2.jpg\"><img loading=\"lazy\" decoding=\"async\" width=\"266\" height=\"275\" src=\"https:\/\/prod.tubesca-comabi.com\/wp-content\/uploads\/sites\/3\/2023\/04\/3_Communiquedepresse_TUBESCACOMABI_innovations2021-2.jpg\" alt=\"\" class=\"wp-image-18225\"\/><\/a><\/figure>\n<\/div>\n<\/div>\n\n\n\n<div class=\"wp-block-columns is-layout-flex wp-container-core-columns-is-layout-9d6595d7 wp-block-columns-is-layout-flex\">\n<div class=\"wp-block-column is-layout-flow wp-block-column-is-layout-flow\" style=\"flex-basis:33.33%\">\n<figure class=\"wp-block-image size-full\"><a href=\"https:\/\/prod.tubesca-comabi.com\/wp-content\/uploads\/sites\/3\/2023\/04\/3_Communiquedepresse_TUBESCACOMABI_innovations2021-3.jpg\"><img loading=\"lazy\" decoding=\"async\" width=\"254\" height=\"421\" src=\"https:\/\/prod.tubesca-comabi.com\/wp-content\/uploads\/sites\/3\/2023\/04\/3_Communiquedepresse_TUBESCACOMABI_innovations2021-3.jpg\" alt=\"\" class=\"wp-image-18231\" srcset=\"https:\/\/prod.tubesca-comabi.com\/wp-content\/uploads\/sites\/3\/2023\/04\/3_Communiquedepresse_TUBESCACOMABI_innovations2021-3.jpg 254w, https:\/\/prod.tubesca-comabi.com\/wp-content\/uploads\/sites\/3\/2023\/04\/3_Communiquedepresse_TUBESCACOMABI_innovations2021-3-181x300.jpg 181w\" sizes=\"auto, (max-width: 254px) 100vw, 254px\" \/><\/a><\/figure>\n<\/div>\n\n\n\n<div class=\"wp-block-column is-layout-flow wp-block-column-is-layout-flow\" style=\"flex-basis:66.66%\">\n<p><strong>L\u2019\u00e9chelle de fouille, pour acc\u00e9der jusqu\u2019\u00e0 4,73 m<\/strong><\/p>\n\n\n\n<p>Cette \u00e9chelle en aluminium permet la descente dans les fouilles allant de 0,57 \u00e0 4,73 m et s\u2019adapte \u00e0 toutes les configurations (fondations, fouille de chantier, \u2026).<br>Ses marches de 80 mm, ses rampes d&#8217;acc\u00e8s, ses patins pivotants et sa sortie frontale garantissent \u00e0 l&#8217;utilisateur une parfaite s\u00e9curit\u00e9. Cette \u00e9chelle ultra pratique, gr\u00e2ce \u00e0 son syst\u00e8me t\u00e9lescopique, ses pieds r\u00e9glables, ses anneaux de grutage et ses roues de d\u00e9placement, devient un incontournable. Son syst\u00e8me anti-basculement repliable assure la stabilit\u00e9 et facilite le r\u00e9glage en hauteur et le transport.<br>Elle pr\u00e9sente, pour plus de s\u00e9curit\u00e9, un passage au niveau de la plate-forme pour un acc\u00e8s plus ais\u00e9 et poss\u00e8de 2 rampes pour garantir la s\u00e9curit\u00e9 totale \u00e0 la mont\u00e9e comme \u00e0 la descente. Pour plus de praticit\u00e9, une plate-forme repliable a \u00e9t\u00e9 imagin\u00e9e pour minimiser l\u2019espace de stockage et faciliter le transport, 2 roues \u00e9quipent l\u2019\u00e9chelle pour simplifier les d\u00e9placements du produit ; et pour plus de modularit\u00e9 : des mod\u00e8les t\u00e9lescopiques ont \u00e9t\u00e9 cr\u00e9\u00e9s pour s\u2019adapter \u00e0 tous les chantiers (fondations, fouilles de chantier\u2026).<\/p>\n<\/div>\n<\/div>\n\n\n\n<div class=\"wp-block-columns is-layout-flex wp-container-core-columns-is-layout-9d6595d7 wp-block-columns-is-layout-flex\">\n<div class=\"wp-block-column is-layout-flow wp-block-column-is-layout-flow\" style=\"flex-basis:66.66%\">\n<p><strong>L\u2019\u00e9chelle acc\u00e8s camion<\/strong><\/p>\n\n\n\n<p><br>Fabriqu\u00e9e en France selon les exigences de la norme EN 14 122, cette \u00e9chelle est con\u00e7ue pour faciliter l\u2019acc\u00e8s aux plateaux des camions d&#8217;une hauteur de 1,25 \u00e0 1,49 m. Elle repr\u00e9sente une solution confortable, stable et robuste gr\u00e2ce \u00e0 ses marches d\u2019une profondeur de 200 mm, ses patins orientables et ses pieds articul\u00e9s r\u00e9glables tous les 20 mm sur 230 mm.<br>Les aimants d&#8217;une force de 85 kg chacun permettent \u00e0 l&#8217;\u00e9chelle de se fixer solidement au plateau et les pieds orientables et crant\u00e9s conf\u00e8rent une adaptabilit\u00e9 et une stabilit\u00e9 importante.<br>Gr\u00e2ce \u00e0 sa l\u00e9g\u00e8ret\u00e9 et son faible encombrement, elle permet une mise en place simple et rapide.<\/p>\n<\/div>\n\n\n\n<div class=\"wp-block-column is-layout-flow wp-block-column-is-layout-flow\" style=\"flex-basis:33.33%\">\n<figure class=\"wp-block-image size-full\"><a href=\"https:\/\/prod.tubesca-comabi.com\/wp-content\/uploads\/sites\/3\/2023\/04\/3_Communiquedepresse_TUBESCACOMABI_innovations2021-4.jpg\"><img loading=\"lazy\" decoding=\"async\" width=\"252\" height=\"435\" src=\"https:\/\/prod.tubesca-comabi.com\/wp-content\/uploads\/sites\/3\/2023\/04\/3_Communiquedepresse_TUBESCACOMABI_innovations2021-4.jpg\" alt=\"\" class=\"wp-image-18236\" srcset=\"https:\/\/prod.tubesca-comabi.com\/wp-content\/uploads\/sites\/3\/2023\/04\/3_Communiquedepresse_TUBESCACOMABI_innovations2021-4.jpg 252w, https:\/\/prod.tubesca-comabi.com\/wp-content\/uploads\/sites\/3\/2023\/04\/3_Communiquedepresse_TUBESCACOMABI_innovations2021-4-174x300.jpg 174w\" sizes=\"auto, (max-width: 252px) 100vw, 252px\" \/><\/a><\/figure>\n<\/div>\n<\/div>\n\n\n\n<div class=\"wp-block-buttons is-layout-flex wp-block-buttons-is-layout-flex\">\n<div class=\"wp-block-button\"><a class=\"wp-block-button__link\" href=\"http:\/\/prod.tubesca-comabi.com\/wp-content\/uploads\/sites\/3\/2023\/04\/3_Communiquedepresse_TUBESCACOMABI_innovations2021.pdf\" target=\"_blank\" rel=\"noreferrer noopener\">t\u00e9l\u00e9chargez le cp en pdf<\/a><\/div>\n<\/div>\n","protected":false},"excerpt":{"rendered":"<p>Leader fran\u00e7ais dans la fabrication et la commercialisation de solutions d\u2019acc\u00e8s et de travail en hauteur, Tubesca-Comabi s\u2019appuie depuis de nombreuses ann\u00e9es sur son expertise et ses ressources industrielles pour cr\u00e9er des produits et des services de qualit\u00e9 qui r\u00e9pondent \u00e0 tous les besoins d\u2019acc\u00e8s et de travail en hauteur standard et sur-mesure en toute [&hellip;]<\/p>\n","protected":false},"author":8,"featured_media":0,"parent":0,"menu_order":0,"comment_status":"closed","ping_status":"closed","template":"","meta":{"_acf_changed":false,"ep_exclude_from_search":false,"footnotes":""},"class_list":["post-18214","page","type-page","status-publish","hentry"],"acf":[],"yoast_head":"<!-- This site is optimized with the Yoast SEO plugin v27.4 - https:\/\/yoast.com\/product\/yoast-seo-wordpress\/ -->\n<title>TUBESCA-COMABI d\u00e9voile ses derni\u00e8res solutions innovantes, totalement s\u00e9curis\u00e9es, pour un travail en hauteur personnalis\u00e9 - Tubesca Comabi<\/title>\n<meta name=\"robots\" content=\"noindex, follow, max-snippet:-1, max-image-preview:large, max-video-preview:-1\" \/>\n<meta property=\"og:locale\" content=\"fr_FR\" \/>\n<meta property=\"og:type\" content=\"article\" \/>\n<meta property=\"og:title\" content=\"TUBESCA-COMABI d\u00e9voile ses derni\u00e8res solutions innovantes, totalement s\u00e9curis\u00e9es, pour un travail en hauteur personnalis\u00e9 - Tubesca Comabi\" \/>\n<meta property=\"og:description\" content=\"Leader fran\u00e7ais dans la fabrication et la commercialisation de solutions d\u2019acc\u00e8s et de travail en hauteur, Tubesca-Comabi s\u2019appuie depuis de nombreuses ann\u00e9es sur son expertise et ses ressources industrielles pour cr\u00e9er des produits et des services de qualit\u00e9 qui r\u00e9pondent \u00e0 tous les besoins d\u2019acc\u00e8s et de travail en hauteur standard et sur-mesure en toute [&hellip;]\" \/>\n<meta property=\"og:url\" content=\"https:\/\/prod.tubesca-comabi.com\/fr\/tubesca-comabi-devoile-ses-dernieres-solutions-innovantes-totalement-securisees-pour-un-travail-en-hauteur-personnalise\/\" \/>\n<meta property=\"og:site_name\" content=\"Tubesca Comabi\" \/>\n<meta property=\"article:publisher\" content=\"https:\/\/www.facebook.com\/tubescacomabi\/\" \/>\n<meta property=\"article:modified_time\" content=\"2023-04-14T12:07:54+00:00\" \/>\n<meta property=\"og:image\" content=\"https:\/\/prod.tubesca-comabi.com\/wp-content\/uploads\/sites\/3\/2023\/04\/3_Communiquedepresse_TUBESCACOMABI_innovations2021.jpg\" \/>\n<meta name=\"twitter:card\" content=\"summary_large_image\" \/>\n<meta name=\"twitter:site\" content=\"@tubesca_comabi\" \/>\n<meta name=\"twitter:label1\" content=\"Dur\u00e9e de lecture estim\u00e9e\" \/>\n\t<meta name=\"twitter:data1\" content=\"5 minutes\" \/>\n<script type=\"application\/ld+json\" class=\"yoast-schema-graph\">{\"@context\":\"https:\\\/\\\/schema.org\",\"@graph\":[{\"@type\":\"WebPage\",\"@id\":\"https:\\\/\\\/prod.tubesca-comabi.com\\\/fr\\\/tubesca-comabi-devoile-ses-dernieres-solutions-innovantes-totalement-securisees-pour-un-travail-en-hauteur-personnalise\\\/\",\"url\":\"https:\\\/\\\/prod.tubesca-comabi.com\\\/fr\\\/tubesca-comabi-devoile-ses-dernieres-solutions-innovantes-totalement-securisees-pour-un-travail-en-hauteur-personnalise\\\/\",\"name\":\"TUBESCA-COMABI d\u00e9voile ses derni\u00e8res solutions innovantes, totalement s\u00e9curis\u00e9es, pour un travail en hauteur personnalis\u00e9 - Tubesca Comabi\",\"isPartOf\":{\"@id\":\"https:\\\/\\\/prod.tubesca-comabi.com\\\/fr\\\/#website\"},\"primaryImageOfPage\":{\"@id\":\"https:\\\/\\\/prod.tubesca-comabi.com\\\/fr\\\/tubesca-comabi-devoile-ses-dernieres-solutions-innovantes-totalement-securisees-pour-un-travail-en-hauteur-personnalise\\\/#primaryimage\"},\"image\":{\"@id\":\"https:\\\/\\\/prod.tubesca-comabi.com\\\/fr\\\/tubesca-comabi-devoile-ses-dernieres-solutions-innovantes-totalement-securisees-pour-un-travail-en-hauteur-personnalise\\\/#primaryimage\"},\"thumbnailUrl\":\"https:\\\/\\\/prod.tubesca-comabi.com\\\/wp-content\\\/uploads\\\/sites\\\/3\\\/2023\\\/04\\\/3_Communiquedepresse_TUBESCACOMABI_innovations2021.jpg\",\"datePublished\":\"2023-04-14T12:07:51+00:00\",\"dateModified\":\"2023-04-14T12:07:54+00:00\",\"breadcrumb\":{\"@id\":\"https:\\\/\\\/prod.tubesca-comabi.com\\\/fr\\\/tubesca-comabi-devoile-ses-dernieres-solutions-innovantes-totalement-securisees-pour-un-travail-en-hauteur-personnalise\\\/#breadcrumb\"},\"inLanguage\":\"fr-FR\",\"potentialAction\":[{\"@type\":\"ReadAction\",\"target\":[\"https:\\\/\\\/prod.tubesca-comabi.com\\\/fr\\\/tubesca-comabi-devoile-ses-dernieres-solutions-innovantes-totalement-securisees-pour-un-travail-en-hauteur-personnalise\\\/\"]}]},{\"@type\":\"ImageObject\",\"inLanguage\":\"fr-FR\",\"@id\":\"https:\\\/\\\/prod.tubesca-comabi.com\\\/fr\\\/tubesca-comabi-devoile-ses-dernieres-solutions-innovantes-totalement-securisees-pour-un-travail-en-hauteur-personnalise\\\/#primaryimage\",\"url\":\"https:\\\/\\\/prod.tubesca-comabi.com\\\/wp-content\\\/uploads\\\/sites\\\/3\\\/2023\\\/04\\\/3_Communiquedepresse_TUBESCACOMABI_innovations2021.jpg\",\"contentUrl\":\"https:\\\/\\\/prod.tubesca-comabi.com\\\/wp-content\\\/uploads\\\/sites\\\/3\\\/2023\\\/04\\\/3_Communiquedepresse_TUBESCACOMABI_innovations2021.jpg\"},{\"@type\":\"BreadcrumbList\",\"@id\":\"https:\\\/\\\/prod.tubesca-comabi.com\\\/fr\\\/tubesca-comabi-devoile-ses-dernieres-solutions-innovantes-totalement-securisees-pour-un-travail-en-hauteur-personnalise\\\/#breadcrumb\",\"itemListElement\":[{\"@type\":\"ListItem\",\"position\":1,\"name\":\"Tubesca-Comabi\",\"item\":\"https:\\\/\\\/prod.tubesca-comabi.com\\\/fr\\\/\"},{\"@type\":\"ListItem\",\"position\":2,\"name\":\"TUBESCA-COMABI d\u00e9voile ses derni\u00e8res solutions innovantes, totalement s\u00e9curis\u00e9es, pour un travail en hauteur personnalis\u00e9\"}]},{\"@type\":\"WebSite\",\"@id\":\"https:\\\/\\\/prod.tubesca-comabi.com\\\/fr\\\/#website\",\"url\":\"https:\\\/\\\/prod.tubesca-comabi.com\\\/fr\\\/\",\"name\":\"Tubesca Comabi\",\"description\":\"Une entreprise du groupe Fr\u00e9n\u00e9hard &amp; Michaux\",\"publisher\":{\"@id\":\"https:\\\/\\\/prod.tubesca-comabi.com\\\/fr\\\/#organization\"},\"potentialAction\":[{\"@type\":\"SearchAction\",\"target\":{\"@type\":\"EntryPoint\",\"urlTemplate\":\"https:\\\/\\\/prod.tubesca-comabi.com\\\/fr\\\/?s={search_term_string}\"},\"query-input\":{\"@type\":\"PropertyValueSpecification\",\"valueRequired\":true,\"valueName\":\"search_term_string\"}}],\"inLanguage\":\"fr-FR\"},{\"@type\":\"Organization\",\"@id\":\"https:\\\/\\\/prod.tubesca-comabi.com\\\/fr\\\/#organization\",\"name\":\"Tubesca Comabi\",\"url\":\"https:\\\/\\\/prod.tubesca-comabi.com\\\/fr\\\/\",\"logo\":{\"@type\":\"ImageObject\",\"inLanguage\":\"fr-FR\",\"@id\":\"https:\\\/\\\/prod.tubesca-comabi.com\\\/fr\\\/#\\\/schema\\\/logo\\\/image\\\/\",\"url\":\"https:\\\/\\\/prod.tubesca-comabi.com\\\/wp-content\\\/uploads\\\/sites\\\/3\\\/2022\\\/12\\\/tubesca-comabi_logo_0.png\",\"contentUrl\":\"https:\\\/\\\/prod.tubesca-comabi.com\\\/wp-content\\\/uploads\\\/sites\\\/3\\\/2022\\\/12\\\/tubesca-comabi_logo_0.png\",\"width\":426,\"height\":54,\"caption\":\"Tubesca Comabi\"},\"image\":{\"@id\":\"https:\\\/\\\/prod.tubesca-comabi.com\\\/fr\\\/#\\\/schema\\\/logo\\\/image\\\/\"},\"sameAs\":[\"https:\\\/\\\/www.facebook.com\\\/tubescacomabi\\\/\",\"https:\\\/\\\/x.com\\\/tubesca_comabi\",\"https:\\\/\\\/www.youtube.com\\\/channel\\\/UCiiudWOV9mAvU9c7VkV4kmA\",\"https:\\\/\\\/www.linkedin.com\\\/company\\\/tubesca-comabi\",\"https:\\\/\\\/www.instagram.com\\\/tubesca.comabi\\\/\"]}]}<\/script>\n<!-- \/ Yoast SEO plugin. -->","yoast_head_json":{"title":"TUBESCA-COMABI d\u00e9voile ses derni\u00e8res solutions innovantes, totalement s\u00e9curis\u00e9es, pour un travail en hauteur personnalis\u00e9 - Tubesca Comabi","robots":{"index":"noindex","follow":"follow","max-snippet":"max-snippet:-1","max-image-preview":"max-image-preview:large","max-video-preview":"max-video-preview:-1"},"og_locale":"fr_FR","og_type":"article","og_title":"TUBESCA-COMABI d\u00e9voile ses derni\u00e8res solutions innovantes, totalement s\u00e9curis\u00e9es, pour un travail en hauteur personnalis\u00e9 - Tubesca Comabi","og_description":"Leader fran\u00e7ais dans la fabrication et la commercialisation de solutions d\u2019acc\u00e8s et de travail en hauteur, Tubesca-Comabi s\u2019appuie depuis de nombreuses ann\u00e9es sur son expertise et ses ressources industrielles pour cr\u00e9er des produits et des services de qualit\u00e9 qui r\u00e9pondent \u00e0 tous les besoins d\u2019acc\u00e8s et de travail en hauteur standard et sur-mesure en toute [&hellip;]","og_url":"https:\/\/prod.tubesca-comabi.com\/fr\/tubesca-comabi-devoile-ses-dernieres-solutions-innovantes-totalement-securisees-pour-un-travail-en-hauteur-personnalise\/","og_site_name":"Tubesca Comabi","article_publisher":"https:\/\/www.facebook.com\/tubescacomabi\/","article_modified_time":"2023-04-14T12:07:54+00:00","og_image":[{"url":"https:\/\/prod.tubesca-comabi.com\/wp-content\/uploads\/sites\/3\/2023\/04\/3_Communiquedepresse_TUBESCACOMABI_innovations2021.jpg","type":"","width":"","height":""}],"twitter_card":"summary_large_image","twitter_site":"@tubesca_comabi","twitter_misc":{"Dur\u00e9e de lecture estim\u00e9e":"5 minutes"},"schema":{"@context":"https:\/\/schema.org","@graph":[{"@type":"WebPage","@id":"https:\/\/prod.tubesca-comabi.com\/fr\/tubesca-comabi-devoile-ses-dernieres-solutions-innovantes-totalement-securisees-pour-un-travail-en-hauteur-personnalise\/","url":"https:\/\/prod.tubesca-comabi.com\/fr\/tubesca-comabi-devoile-ses-dernieres-solutions-innovantes-totalement-securisees-pour-un-travail-en-hauteur-personnalise\/","name":"TUBESCA-COMABI d\u00e9voile ses derni\u00e8res solutions innovantes, totalement s\u00e9curis\u00e9es, pour un travail en hauteur personnalis\u00e9 - Tubesca Comabi","isPartOf":{"@id":"https:\/\/prod.tubesca-comabi.com\/fr\/#website"},"primaryImageOfPage":{"@id":"https:\/\/prod.tubesca-comabi.com\/fr\/tubesca-comabi-devoile-ses-dernieres-solutions-innovantes-totalement-securisees-pour-un-travail-en-hauteur-personnalise\/#primaryimage"},"image":{"@id":"https:\/\/prod.tubesca-comabi.com\/fr\/tubesca-comabi-devoile-ses-dernieres-solutions-innovantes-totalement-securisees-pour-un-travail-en-hauteur-personnalise\/#primaryimage"},"thumbnailUrl":"https:\/\/prod.tubesca-comabi.com\/wp-content\/uploads\/sites\/3\/2023\/04\/3_Communiquedepresse_TUBESCACOMABI_innovations2021.jpg","datePublished":"2023-04-14T12:07:51+00:00","dateModified":"2023-04-14T12:07:54+00:00","breadcrumb":{"@id":"https:\/\/prod.tubesca-comabi.com\/fr\/tubesca-comabi-devoile-ses-dernieres-solutions-innovantes-totalement-securisees-pour-un-travail-en-hauteur-personnalise\/#breadcrumb"},"inLanguage":"fr-FR","potentialAction":[{"@type":"ReadAction","target":["https:\/\/prod.tubesca-comabi.com\/fr\/tubesca-comabi-devoile-ses-dernieres-solutions-innovantes-totalement-securisees-pour-un-travail-en-hauteur-personnalise\/"]}]},{"@type":"ImageObject","inLanguage":"fr-FR","@id":"https:\/\/prod.tubesca-comabi.com\/fr\/tubesca-comabi-devoile-ses-dernieres-solutions-innovantes-totalement-securisees-pour-un-travail-en-hauteur-personnalise\/#primaryimage","url":"https:\/\/prod.tubesca-comabi.com\/wp-content\/uploads\/sites\/3\/2023\/04\/3_Communiquedepresse_TUBESCACOMABI_innovations2021.jpg","contentUrl":"https:\/\/prod.tubesca-comabi.com\/wp-content\/uploads\/sites\/3\/2023\/04\/3_Communiquedepresse_TUBESCACOMABI_innovations2021.jpg"},{"@type":"BreadcrumbList","@id":"https:\/\/prod.tubesca-comabi.com\/fr\/tubesca-comabi-devoile-ses-dernieres-solutions-innovantes-totalement-securisees-pour-un-travail-en-hauteur-personnalise\/#breadcrumb","itemListElement":[{"@type":"ListItem","position":1,"name":"Tubesca-Comabi","item":"https:\/\/prod.tubesca-comabi.com\/fr\/"},{"@type":"ListItem","position":2,"name":"TUBESCA-COMABI d\u00e9voile ses derni\u00e8res solutions innovantes, totalement s\u00e9curis\u00e9es, pour un travail en hauteur personnalis\u00e9"}]},{"@type":"WebSite","@id":"https:\/\/prod.tubesca-comabi.com\/fr\/#website","url":"https:\/\/prod.tubesca-comabi.com\/fr\/","name":"Tubesca Comabi","description":"Une entreprise du groupe Fr\u00e9n\u00e9hard &amp; Michaux","publisher":{"@id":"https:\/\/prod.tubesca-comabi.com\/fr\/#organization"},"potentialAction":[{"@type":"SearchAction","target":{"@type":"EntryPoint","urlTemplate":"https:\/\/prod.tubesca-comabi.com\/fr\/?s={search_term_string}"},"query-input":{"@type":"PropertyValueSpecification","valueRequired":true,"valueName":"search_term_string"}}],"inLanguage":"fr-FR"},{"@type":"Organization","@id":"https:\/\/prod.tubesca-comabi.com\/fr\/#organization","name":"Tubesca Comabi","url":"https:\/\/prod.tubesca-comabi.com\/fr\/","logo":{"@type":"ImageObject","inLanguage":"fr-FR","@id":"https:\/\/prod.tubesca-comabi.com\/fr\/#\/schema\/logo\/image\/","url":"https:\/\/prod.tubesca-comabi.com\/wp-content\/uploads\/sites\/3\/2022\/12\/tubesca-comabi_logo_0.png","contentUrl":"https:\/\/prod.tubesca-comabi.com\/wp-content\/uploads\/sites\/3\/2022\/12\/tubesca-comabi_logo_0.png","width":426,"height":54,"caption":"Tubesca Comabi"},"image":{"@id":"https:\/\/prod.tubesca-comabi.com\/fr\/#\/schema\/logo\/image\/"},"sameAs":["https:\/\/www.facebook.com\/tubescacomabi\/","https:\/\/x.com\/tubesca_comabi","https:\/\/www.youtube.com\/channel\/UCiiudWOV9mAvU9c7VkV4kmA","https:\/\/www.linkedin.com\/company\/tubesca-comabi","https:\/\/www.instagram.com\/tubesca.comabi\/"]}]}},"_links":{"self":[{"href":"https:\/\/prod.tubesca-comabi.com\/fr\/wp-json\/wp\/v2\/pages\/18214","targetHints":{"allow":["GET"]}}],"collection":[{"href":"https:\/\/prod.tubesca-comabi.com\/fr\/wp-json\/wp\/v2\/pages"}],"about":[{"href":"https:\/\/prod.tubesca-comabi.com\/fr\/wp-json\/wp\/v2\/types\/page"}],"author":[{"embeddable":true,"href":"https:\/\/prod.tubesca-comabi.com\/fr\/wp-json\/wp\/v2\/users\/8"}],"replies":[{"embeddable":true,"href":"https:\/\/prod.tubesca-comabi.com\/fr\/wp-json\/wp\/v2\/comments?post=18214"}],"version-history":[{"count":4,"href":"https:\/\/prod.tubesca-comabi.com\/fr\/wp-json\/wp\/v2\/pages\/18214\/revisions"}],"predecessor-version":[{"id":18243,"href":"https:\/\/prod.tubesca-comabi.com\/fr\/wp-json\/wp\/v2\/pages\/18214\/revisions\/18243"}],"wp:attachment":[{"href":"https:\/\/prod.tubesca-comabi.com\/fr\/wp-json\/wp\/v2\/media?parent=18214"}],"curies":[{"name":"wp","href":"https:\/\/api.w.org\/{rel}","templated":true}]}}