{"id":18200,"date":"2023-04-14T13:54:56","date_gmt":"2023-04-14T11:54:56","guid":{"rendered":"https:\/\/prod.tubesca-comabi.com\/?page_id=18200"},"modified":"2023-04-18T10:05:18","modified_gmt":"2023-04-18T08:05:18","slug":"tubesca-comabi-et-fms-ringue-deploient-leur-savoir-faire-pour-la-renovation-dun-site-emblematique-de-la-capitale-le-palais-chaillot","status":"publish","type":"page","link":"https:\/\/prod.tubesca-comabi.com\/fr\/tubesca-comabi-et-fms-ringue-deploient-leur-savoir-faire-pour-la-renovation-dun-site-emblematique-de-la-capitale-le-palais-chaillot\/","title":{"rendered":"TUBESCA-COMABI ET FMS RINGUE DEPLOIENT LEUR SAVOIR-FAIRE POUR LA R\u00c9NOVATION D\u2019UN SITE EMBL\u00c9MATIQUE DE LA CAPITALE : LE PALAIS CHAILLOT"},"content":{"rendered":"\n<p><strong>Depuis le mois de mai, le Palais Chaillot se mue en Dame de fer \u00e0 l\u2019instar de sa voisine la tour Eiffel. Depuis sa construction en 1937 ce monument, imagin\u00e9 pour l\u2019exposition universelle, n\u2019a fait l\u2019objet d\u2019aucune r\u00e9novation. Des probl\u00e9matiques d\u2019\u00e9tanch\u00e9it\u00e9 des sols sont apparues impliquant d\u2019engager une restauration. TUBESCACOMABI, leader fran\u00e7ais dans la fabrication et la commercialisation des solutions d&#8217;acc\u00e8s et de travail en hauteur, et FMS Ringue, sp\u00e9cialiste de la location, de la pose et d\u00e9pose d&#8217;\u00e9chafaudages, en partenariat avec Degaine (Groupe Vinci) vont mener de concert ce chantier embl\u00e9matique.<\/strong><\/p>\n\n\n\n<p>De renomm\u00e9e internationale, ce monument majeur des ann\u00e9es 30 fait l\u2019objet de vastes r\u00e9novations des terrasses et du parvis du Trocad\u00e9ro. TUBESCA-COMABI et FMS RINGUE ont uni leur savoir-faire pour concevoir un \u00e9chafaudage \u00e9pousant les contours de la structure et r\u00e9pondant \u00e0 toutes les contraintes li\u00e9es aux travaux et aux interventions des diff\u00e9rents corps de m\u00e9tier. Ainsi les deux entreprises assureront la fourniture, le montage et d\u00e9montage des \u00e9chafaudages et parapluies de protection et Degaine interviendra dans la restauration du parvis c\u00f4t\u00e9 Passy (en ma\u00e7onnerie et pierre de taille). Ce chantier d\u2019une<br>dur\u00e9e de 16 mois se d\u00e9ploiera sur 4 zones et l\u2019ensemble sera mont\u00e9, puis d\u00e9mont\u00e9 et bascul\u00e9 de zone  en zone en 4 \u00e9tapes.<\/p>\n\n\n\n<figure class=\"wp-block-image aligncenter size-full\"><a href=\"https:\/\/prod.tubesca-comabi.com\/wp-content\/uploads\/sites\/3\/2023\/04\/4-CP_TubescaComabi_FMSRINGUE_PalaisChaillot-vf.jpg\"><img loading=\"lazy\" decoding=\"async\" width=\"668\" height=\"364\" src=\"https:\/\/prod.tubesca-comabi.com\/wp-content\/uploads\/sites\/3\/2023\/04\/4-CP_TubescaComabi_FMSRINGUE_PalaisChaillot-vf.jpg\" alt=\"\" class=\"wp-image-18201\" srcset=\"https:\/\/prod.tubesca-comabi.com\/wp-content\/uploads\/sites\/3\/2023\/04\/4-CP_TubescaComabi_FMSRINGUE_PalaisChaillot-vf.jpg 668w, https:\/\/prod.tubesca-comabi.com\/wp-content\/uploads\/sites\/3\/2023\/04\/4-CP_TubescaComabi_FMSRINGUE_PalaisChaillot-vf-300x163.jpg 300w, https:\/\/prod.tubesca-comabi.com\/wp-content\/uploads\/sites\/3\/2023\/04\/4-CP_TubescaComabi_FMSRINGUE_PalaisChaillot-vf-600x327.jpg 600w\" sizes=\"auto, (max-width: 668px) 100vw, 668px\" \/><\/a><\/figure>\n\n\n\n<h2 class=\"wp-block-heading\" id=\"la-zone-1-une-installation-unique-dans-sa-conception-et-son-installation\">La zone 1 : une installation unique dans sa conception et son installation<\/h2>\n\n\n\n<p>Le chantier a d\u00e9but\u00e9 en mai dans la zone 1 pour une dur\u00e9e de 4 mois. La zone d\u2019entr\u00e9e et d\u2019approvisionnement de cette zone repr\u00e9sente 18 m de hauteur au total et par cons\u00e9quent trois niveaux d\u2019escaliers ont \u00e9t\u00e9 con\u00e7us et construits. Pour assurer la jonction entre ces deux parties, une passerelle a \u00e9t\u00e9 mise en place afin de faciliter la circulation du mat\u00e9riel et des intervenants du point le plus bas au point le plus haut pour les diff\u00e9rents corps d\u2019\u00c9tat. De m\u00eame, un ascenseur de chantier a \u00e9t\u00e9 install\u00e9 afin de fluidifier et acc\u00e9l\u00e9rer la manutention et les d\u00e9placements des mat\u00e9riaux et des hommes. La structure se compose d\u2019un \u00e9chafaudage de classe 5 (le M368 multidirectionnel, hors \u00e9l\u00e9vateur) dimensionn\u00e9 et calcul\u00e9 pour rependre les efforts engendr\u00e9s par l\u2019ascenseur. En compl\u00e9ment, une seconde passerelle de liaison de 16 m de haut et 20 m de long est mise en oeuvre pour faciliter l\u2019acc\u00e8s et la circulation entre la zone de stockage et la zone de travail. Par ailleurs, le restaurant Caf\u00e9 de l\u2019Homme restera ouvert au public pendant toute la p\u00e9riode de travaux, ainsi des solutions de stockage occultant ont \u00e9t\u00e9 pr\u00e9vues afin de ne pas g\u00eaner la client\u00e8le.<\/p>\n\n\n\n<h2 class=\"wp-block-heading\" id=\"une-application-atypique-de-parapluie-pour-garantir-confort-et-protection\">Une application atypique de parapluie pour garantir confort et protection<\/h2>\n\n\n\n<p><strong>Un parapluie de 700 m2 d\u2019\u00e9chafaudage a \u00e9t\u00e9 con\u00e7u par le bureau d\u2019\u00e9tude de TUBESCA-COMABI afin de garantir la mise en oeuvre facile et rapide du montage au d\u00e9montage.<\/strong> La premi\u00e8re tranche de travaux a consist\u00e9 \u00e0 effectuer la d\u00e9pose des dalles afin que l\u2019\u00e9chafaudage de protection repose en p\u00e9riph\u00e9rie de la zone d\u2019intervention et soit ensuite directement ancr\u00e9 au sol. L\u2019ex\u00e9cution des travaux sur dalle impose une hauteur libre sous parapluie de 3 m. Les fermes sont r\u00e9alis\u00e9es avec des poutres en aluminium permettant un montage simple et rapide sans outil, sur lesquelles sont positionn\u00e9es des glissi\u00e8res permettant d\u2019accueillir les b\u00e2ches de protection. Cette installation a mobilis\u00e9 6 personnes pendant 3 semaines pour la zone 1 et la passerelle.<\/p>\n\n\n\n<div class=\"wp-block-columns is-layout-flex wp-container-core-columns-is-layout-9d6595d7 wp-block-columns-is-layout-flex\">\n<div class=\"wp-block-column is-layout-flow wp-block-column-is-layout-flow\">\n<figure class=\"wp-block-image aligncenter size-large\"><a href=\"https:\/\/prod.tubesca-comabi.com\/wp-content\/uploads\/sites\/3\/2023\/04\/4-CP_TubescaComabi_FMSRINGUE_PalaisChaillot-vf-1.jpg\"><img loading=\"lazy\" decoding=\"async\" width=\"1024\" height=\"477\" src=\"https:\/\/prod.tubesca-comabi.com\/wp-content\/uploads\/sites\/3\/2023\/04\/4-CP_TubescaComabi_FMSRINGUE_PalaisChaillot-vf-1-1024x477.jpg\" alt=\"\" class=\"wp-image-18206\" srcset=\"https:\/\/prod.tubesca-comabi.com\/wp-content\/uploads\/sites\/3\/2023\/04\/4-CP_TubescaComabi_FMSRINGUE_PalaisChaillot-vf-1-1024x477.jpg 1024w, https:\/\/prod.tubesca-comabi.com\/wp-content\/uploads\/sites\/3\/2023\/04\/4-CP_TubescaComabi_FMSRINGUE_PalaisChaillot-vf-1-300x140.jpg 300w, https:\/\/prod.tubesca-comabi.com\/wp-content\/uploads\/sites\/3\/2023\/04\/4-CP_TubescaComabi_FMSRINGUE_PalaisChaillot-vf-1-768x357.jpg 768w, https:\/\/prod.tubesca-comabi.com\/wp-content\/uploads\/sites\/3\/2023\/04\/4-CP_TubescaComabi_FMSRINGUE_PalaisChaillot-vf-1-600x279.jpg 600w, https:\/\/prod.tubesca-comabi.com\/wp-content\/uploads\/sites\/3\/2023\/04\/4-CP_TubescaComabi_FMSRINGUE_PalaisChaillot-vf-1.jpg 1390w\" sizes=\"auto, (max-width: 1024px) 100vw, 1024px\" \/><\/a><\/figure>\n<\/div>\n<\/div>\n\n\n\n<p>\u00ab Nous sommes tr\u00e8s fiers d\u2019intervenir sur ce chantier qui repr\u00e9sente l\u2019un des lieux les plus connus de la capitale. Ces derniers mois, toutes les \u00e9quipes de TUBESCA-COMABI et de FMS RINGUE se sont mobilis\u00e9es pour concevoir et mettre en oeuvre des structures adapt\u00e9es aux contraintes fortes de chantiers embl\u00e9matiques comme celui du Centre Georges Pompidou en d\u00e9but d\u2019ann\u00e9e et de l\u2019h\u00f4tel de ville de Pantin r\u00e9cemment. Ce nouveau lieu est une nouvelle fois, la reconnaissance d\u2019un travail collectif de qualit\u00e9 r\u00e9alis\u00e9 avec les \u00e9quipes et nos partenaires. \u00bb pr\u00e9cise Jean-Baptiste Spinicci, directeur g\u00e9n\u00e9ral chez FMS RINGUE &amp; directeur technique et commercial chez Tubesca-Comabi.<\/p>\n\n\n\n<p><strong>Le chantier en quelques chiffres<\/strong><\/p>\n\n\n\n<ul class=\"is-style-mycms-bullets-orange wp-block-list\"><li>2 entreprises appartenant au groupe Fr\u00e9n\u00e9hard et Michaux,<\/li><li>4 phases de travaux \u00e9chelonn\u00e9es sur 16 mois,<\/li><li>La solution technique : le multidirectionnel M368 en 8 positions<\/li><li>700 m2 de protection parapluie en aluminium.<\/li><\/ul>\n\n\n\n<p><\/p>\n\n\n\n<div class=\"wp-block-buttons is-layout-flex wp-block-buttons-is-layout-flex\">\n<div class=\"wp-block-button\"><a class=\"wp-block-button__link\" href=\"http:\/\/prod.tubesca-comabi.com\/wp-content\/uploads\/sites\/3\/2023\/04\/4-CP_TubescaComabi_FMSRINGUE_PalaisChaillot-vf.pdf\" target=\"_blank\" rel=\"noreferrer noopener\">t\u00e9l\u00e9chargez le cp en pdf<\/a><\/div>\n<\/div>\n","protected":false},"excerpt":{"rendered":"<p>Depuis le mois de mai, le Palais Chaillot se mue en Dame de fer \u00e0 l\u2019instar de sa voisine la tour Eiffel. Depuis sa construction en 1937 ce monument, imagin\u00e9 pour l\u2019exposition universelle, n\u2019a fait l\u2019objet d\u2019aucune r\u00e9novation. Des probl\u00e9matiques d\u2019\u00e9tanch\u00e9it\u00e9 des sols sont apparues impliquant d\u2019engager une restauration. TUBESCACOMABI, leader fran\u00e7ais dans la fabrication [&hellip;]<\/p>\n","protected":false},"author":8,"featured_media":0,"parent":0,"menu_order":0,"comment_status":"closed","ping_status":"closed","template":"","meta":{"_acf_changed":false,"ep_exclude_from_search":false,"footnotes":""},"class_list":["post-18200","page","type-page","status-publish","hentry"],"acf":[],"yoast_head":"<!-- This site is optimized with the Yoast SEO plugin v27.4 - https:\/\/yoast.com\/product\/yoast-seo-wordpress\/ -->\n<title>TUBESCA-COMABI ET FMS RINGUE DEPLOIENT LEUR SAVOIR-FAIRE POUR LA R\u00c9NOVATION D\u2019UN SITE EMBL\u00c9MATIQUE DE LA CAPITALE : LE PALAIS CHAILLOT - Tubesca Comabi<\/title>\n<meta name=\"robots\" content=\"noindex, follow, max-snippet:-1, max-image-preview:large, max-video-preview:-1\" \/>\n<meta property=\"og:locale\" content=\"fr_FR\" \/>\n<meta property=\"og:type\" content=\"article\" \/>\n<meta property=\"og:title\" content=\"TUBESCA-COMABI ET FMS RINGUE DEPLOIENT LEUR SAVOIR-FAIRE POUR LA R\u00c9NOVATION D\u2019UN SITE EMBL\u00c9MATIQUE DE LA CAPITALE : LE PALAIS CHAILLOT - Tubesca Comabi\" \/>\n<meta property=\"og:description\" content=\"Depuis le mois de mai, le Palais Chaillot se mue en Dame de fer \u00e0 l\u2019instar de sa voisine la tour Eiffel. Depuis sa construction en 1937 ce monument, imagin\u00e9 pour l\u2019exposition universelle, n\u2019a fait l\u2019objet d\u2019aucune r\u00e9novation. Des probl\u00e9matiques d\u2019\u00e9tanch\u00e9it\u00e9 des sols sont apparues impliquant d\u2019engager une restauration. TUBESCACOMABI, leader fran\u00e7ais dans la fabrication [&hellip;]\" \/>\n<meta property=\"og:url\" content=\"https:\/\/prod.tubesca-comabi.com\/fr\/tubesca-comabi-et-fms-ringue-deploient-leur-savoir-faire-pour-la-renovation-dun-site-emblematique-de-la-capitale-le-palais-chaillot\/\" \/>\n<meta property=\"og:site_name\" content=\"Tubesca Comabi\" \/>\n<meta property=\"article:publisher\" content=\"https:\/\/www.facebook.com\/tubescacomabi\/\" \/>\n<meta property=\"article:modified_time\" content=\"2023-04-18T08:05:18+00:00\" \/>\n<meta property=\"og:image\" content=\"https:\/\/prod.tubesca-comabi.com\/wp-content\/uploads\/sites\/3\/2023\/04\/4-CP_TubescaComabi_FMSRINGUE_PalaisChaillot-vf.jpg\" \/>\n<meta name=\"twitter:card\" content=\"summary_large_image\" \/>\n<meta name=\"twitter:site\" content=\"@tubesca_comabi\" \/>\n<meta name=\"twitter:label1\" content=\"Dur\u00e9e de lecture estim\u00e9e\" \/>\n\t<meta name=\"twitter:data1\" content=\"4 minutes\" \/>\n<script type=\"application\/ld+json\" class=\"yoast-schema-graph\">{\"@context\":\"https:\\\/\\\/schema.org\",\"@graph\":[{\"@type\":\"WebPage\",\"@id\":\"https:\\\/\\\/prod.tubesca-comabi.com\\\/fr\\\/tubesca-comabi-et-fms-ringue-deploient-leur-savoir-faire-pour-la-renovation-dun-site-emblematique-de-la-capitale-le-palais-chaillot\\\/\",\"url\":\"https:\\\/\\\/prod.tubesca-comabi.com\\\/fr\\\/tubesca-comabi-et-fms-ringue-deploient-leur-savoir-faire-pour-la-renovation-dun-site-emblematique-de-la-capitale-le-palais-chaillot\\\/\",\"name\":\"TUBESCA-COMABI ET FMS RINGUE DEPLOIENT LEUR SAVOIR-FAIRE POUR LA R\u00c9NOVATION D\u2019UN SITE EMBL\u00c9MATIQUE DE LA CAPITALE : LE PALAIS CHAILLOT - Tubesca Comabi\",\"isPartOf\":{\"@id\":\"https:\\\/\\\/prod.tubesca-comabi.com\\\/fr\\\/#website\"},\"primaryImageOfPage\":{\"@id\":\"https:\\\/\\\/prod.tubesca-comabi.com\\\/fr\\\/tubesca-comabi-et-fms-ringue-deploient-leur-savoir-faire-pour-la-renovation-dun-site-emblematique-de-la-capitale-le-palais-chaillot\\\/#primaryimage\"},\"image\":{\"@id\":\"https:\\\/\\\/prod.tubesca-comabi.com\\\/fr\\\/tubesca-comabi-et-fms-ringue-deploient-leur-savoir-faire-pour-la-renovation-dun-site-emblematique-de-la-capitale-le-palais-chaillot\\\/#primaryimage\"},\"thumbnailUrl\":\"https:\\\/\\\/prod.tubesca-comabi.com\\\/wp-content\\\/uploads\\\/sites\\\/3\\\/2023\\\/04\\\/4-CP_TubescaComabi_FMSRINGUE_PalaisChaillot-vf.jpg\",\"datePublished\":\"2023-04-14T11:54:56+00:00\",\"dateModified\":\"2023-04-18T08:05:18+00:00\",\"breadcrumb\":{\"@id\":\"https:\\\/\\\/prod.tubesca-comabi.com\\\/fr\\\/tubesca-comabi-et-fms-ringue-deploient-leur-savoir-faire-pour-la-renovation-dun-site-emblematique-de-la-capitale-le-palais-chaillot\\\/#breadcrumb\"},\"inLanguage\":\"fr-FR\",\"potentialAction\":[{\"@type\":\"ReadAction\",\"target\":[\"https:\\\/\\\/prod.tubesca-comabi.com\\\/fr\\\/tubesca-comabi-et-fms-ringue-deploient-leur-savoir-faire-pour-la-renovation-dun-site-emblematique-de-la-capitale-le-palais-chaillot\\\/\"]}]},{\"@type\":\"ImageObject\",\"inLanguage\":\"fr-FR\",\"@id\":\"https:\\\/\\\/prod.tubesca-comabi.com\\\/fr\\\/tubesca-comabi-et-fms-ringue-deploient-leur-savoir-faire-pour-la-renovation-dun-site-emblematique-de-la-capitale-le-palais-chaillot\\\/#primaryimage\",\"url\":\"https:\\\/\\\/prod.tubesca-comabi.com\\\/wp-content\\\/uploads\\\/sites\\\/3\\\/2023\\\/04\\\/4-CP_TubescaComabi_FMSRINGUE_PalaisChaillot-vf.jpg\",\"contentUrl\":\"https:\\\/\\\/prod.tubesca-comabi.com\\\/wp-content\\\/uploads\\\/sites\\\/3\\\/2023\\\/04\\\/4-CP_TubescaComabi_FMSRINGUE_PalaisChaillot-vf.jpg\"},{\"@type\":\"BreadcrumbList\",\"@id\":\"https:\\\/\\\/prod.tubesca-comabi.com\\\/fr\\\/tubesca-comabi-et-fms-ringue-deploient-leur-savoir-faire-pour-la-renovation-dun-site-emblematique-de-la-capitale-le-palais-chaillot\\\/#breadcrumb\",\"itemListElement\":[{\"@type\":\"ListItem\",\"position\":1,\"name\":\"Tubesca-Comabi\",\"item\":\"https:\\\/\\\/prod.tubesca-comabi.com\\\/fr\\\/\"},{\"@type\":\"ListItem\",\"position\":2,\"name\":\"TUBESCA-COMABI ET FMS RINGUE DEPLOIENT LEUR SAVOIR-FAIRE POUR LA R\u00c9NOVATION D\u2019UN SITE EMBL\u00c9MATIQUE DE LA CAPITALE : LE PALAIS CHAILLOT\"}]},{\"@type\":\"WebSite\",\"@id\":\"https:\\\/\\\/prod.tubesca-comabi.com\\\/fr\\\/#website\",\"url\":\"https:\\\/\\\/prod.tubesca-comabi.com\\\/fr\\\/\",\"name\":\"Tubesca Comabi\",\"description\":\"Une entreprise du groupe Fr\u00e9n\u00e9hard &amp; Michaux\",\"publisher\":{\"@id\":\"https:\\\/\\\/prod.tubesca-comabi.com\\\/fr\\\/#organization\"},\"potentialAction\":[{\"@type\":\"SearchAction\",\"target\":{\"@type\":\"EntryPoint\",\"urlTemplate\":\"https:\\\/\\\/prod.tubesca-comabi.com\\\/fr\\\/?s={search_term_string}\"},\"query-input\":{\"@type\":\"PropertyValueSpecification\",\"valueRequired\":true,\"valueName\":\"search_term_string\"}}],\"inLanguage\":\"fr-FR\"},{\"@type\":\"Organization\",\"@id\":\"https:\\\/\\\/prod.tubesca-comabi.com\\\/fr\\\/#organization\",\"name\":\"Tubesca Comabi\",\"url\":\"https:\\\/\\\/prod.tubesca-comabi.com\\\/fr\\\/\",\"logo\":{\"@type\":\"ImageObject\",\"inLanguage\":\"fr-FR\",\"@id\":\"https:\\\/\\\/prod.tubesca-comabi.com\\\/fr\\\/#\\\/schema\\\/logo\\\/image\\\/\",\"url\":\"https:\\\/\\\/prod.tubesca-comabi.com\\\/wp-content\\\/uploads\\\/sites\\\/3\\\/2022\\\/12\\\/tubesca-comabi_logo_0.png\",\"contentUrl\":\"https:\\\/\\\/prod.tubesca-comabi.com\\\/wp-content\\\/uploads\\\/sites\\\/3\\\/2022\\\/12\\\/tubesca-comabi_logo_0.png\",\"width\":426,\"height\":54,\"caption\":\"Tubesca Comabi\"},\"image\":{\"@id\":\"https:\\\/\\\/prod.tubesca-comabi.com\\\/fr\\\/#\\\/schema\\\/logo\\\/image\\\/\"},\"sameAs\":[\"https:\\\/\\\/www.facebook.com\\\/tubescacomabi\\\/\",\"https:\\\/\\\/x.com\\\/tubesca_comabi\",\"https:\\\/\\\/www.youtube.com\\\/channel\\\/UCiiudWOV9mAvU9c7VkV4kmA\",\"https:\\\/\\\/www.linkedin.com\\\/company\\\/tubesca-comabi\",\"https:\\\/\\\/www.instagram.com\\\/tubesca.comabi\\\/\"]}]}<\/script>\n<!-- \/ Yoast SEO plugin. -->","yoast_head_json":{"title":"TUBESCA-COMABI ET FMS RINGUE DEPLOIENT LEUR SAVOIR-FAIRE POUR LA R\u00c9NOVATION D\u2019UN SITE EMBL\u00c9MATIQUE DE LA CAPITALE : LE PALAIS CHAILLOT - Tubesca Comabi","robots":{"index":"noindex","follow":"follow","max-snippet":"max-snippet:-1","max-image-preview":"max-image-preview:large","max-video-preview":"max-video-preview:-1"},"og_locale":"fr_FR","og_type":"article","og_title":"TUBESCA-COMABI ET FMS RINGUE DEPLOIENT LEUR SAVOIR-FAIRE POUR LA R\u00c9NOVATION D\u2019UN SITE EMBL\u00c9MATIQUE DE LA CAPITALE : LE PALAIS CHAILLOT - Tubesca Comabi","og_description":"Depuis le mois de mai, le Palais Chaillot se mue en Dame de fer \u00e0 l\u2019instar de sa voisine la tour Eiffel. Depuis sa construction en 1937 ce monument, imagin\u00e9 pour l\u2019exposition universelle, n\u2019a fait l\u2019objet d\u2019aucune r\u00e9novation. Des probl\u00e9matiques d\u2019\u00e9tanch\u00e9it\u00e9 des sols sont apparues impliquant d\u2019engager une restauration. TUBESCACOMABI, leader fran\u00e7ais dans la fabrication [&hellip;]","og_url":"https:\/\/prod.tubesca-comabi.com\/fr\/tubesca-comabi-et-fms-ringue-deploient-leur-savoir-faire-pour-la-renovation-dun-site-emblematique-de-la-capitale-le-palais-chaillot\/","og_site_name":"Tubesca Comabi","article_publisher":"https:\/\/www.facebook.com\/tubescacomabi\/","article_modified_time":"2023-04-18T08:05:18+00:00","og_image":[{"url":"https:\/\/prod.tubesca-comabi.com\/wp-content\/uploads\/sites\/3\/2023\/04\/4-CP_TubescaComabi_FMSRINGUE_PalaisChaillot-vf.jpg","type":"","width":"","height":""}],"twitter_card":"summary_large_image","twitter_site":"@tubesca_comabi","twitter_misc":{"Dur\u00e9e de lecture estim\u00e9e":"4 minutes"},"schema":{"@context":"https:\/\/schema.org","@graph":[{"@type":"WebPage","@id":"https:\/\/prod.tubesca-comabi.com\/fr\/tubesca-comabi-et-fms-ringue-deploient-leur-savoir-faire-pour-la-renovation-dun-site-emblematique-de-la-capitale-le-palais-chaillot\/","url":"https:\/\/prod.tubesca-comabi.com\/fr\/tubesca-comabi-et-fms-ringue-deploient-leur-savoir-faire-pour-la-renovation-dun-site-emblematique-de-la-capitale-le-palais-chaillot\/","name":"TUBESCA-COMABI ET FMS RINGUE DEPLOIENT LEUR SAVOIR-FAIRE POUR LA R\u00c9NOVATION D\u2019UN SITE EMBL\u00c9MATIQUE DE LA CAPITALE : LE PALAIS CHAILLOT - Tubesca Comabi","isPartOf":{"@id":"https:\/\/prod.tubesca-comabi.com\/fr\/#website"},"primaryImageOfPage":{"@id":"https:\/\/prod.tubesca-comabi.com\/fr\/tubesca-comabi-et-fms-ringue-deploient-leur-savoir-faire-pour-la-renovation-dun-site-emblematique-de-la-capitale-le-palais-chaillot\/#primaryimage"},"image":{"@id":"https:\/\/prod.tubesca-comabi.com\/fr\/tubesca-comabi-et-fms-ringue-deploient-leur-savoir-faire-pour-la-renovation-dun-site-emblematique-de-la-capitale-le-palais-chaillot\/#primaryimage"},"thumbnailUrl":"https:\/\/prod.tubesca-comabi.com\/wp-content\/uploads\/sites\/3\/2023\/04\/4-CP_TubescaComabi_FMSRINGUE_PalaisChaillot-vf.jpg","datePublished":"2023-04-14T11:54:56+00:00","dateModified":"2023-04-18T08:05:18+00:00","breadcrumb":{"@id":"https:\/\/prod.tubesca-comabi.com\/fr\/tubesca-comabi-et-fms-ringue-deploient-leur-savoir-faire-pour-la-renovation-dun-site-emblematique-de-la-capitale-le-palais-chaillot\/#breadcrumb"},"inLanguage":"fr-FR","potentialAction":[{"@type":"ReadAction","target":["https:\/\/prod.tubesca-comabi.com\/fr\/tubesca-comabi-et-fms-ringue-deploient-leur-savoir-faire-pour-la-renovation-dun-site-emblematique-de-la-capitale-le-palais-chaillot\/"]}]},{"@type":"ImageObject","inLanguage":"fr-FR","@id":"https:\/\/prod.tubesca-comabi.com\/fr\/tubesca-comabi-et-fms-ringue-deploient-leur-savoir-faire-pour-la-renovation-dun-site-emblematique-de-la-capitale-le-palais-chaillot\/#primaryimage","url":"https:\/\/prod.tubesca-comabi.com\/wp-content\/uploads\/sites\/3\/2023\/04\/4-CP_TubescaComabi_FMSRINGUE_PalaisChaillot-vf.jpg","contentUrl":"https:\/\/prod.tubesca-comabi.com\/wp-content\/uploads\/sites\/3\/2023\/04\/4-CP_TubescaComabi_FMSRINGUE_PalaisChaillot-vf.jpg"},{"@type":"BreadcrumbList","@id":"https:\/\/prod.tubesca-comabi.com\/fr\/tubesca-comabi-et-fms-ringue-deploient-leur-savoir-faire-pour-la-renovation-dun-site-emblematique-de-la-capitale-le-palais-chaillot\/#breadcrumb","itemListElement":[{"@type":"ListItem","position":1,"name":"Tubesca-Comabi","item":"https:\/\/prod.tubesca-comabi.com\/fr\/"},{"@type":"ListItem","position":2,"name":"TUBESCA-COMABI ET FMS RINGUE DEPLOIENT LEUR SAVOIR-FAIRE POUR LA R\u00c9NOVATION D\u2019UN SITE EMBL\u00c9MATIQUE DE LA CAPITALE : LE PALAIS CHAILLOT"}]},{"@type":"WebSite","@id":"https:\/\/prod.tubesca-comabi.com\/fr\/#website","url":"https:\/\/prod.tubesca-comabi.com\/fr\/","name":"Tubesca Comabi","description":"Une entreprise du groupe Fr\u00e9n\u00e9hard &amp; Michaux","publisher":{"@id":"https:\/\/prod.tubesca-comabi.com\/fr\/#organization"},"potentialAction":[{"@type":"SearchAction","target":{"@type":"EntryPoint","urlTemplate":"https:\/\/prod.tubesca-comabi.com\/fr\/?s={search_term_string}"},"query-input":{"@type":"PropertyValueSpecification","valueRequired":true,"valueName":"search_term_string"}}],"inLanguage":"fr-FR"},{"@type":"Organization","@id":"https:\/\/prod.tubesca-comabi.com\/fr\/#organization","name":"Tubesca Comabi","url":"https:\/\/prod.tubesca-comabi.com\/fr\/","logo":{"@type":"ImageObject","inLanguage":"fr-FR","@id":"https:\/\/prod.tubesca-comabi.com\/fr\/#\/schema\/logo\/image\/","url":"https:\/\/prod.tubesca-comabi.com\/wp-content\/uploads\/sites\/3\/2022\/12\/tubesca-comabi_logo_0.png","contentUrl":"https:\/\/prod.tubesca-comabi.com\/wp-content\/uploads\/sites\/3\/2022\/12\/tubesca-comabi_logo_0.png","width":426,"height":54,"caption":"Tubesca Comabi"},"image":{"@id":"https:\/\/prod.tubesca-comabi.com\/fr\/#\/schema\/logo\/image\/"},"sameAs":["https:\/\/www.facebook.com\/tubescacomabi\/","https:\/\/x.com\/tubesca_comabi","https:\/\/www.youtube.com\/channel\/UCiiudWOV9mAvU9c7VkV4kmA","https:\/\/www.linkedin.com\/company\/tubesca-comabi","https:\/\/www.instagram.com\/tubesca.comabi\/"]}]}},"_links":{"self":[{"href":"https:\/\/prod.tubesca-comabi.com\/fr\/wp-json\/wp\/v2\/pages\/18200","targetHints":{"allow":["GET"]}}],"collection":[{"href":"https:\/\/prod.tubesca-comabi.com\/fr\/wp-json\/wp\/v2\/pages"}],"about":[{"href":"https:\/\/prod.tubesca-comabi.com\/fr\/wp-json\/wp\/v2\/types\/page"}],"author":[{"embeddable":true,"href":"https:\/\/prod.tubesca-comabi.com\/fr\/wp-json\/wp\/v2\/users\/8"}],"replies":[{"embeddable":true,"href":"https:\/\/prod.tubesca-comabi.com\/fr\/wp-json\/wp\/v2\/comments?post=18200"}],"version-history":[{"count":4,"href":"https:\/\/prod.tubesca-comabi.com\/fr\/wp-json\/wp\/v2\/pages\/18200\/revisions"}],"predecessor-version":[{"id":18587,"href":"https:\/\/prod.tubesca-comabi.com\/fr\/wp-json\/wp\/v2\/pages\/18200\/revisions\/18587"}],"wp:attachment":[{"href":"https:\/\/prod.tubesca-comabi.com\/fr\/wp-json\/wp\/v2\/media?parent=18200"}],"curies":[{"name":"wp","href":"https:\/\/api.w.org\/{rel}","templated":true}]}}