{"id":18183,"date":"2023-04-14T13:46:28","date_gmt":"2023-04-14T11:46:28","guid":{"rendered":"https:\/\/prod.tubesca-comabi.com\/?page_id=18183"},"modified":"2023-04-26T15:39:42","modified_gmt":"2023-04-26T13:39:42","slug":"restauration-de-la-fleche-de-la-cathedrale-de-rouen-tubesca-comabi-entame-la-quatrieme-phase-de-travaux","status":"publish","type":"page","link":"https:\/\/prod.tubesca-comabi.com\/fr\/restauration-de-la-fleche-de-la-cathedrale-de-rouen-tubesca-comabi-entame-la-quatrieme-phase-de-travaux\/","title":{"rendered":"Restauration de la fl\u00e8che de la cath\u00e9drale de Rouen : TUBESCA-COMABI entame la quatri\u00e8me phase de travaux"},"content":{"rendered":"\n<p><strong>La restauration de la fl\u00e8che de la cath\u00e9drale de Rouen se poursuit \u00e0 un rythme soutenu. Dans le cadre de ce chantier prestigieux et technique qui pr\u00e9voit depuis d\u00e9but 2016, l\u2019installation d\u2019une solution d\u2019\u00e9chafaudage sur la fl\u00e8che de la cath\u00e9drale de Rouen pour permettre sa r\u00e9novation, Tubesca-Comabi, leader fran\u00e7ais dans la fabrication et la commercialisation de solutions d\u2019acc\u00e8s et de travail en hauteur, commence la quatri\u00e8me phase sur les sept initialement pr\u00e9vues. Alors que les trois premi\u00e8res \u00e9tapes du chantier se sont achev\u00e9es, l\u2019\u00e9chafaudage qui culminait jusqu\u2019\u00e0 pr\u00e9sent \u00e0 85 m\u00e8tres pourra atteindre 102 m\u00e8tres de hauteur.<\/strong><\/p>\n\n\n\n<h2 class=\"wp-block-heading\" id=\"la-phase-numero-4-du-chantier-est-lancee\">La phase num\u00e9ro 4 du chantier est lanc\u00e9e<\/h2>\n\n\n\n<div class=\"wp-block-columns is-layout-flex wp-container-core-columns-is-layout-9d6595d7 wp-block-columns-is-layout-flex\">\n<div class=\"wp-block-column is-layout-flow wp-block-column-is-layout-flow\">\n<figure class=\"wp-block-image size-full\"><a href=\"https:\/\/prod.tubesca-comabi.com\/wp-content\/uploads\/sites\/3\/2023\/04\/5_CP_4ephase_Restauration_FlechedelacathedraledeRouen_TUBESCACOMABI.jpg\"><img loading=\"lazy\" decoding=\"async\" width=\"523\" height=\"596\" src=\"https:\/\/prod.tubesca-comabi.com\/wp-content\/uploads\/sites\/3\/2023\/04\/5_CP_4ephase_Restauration_FlechedelacathedraledeRouen_TUBESCACOMABI.jpg\" alt=\"\" class=\"wp-image-18184\" srcset=\"https:\/\/prod.tubesca-comabi.com\/wp-content\/uploads\/sites\/3\/2023\/04\/5_CP_4ephase_Restauration_FlechedelacathedraledeRouen_TUBESCACOMABI.jpg 523w, https:\/\/prod.tubesca-comabi.com\/wp-content\/uploads\/sites\/3\/2023\/04\/5_CP_4ephase_Restauration_FlechedelacathedraledeRouen_TUBESCACOMABI-263x300.jpg 263w\" sizes=\"auto, (max-width: 523px) 100vw, 523px\" \/><\/a><\/figure>\n<\/div>\n\n\n\n<div class=\"wp-block-column is-layout-flow wp-block-column-is-layout-flow\">\n<p>Ce chantier est un v\u00e9ritable challenge pour les \u00e9quipes pr\u00e9sentes sur place et qui s\u2019att\u00e8lent au plus haut monument historique class\u00e9 de France.<br>Dans le cadre de cette nouvelle \u00e9tape,<strong> l\u2019ascenseur<\/strong>, donnant acc\u00e8s \u00e0 l\u2019\u00e9chafaudage et mis en service jusqu\u2019\u00e0 aujourd\u2019hui \u00e0 65 m\u00e8tres, <strong>permettra d\u00e9sormais de monter \u00e0 85 m\u00e8tres<\/strong>. Il est \u00e9galement pr\u00e9vu de <strong>d\u00e9poser l\u2019\u00e9chafaudage de la phase 3 pour faire le montage simultan\u00e9 de la phase 4, en passant ainsi de 85 m\u00e8tres \u00e0 102 m\u00e8tres<\/strong>. Par ailleurs, comme \u00e0 l\u2019ext\u00e9rieur, l\u2019\u00e9chafaudage sera \u00e9galement implant\u00e9 \u00e0 l\u2019int\u00e9rieur \u00e0 85 m\u00e8tres.<br>Comme pr\u00e9vu depuis le d\u00e9but des travaux, l\u2019\u00e9chafaudage a \u00e9t\u00e9 recouvert d\u2019une b\u00e2che thermoform\u00e9e dans l\u2019objectif de prot\u00e9ger les plombages et permettre de travailler en toute s\u00e9curit\u00e9 pendant les intemp\u00e9ries. Une vraie prouesse technique, cet habillage devient n\u00e9cessaire surtout \u00e0 une telle altitude et dans une r\u00e9gion comme la Normandie.<\/p>\n<\/div>\n<\/div>\n\n\n\n<h2 class=\"wp-block-heading\" id=\"retour-sur-ce-chantier-d-envergure-et-sur-les-solutions-techniques-et-sur-mesure-de-tubesca-comabi\">Retour sur ce chantier d\u2019envergure et sur les solutions techniques et sur-mesure de Tubesca-Comabi<\/h2>\n\n\n\n<div class=\"wp-block-columns is-layout-flex wp-container-core-columns-is-layout-9d6595d7 wp-block-columns-is-layout-flex\">\n<div class=\"wp-block-column is-layout-flow wp-block-column-is-layout-flow\">\n<p>Monument embl\u00e9matique du patrimoine fran\u00e7ais, la Cath\u00e9drale de Rouen fait l\u2019objet de travaux de restauration depuis 2015 sur l\u2019initiative de la DRAC de Haute- Normandie. Depuis 2016, les travaux se concentrent sur la fl\u00e8che de l\u2019\u00e9difice dans l\u2019objectif de r\u00e9nover les deux mat\u00e9riaux qui la composent : l\u2019acier Corten\u00ae et la fonte.<br>Pour rappel en 2016, TUBESCA-COMABI et Lanfry, entreprise de pierre de taille, ont r\u00e9pondu en groupement conjoint et solidaire et ont \u00e9t\u00e9 retenues, pour la conception et l\u2019installation d\u2019un \u00e9chafaudage de pied suspendu, en raison de leur expertise technique des monuments historiques et des chantiers hors norme.<\/p>\n<\/div>\n\n\n\n<div class=\"wp-block-column is-layout-flow wp-block-column-is-layout-flow\">\n<figure class=\"wp-block-image size-full\"><a href=\"https:\/\/prod.tubesca-comabi.com\/wp-content\/uploads\/sites\/3\/2023\/04\/5_CP_4ephase_Restauration_FlechedelacathedraledeRouen_TUBESCACOMABI-1.jpg\"><img loading=\"lazy\" decoding=\"async\" width=\"521\" height=\"440\" src=\"https:\/\/prod.tubesca-comabi.com\/wp-content\/uploads\/sites\/3\/2023\/04\/5_CP_4ephase_Restauration_FlechedelacathedraledeRouen_TUBESCACOMABI-1.jpg\" alt=\"\" class=\"wp-image-18189\" srcset=\"https:\/\/prod.tubesca-comabi.com\/wp-content\/uploads\/sites\/3\/2023\/04\/5_CP_4ephase_Restauration_FlechedelacathedraledeRouen_TUBESCACOMABI-1.jpg 521w, https:\/\/prod.tubesca-comabi.com\/wp-content\/uploads\/sites\/3\/2023\/04\/5_CP_4ephase_Restauration_FlechedelacathedraledeRouen_TUBESCACOMABI-1-300x253.jpg 300w\" sizes=\"auto, (max-width: 521px) 100vw, 521px\" \/><\/a><\/figure>\n<\/div>\n<\/div>\n\n\n\n<div class=\"wp-block-columns is-layout-flex wp-container-core-columns-is-layout-9d6595d7 wp-block-columns-is-layout-flex\">\n<div class=\"wp-block-column is-layout-flow wp-block-column-is-layout-flow\">\n<p>Pour la restauration de ce site atypique, \u00e0 l\u2019architecture complexe et asym\u00e9trique, la solution d\u2019\u00e9chafaudage retenue par TUBESCA-COMABI est le multidirectionnel M368 (en 8 positions). Il s\u2019agit d\u2019un produit 100 % standard qui permet de r\u00e9pondre aux contraintes des formes g\u00e9om\u00e9triques et architecturales du b\u00e2timent. <strong>Cependant, la solution d\u2019assemblage sur-mesure fait toute la sp\u00e9cificit\u00e9, la technicit\u00e9 et la particularit\u00e9 de ce chantier.<\/strong><\/p>\n<\/div>\n\n\n\n<div class=\"wp-block-column is-layout-flow wp-block-column-is-layout-flow\">\n<p><strong>Focus sur le multidirectionnel M368 de la fl\u00e8che de la cath\u00e9drale de Rouen :<\/strong><\/p>\n\n\n\n<ul class=\"is-style-mycms-bullets-orange wp-block-list\"><li>\u00e9chafaudage sur-mesure culminant \u00e0 152 m\u00e8tres de haut (toutes phases cumul\u00e9es).<\/li><li>Con\u00e7u pour supporter 500kg\/m2 avec une charge mobile d\u20191,5 tonnes ;<\/li><li>une r\u00e9sistance de 600kg\/m2 sur les planchers.<\/li><\/ul>\n<\/div>\n<\/div>\n\n\n\n<div class=\"wp-block-buttons is-layout-flex wp-block-buttons-is-layout-flex\">\n<div class=\"wp-block-button\"><a class=\"wp-block-button__link\" href=\"http:\/\/prod.tubesca-comabi.com\/wp-content\/uploads\/sites\/3\/2023\/04\/5_CP_4ephase_Restauration_FlechedelacathedraledeRouen_TUBESCACOMABI.pdf\" target=\"_blank\" rel=\"noreferrer noopener\">t\u00e9l\u00e9chargez le cp en pdf<\/a><\/div>\n<\/div>\n","protected":false},"excerpt":{"rendered":"<p>La restauration de la fl\u00e8che de la cath\u00e9drale de Rouen se poursuit \u00e0 un rythme soutenu. Dans le cadre de ce chantier prestigieux et technique qui pr\u00e9voit depuis d\u00e9but 2016, l\u2019installation d\u2019une solution d\u2019\u00e9chafaudage sur la fl\u00e8che de la cath\u00e9drale de Rouen pour permettre sa r\u00e9novation, Tubesca-Comabi, leader fran\u00e7ais dans la fabrication et la commercialisation [&hellip;]<\/p>\n","protected":false},"author":8,"featured_media":0,"parent":0,"menu_order":0,"comment_status":"closed","ping_status":"closed","template":"","meta":{"_acf_changed":false,"ep_exclude_from_search":false,"footnotes":""},"class_list":["post-18183","page","type-page","status-publish","hentry"],"acf":[],"yoast_head":"<!-- This site is optimized with the Yoast SEO plugin v27.4 - https:\/\/yoast.com\/product\/yoast-seo-wordpress\/ -->\n<title>Restauration de la fl\u00e8che de la cath\u00e9drale de Rouen : TUBESCA-COMABI entame la quatri\u00e8me phase de travaux - Tubesca Comabi<\/title>\n<meta name=\"robots\" content=\"noindex, follow, max-snippet:-1, max-image-preview:large, max-video-preview:-1\" \/>\n<meta property=\"og:locale\" content=\"fr_FR\" \/>\n<meta property=\"og:type\" content=\"article\" \/>\n<meta property=\"og:title\" content=\"Restauration de la fl\u00e8che de la cath\u00e9drale de Rouen : TUBESCA-COMABI entame la quatri\u00e8me phase de travaux - Tubesca Comabi\" \/>\n<meta property=\"og:description\" content=\"La restauration de la fl\u00e8che de la cath\u00e9drale de Rouen se poursuit \u00e0 un rythme soutenu. Dans le cadre de ce chantier prestigieux et technique qui pr\u00e9voit depuis d\u00e9but 2016, l\u2019installation d\u2019une solution d\u2019\u00e9chafaudage sur la fl\u00e8che de la cath\u00e9drale de Rouen pour permettre sa r\u00e9novation, Tubesca-Comabi, leader fran\u00e7ais dans la fabrication et la commercialisation [&hellip;]\" \/>\n<meta property=\"og:url\" content=\"https:\/\/prod.tubesca-comabi.com\/fr\/restauration-de-la-fleche-de-la-cathedrale-de-rouen-tubesca-comabi-entame-la-quatrieme-phase-de-travaux\/\" \/>\n<meta property=\"og:site_name\" content=\"Tubesca Comabi\" \/>\n<meta property=\"article:publisher\" content=\"https:\/\/www.facebook.com\/tubescacomabi\/\" \/>\n<meta property=\"article:modified_time\" content=\"2023-04-26T13:39:42+00:00\" \/>\n<meta property=\"og:image\" content=\"https:\/\/prod.tubesca-comabi.com\/wp-content\/uploads\/sites\/3\/2023\/04\/5_CP_4ephase_Restauration_FlechedelacathedraledeRouen_TUBESCACOMABI.jpg\" \/>\n<meta name=\"twitter:card\" content=\"summary_large_image\" \/>\n<meta name=\"twitter:site\" content=\"@tubesca_comabi\" \/>\n<meta name=\"twitter:label1\" content=\"Dur\u00e9e de lecture estim\u00e9e\" \/>\n\t<meta name=\"twitter:data1\" content=\"3 minutes\" \/>\n<script type=\"application\/ld+json\" class=\"yoast-schema-graph\">{\"@context\":\"https:\\\/\\\/schema.org\",\"@graph\":[{\"@type\":\"WebPage\",\"@id\":\"https:\\\/\\\/prod.tubesca-comabi.com\\\/fr\\\/restauration-de-la-fleche-de-la-cathedrale-de-rouen-tubesca-comabi-entame-la-quatrieme-phase-de-travaux\\\/\",\"url\":\"https:\\\/\\\/prod.tubesca-comabi.com\\\/fr\\\/restauration-de-la-fleche-de-la-cathedrale-de-rouen-tubesca-comabi-entame-la-quatrieme-phase-de-travaux\\\/\",\"name\":\"Restauration de la fl\u00e8che de la cath\u00e9drale de Rouen : TUBESCA-COMABI entame la quatri\u00e8me phase de travaux - Tubesca Comabi\",\"isPartOf\":{\"@id\":\"https:\\\/\\\/prod.tubesca-comabi.com\\\/fr\\\/#website\"},\"primaryImageOfPage\":{\"@id\":\"https:\\\/\\\/prod.tubesca-comabi.com\\\/fr\\\/restauration-de-la-fleche-de-la-cathedrale-de-rouen-tubesca-comabi-entame-la-quatrieme-phase-de-travaux\\\/#primaryimage\"},\"image\":{\"@id\":\"https:\\\/\\\/prod.tubesca-comabi.com\\\/fr\\\/restauration-de-la-fleche-de-la-cathedrale-de-rouen-tubesca-comabi-entame-la-quatrieme-phase-de-travaux\\\/#primaryimage\"},\"thumbnailUrl\":\"https:\\\/\\\/prod.tubesca-comabi.com\\\/wp-content\\\/uploads\\\/sites\\\/3\\\/2023\\\/04\\\/5_CP_4ephase_Restauration_FlechedelacathedraledeRouen_TUBESCACOMABI.jpg\",\"datePublished\":\"2023-04-14T11:46:28+00:00\",\"dateModified\":\"2023-04-26T13:39:42+00:00\",\"breadcrumb\":{\"@id\":\"https:\\\/\\\/prod.tubesca-comabi.com\\\/fr\\\/restauration-de-la-fleche-de-la-cathedrale-de-rouen-tubesca-comabi-entame-la-quatrieme-phase-de-travaux\\\/#breadcrumb\"},\"inLanguage\":\"fr-FR\",\"potentialAction\":[{\"@type\":\"ReadAction\",\"target\":[\"https:\\\/\\\/prod.tubesca-comabi.com\\\/fr\\\/restauration-de-la-fleche-de-la-cathedrale-de-rouen-tubesca-comabi-entame-la-quatrieme-phase-de-travaux\\\/\"]}]},{\"@type\":\"ImageObject\",\"inLanguage\":\"fr-FR\",\"@id\":\"https:\\\/\\\/prod.tubesca-comabi.com\\\/fr\\\/restauration-de-la-fleche-de-la-cathedrale-de-rouen-tubesca-comabi-entame-la-quatrieme-phase-de-travaux\\\/#primaryimage\",\"url\":\"https:\\\/\\\/prod.tubesca-comabi.com\\\/wp-content\\\/uploads\\\/sites\\\/3\\\/2023\\\/04\\\/5_CP_4ephase_Restauration_FlechedelacathedraledeRouen_TUBESCACOMABI.jpg\",\"contentUrl\":\"https:\\\/\\\/prod.tubesca-comabi.com\\\/wp-content\\\/uploads\\\/sites\\\/3\\\/2023\\\/04\\\/5_CP_4ephase_Restauration_FlechedelacathedraledeRouen_TUBESCACOMABI.jpg\"},{\"@type\":\"BreadcrumbList\",\"@id\":\"https:\\\/\\\/prod.tubesca-comabi.com\\\/fr\\\/restauration-de-la-fleche-de-la-cathedrale-de-rouen-tubesca-comabi-entame-la-quatrieme-phase-de-travaux\\\/#breadcrumb\",\"itemListElement\":[{\"@type\":\"ListItem\",\"position\":1,\"name\":\"Tubesca-Comabi\",\"item\":\"https:\\\/\\\/prod.tubesca-comabi.com\\\/fr\\\/\"},{\"@type\":\"ListItem\",\"position\":2,\"name\":\"Restauration de la fl\u00e8che de la cath\u00e9drale de Rouen : TUBESCA-COMABI entame la quatri\u00e8me phase de travaux\"}]},{\"@type\":\"WebSite\",\"@id\":\"https:\\\/\\\/prod.tubesca-comabi.com\\\/fr\\\/#website\",\"url\":\"https:\\\/\\\/prod.tubesca-comabi.com\\\/fr\\\/\",\"name\":\"Tubesca Comabi\",\"description\":\"Une entreprise du groupe Fr\u00e9n\u00e9hard &amp; Michaux\",\"publisher\":{\"@id\":\"https:\\\/\\\/prod.tubesca-comabi.com\\\/fr\\\/#organization\"},\"potentialAction\":[{\"@type\":\"SearchAction\",\"target\":{\"@type\":\"EntryPoint\",\"urlTemplate\":\"https:\\\/\\\/prod.tubesca-comabi.com\\\/fr\\\/?s={search_term_string}\"},\"query-input\":{\"@type\":\"PropertyValueSpecification\",\"valueRequired\":true,\"valueName\":\"search_term_string\"}}],\"inLanguage\":\"fr-FR\"},{\"@type\":\"Organization\",\"@id\":\"https:\\\/\\\/prod.tubesca-comabi.com\\\/fr\\\/#organization\",\"name\":\"Tubesca Comabi\",\"url\":\"https:\\\/\\\/prod.tubesca-comabi.com\\\/fr\\\/\",\"logo\":{\"@type\":\"ImageObject\",\"inLanguage\":\"fr-FR\",\"@id\":\"https:\\\/\\\/prod.tubesca-comabi.com\\\/fr\\\/#\\\/schema\\\/logo\\\/image\\\/\",\"url\":\"https:\\\/\\\/prod.tubesca-comabi.com\\\/wp-content\\\/uploads\\\/sites\\\/3\\\/2022\\\/12\\\/tubesca-comabi_logo_0.png\",\"contentUrl\":\"https:\\\/\\\/prod.tubesca-comabi.com\\\/wp-content\\\/uploads\\\/sites\\\/3\\\/2022\\\/12\\\/tubesca-comabi_logo_0.png\",\"width\":426,\"height\":54,\"caption\":\"Tubesca Comabi\"},\"image\":{\"@id\":\"https:\\\/\\\/prod.tubesca-comabi.com\\\/fr\\\/#\\\/schema\\\/logo\\\/image\\\/\"},\"sameAs\":[\"https:\\\/\\\/www.facebook.com\\\/tubescacomabi\\\/\",\"https:\\\/\\\/x.com\\\/tubesca_comabi\",\"https:\\\/\\\/www.youtube.com\\\/channel\\\/UCiiudWOV9mAvU9c7VkV4kmA\",\"https:\\\/\\\/www.linkedin.com\\\/company\\\/tubesca-comabi\",\"https:\\\/\\\/www.instagram.com\\\/tubesca.comabi\\\/\"]}]}<\/script>\n<!-- \/ Yoast SEO plugin. -->","yoast_head_json":{"title":"Restauration de la fl\u00e8che de la cath\u00e9drale de Rouen : TUBESCA-COMABI entame la quatri\u00e8me phase de travaux - Tubesca Comabi","robots":{"index":"noindex","follow":"follow","max-snippet":"max-snippet:-1","max-image-preview":"max-image-preview:large","max-video-preview":"max-video-preview:-1"},"og_locale":"fr_FR","og_type":"article","og_title":"Restauration de la fl\u00e8che de la cath\u00e9drale de Rouen : TUBESCA-COMABI entame la quatri\u00e8me phase de travaux - Tubesca Comabi","og_description":"La restauration de la fl\u00e8che de la cath\u00e9drale de Rouen se poursuit \u00e0 un rythme soutenu. Dans le cadre de ce chantier prestigieux et technique qui pr\u00e9voit depuis d\u00e9but 2016, l\u2019installation d\u2019une solution d\u2019\u00e9chafaudage sur la fl\u00e8che de la cath\u00e9drale de Rouen pour permettre sa r\u00e9novation, Tubesca-Comabi, leader fran\u00e7ais dans la fabrication et la commercialisation [&hellip;]","og_url":"https:\/\/prod.tubesca-comabi.com\/fr\/restauration-de-la-fleche-de-la-cathedrale-de-rouen-tubesca-comabi-entame-la-quatrieme-phase-de-travaux\/","og_site_name":"Tubesca Comabi","article_publisher":"https:\/\/www.facebook.com\/tubescacomabi\/","article_modified_time":"2023-04-26T13:39:42+00:00","og_image":[{"url":"https:\/\/prod.tubesca-comabi.com\/wp-content\/uploads\/sites\/3\/2023\/04\/5_CP_4ephase_Restauration_FlechedelacathedraledeRouen_TUBESCACOMABI.jpg","type":"","width":"","height":""}],"twitter_card":"summary_large_image","twitter_site":"@tubesca_comabi","twitter_misc":{"Dur\u00e9e de lecture estim\u00e9e":"3 minutes"},"schema":{"@context":"https:\/\/schema.org","@graph":[{"@type":"WebPage","@id":"https:\/\/prod.tubesca-comabi.com\/fr\/restauration-de-la-fleche-de-la-cathedrale-de-rouen-tubesca-comabi-entame-la-quatrieme-phase-de-travaux\/","url":"https:\/\/prod.tubesca-comabi.com\/fr\/restauration-de-la-fleche-de-la-cathedrale-de-rouen-tubesca-comabi-entame-la-quatrieme-phase-de-travaux\/","name":"Restauration de la fl\u00e8che de la cath\u00e9drale de Rouen : TUBESCA-COMABI entame la quatri\u00e8me phase de travaux - Tubesca Comabi","isPartOf":{"@id":"https:\/\/prod.tubesca-comabi.com\/fr\/#website"},"primaryImageOfPage":{"@id":"https:\/\/prod.tubesca-comabi.com\/fr\/restauration-de-la-fleche-de-la-cathedrale-de-rouen-tubesca-comabi-entame-la-quatrieme-phase-de-travaux\/#primaryimage"},"image":{"@id":"https:\/\/prod.tubesca-comabi.com\/fr\/restauration-de-la-fleche-de-la-cathedrale-de-rouen-tubesca-comabi-entame-la-quatrieme-phase-de-travaux\/#primaryimage"},"thumbnailUrl":"https:\/\/prod.tubesca-comabi.com\/wp-content\/uploads\/sites\/3\/2023\/04\/5_CP_4ephase_Restauration_FlechedelacathedraledeRouen_TUBESCACOMABI.jpg","datePublished":"2023-04-14T11:46:28+00:00","dateModified":"2023-04-26T13:39:42+00:00","breadcrumb":{"@id":"https:\/\/prod.tubesca-comabi.com\/fr\/restauration-de-la-fleche-de-la-cathedrale-de-rouen-tubesca-comabi-entame-la-quatrieme-phase-de-travaux\/#breadcrumb"},"inLanguage":"fr-FR","potentialAction":[{"@type":"ReadAction","target":["https:\/\/prod.tubesca-comabi.com\/fr\/restauration-de-la-fleche-de-la-cathedrale-de-rouen-tubesca-comabi-entame-la-quatrieme-phase-de-travaux\/"]}]},{"@type":"ImageObject","inLanguage":"fr-FR","@id":"https:\/\/prod.tubesca-comabi.com\/fr\/restauration-de-la-fleche-de-la-cathedrale-de-rouen-tubesca-comabi-entame-la-quatrieme-phase-de-travaux\/#primaryimage","url":"https:\/\/prod.tubesca-comabi.com\/wp-content\/uploads\/sites\/3\/2023\/04\/5_CP_4ephase_Restauration_FlechedelacathedraledeRouen_TUBESCACOMABI.jpg","contentUrl":"https:\/\/prod.tubesca-comabi.com\/wp-content\/uploads\/sites\/3\/2023\/04\/5_CP_4ephase_Restauration_FlechedelacathedraledeRouen_TUBESCACOMABI.jpg"},{"@type":"BreadcrumbList","@id":"https:\/\/prod.tubesca-comabi.com\/fr\/restauration-de-la-fleche-de-la-cathedrale-de-rouen-tubesca-comabi-entame-la-quatrieme-phase-de-travaux\/#breadcrumb","itemListElement":[{"@type":"ListItem","position":1,"name":"Tubesca-Comabi","item":"https:\/\/prod.tubesca-comabi.com\/fr\/"},{"@type":"ListItem","position":2,"name":"Restauration de la fl\u00e8che de la cath\u00e9drale de Rouen : TUBESCA-COMABI entame la quatri\u00e8me phase de travaux"}]},{"@type":"WebSite","@id":"https:\/\/prod.tubesca-comabi.com\/fr\/#website","url":"https:\/\/prod.tubesca-comabi.com\/fr\/","name":"Tubesca Comabi","description":"Une entreprise du groupe Fr\u00e9n\u00e9hard &amp; Michaux","publisher":{"@id":"https:\/\/prod.tubesca-comabi.com\/fr\/#organization"},"potentialAction":[{"@type":"SearchAction","target":{"@type":"EntryPoint","urlTemplate":"https:\/\/prod.tubesca-comabi.com\/fr\/?s={search_term_string}"},"query-input":{"@type":"PropertyValueSpecification","valueRequired":true,"valueName":"search_term_string"}}],"inLanguage":"fr-FR"},{"@type":"Organization","@id":"https:\/\/prod.tubesca-comabi.com\/fr\/#organization","name":"Tubesca Comabi","url":"https:\/\/prod.tubesca-comabi.com\/fr\/","logo":{"@type":"ImageObject","inLanguage":"fr-FR","@id":"https:\/\/prod.tubesca-comabi.com\/fr\/#\/schema\/logo\/image\/","url":"https:\/\/prod.tubesca-comabi.com\/wp-content\/uploads\/sites\/3\/2022\/12\/tubesca-comabi_logo_0.png","contentUrl":"https:\/\/prod.tubesca-comabi.com\/wp-content\/uploads\/sites\/3\/2022\/12\/tubesca-comabi_logo_0.png","width":426,"height":54,"caption":"Tubesca Comabi"},"image":{"@id":"https:\/\/prod.tubesca-comabi.com\/fr\/#\/schema\/logo\/image\/"},"sameAs":["https:\/\/www.facebook.com\/tubescacomabi\/","https:\/\/x.com\/tubesca_comabi","https:\/\/www.youtube.com\/channel\/UCiiudWOV9mAvU9c7VkV4kmA","https:\/\/www.linkedin.com\/company\/tubesca-comabi","https:\/\/www.instagram.com\/tubesca.comabi\/"]}]}},"_links":{"self":[{"href":"https:\/\/prod.tubesca-comabi.com\/fr\/wp-json\/wp\/v2\/pages\/18183","targetHints":{"allow":["GET"]}}],"collection":[{"href":"https:\/\/prod.tubesca-comabi.com\/fr\/wp-json\/wp\/v2\/pages"}],"about":[{"href":"https:\/\/prod.tubesca-comabi.com\/fr\/wp-json\/wp\/v2\/types\/page"}],"author":[{"embeddable":true,"href":"https:\/\/prod.tubesca-comabi.com\/fr\/wp-json\/wp\/v2\/users\/8"}],"replies":[{"embeddable":true,"href":"https:\/\/prod.tubesca-comabi.com\/fr\/wp-json\/wp\/v2\/comments?post=18183"}],"version-history":[{"count":8,"href":"https:\/\/prod.tubesca-comabi.com\/fr\/wp-json\/wp\/v2\/pages\/18183\/revisions"}],"predecessor-version":[{"id":19092,"href":"https:\/\/prod.tubesca-comabi.com\/fr\/wp-json\/wp\/v2\/pages\/18183\/revisions\/19092"}],"wp:attachment":[{"href":"https:\/\/prod.tubesca-comabi.com\/fr\/wp-json\/wp\/v2\/media?parent=18183"}],"curies":[{"name":"wp","href":"https:\/\/api.w.org\/{rel}","templated":true}]}}