{"id":18094,"date":"2023-04-14T13:23:28","date_gmt":"2023-04-14T11:23:28","guid":{"rendered":"https:\/\/prod.tubesca-comabi.com\/?page_id=18094"},"modified":"2023-04-14T15:01:15","modified_gmt":"2023-04-14T13:01:15","slug":"tubesca-comabi-renouvelle-sa-certification-iso-9001-et-obtient-le-certificat-iso-14001","status":"publish","type":"page","link":"https:\/\/prod.tubesca-comabi.com\/fr\/tubesca-comabi-renouvelle-sa-certification-iso-9001-et-obtient-le-certificat-iso-14001\/","title":{"rendered":"TUBESCA-COMABI renouvelle sa certification ISO 9001 et obtient le certificat ISO 14001"},"content":{"rendered":"\n<p><strong>Tubesca-Comabi, leader fran\u00e7ais dans la fabrication et la commercialisation de solutions d\u2019acc\u00e8s et de travail en hauteur, vient de se voir attribuer officiellement deux nouveaux certificats internationaux de conformit\u00e9 selon les normes ISO.<\/strong><\/p>\n\n\n\n<p><br><strong>A l\u2019issue d\u2019un audit r\u00e9alis\u00e9 en d\u00e9cembre 2021 par l\u2019organisme T\u00dcV Rheinland, l\u2019entreprise a renouvel\u00e9 la certification ISO 9001 relative au syst\u00e8me de la gestion de la qualit\u00e9, qui renforce la d\u00e9marche dans laquelle Tubesca-Comabi est fortement engag\u00e9e depuis plus de 20 ans, et obtient pour la toute premi\u00e8re fois le certificat ISO 14001 sur son site industriel situ\u00e9 \u00e0 Ailly-sur- Noye (80).<\/strong><\/p>\n\n\n\n<h2 class=\"wp-block-heading\" id=\"qualite-securite-environnement-au-coeur-de-la-strategie-de-management-de-tubesca-comabi\">Qualit\u00e9 S\u00e9curit\u00e9 Environnement au coeur de la strat\u00e9gie de management de Tubesca-Comabi<\/h2>\n\n\n\n<p>La d\u00e9marche Qualit\u00e9 S\u00e9curit\u00e9 Environnement de Tubesca-Comabi s\u2019inscrit dans les r\u00e9f\u00e9rentiels des normes ISO 9001 et ISO 14001, et s\u2019appuie sur l\u2019am\u00e9lioration continue des processus de l\u2019entreprise. Le but est de garantir des produits et des services de qualit\u00e9 et de d\u00e9velopper avec les collaborateurs un environnement de travail citoyen et responsable.<br>Son plan d\u2019actions s\u2019articule autour de 5 orientations majeures telles que la qualit\u00e9 per\u00e7ue par les clients, la performance et l\u2019excellence op\u00e9rationnelle, la croissance des activit\u00e9s, la responsabilit\u00e9 sociale et soci\u00e9tale de l\u2019entreprise et le d\u00e9veloppement du capital humain.<br>Depuis plus de 20 ans, Tubesca-Comabi est certifi\u00e9e ISO 9001. Cette norme r\u00e9gie avant tout le management de qualit\u00e9 au sens large puisqu\u2019elle vise \u00e0 r\u00e9pertorier l\u2019ensemble des processus de l\u2019entreprise pour cr\u00e9er une valeur ajout\u00e9e (produit ou service). Ainsi, les documents de l\u2019entreprise suivent la cha\u00eene de fabrication et permettent de livrer une conformit\u00e9 des produits et une capitalisation des savoir-faire de l\u2019entreprise en assurant sa tra\u00e7abilit\u00e9. Quant \u00e0 la s\u00e9curit\u00e9, Tubesca-Comabi prouve sa d\u00e9marche gr\u00e2ce \u00e0 la production et au respect d\u2019un document unique sur l\u2019ensemble de ses sites de production. Celui-ci \u00e9value les risques professionnels au sein de l\u2019entreprise et prend en compte la sant\u00e9 et la s\u00e9curit\u00e9 des salari\u00e9s qui y travaillent.<br>L\u2019obtention de la norme ISO 9001 atteste de la conformit\u00e9 et de l&#8217;efficacit\u00e9 du syst\u00e8me de management clients \u00e0 r\u00e9pondre aux exigences l\u00e9gales et r\u00e8glementaires. Elle t\u00e9moigne \u00e9galement de la motivation et de l\u2019implication de la direction et des collaborateurs, \u00e0 poursuivre un processus d&#8217;am\u00e9lioration continue, d&#8217;efficacit\u00e9 et d&#8217;optimisation sur l&#8217;ensemble des projets.<\/p>\n\n\n\n<div class=\"wp-block-columns is-layout-flex wp-container-core-columns-is-layout-9d6595d7 wp-block-columns-is-layout-flex\">\n<div class=\"wp-block-column is-layout-flow wp-block-column-is-layout-flow\">\n<figure class=\"wp-block-image size-large\"><a href=\"https:\/\/prod.tubesca-comabi.com\/wp-content\/uploads\/sites\/3\/2023\/04\/DSC_5901-scaled.jpg\"><img loading=\"lazy\" decoding=\"async\" width=\"1024\" height=\"683\" src=\"https:\/\/prod.tubesca-comabi.com\/wp-content\/uploads\/sites\/3\/2023\/04\/DSC_5901-1024x683.jpg\" alt=\"\" class=\"wp-image-18137\" srcset=\"https:\/\/prod.tubesca-comabi.com\/wp-content\/uploads\/sites\/3\/2023\/04\/DSC_5901-1024x683.jpg 1024w, https:\/\/prod.tubesca-comabi.com\/wp-content\/uploads\/sites\/3\/2023\/04\/DSC_5901-300x200.jpg 300w, https:\/\/prod.tubesca-comabi.com\/wp-content\/uploads\/sites\/3\/2023\/04\/DSC_5901-768x512.jpg 768w, https:\/\/prod.tubesca-comabi.com\/wp-content\/uploads\/sites\/3\/2023\/04\/DSC_5901-1536x1024.jpg 1536w, https:\/\/prod.tubesca-comabi.com\/wp-content\/uploads\/sites\/3\/2023\/04\/DSC_5901-2048x1365.jpg 2048w, https:\/\/prod.tubesca-comabi.com\/wp-content\/uploads\/sites\/3\/2023\/04\/DSC_5901-541x360.jpg 541w, https:\/\/prod.tubesca-comabi.com\/wp-content\/uploads\/sites\/3\/2023\/04\/DSC_5901-317x211.jpg 317w, https:\/\/prod.tubesca-comabi.com\/wp-content\/uploads\/sites\/3\/2023\/04\/DSC_5901-600x400.jpg 600w\" sizes=\"auto, (max-width: 1024px) 100vw, 1024px\" \/><\/a><\/figure>\n<\/div>\n\n\n\n<div class=\"wp-block-column is-layout-flow wp-block-column-is-layout-flow\">\n<blockquote class=\"wp-block-quote is-layout-flow wp-block-quote-is-layout-flow\"><p>\u00ab La certification ISO 9001 constitue un socle essentiel de notre engagement sur la qualit\u00e9 de nos produits. Ce renouvellement r\u00e9pond \u00e0 notre souhait de transparence \u00e0 l\u2019\u00e9gard de nos clients et de nos partenaires. Il t\u00e9moigne d\u2019un travail consciencieux de l\u2019ensemble des collaborateurs qui se mobilisent chaque jour et constitue un gage de s\u00e9curit\u00e9 pour nos utilisateurs, dans un secteur faisant face \u00e0 des r\u00e8glementations strictes. Toutefois, une constance dans l\u2019application et dans l&#8217;am\u00e9lioration des processus est essentielle afin de r\u00e9pondre au mieux aux demandes et attentes de nos clients \u00bb.<\/p><p><\/p><p><\/p><cite>Odile Baillet, Directrice Qualit\u00e9 Tubesca-Comabi<\/cite><\/blockquote>\n<\/div>\n<\/div>\n\n\n\n<h2 class=\"wp-block-heading\" id=\"un-engagement-fort-en-faveur-du-management-environnemental\">Un engagement fort en faveur du management environnemental<\/h2>\n\n\n\n<p>En parall\u00e8le, Tubesca-Comabi a souhait\u00e9 int\u00e9grer dans son syst\u00e8me de management les enjeux de d\u00e9veloppement durable et cela lui a permis d\u2019obtenir le certificat ISO 14001 sur le site d\u2019Aillysur-Noye (80).<br>Cette norme se base sur une partie r\u00e9glementaire notamment pour le traitement des d\u00e9chets. L\u2019objectif est de r\u00e9duire l\u2019impact des activit\u00e9s de l\u2019entreprise sur l\u2019environnement et plus particuli\u00e8rement en diminuant ses \u00e9missions de GES, en luttant contre la pollution des sols, en renduisant la consommation d\u2019\u00e9nergie et de l\u2019eau, et le volume de toxicit\u00e9 des d\u00e9chets.<\/p>\n\n\n\n<p>Dans le cadre de cette certification, Tubesca-Comabi s\u2019est notamment lanc\u00e9e dans un vaste programme de changement des \u00e9clairages dans les ateliers et dans les bureaux au LED pour diminuer l\u2019impact de la consommation \u00e9nerg\u00e9tique, dans un remplacement des chariots \u00e9l\u00e9vateurs en mode \u00e9lectrique ainsi que dans le tri et la revalorisation de certains d\u00e9chets.<br>C\u00f4t\u00e9 produit, Tubesca-Comabi a r\u00e9duit les emballages de ses produits et supprim\u00e9 les sous-ensembles. A titre d\u2019exemples, l\u2019emballage de l\u2019\u00e9chafaudage TOTEM BOX 180 5 M plancher a \u00e9t\u00e9 all\u00e9g\u00e9 de 7 tonnes de plastique, de 125 kg de papier et 750 kg de carton et la gamme d\u2019\u00e9chafaudages sertis en aluminium de 9 tonnes de plastique\u2026<\/p>\n\n\n\n<p>L\u2019obtention de cette certification vient ainsi r\u00e9compenser les efforts continus en mati\u00e8re de consommation de ressources naturelles ou encore de diminution des d\u00e9chets, qui marque la premi\u00e8re \u00e9tape d&#8217;un plan d&#8217;actions environnementales dans lequel l&#8217;entreprise s&#8217;est lanc\u00e9e depuis quelques ann\u00e9es.<br>A l\u2019horizon 2023, Tubesca-Comabi a pour ambition d\u2019obtenir la certification ISO 14001 sur l\u2019ensemble de ses sites industriels et vise la triple certification ISO 9001, ISO 45001 et ISO 14001.<\/p>\n\n\n\n<h2 class=\"wp-block-heading\" id=\"tubesca-comabi-medaille-d-argent-ecovadis-en-2021\">Tubesca-Comabi, m\u00e9daille d\u2019argent EcoVadis en 2021<\/h2>\n\n\n\n<p>Tubesca-Comabi inscrit d\u00e9sormais son action dans une politique de responsabilit\u00e9 sociale et environnementale en s\u2019engageant dans une d\u00e9marche RSE plus formalis\u00e9e.<br>Cette d\u00e9marche permet de regrouper l\u2019ensemble des pratiques de l\u2019entreprise qui visent \u00e0 respecter les principes de d\u00e9veloppement durable, c\u2019est-\u00e0-dire \u00e9conomiquement viable, et ayant un impact positif sur la soci\u00e9t\u00e9 mais aussi sur l\u2019environnement. Cet engagement a \u00e9t\u00e9 reconnu et r\u00e9compens\u00e9 en 2021 par une m\u00e9daille d\u2019argent, attribu\u00e9e par l\u2019organisme de certification international EcoVadis.<\/p>\n\n\n\n<blockquote class=\"wp-block-quote is-layout-flow wp-block-quote-is-layout-flow\"><p><br>\u00ab Cette valorisation de notre engagement nous incite \u00e0 continuer nos efforts collectifs, en permettant \u00e0 toutes nos parties prenantes de limiter toujours plus notre impact environnemental. Aujourd\u2019hui nous passons un nouveau cap et nous envisageons de r\u00e9duire de notre consommation \u00e9nerg\u00e9tique sur tous nos sites, mettre en place une mesure de notre empreinte carbone afin de travailler sur sa r\u00e9duction et un programme d\u2019\u00e9coconception de nos produits (recyclabilit\u00e9, r\u00e9parabilit\u00e9 des produits, r\u00e9duction des emballages) \u00bb<\/p><p>Odile Baillet, Directrice Qualit\u00e9 de Tubesca-Comabi.<\/p><p><\/p><\/blockquote>\n\n\n\n<div class=\"wp-block-buttons is-layout-flex wp-block-buttons-is-layout-flex\">\n<div class=\"wp-block-button\"><a class=\"wp-block-button__link\" href=\"http:\/\/prod.tubesca-comabi.com\/wp-content\/uploads\/sites\/3\/2023\/04\/1_-CP_TubescaComabi_ISO9001_ISO14001.pdf\" target=\"_blank\" rel=\"noreferrer noopener\">telechargez le cp en pdf<\/a><\/div>\n<\/div>\n","protected":false},"excerpt":{"rendered":"<p>Tubesca-Comabi, leader fran\u00e7ais dans la fabrication et la commercialisation de solutions d\u2019acc\u00e8s et de travail en hauteur, vient de se voir attribuer officiellement deux nouveaux certificats internationaux de conformit\u00e9 selon les normes ISO. A l\u2019issue d\u2019un audit r\u00e9alis\u00e9 en d\u00e9cembre 2021 par l\u2019organisme T\u00dcV Rheinland, l\u2019entreprise a renouvel\u00e9 la certification ISO 9001 relative au syst\u00e8me [&hellip;]<\/p>\n","protected":false},"author":8,"featured_media":0,"parent":0,"menu_order":0,"comment_status":"closed","ping_status":"closed","template":"","meta":{"_acf_changed":false,"ep_exclude_from_search":false,"footnotes":""},"class_list":["post-18094","page","type-page","status-publish","hentry"],"acf":[],"yoast_head":"<!-- This site is optimized with the Yoast SEO plugin v27.4 - https:\/\/yoast.com\/product\/yoast-seo-wordpress\/ -->\n<title>TUBESCA-COMABI renouvelle sa certification ISO 9001 et obtient le certificat ISO 14001 - Tubesca Comabi<\/title>\n<meta name=\"robots\" content=\"noindex, follow, max-snippet:-1, max-image-preview:large, max-video-preview:-1\" \/>\n<meta property=\"og:locale\" content=\"fr_FR\" \/>\n<meta property=\"og:type\" content=\"article\" \/>\n<meta property=\"og:title\" content=\"TUBESCA-COMABI renouvelle sa certification ISO 9001 et obtient le certificat ISO 14001 - Tubesca Comabi\" \/>\n<meta property=\"og:description\" content=\"Tubesca-Comabi, leader fran\u00e7ais dans la fabrication et la commercialisation de solutions d\u2019acc\u00e8s et de travail en hauteur, vient de se voir attribuer officiellement deux nouveaux certificats internationaux de conformit\u00e9 selon les normes ISO. A l\u2019issue d\u2019un audit r\u00e9alis\u00e9 en d\u00e9cembre 2021 par l\u2019organisme T\u00dcV Rheinland, l\u2019entreprise a renouvel\u00e9 la certification ISO 9001 relative au syst\u00e8me [&hellip;]\" \/>\n<meta property=\"og:url\" content=\"https:\/\/prod.tubesca-comabi.com\/fr\/tubesca-comabi-renouvelle-sa-certification-iso-9001-et-obtient-le-certificat-iso-14001\/\" \/>\n<meta property=\"og:site_name\" content=\"Tubesca Comabi\" \/>\n<meta property=\"article:publisher\" content=\"https:\/\/www.facebook.com\/tubescacomabi\/\" \/>\n<meta property=\"article:modified_time\" content=\"2023-04-14T13:01:15+00:00\" \/>\n<meta property=\"og:image\" content=\"https:\/\/prod.tubesca-comabi.com\/wp-content\/uploads\/sites\/3\/2023\/04\/DSC_5901-1024x683.jpg\" \/>\n<meta name=\"twitter:card\" content=\"summary_large_image\" \/>\n<meta name=\"twitter:site\" content=\"@tubesca_comabi\" \/>\n<meta name=\"twitter:label1\" content=\"Dur\u00e9e de lecture estim\u00e9e\" \/>\n\t<meta name=\"twitter:data1\" content=\"5 minutes\" \/>\n<script type=\"application\/ld+json\" class=\"yoast-schema-graph\">{\"@context\":\"https:\\\/\\\/schema.org\",\"@graph\":[{\"@type\":\"WebPage\",\"@id\":\"https:\\\/\\\/prod.tubesca-comabi.com\\\/fr\\\/tubesca-comabi-renouvelle-sa-certification-iso-9001-et-obtient-le-certificat-iso-14001\\\/\",\"url\":\"https:\\\/\\\/prod.tubesca-comabi.com\\\/fr\\\/tubesca-comabi-renouvelle-sa-certification-iso-9001-et-obtient-le-certificat-iso-14001\\\/\",\"name\":\"TUBESCA-COMABI renouvelle sa certification ISO 9001 et obtient le certificat ISO 14001 - Tubesca Comabi\",\"isPartOf\":{\"@id\":\"https:\\\/\\\/prod.tubesca-comabi.com\\\/fr\\\/#website\"},\"primaryImageOfPage\":{\"@id\":\"https:\\\/\\\/prod.tubesca-comabi.com\\\/fr\\\/tubesca-comabi-renouvelle-sa-certification-iso-9001-et-obtient-le-certificat-iso-14001\\\/#primaryimage\"},\"image\":{\"@id\":\"https:\\\/\\\/prod.tubesca-comabi.com\\\/fr\\\/tubesca-comabi-renouvelle-sa-certification-iso-9001-et-obtient-le-certificat-iso-14001\\\/#primaryimage\"},\"thumbnailUrl\":\"https:\\\/\\\/prod.tubesca-comabi.com\\\/wp-content\\\/uploads\\\/sites\\\/3\\\/2023\\\/04\\\/DSC_5901-1024x683.jpg\",\"datePublished\":\"2023-04-14T11:23:28+00:00\",\"dateModified\":\"2023-04-14T13:01:15+00:00\",\"breadcrumb\":{\"@id\":\"https:\\\/\\\/prod.tubesca-comabi.com\\\/fr\\\/tubesca-comabi-renouvelle-sa-certification-iso-9001-et-obtient-le-certificat-iso-14001\\\/#breadcrumb\"},\"inLanguage\":\"fr-FR\",\"potentialAction\":[{\"@type\":\"ReadAction\",\"target\":[\"https:\\\/\\\/prod.tubesca-comabi.com\\\/fr\\\/tubesca-comabi-renouvelle-sa-certification-iso-9001-et-obtient-le-certificat-iso-14001\\\/\"]}]},{\"@type\":\"ImageObject\",\"inLanguage\":\"fr-FR\",\"@id\":\"https:\\\/\\\/prod.tubesca-comabi.com\\\/fr\\\/tubesca-comabi-renouvelle-sa-certification-iso-9001-et-obtient-le-certificat-iso-14001\\\/#primaryimage\",\"url\":\"https:\\\/\\\/prod.tubesca-comabi.com\\\/wp-content\\\/uploads\\\/sites\\\/3\\\/2023\\\/04\\\/DSC_5901-1024x683.jpg\",\"contentUrl\":\"https:\\\/\\\/prod.tubesca-comabi.com\\\/wp-content\\\/uploads\\\/sites\\\/3\\\/2023\\\/04\\\/DSC_5901-1024x683.jpg\"},{\"@type\":\"BreadcrumbList\",\"@id\":\"https:\\\/\\\/prod.tubesca-comabi.com\\\/fr\\\/tubesca-comabi-renouvelle-sa-certification-iso-9001-et-obtient-le-certificat-iso-14001\\\/#breadcrumb\",\"itemListElement\":[{\"@type\":\"ListItem\",\"position\":1,\"name\":\"Tubesca-Comabi\",\"item\":\"https:\\\/\\\/prod.tubesca-comabi.com\\\/fr\\\/\"},{\"@type\":\"ListItem\",\"position\":2,\"name\":\"TUBESCA-COMABI renouvelle sa certification ISO 9001 et obtient le certificat ISO 14001\"}]},{\"@type\":\"WebSite\",\"@id\":\"https:\\\/\\\/prod.tubesca-comabi.com\\\/fr\\\/#website\",\"url\":\"https:\\\/\\\/prod.tubesca-comabi.com\\\/fr\\\/\",\"name\":\"Tubesca Comabi\",\"description\":\"Une entreprise du groupe Fr\u00e9n\u00e9hard &amp; Michaux\",\"publisher\":{\"@id\":\"https:\\\/\\\/prod.tubesca-comabi.com\\\/fr\\\/#organization\"},\"potentialAction\":[{\"@type\":\"SearchAction\",\"target\":{\"@type\":\"EntryPoint\",\"urlTemplate\":\"https:\\\/\\\/prod.tubesca-comabi.com\\\/fr\\\/?s={search_term_string}\"},\"query-input\":{\"@type\":\"PropertyValueSpecification\",\"valueRequired\":true,\"valueName\":\"search_term_string\"}}],\"inLanguage\":\"fr-FR\"},{\"@type\":\"Organization\",\"@id\":\"https:\\\/\\\/prod.tubesca-comabi.com\\\/fr\\\/#organization\",\"name\":\"Tubesca Comabi\",\"url\":\"https:\\\/\\\/prod.tubesca-comabi.com\\\/fr\\\/\",\"logo\":{\"@type\":\"ImageObject\",\"inLanguage\":\"fr-FR\",\"@id\":\"https:\\\/\\\/prod.tubesca-comabi.com\\\/fr\\\/#\\\/schema\\\/logo\\\/image\\\/\",\"url\":\"https:\\\/\\\/prod.tubesca-comabi.com\\\/wp-content\\\/uploads\\\/sites\\\/3\\\/2022\\\/12\\\/tubesca-comabi_logo_0.png\",\"contentUrl\":\"https:\\\/\\\/prod.tubesca-comabi.com\\\/wp-content\\\/uploads\\\/sites\\\/3\\\/2022\\\/12\\\/tubesca-comabi_logo_0.png\",\"width\":426,\"height\":54,\"caption\":\"Tubesca Comabi\"},\"image\":{\"@id\":\"https:\\\/\\\/prod.tubesca-comabi.com\\\/fr\\\/#\\\/schema\\\/logo\\\/image\\\/\"},\"sameAs\":[\"https:\\\/\\\/www.facebook.com\\\/tubescacomabi\\\/\",\"https:\\\/\\\/x.com\\\/tubesca_comabi\",\"https:\\\/\\\/www.youtube.com\\\/channel\\\/UCiiudWOV9mAvU9c7VkV4kmA\",\"https:\\\/\\\/www.linkedin.com\\\/company\\\/tubesca-comabi\",\"https:\\\/\\\/www.instagram.com\\\/tubesca.comabi\\\/\"]}]}<\/script>\n<!-- \/ Yoast SEO plugin. -->","yoast_head_json":{"title":"TUBESCA-COMABI renouvelle sa certification ISO 9001 et obtient le certificat ISO 14001 - Tubesca Comabi","robots":{"index":"noindex","follow":"follow","max-snippet":"max-snippet:-1","max-image-preview":"max-image-preview:large","max-video-preview":"max-video-preview:-1"},"og_locale":"fr_FR","og_type":"article","og_title":"TUBESCA-COMABI renouvelle sa certification ISO 9001 et obtient le certificat ISO 14001 - Tubesca Comabi","og_description":"Tubesca-Comabi, leader fran\u00e7ais dans la fabrication et la commercialisation de solutions d\u2019acc\u00e8s et de travail en hauteur, vient de se voir attribuer officiellement deux nouveaux certificats internationaux de conformit\u00e9 selon les normes ISO. A l\u2019issue d\u2019un audit r\u00e9alis\u00e9 en d\u00e9cembre 2021 par l\u2019organisme T\u00dcV Rheinland, l\u2019entreprise a renouvel\u00e9 la certification ISO 9001 relative au syst\u00e8me [&hellip;]","og_url":"https:\/\/prod.tubesca-comabi.com\/fr\/tubesca-comabi-renouvelle-sa-certification-iso-9001-et-obtient-le-certificat-iso-14001\/","og_site_name":"Tubesca Comabi","article_publisher":"https:\/\/www.facebook.com\/tubescacomabi\/","article_modified_time":"2023-04-14T13:01:15+00:00","og_image":[{"url":"https:\/\/prod.tubesca-comabi.com\/wp-content\/uploads\/sites\/3\/2023\/04\/DSC_5901-1024x683.jpg","type":"","width":"","height":""}],"twitter_card":"summary_large_image","twitter_site":"@tubesca_comabi","twitter_misc":{"Dur\u00e9e de lecture estim\u00e9e":"5 minutes"},"schema":{"@context":"https:\/\/schema.org","@graph":[{"@type":"WebPage","@id":"https:\/\/prod.tubesca-comabi.com\/fr\/tubesca-comabi-renouvelle-sa-certification-iso-9001-et-obtient-le-certificat-iso-14001\/","url":"https:\/\/prod.tubesca-comabi.com\/fr\/tubesca-comabi-renouvelle-sa-certification-iso-9001-et-obtient-le-certificat-iso-14001\/","name":"TUBESCA-COMABI renouvelle sa certification ISO 9001 et obtient le certificat ISO 14001 - Tubesca Comabi","isPartOf":{"@id":"https:\/\/prod.tubesca-comabi.com\/fr\/#website"},"primaryImageOfPage":{"@id":"https:\/\/prod.tubesca-comabi.com\/fr\/tubesca-comabi-renouvelle-sa-certification-iso-9001-et-obtient-le-certificat-iso-14001\/#primaryimage"},"image":{"@id":"https:\/\/prod.tubesca-comabi.com\/fr\/tubesca-comabi-renouvelle-sa-certification-iso-9001-et-obtient-le-certificat-iso-14001\/#primaryimage"},"thumbnailUrl":"https:\/\/prod.tubesca-comabi.com\/wp-content\/uploads\/sites\/3\/2023\/04\/DSC_5901-1024x683.jpg","datePublished":"2023-04-14T11:23:28+00:00","dateModified":"2023-04-14T13:01:15+00:00","breadcrumb":{"@id":"https:\/\/prod.tubesca-comabi.com\/fr\/tubesca-comabi-renouvelle-sa-certification-iso-9001-et-obtient-le-certificat-iso-14001\/#breadcrumb"},"inLanguage":"fr-FR","potentialAction":[{"@type":"ReadAction","target":["https:\/\/prod.tubesca-comabi.com\/fr\/tubesca-comabi-renouvelle-sa-certification-iso-9001-et-obtient-le-certificat-iso-14001\/"]}]},{"@type":"ImageObject","inLanguage":"fr-FR","@id":"https:\/\/prod.tubesca-comabi.com\/fr\/tubesca-comabi-renouvelle-sa-certification-iso-9001-et-obtient-le-certificat-iso-14001\/#primaryimage","url":"https:\/\/prod.tubesca-comabi.com\/wp-content\/uploads\/sites\/3\/2023\/04\/DSC_5901-1024x683.jpg","contentUrl":"https:\/\/prod.tubesca-comabi.com\/wp-content\/uploads\/sites\/3\/2023\/04\/DSC_5901-1024x683.jpg"},{"@type":"BreadcrumbList","@id":"https:\/\/prod.tubesca-comabi.com\/fr\/tubesca-comabi-renouvelle-sa-certification-iso-9001-et-obtient-le-certificat-iso-14001\/#breadcrumb","itemListElement":[{"@type":"ListItem","position":1,"name":"Tubesca-Comabi","item":"https:\/\/prod.tubesca-comabi.com\/fr\/"},{"@type":"ListItem","position":2,"name":"TUBESCA-COMABI renouvelle sa certification ISO 9001 et obtient le certificat ISO 14001"}]},{"@type":"WebSite","@id":"https:\/\/prod.tubesca-comabi.com\/fr\/#website","url":"https:\/\/prod.tubesca-comabi.com\/fr\/","name":"Tubesca Comabi","description":"Une entreprise du groupe Fr\u00e9n\u00e9hard &amp; Michaux","publisher":{"@id":"https:\/\/prod.tubesca-comabi.com\/fr\/#organization"},"potentialAction":[{"@type":"SearchAction","target":{"@type":"EntryPoint","urlTemplate":"https:\/\/prod.tubesca-comabi.com\/fr\/?s={search_term_string}"},"query-input":{"@type":"PropertyValueSpecification","valueRequired":true,"valueName":"search_term_string"}}],"inLanguage":"fr-FR"},{"@type":"Organization","@id":"https:\/\/prod.tubesca-comabi.com\/fr\/#organization","name":"Tubesca Comabi","url":"https:\/\/prod.tubesca-comabi.com\/fr\/","logo":{"@type":"ImageObject","inLanguage":"fr-FR","@id":"https:\/\/prod.tubesca-comabi.com\/fr\/#\/schema\/logo\/image\/","url":"https:\/\/prod.tubesca-comabi.com\/wp-content\/uploads\/sites\/3\/2022\/12\/tubesca-comabi_logo_0.png","contentUrl":"https:\/\/prod.tubesca-comabi.com\/wp-content\/uploads\/sites\/3\/2022\/12\/tubesca-comabi_logo_0.png","width":426,"height":54,"caption":"Tubesca Comabi"},"image":{"@id":"https:\/\/prod.tubesca-comabi.com\/fr\/#\/schema\/logo\/image\/"},"sameAs":["https:\/\/www.facebook.com\/tubescacomabi\/","https:\/\/x.com\/tubesca_comabi","https:\/\/www.youtube.com\/channel\/UCiiudWOV9mAvU9c7VkV4kmA","https:\/\/www.linkedin.com\/company\/tubesca-comabi","https:\/\/www.instagram.com\/tubesca.comabi\/"]}]}},"_links":{"self":[{"href":"https:\/\/prod.tubesca-comabi.com\/fr\/wp-json\/wp\/v2\/pages\/18094","targetHints":{"allow":["GET"]}}],"collection":[{"href":"https:\/\/prod.tubesca-comabi.com\/fr\/wp-json\/wp\/v2\/pages"}],"about":[{"href":"https:\/\/prod.tubesca-comabi.com\/fr\/wp-json\/wp\/v2\/types\/page"}],"author":[{"embeddable":true,"href":"https:\/\/prod.tubesca-comabi.com\/fr\/wp-json\/wp\/v2\/users\/8"}],"replies":[{"embeddable":true,"href":"https:\/\/prod.tubesca-comabi.com\/fr\/wp-json\/wp\/v2\/comments?post=18094"}],"version-history":[{"count":14,"href":"https:\/\/prod.tubesca-comabi.com\/fr\/wp-json\/wp\/v2\/pages\/18094\/revisions"}],"predecessor-version":[{"id":18368,"href":"https:\/\/prod.tubesca-comabi.com\/fr\/wp-json\/wp\/v2\/pages\/18094\/revisions\/18368"}],"wp:attachment":[{"href":"https:\/\/prod.tubesca-comabi.com\/fr\/wp-json\/wp\/v2\/media?parent=18094"}],"curies":[{"name":"wp","href":"https:\/\/api.w.org\/{rel}","templated":true}]}}