{"id":18063,"date":"2023-04-14T13:09:45","date_gmt":"2023-04-14T11:09:45","guid":{"rendered":"https:\/\/prod.tubesca-comabi.com\/?page_id=18063"},"modified":"2023-04-14T15:00:35","modified_gmt":"2023-04-14T13:00:35","slug":"tubesca-comabi-lance-sa-derniere-echelle-dacces-dalle-completant-ainsi-son-offre-pour-le-btp-et-le-transport","status":"publish","type":"page","link":"https:\/\/prod.tubesca-comabi.com\/fr\/tubesca-comabi-lance-sa-derniere-echelle-dacces-dalle-completant-ainsi-son-offre-pour-le-btp-et-le-transport\/","title":{"rendered":"TUBESCA-COMABI LANCE SA DERNIERE ECHELLE D&#8217;ACCES DALLE COMPLETANT AINSI SON OFFRE POUR LE BTP ET LE TRANSPORT"},"content":{"rendered":"\n<p><strong>Tubesca-Comabi, leader fran\u00e7ais dans la fabrication et la commercialisation de solutions d&#8217;acc\u00e8s et de travail en hauteur, compl\u00e8te son offre de produits \u00e0 destination du BTP gr\u00e2ce \u00e0 une nouvelle \u00e9chelle d&#8217;acc\u00e8s dalle et des \u00e9volutions produits notamment sur l&#8217;\u00e9chelle de fouille. Cette gamme performante permet d\u00e9sormais de r\u00e9pondre \u00e0 l&#8217;ensemble des besoins du gros \u0153uvre et de la construction.<\/strong><\/p>\n\n\n\n<h3 class=\"wp-block-heading\" id=\"les-dernieres-innovations-et-evolutions-de-cette-gamme-btp\">Les derni\u00e8res innovations et \u00e9volutions de cette gamme BTP<\/h3>\n\n\n\n<p>Apr\u00e8s l\u2019\u00e9chelle de fouille lanc\u00e9e courant 2021 et \u00e9galement am\u00e9lior\u00e9e en 2022, TUBESCA-COMABI pr\u00e9sente l\u2019\u00e9chelle d\u2019acc\u00e8s dalle. Ces deux produits compl\u00e9mentaires sont tous deux t\u00e9l\u00e9scopiques gr\u00e2ce \u00e0 la pr\u00e9sence de plans coulissants qui s&#8217;adaptent \u00e0 toutes les hauteurs. <strong>La marque a optimis\u00e9 la conception de ces 2 \u00e9chelles (une faite pour monter, l\u2019autre pour descendre) pour en assurer la long\u00e9vit\u00e9 et r\u00e9pondre aux besoins d&#8217;acc\u00e8s aux fouilles et aux dalles en m\u00eame temps.<\/strong><\/p>\n\n\n\n<div class=\"wp-block-columns is-layout-flex wp-container-core-columns-is-layout-9d6595d7 wp-block-columns-is-layout-flex\">\n<div class=\"wp-block-column is-layout-flow wp-block-column-is-layout-flow\">\n<figure class=\"wp-block-image size-full\"><a href=\"https:\/\/prod.tubesca-comabi.com\/wp-content\/uploads\/sites\/3\/2023\/04\/2_CP-I-TUBESCA-COMABInpropose-une-offre-BTP-comple\u0300te.jpg\"><img loading=\"lazy\" decoding=\"async\" width=\"200\" height=\"267\" src=\"https:\/\/prod.tubesca-comabi.com\/wp-content\/uploads\/sites\/3\/2023\/04\/2_CP-I-TUBESCA-COMABInpropose-une-offre-BTP-comple\u0300te.jpg\" alt=\"\" class=\"wp-image-18067\"\/><\/a><\/figure>\n<\/div>\n\n\n\n<div class=\"wp-block-column is-layout-flow wp-block-column-is-layout-flow\">\n<p><strong>L\u2019\u00e9chelle d&#8217;acc\u00e8s dalle adapt\u00e9e \u00e0 tous les chantiers<\/strong><br>L&#8217;\u00e9chelle d&#8217;acc\u00e8s dalle est disponible en 3 mod\u00e8les t\u00e9lescopiques pour s&#8217;adapter \u00e0 l&#8217;ensemble des besoins. Elle permet d&#8217;acc\u00e9der jusqu\u2019\u00e0 4,80 m. L&#8217;\u00e9chelle peut \u00eatre fix\u00e9e au sol ou \u00e0 la dalle gr\u00e2ce \u00e0 des platines sp\u00e9cifiques \u00d8 10 mm. Enfin, son portillon de s\u00e9curit\u00e9 dispose d\u2019une fermeture automatique. Le<br>produit r\u00e9pond \u00e0 des exigences strictes pour garantir la s\u00e9curit\u00e9 des utilisateurs.<\/p>\n<\/div>\n<\/div>\n\n\n\n<div class=\"wp-block-columns is-layout-flex wp-container-core-columns-is-layout-9d6595d7 wp-block-columns-is-layout-flex\">\n<div class=\"wp-block-column is-layout-flow wp-block-column-is-layout-flow\">\n<p><strong>L\u2019\u00e9chelle de fouille &#8211; l\u2019\u00e9chelle nouvelle g\u00e9n\u00e9ration pour acc\u00e9der jusqu\u2019\u00e0 4,75 m<\/strong><br>Cette \u00e9chelle en aluminium permet la descente dans les fouilles allant de 1,00 \u00e0 4 ,75 m et s\u2019adapte \u00e0 toutes les configurations (fondations, fouille de chantier\u2026). 3 mod\u00e8les t\u00e9lescopiques pour toutes les profondeurs de fouilles sont disponibles. Ses marches de 80 mm, ses rampes d\u2019acc\u00e8s, ses patins pivotants et sa sortie frontale garantissent \u00e0 l\u2019utilisateur une parfaite s\u00e9curit\u00e9 \u00e0 la mont\u00e9e comme \u00e0 la descente.<\/p>\n<\/div>\n\n\n\n<div class=\"wp-block-column is-layout-flow wp-block-column-is-layout-flow\">\n<figure class=\"wp-block-image size-full\"><a href=\"https:\/\/prod.tubesca-comabi.com\/wp-content\/uploads\/sites\/3\/2023\/04\/2_CP-I-TUBESCA-COMABInpropose-une-offre-BTP-comple\u0300te-1.jpg\"><img loading=\"lazy\" decoding=\"async\" width=\"200\" height=\"267\" src=\"https:\/\/prod.tubesca-comabi.com\/wp-content\/uploads\/sites\/3\/2023\/04\/2_CP-I-TUBESCA-COMABInpropose-une-offre-BTP-comple\u0300te-1.jpg\" alt=\"\" class=\"wp-image-18073\"\/><\/a><\/figure>\n<\/div>\n<\/div>\n\n\n\n<p>Cette \u00e9chelle ultra pratique, gr\u00e2ce \u00e0 son syst\u00e8me t\u00e9lescopique, ses pieds r\u00e9glables, ses anneaux de grutage et ses roues de d\u00e9placement, devient un incontournable. Son syst\u00e8me anti-basculement repliable assure la stabilit\u00e9 et facilite le r\u00e9glage en hauteur et le transport.<\/p>\n\n\n\n<p>100 % fran\u00e7aises, con\u00e7ues et fabriqu\u00e9es dans les deux sites de production en France de TUBESCACOMABI (Ailly-sur-Noye et Tr\u00e9voux), ces solutions sont conformes aux normes fran\u00e7aises et europ\u00e9ennes en vigueur. <strong>Plus globalement, cette gamme BTP se compose de plates-formes, marchepieds, \u00e9chelles, \u00e9chafaudages roulants, monte-mat\u00e9riaux\u2026 qui sont aujourd\u2019hui tous grutables et donc facilement transportables sur les chantiers par les professionnels.<\/strong><\/p>\n\n\n\n<h3 class=\"wp-block-heading\" id=\"la-parole-a-richard-perrin-responsable-marketing-de-tubesca-comabi\">La parole \u00e0 Richard Perrin, responsable marketing de Tubesca-Comabi<\/h3>\n\n\n\n<div class=\"wp-block-columns is-layout-flex wp-container-core-columns-is-layout-9d6595d7 wp-block-columns-is-layout-flex\">\n<div class=\"wp-block-column is-layout-flow wp-block-column-is-layout-flow\">\n<figure class=\"wp-block-embed is-type-video is-provider-youtube wp-block-embed-youtube wp-embed-aspect-16-9 wp-has-aspect-ratio\"><div class=\"wp-block-embed__wrapper\">\n<iframe loading=\"lazy\" title=\"Interview Richard Perrin - Lancement gamme BTP\" width=\"500\" height=\"281\" src=\"https:\/\/www.youtube.com\/embed\/V0FgUqS1goE?feature=oembed\" frameborder=\"0\" allow=\"accelerometer; autoplay; clipboard-write; encrypted-media; gyroscope; picture-in-picture; web-share\" referrerpolicy=\"strict-origin-when-cross-origin\" allowfullscreen><\/iframe>\n<\/div><\/figure>\n\n\n\n<h6 class=\"wp-block-heading\" id=\"r-d-et-innovation-un-role-essentiel-dans-l-evolution-de-cette-gamme-concue-sur-mesure-pour-les-professionnels-qui-oeuvrent-sur-chantier\">R&amp;D ET INNOVATION :<br>Un r\u00f4le essentiel dans l\u2019\u00e9volution de cette gamme con\u00e7ue \u00ab sur-mesure \u00bb pour les professionnels qui oeuvrent sur chantier<\/h6>\n\n\n\n<p>Gr\u00e2ce \u00e0 ses \u00e9quipes d\u2019ing\u00e9nieurs qui travaillent constamment pour am\u00e9liorer l\u2019offre et proposer des \u00e9quipements sp\u00e9cialis\u00e9s toujours plus adapt\u00e9s aux besoins des utilisateurs,<strong> TUBESCA-COMABI fait preuve d\u2019innovation et continue de faire \u00e9voluer ses solutions dans le but de garantir une s\u00e9curit\u00e9 au travail et apporter toujours plus de confort et de praticit\u00e9 pour l\u2019utilisateur<\/strong>. De nouvelles technologies et de nouveaux process sont constamment mis en oeuvre au sein de TUBESCA-COMABI pour adapter les produits et concevoir de nouvelles solutions. L\u2019\u00e9chelle d&#8217;acc\u00e8s dalle, l\u2019\u00e9chelle de fouille, l\u2019\u00e9chelle d&#8217;acc\u00e8s camion en sont le parfait exemple.<br>Le processus de mise au point de cette offre \u00ab BTP \u00bb a n\u00e9cessit\u00e9 <strong>deux ans de travail<\/strong> et requis des t\u00e2ches et des \u00e9tapes importantes, notamment la conception des produits, les tests r\u00e9alis\u00e9s en interne au sein de l\u2019entreprise, les tests en situation par les artisans afin de prendre en compte leurs retours, le process d\u2019homologation\u2026<\/p>\n\n\n\n<h6 class=\"wp-block-heading\" id=\"l-information-en-tubesca-comabi-a-obtenu-lundi-21-mars-dernier-une-recompense-sageret-mat-d-or-sur-3-produits-de-la-gamme-lors-de-la-ceremonie-du-mat-d-or-recompensant-le-meilleur-du-materiel-et-de-l-outillage-dedies-aux-professionnels-du-btp\">L&#8217;information en +<br>Tubesca-Comabi a obtenu, lundi 21 mars dernier, une r\u00e9compense SAGERET MAT d\u2019OR sur 3 produits de la gamme, lors de la c\u00e9r\u00e9monie du Mat d&#8217;Or r\u00e9compensant le meilleur du mat\u00e9riel et de l&#8217;outillage d\u00e9di\u00e9s aux professionnels du BTP.<\/h6>\n\n\n\n<div class=\"wp-block-buttons is-layout-flex wp-block-buttons-is-layout-flex\">\n<div class=\"wp-block-button\"><a class=\"wp-block-button__link\" href=\"http:\/\/prod.tubesca-comabi.com\/wp-content\/uploads\/sites\/3\/2023\/04\/2_CP-I-TUBESCA-COMABInpropose-une-offre-BTP-comple\u0300te.pdf\" target=\"_blank\" rel=\"noreferrer noopener\">t\u00e9l\u00e9chargez le cp en pdf<\/a><\/div>\n<\/div>\n<\/div>\n<\/div>\n","protected":false},"excerpt":{"rendered":"<p>Tubesca-Comabi, leader fran\u00e7ais dans la fabrication et la commercialisation de solutions d&#8217;acc\u00e8s et de travail en hauteur, compl\u00e8te son offre de produits \u00e0 destination du BTP gr\u00e2ce \u00e0 une nouvelle \u00e9chelle d&#8217;acc\u00e8s dalle et des \u00e9volutions produits notamment sur l&#8217;\u00e9chelle de fouille. Cette gamme performante permet d\u00e9sormais de r\u00e9pondre \u00e0 l&#8217;ensemble des besoins du gros [&hellip;]<\/p>\n","protected":false},"author":8,"featured_media":0,"parent":0,"menu_order":0,"comment_status":"closed","ping_status":"closed","template":"","meta":{"_acf_changed":false,"ep_exclude_from_search":false,"footnotes":""},"class_list":["post-18063","page","type-page","status-publish","hentry"],"acf":[],"yoast_head":"<!-- This site is optimized with the Yoast SEO plugin v27.3 - https:\/\/yoast.com\/product\/yoast-seo-wordpress\/ -->\n<title>TUBESCA-COMABI LANCE SA DERNIERE ECHELLE D&#039;ACCES DALLE COMPLETANT AINSI SON OFFRE POUR LE BTP ET LE TRANSPORT - Tubesca Comabi<\/title>\n<meta name=\"robots\" content=\"noindex, follow, max-snippet:-1, max-image-preview:large, max-video-preview:-1\" \/>\n<meta property=\"og:locale\" content=\"fr_FR\" \/>\n<meta property=\"og:type\" content=\"article\" \/>\n<meta property=\"og:title\" content=\"TUBESCA-COMABI LANCE SA DERNIERE ECHELLE D&#039;ACCES DALLE COMPLETANT AINSI SON OFFRE POUR LE BTP ET LE TRANSPORT - Tubesca Comabi\" \/>\n<meta property=\"og:description\" content=\"Tubesca-Comabi, leader fran\u00e7ais dans la fabrication et la commercialisation de solutions d&#8217;acc\u00e8s et de travail en hauteur, compl\u00e8te son offre de produits \u00e0 destination du BTP gr\u00e2ce \u00e0 une nouvelle \u00e9chelle d&#8217;acc\u00e8s dalle et des \u00e9volutions produits notamment sur l&#8217;\u00e9chelle de fouille. Cette gamme performante permet d\u00e9sormais de r\u00e9pondre \u00e0 l&#8217;ensemble des besoins du gros [&hellip;]\" \/>\n<meta property=\"og:url\" content=\"https:\/\/prod.tubesca-comabi.com\/fr\/tubesca-comabi-lance-sa-derniere-echelle-dacces-dalle-completant-ainsi-son-offre-pour-le-btp-et-le-transport\/\" \/>\n<meta property=\"og:site_name\" content=\"Tubesca Comabi\" \/>\n<meta property=\"article:publisher\" content=\"https:\/\/www.facebook.com\/tubescacomabi\/\" \/>\n<meta property=\"article:modified_time\" content=\"2023-04-14T13:00:35+00:00\" \/>\n<meta name=\"twitter:card\" content=\"summary_large_image\" \/>\n<meta name=\"twitter:site\" content=\"@tubesca_comabi\" \/>\n<meta name=\"twitter:label1\" content=\"Dur\u00e9e de lecture estim\u00e9e\" \/>\n\t<meta name=\"twitter:data1\" content=\"4 minutes\" \/>\n<script type=\"application\/ld+json\" class=\"yoast-schema-graph\">{\"@context\":\"https:\\\/\\\/schema.org\",\"@graph\":[{\"@type\":\"WebPage\",\"@id\":\"https:\\\/\\\/prod.tubesca-comabi.com\\\/fr\\\/tubesca-comabi-lance-sa-derniere-echelle-dacces-dalle-completant-ainsi-son-offre-pour-le-btp-et-le-transport\\\/\",\"url\":\"https:\\\/\\\/prod.tubesca-comabi.com\\\/fr\\\/tubesca-comabi-lance-sa-derniere-echelle-dacces-dalle-completant-ainsi-son-offre-pour-le-btp-et-le-transport\\\/\",\"name\":\"TUBESCA-COMABI LANCE SA DERNIERE ECHELLE D'ACCES DALLE COMPLETANT AINSI SON OFFRE POUR LE BTP ET LE TRANSPORT - Tubesca Comabi\",\"isPartOf\":{\"@id\":\"https:\\\/\\\/prod.tubesca-comabi.com\\\/fr\\\/#website\"},\"datePublished\":\"2023-04-14T11:09:45+00:00\",\"dateModified\":\"2023-04-14T13:00:35+00:00\",\"breadcrumb\":{\"@id\":\"https:\\\/\\\/prod.tubesca-comabi.com\\\/fr\\\/tubesca-comabi-lance-sa-derniere-echelle-dacces-dalle-completant-ainsi-son-offre-pour-le-btp-et-le-transport\\\/#breadcrumb\"},\"inLanguage\":\"fr-FR\",\"potentialAction\":[{\"@type\":\"ReadAction\",\"target\":[\"https:\\\/\\\/prod.tubesca-comabi.com\\\/fr\\\/tubesca-comabi-lance-sa-derniere-echelle-dacces-dalle-completant-ainsi-son-offre-pour-le-btp-et-le-transport\\\/\"]}]},{\"@type\":\"BreadcrumbList\",\"@id\":\"https:\\\/\\\/prod.tubesca-comabi.com\\\/fr\\\/tubesca-comabi-lance-sa-derniere-echelle-dacces-dalle-completant-ainsi-son-offre-pour-le-btp-et-le-transport\\\/#breadcrumb\",\"itemListElement\":[{\"@type\":\"ListItem\",\"position\":1,\"name\":\"Tubesca-Comabi\",\"item\":\"https:\\\/\\\/prod.tubesca-comabi.com\\\/fr\\\/\"},{\"@type\":\"ListItem\",\"position\":2,\"name\":\"TUBESCA-COMABI LANCE SA DERNIERE ECHELLE D&#8217;ACCES DALLE COMPLETANT AINSI SON OFFRE POUR LE BTP ET LE TRANSPORT\"}]},{\"@type\":\"WebSite\",\"@id\":\"https:\\\/\\\/prod.tubesca-comabi.com\\\/fr\\\/#website\",\"url\":\"https:\\\/\\\/prod.tubesca-comabi.com\\\/fr\\\/\",\"name\":\"Tubesca Comabi\",\"description\":\"Une entreprise du groupe Fr\u00e9n\u00e9hard &amp; Michaux\",\"publisher\":{\"@id\":\"https:\\\/\\\/prod.tubesca-comabi.com\\\/fr\\\/#organization\"},\"potentialAction\":[{\"@type\":\"SearchAction\",\"target\":{\"@type\":\"EntryPoint\",\"urlTemplate\":\"https:\\\/\\\/prod.tubesca-comabi.com\\\/fr\\\/?s={search_term_string}\"},\"query-input\":{\"@type\":\"PropertyValueSpecification\",\"valueRequired\":true,\"valueName\":\"search_term_string\"}}],\"inLanguage\":\"fr-FR\"},{\"@type\":\"Organization\",\"@id\":\"https:\\\/\\\/prod.tubesca-comabi.com\\\/fr\\\/#organization\",\"name\":\"Tubesca Comabi\",\"url\":\"https:\\\/\\\/prod.tubesca-comabi.com\\\/fr\\\/\",\"logo\":{\"@type\":\"ImageObject\",\"inLanguage\":\"fr-FR\",\"@id\":\"https:\\\/\\\/prod.tubesca-comabi.com\\\/fr\\\/#\\\/schema\\\/logo\\\/image\\\/\",\"url\":\"https:\\\/\\\/prod.tubesca-comabi.com\\\/wp-content\\\/uploads\\\/sites\\\/3\\\/2022\\\/12\\\/tubesca-comabi_logo_0.png\",\"contentUrl\":\"https:\\\/\\\/prod.tubesca-comabi.com\\\/wp-content\\\/uploads\\\/sites\\\/3\\\/2022\\\/12\\\/tubesca-comabi_logo_0.png\",\"width\":426,\"height\":54,\"caption\":\"Tubesca Comabi\"},\"image\":{\"@id\":\"https:\\\/\\\/prod.tubesca-comabi.com\\\/fr\\\/#\\\/schema\\\/logo\\\/image\\\/\"},\"sameAs\":[\"https:\\\/\\\/www.facebook.com\\\/tubescacomabi\\\/\",\"https:\\\/\\\/x.com\\\/tubesca_comabi\",\"https:\\\/\\\/www.youtube.com\\\/channel\\\/UCiiudWOV9mAvU9c7VkV4kmA\",\"https:\\\/\\\/www.linkedin.com\\\/company\\\/tubesca-comabi\",\"https:\\\/\\\/www.instagram.com\\\/tubesca.comabi\\\/\"]}]}<\/script>\n<!-- \/ Yoast SEO plugin. -->","yoast_head_json":{"title":"TUBESCA-COMABI LANCE SA DERNIERE ECHELLE D'ACCES DALLE COMPLETANT AINSI SON OFFRE POUR LE BTP ET LE TRANSPORT - Tubesca Comabi","robots":{"index":"noindex","follow":"follow","max-snippet":"max-snippet:-1","max-image-preview":"max-image-preview:large","max-video-preview":"max-video-preview:-1"},"og_locale":"fr_FR","og_type":"article","og_title":"TUBESCA-COMABI LANCE SA DERNIERE ECHELLE D'ACCES DALLE COMPLETANT AINSI SON OFFRE POUR LE BTP ET LE TRANSPORT - Tubesca Comabi","og_description":"Tubesca-Comabi, leader fran\u00e7ais dans la fabrication et la commercialisation de solutions d&#8217;acc\u00e8s et de travail en hauteur, compl\u00e8te son offre de produits \u00e0 destination du BTP gr\u00e2ce \u00e0 une nouvelle \u00e9chelle d&#8217;acc\u00e8s dalle et des \u00e9volutions produits notamment sur l&#8217;\u00e9chelle de fouille. Cette gamme performante permet d\u00e9sormais de r\u00e9pondre \u00e0 l&#8217;ensemble des besoins du gros [&hellip;]","og_url":"https:\/\/prod.tubesca-comabi.com\/fr\/tubesca-comabi-lance-sa-derniere-echelle-dacces-dalle-completant-ainsi-son-offre-pour-le-btp-et-le-transport\/","og_site_name":"Tubesca Comabi","article_publisher":"https:\/\/www.facebook.com\/tubescacomabi\/","article_modified_time":"2023-04-14T13:00:35+00:00","twitter_card":"summary_large_image","twitter_site":"@tubesca_comabi","twitter_misc":{"Dur\u00e9e de lecture estim\u00e9e":"4 minutes"},"schema":{"@context":"https:\/\/schema.org","@graph":[{"@type":"WebPage","@id":"https:\/\/prod.tubesca-comabi.com\/fr\/tubesca-comabi-lance-sa-derniere-echelle-dacces-dalle-completant-ainsi-son-offre-pour-le-btp-et-le-transport\/","url":"https:\/\/prod.tubesca-comabi.com\/fr\/tubesca-comabi-lance-sa-derniere-echelle-dacces-dalle-completant-ainsi-son-offre-pour-le-btp-et-le-transport\/","name":"TUBESCA-COMABI LANCE SA DERNIERE ECHELLE D'ACCES DALLE COMPLETANT AINSI SON OFFRE POUR LE BTP ET LE TRANSPORT - Tubesca Comabi","isPartOf":{"@id":"https:\/\/prod.tubesca-comabi.com\/fr\/#website"},"datePublished":"2023-04-14T11:09:45+00:00","dateModified":"2023-04-14T13:00:35+00:00","breadcrumb":{"@id":"https:\/\/prod.tubesca-comabi.com\/fr\/tubesca-comabi-lance-sa-derniere-echelle-dacces-dalle-completant-ainsi-son-offre-pour-le-btp-et-le-transport\/#breadcrumb"},"inLanguage":"fr-FR","potentialAction":[{"@type":"ReadAction","target":["https:\/\/prod.tubesca-comabi.com\/fr\/tubesca-comabi-lance-sa-derniere-echelle-dacces-dalle-completant-ainsi-son-offre-pour-le-btp-et-le-transport\/"]}]},{"@type":"BreadcrumbList","@id":"https:\/\/prod.tubesca-comabi.com\/fr\/tubesca-comabi-lance-sa-derniere-echelle-dacces-dalle-completant-ainsi-son-offre-pour-le-btp-et-le-transport\/#breadcrumb","itemListElement":[{"@type":"ListItem","position":1,"name":"Tubesca-Comabi","item":"https:\/\/prod.tubesca-comabi.com\/fr\/"},{"@type":"ListItem","position":2,"name":"TUBESCA-COMABI LANCE SA DERNIERE ECHELLE D&#8217;ACCES DALLE COMPLETANT AINSI SON OFFRE POUR LE BTP ET LE TRANSPORT"}]},{"@type":"WebSite","@id":"https:\/\/prod.tubesca-comabi.com\/fr\/#website","url":"https:\/\/prod.tubesca-comabi.com\/fr\/","name":"Tubesca Comabi","description":"Une entreprise du groupe Fr\u00e9n\u00e9hard &amp; Michaux","publisher":{"@id":"https:\/\/prod.tubesca-comabi.com\/fr\/#organization"},"potentialAction":[{"@type":"SearchAction","target":{"@type":"EntryPoint","urlTemplate":"https:\/\/prod.tubesca-comabi.com\/fr\/?s={search_term_string}"},"query-input":{"@type":"PropertyValueSpecification","valueRequired":true,"valueName":"search_term_string"}}],"inLanguage":"fr-FR"},{"@type":"Organization","@id":"https:\/\/prod.tubesca-comabi.com\/fr\/#organization","name":"Tubesca Comabi","url":"https:\/\/prod.tubesca-comabi.com\/fr\/","logo":{"@type":"ImageObject","inLanguage":"fr-FR","@id":"https:\/\/prod.tubesca-comabi.com\/fr\/#\/schema\/logo\/image\/","url":"https:\/\/prod.tubesca-comabi.com\/wp-content\/uploads\/sites\/3\/2022\/12\/tubesca-comabi_logo_0.png","contentUrl":"https:\/\/prod.tubesca-comabi.com\/wp-content\/uploads\/sites\/3\/2022\/12\/tubesca-comabi_logo_0.png","width":426,"height":54,"caption":"Tubesca Comabi"},"image":{"@id":"https:\/\/prod.tubesca-comabi.com\/fr\/#\/schema\/logo\/image\/"},"sameAs":["https:\/\/www.facebook.com\/tubescacomabi\/","https:\/\/x.com\/tubesca_comabi","https:\/\/www.youtube.com\/channel\/UCiiudWOV9mAvU9c7VkV4kmA","https:\/\/www.linkedin.com\/company\/tubesca-comabi","https:\/\/www.instagram.com\/tubesca.comabi\/"]}]}},"_links":{"self":[{"href":"https:\/\/prod.tubesca-comabi.com\/fr\/wp-json\/wp\/v2\/pages\/18063","targetHints":{"allow":["GET"]}}],"collection":[{"href":"https:\/\/prod.tubesca-comabi.com\/fr\/wp-json\/wp\/v2\/pages"}],"about":[{"href":"https:\/\/prod.tubesca-comabi.com\/fr\/wp-json\/wp\/v2\/types\/page"}],"author":[{"embeddable":true,"href":"https:\/\/prod.tubesca-comabi.com\/fr\/wp-json\/wp\/v2\/users\/8"}],"replies":[{"embeddable":true,"href":"https:\/\/prod.tubesca-comabi.com\/fr\/wp-json\/wp\/v2\/comments?post=18063"}],"version-history":[{"count":16,"href":"https:\/\/prod.tubesca-comabi.com\/fr\/wp-json\/wp\/v2\/pages\/18063\/revisions"}],"predecessor-version":[{"id":18367,"href":"https:\/\/prod.tubesca-comabi.com\/fr\/wp-json\/wp\/v2\/pages\/18063\/revisions\/18367"}],"wp:attachment":[{"href":"https:\/\/prod.tubesca-comabi.com\/fr\/wp-json\/wp\/v2\/media?parent=18063"}],"curies":[{"name":"wp","href":"https:\/\/api.w.org\/{rel}","templated":true}]}}