{"id":15963,"date":"2023-04-07T14:12:44","date_gmt":"2023-04-07T12:12:44","guid":{"rendered":"https:\/\/prod.tubesca-comabi.com\/?page_id=15963"},"modified":"2023-04-07T14:12:48","modified_gmt":"2023-04-07T12:12:48","slug":"mes-experts-france-grands-comptes","status":"publish","type":"page","link":"https:\/\/prod.tubesca-comabi.com\/fr\/mes-experts-france-grands-comptes\/","title":{"rendered":"Mes experts France grands comptes"},"content":{"rendered":"\n<section class=\"mycms-expert mycms-expert--france\">\n  <div class=\"container\">\n\n    <div class=\"mycms-expert__map\">\n      <img loading=\"lazy\" decoding=\"async\" src=\"https:\/\/prod.tubesca-comabi.com\/wp-content\/uploads\/sites\/3\/2023\/04\/carte-Grands-Comptes-2023_simplifie\u0301e.png\" width=\"1259\" height=\"1259\" alt=\"\">\n    <\/div>\n\n    <div class=\"mycms-expert__contacts\">\n\n\n      <div class=\"mycms-expert__results\">\n\n        \n        \n<div class=\"vcard vcard-expert vcard-expert--adv\">\n        <p class=\"vcard-expert__title\">Contact ADV :<\/p>\n    <p class=\"tel vcard-expert__telephone\"><a href=\"tel:0474009090\" rel=\"nofollow\">04 74 00 90 90<\/a><\/p>\n    <p class=\"email vcard-expert__email\"><a href=\"mailto&#x3a;&#103;r&#x61;%6e&#x64;comptes&#x40;%74&#x75;besca-%&#x36;3&#111;mab&#105;%&#50;&#101;&#99;om\" rel=\"nofollow\">grandcom&#112;tes&#x40;tub&#101;&#115;ca&#45;&#x63;o&#109;a&#98;&#105;.co&#109;<\/a><\/p>\n<\/div>\n\n        <form class=\"mycms-expert__filters\">\n          \n<label for=\"localisation\">Recherche par d\u00e9partement<\/label>\n<select name=\"localisation\" id=\"departement\" class=\"localisation\">\n    <option value=\"\">S\u00e9lectionner un d\u00e9partement<\/option>\n    <option value=\"-1\">Tous<\/option>\n    <option value=\"57416\">01 &#8211; Ain<\/option><option value=\"57417\">02 &#8211; Aisne<\/option><option value=\"57418\">03 &#8211; Allier<\/option><option value=\"57419\">04 &#8211; Alpes-de-Haute-Provence<\/option><option value=\"57420\">05 &#8211; Hautes-Alpes<\/option><option value=\"57421\">06 &#8211; Alpes-Maritimes<\/option><option value=\"57422\">07 &#8211; Ard\u00e8che<\/option><option value=\"57423\">08 &#8211; Ardennes<\/option><option value=\"57424\">09 &#8211; Ari\u00e8ge<\/option><option value=\"57425\">10 &#8211; Aube<\/option><option value=\"57426\">11 &#8211; Aude<\/option><option value=\"57427\">12 &#8211; Aveyron<\/option><option value=\"57428\">13 &#8211; Bouches-du-Rh\u00f4ne<\/option><option value=\"57429\">14 &#8211; Calvados<\/option><option value=\"57430\">15 &#8211; Cantal<\/option><option value=\"57431\">16 &#8211; Charente<\/option><option value=\"57432\">17 &#8211; Charente-Maritime<\/option><option value=\"57433\">18 &#8211; Cher<\/option><option value=\"57434\">19 &#8211; Corr\u00e8ze<\/option><option value=\"57437\">21 &#8211; C\u00f4te-d\u2019Or<\/option><option value=\"57438\">22 &#8211; C\u00f4tes-d\u2019Armor<\/option><option value=\"57439\">23 &#8211; Creuse<\/option><option value=\"57440\">24 &#8211; Dordogne<\/option><option value=\"57441\">25 &#8211; Doubs<\/option><option value=\"57442\">26 &#8211; Dr\u00f4me<\/option><option value=\"57443\">27 &#8211; Eure<\/option><option value=\"57444\">28 &#8211; Eure-et-Loir<\/option><option value=\"57445\">29 &#8211; Finist\u00e8re<\/option><option value=\"57435\">2a &#8211; Corse-du-Sud<\/option><option value=\"57436\">2b &#8211; Haute Corse<\/option><option value=\"57446\">30 &#8211; Gard<\/option><option value=\"57447\">31 &#8211; Haute-Garonne<\/option><option value=\"57448\">32 &#8211; Gers<\/option><option value=\"57449\">33 &#8211; Gironde<\/option><option value=\"57450\">34 &#8211; H\u00e9rault<\/option><option value=\"57451\">35 &#8211; Ille-et-Vilaine<\/option><option value=\"57452\">36 &#8211; Indre<\/option><option value=\"57453\">37 &#8211; Indre-et-Loire<\/option><option value=\"57454\">38 &#8211; Is\u00e8re<\/option><option value=\"57455\">39 &#8211; Jura<\/option><option value=\"57456\">40 &#8211; Landes<\/option><option value=\"57457\">41 &#8211; Loir-et-Cher<\/option><option value=\"57458\">42 &#8211; Loire<\/option><option value=\"57459\">43 &#8211; Haute-Loire<\/option><option value=\"57460\">44 &#8211; Loire-Atlantique<\/option><option value=\"57461\">45 &#8211; Loiret<\/option><option value=\"57462\">46 &#8211; Lot<\/option><option value=\"57463\">47 &#8211; Lot-et-Garonne<\/option><option value=\"57464\">48 &#8211; Loz\u00e8re<\/option><option value=\"57465\">49 &#8211; Maine-et-Loire<\/option><option value=\"57466\">50 &#8211; Manche<\/option><option value=\"57467\">51 &#8211; Marne<\/option><option value=\"57468\">52 &#8211; Haute-Marne<\/option><option value=\"57469\">53 &#8211; Mayenne<\/option><option value=\"57470\">54 &#8211; Meurthe-et-Moselle<\/option><option value=\"57471\">55 &#8211; Meuse<\/option><option value=\"57472\">56 &#8211; Morbihan<\/option><option value=\"57473\">57 &#8211; Moselle<\/option><option value=\"57474\">58 &#8211; Ni\u00e8vre<\/option><option value=\"57475\">59 &#8211; Nord<\/option><option value=\"57476\">60 &#8211; Oise<\/option><option value=\"57477\">61 &#8211; Orne<\/option><option value=\"57478\">62 &#8211; Pas-de-Calais<\/option><option value=\"57479\">63 &#8211; Puy-de-D\u00f4me<\/option><option value=\"57480\">64 &#8211; Pyr\u00e9n\u00e9es-Atlantiques<\/option><option value=\"57481\">65 &#8211; Hautes Pyr\u00e9n\u00e9es<\/option><option value=\"57482\">66 &#8211; Pyr\u00e9n\u00e9es-Orientales<\/option><option value=\"57483\">67 &#8211; Bas-Rhin<\/option><option value=\"57484\">68 &#8211; Haut-Rhin<\/option><option value=\"57485\">69 &#8211; Rh\u00f4ne<\/option><option value=\"57486\">70 &#8211; Haute-Sa\u00f4ne<\/option><option value=\"57487\">71 &#8211; Sa\u00f4ne-et-Loire<\/option><option value=\"57488\">72 &#8211; Sarthe<\/option><option value=\"57489\">73 &#8211; Savoie<\/option><option value=\"57490\">74 &#8211; Haute-Savoie<\/option><option value=\"57491\">75 &#8211; Paris<\/option><option value=\"57492\">76 &#8211; Seine-Maritime<\/option><option value=\"57493\">77 &#8211; Seine-et-Marne<\/option><option value=\"57494\">78 &#8211; Yvelines<\/option><option value=\"57495\">79 &#8211; Deux-S\u00e8vres<\/option><option value=\"57496\">80 &#8211; Somme<\/option><option value=\"57497\">81 &#8211; Tarn<\/option><option value=\"57498\">82 &#8211; Tarn-et-Garonne<\/option><option value=\"57499\">83 &#8211; Var<\/option><option value=\"57500\">84 &#8211; Vaucluse<\/option><option value=\"57501\">85 &#8211; Vend\u00e9e<\/option><option value=\"57502\">86 &#8211; Vienne<\/option><option value=\"57503\">87 &#8211; Haute-Vienne<\/option><option value=\"57504\">88 &#8211; Vosges<\/option><option value=\"57505\">89 &#8211; Yonne<\/option><option value=\"57506\">90 &#8211; Territoire de Belfort<\/option><option value=\"57507\">91 &#8211; Essonne<\/option><option value=\"57508\">92 &#8211; Hauts-de-Seine<\/option><option value=\"57509\">93 &#8211; Seine-St-Denis<\/option><option value=\"57510\">94 &#8211; Val-de-Marne<\/option><option value=\"57511\">95 &#8211; Val-D\u2019Oise<\/option><\/select>        <\/form>\n\n        <div class=\"mycms-expert__list\">\n\n          \n<div class=\"vcard vcard-expert hidden\" data-localisation=\"57423,57425,57507,57467,57491,57493,57509\" data-modal=\"modal-ceed3a\">\n    <p class=\"n vcard-expert__contact\">\n        <span class=\"bullet\" style=\"background-color:#DF1E2D\"><\/span>\n        Pascal ROSIAK    <\/p>\n    <p class=\"tel vcard-expert__telephone\"><a href=\"tel:0673847041\" rel=\"nofollow\">06 73 84 70 41<\/a><\/p>\n    <p class=\"email vcard-expert__email\"><a href=\"ma&#105;&#x6c;to&#58;pro%73ia%&#x36;b&#64;%7&#x34;ub&#101;sc%6&#49;-c%6fmab%69.co%6d\" rel=\"nofollow\">pr&#x6f;&#115;&#x69;ak&#x40;tubesc&#x61;-co&#x6d;&#97;bi.co&#x6d;<\/a><\/p>\n\n    <div class=\"vcard-expert__modal-info\">\n                <p class=\"vcard-expert__title\">D\u00e9partements couverts :<\/p>\n            <p class=\"vcard-expert__departements\">Ardennes, Aube, Essonne, Marne, Paris, Seine-et-Marne, Seine-St-Denis<\/p>\n            <\/div>\n\n    <span class=\"vcard-expert__mappin\">Afficher les infos<\/span>\n<\/div>\n<div class=\"vcard vcard-expert hidden\" data-localisation=\"57416,57483,57437,57441,57484,57468,57486,57490,57454,57455,57470,57471,57473,57487,57489,57506,57504\" data-modal=\"modal-915520\">\n    <p class=\"n vcard-expert__contact\">\n        <span class=\"bullet\" style=\"background-color:#35363A\"><\/span>\n        Marc BASTIER    <\/p>\n    <p class=\"tel vcard-expert__telephone\"><a href=\"tel:0686570285\" rel=\"nofollow\">06 86 57 02 85<\/a><\/p>\n    <p class=\"email vcard-expert__email\"><a href=\"mail&#x74;o&#58;m%62&#x25;61sti&#x25;65%72&#x40;t%&#x37;5&#98;&#x65;%&#55;3&#99;a-coma&#x62;i&#x2e;c%6fm\" rel=\"nofollow\">mb&#97;s&#x74;&#x69;&#101;r&#64;tu&#x62;esca-co&#x6d;abi.co&#109;<\/a><\/p>\n\n    <div class=\"vcard-expert__modal-info\">\n                <p class=\"vcard-expert__title\">D\u00e9partements couverts :<\/p>\n            <p class=\"vcard-expert__departements\">Ain, Bas-Rhin, C\u00f4te-d\u2019Or, Doubs, Haut-Rhin, Haute-Marne, Haute-Sa\u00f4ne, Haute-Savoie, Is\u00e8re, Jura, Meurthe-et-Moselle, Meuse, Moselle, Sa\u00f4ne-et-Loire, Savoie, Territoire de Belfort, Vosges<\/p>\n            <\/div>\n\n    <span class=\"vcard-expert__mappin\">Afficher les infos<\/span>\n<\/div>\n<div class=\"vcard vcard-expert hidden\" data-localisation=\"57418,57422,57427,57430,57431,57432,57433,57434,57439,57495,57440,57442,57449,57459,57503,57420,57452,57458,57462,57463,57464,57474,57479,57485,57501,57502\" data-modal=\"modal-d5cfd9\">\n    <p class=\"n vcard-expert__contact\">\n        <span class=\"bullet\" style=\"background-color:#248793\"><\/span>\n        Sylvain MORIN    <\/p>\n    <p class=\"tel vcard-expert__telephone\"><a href=\"tel:0675657120\" rel=\"nofollow\">06 75 65 71 20<\/a><\/p>\n    <p class=\"email vcard-expert__email\"><a href=\"&#x6d;ai&#x6c;to&#58;s%6d&#111;r%69%&#x36;e&#64;&#116;u&#37;62esc%61&#x2d;comabi.%63o&#x25;6&#x64;\" rel=\"nofollow\">s&#x6d;o&#x72;i&#110;&#64;tub&#101;s&#99;a-c&#x6f;m&#x61;bi.co&#x6d;<\/a><\/p>\n\n    <div class=\"vcard-expert__modal-info\">\n                <p class=\"vcard-expert__title\">D\u00e9partements couverts :<\/p>\n            <p class=\"vcard-expert__departements\">Allier, Ard\u00e8che, Aveyron, Cantal, Charente, Charente-Maritime, Cher, Corr\u00e8ze, Creuse, Deux-S\u00e8vres, Dordogne, Dr\u00f4me, Gironde, Haute-Loire, Haute-Vienne, Hautes-Alpes, Indre, Loire, Lot, Lot-et-Garonne, Loz\u00e8re, Ni\u00e8vre, Puy-de-D\u00f4me, Rh\u00f4ne, Vend\u00e9e, Vienne<\/p>\n            <\/div>\n\n    <span class=\"vcard-expert__mappin\">Afficher les infos<\/span>\n<\/div>\n<div class=\"vcard vcard-expert hidden\" data-localisation=\"57419,57421,57424,57426,57428,57435,57446,57448,57436,57447,57481,57450,57456,57480,57482,57497,57498,57499,57500\" data-modal=\"modal-a409e3\">\n    <p class=\"n vcard-expert__contact\">\n        <span class=\"bullet\" style=\"background-color:#4382C1\"><\/span>\n        Philippe MATHEVON    <\/p>\n    <p class=\"tel vcard-expert__telephone\"><a href=\"tel:0671607009\" rel=\"nofollow\">06 71 60 70 09<\/a><\/p>\n    <p class=\"email vcard-expert__email\"><a href=\"&#109;ai&#x6c;t&#x6f;&#x3a;pm&#97;th%6&#x35;%76o&#x25;6&#101;&#64;tu&#37;62e&#x73;c&#x61;%2dc&#111;&#109;abi.&#99;o%6d\" rel=\"nofollow\">pmathevon&#x40;&#x74;&#117;&#x62;esca-c&#x6f;mabi.com<\/a><\/p>\n\n    <div class=\"vcard-expert__modal-info\">\n                <p class=\"vcard-expert__title\">D\u00e9partements couverts :<\/p>\n            <p class=\"vcard-expert__departements\">Alpes-de-Haute-Provence, Alpes-Maritimes, Ari\u00e8ge, Aude, Bouches-du-Rh\u00f4ne, Corse-du-Sud, Gard, Gers, Haute Corse, Haute-Garonne, Hautes Pyr\u00e9n\u00e9es, H\u00e9rault, Landes, Pyr\u00e9n\u00e9es-Atlantiques, Pyr\u00e9n\u00e9es-Orientales, Tarn, Tarn-et-Garonne, Var, Vaucluse<\/p>\n            <\/div>\n\n    <span class=\"vcard-expert__mappin\">Afficher les infos<\/span>\n<\/div>\n<div class=\"vcard vcard-expert hidden\" data-localisation=\"57417,57429,57443,57444,57466,57475,57476,57477,57478,57492,57496,57511,57494\" data-modal=\"modal-0a9fa6\">\n    <p class=\"n vcard-expert__contact\">\n        <span class=\"bullet\" style=\"background-color:#EE6700\"><\/span>\n        Jean-Philippe THEBAULT    <\/p>\n    <p class=\"tel vcard-expert__telephone\"><a href=\"tel:0688383672\" rel=\"nofollow\">06 88 38 36 72<\/a><\/p>\n    <p class=\"email vcard-expert__email\"><a href=\"mailto&#x3a;j%74heba&#117;%6&#99;&#64;tube%7&#x33;c%61-com%&#54;1&#x62;i.&#37;6&#x33;om\" rel=\"nofollow\">jthebaul&#x40;&#116;ubesc&#x61;-c&#111;mabi&#46;&#99;om<\/a><\/p>\n\n    <div class=\"vcard-expert__modal-info\">\n                <p class=\"vcard-expert__title\">D\u00e9partements couverts :<\/p>\n            <p class=\"vcard-expert__departements\">Aisne, Calvados, Eure, Eure-et-Loir, Manche, Nord, Oise, Orne, Pas-de-Calais, Seine-Maritime, Somme, Val-D\u2019Oise, Yvelines<\/p>\n            <\/div>\n\n    <span class=\"vcard-expert__mappin\">Afficher les infos<\/span>\n<\/div>\n        <\/div>\n\n      <\/div>\n\n    <\/div>\n\n  <\/div>\n<\/section>\n\n\n<div class=\"mycms-modal-showing\"><\/div>\n<div class=\"mycms-modal mycms-modal--expert hidden\">\n    <span class=\"icon-close\">\n      <svg width=\"28\" height=\"28\" viewBox=\"0 0 28 28\" fill=\"none\" xmlns=\"http:\/\/www.w3.org\/2000\/svg\">\n        <path fill-rule=\"evenodd\" clip-rule=\"evenodd\" d=\"M19.6653 13.9998L26.7468 21.0813C27.529 21.8635 27.529 23.1317 26.7468 23.9139L23.9142 26.7465C23.132 27.5287 21.8638 27.5287 21.0816 26.7465L14.0001 19.665L6.91857 26.7465C6.13638 27.5287 4.86819 27.5287 4.086 26.7465L1.25339 23.9139C0.4712 23.1317 0.4712 21.8635 1.25339 21.0813L8.3349 13.9998L1.25339 6.91833C0.4712 6.13614 0.4712 4.86795 1.25339 4.08576L4.086 1.25315C4.86819 0.470956 6.13638 0.470956 6.91857 1.25315L14.0001 8.33465L21.0816 1.25315C21.8638 0.470956 23.132 0.470956 23.9142 1.25315L26.7468 4.08576C27.529 4.86795 27.529 6.13614 26.7468 6.91833L19.6653 13.9998Z\" fill=\"#EE6700\"\/>\n      <\/svg>\n    <\/span>\n    <div class=\"mycms-modal--content\"><\/div>\n<\/div>","protected":false},"excerpt":{"rendered":"","protected":false},"author":1,"featured_media":0,"parent":0,"menu_order":0,"comment_status":"closed","ping_status":"closed","template":"","meta":{"_acf_changed":false,"ep_exclude_from_search":false,"footnotes":""},"class_list":["post-15963","page","type-page","status-publish","hentry"],"acf":[],"yoast_head":"<!-- This site is optimized with the Yoast SEO plugin v27.4 - https:\/\/yoast.com\/product\/yoast-seo-wordpress\/ -->\n<title>Mes experts France grands comptes - Tubesca Comabi<\/title>\n<meta name=\"robots\" content=\"noindex, follow, max-snippet:-1, max-image-preview:large, max-video-preview:-1\" \/>\n<meta property=\"og:locale\" content=\"fr_FR\" \/>\n<meta property=\"og:type\" content=\"article\" \/>\n<meta property=\"og:title\" content=\"Mes experts France grands comptes - Tubesca Comabi\" \/>\n<meta property=\"og:url\" content=\"https:\/\/prod.tubesca-comabi.com\/fr\/mes-experts-france-grands-comptes\/\" \/>\n<meta property=\"og:site_name\" content=\"Tubesca Comabi\" \/>\n<meta property=\"article:publisher\" content=\"https:\/\/www.facebook.com\/tubescacomabi\/\" \/>\n<meta property=\"article:modified_time\" content=\"2023-04-07T12:12:48+00:00\" \/>\n<meta name=\"twitter:card\" content=\"summary_large_image\" \/>\n<meta name=\"twitter:site\" content=\"@tubesca_comabi\" \/>\n<script type=\"application\/ld+json\" class=\"yoast-schema-graph\">{\"@context\":\"https:\\\/\\\/schema.org\",\"@graph\":[{\"@type\":\"WebPage\",\"@id\":\"https:\\\/\\\/prod.tubesca-comabi.com\\\/fr\\\/mes-experts-france-grands-comptes\\\/\",\"url\":\"https:\\\/\\\/prod.tubesca-comabi.com\\\/fr\\\/mes-experts-france-grands-comptes\\\/\",\"name\":\"Mes experts France grands comptes - Tubesca Comabi\",\"isPartOf\":{\"@id\":\"https:\\\/\\\/prod.tubesca-comabi.com\\\/fr\\\/#website\"},\"datePublished\":\"2023-04-07T12:12:44+00:00\",\"dateModified\":\"2023-04-07T12:12:48+00:00\",\"breadcrumb\":{\"@id\":\"https:\\\/\\\/prod.tubesca-comabi.com\\\/fr\\\/mes-experts-france-grands-comptes\\\/#breadcrumb\"},\"inLanguage\":\"fr-FR\",\"potentialAction\":[{\"@type\":\"ReadAction\",\"target\":[\"https:\\\/\\\/prod.tubesca-comabi.com\\\/fr\\\/mes-experts-france-grands-comptes\\\/\"]}]},{\"@type\":\"BreadcrumbList\",\"@id\":\"https:\\\/\\\/prod.tubesca-comabi.com\\\/fr\\\/mes-experts-france-grands-comptes\\\/#breadcrumb\",\"itemListElement\":[{\"@type\":\"ListItem\",\"position\":1,\"name\":\"Tubesca-Comabi\",\"item\":\"https:\\\/\\\/prod.tubesca-comabi.com\\\/fr\\\/\"},{\"@type\":\"ListItem\",\"position\":2,\"name\":\"Mes experts France grands comptes\"}]},{\"@type\":\"WebSite\",\"@id\":\"https:\\\/\\\/prod.tubesca-comabi.com\\\/fr\\\/#website\",\"url\":\"https:\\\/\\\/prod.tubesca-comabi.com\\\/fr\\\/\",\"name\":\"Tubesca Comabi\",\"description\":\"Une entreprise du groupe Fr\u00e9n\u00e9hard &amp; Michaux\",\"publisher\":{\"@id\":\"https:\\\/\\\/prod.tubesca-comabi.com\\\/fr\\\/#organization\"},\"potentialAction\":[{\"@type\":\"SearchAction\",\"target\":{\"@type\":\"EntryPoint\",\"urlTemplate\":\"https:\\\/\\\/prod.tubesca-comabi.com\\\/fr\\\/?s={search_term_string}\"},\"query-input\":{\"@type\":\"PropertyValueSpecification\",\"valueRequired\":true,\"valueName\":\"search_term_string\"}}],\"inLanguage\":\"fr-FR\"},{\"@type\":\"Organization\",\"@id\":\"https:\\\/\\\/prod.tubesca-comabi.com\\\/fr\\\/#organization\",\"name\":\"Tubesca Comabi\",\"url\":\"https:\\\/\\\/prod.tubesca-comabi.com\\\/fr\\\/\",\"logo\":{\"@type\":\"ImageObject\",\"inLanguage\":\"fr-FR\",\"@id\":\"https:\\\/\\\/prod.tubesca-comabi.com\\\/fr\\\/#\\\/schema\\\/logo\\\/image\\\/\",\"url\":\"https:\\\/\\\/prod.tubesca-comabi.com\\\/wp-content\\\/uploads\\\/sites\\\/3\\\/2022\\\/12\\\/tubesca-comabi_logo_0.png\",\"contentUrl\":\"https:\\\/\\\/prod.tubesca-comabi.com\\\/wp-content\\\/uploads\\\/sites\\\/3\\\/2022\\\/12\\\/tubesca-comabi_logo_0.png\",\"width\":426,\"height\":54,\"caption\":\"Tubesca Comabi\"},\"image\":{\"@id\":\"https:\\\/\\\/prod.tubesca-comabi.com\\\/fr\\\/#\\\/schema\\\/logo\\\/image\\\/\"},\"sameAs\":[\"https:\\\/\\\/www.facebook.com\\\/tubescacomabi\\\/\",\"https:\\\/\\\/x.com\\\/tubesca_comabi\",\"https:\\\/\\\/www.youtube.com\\\/channel\\\/UCiiudWOV9mAvU9c7VkV4kmA\",\"https:\\\/\\\/www.linkedin.com\\\/company\\\/tubesca-comabi\",\"https:\\\/\\\/www.instagram.com\\\/tubesca.comabi\\\/\"]}]}<\/script>\n<!-- \/ Yoast SEO plugin. -->","yoast_head_json":{"title":"Mes experts France grands comptes - Tubesca Comabi","robots":{"index":"noindex","follow":"follow","max-snippet":"max-snippet:-1","max-image-preview":"max-image-preview:large","max-video-preview":"max-video-preview:-1"},"og_locale":"fr_FR","og_type":"article","og_title":"Mes experts France grands comptes - Tubesca Comabi","og_url":"https:\/\/prod.tubesca-comabi.com\/fr\/mes-experts-france-grands-comptes\/","og_site_name":"Tubesca Comabi","article_publisher":"https:\/\/www.facebook.com\/tubescacomabi\/","article_modified_time":"2023-04-07T12:12:48+00:00","twitter_card":"summary_large_image","twitter_site":"@tubesca_comabi","schema":{"@context":"https:\/\/schema.org","@graph":[{"@type":"WebPage","@id":"https:\/\/prod.tubesca-comabi.com\/fr\/mes-experts-france-grands-comptes\/","url":"https:\/\/prod.tubesca-comabi.com\/fr\/mes-experts-france-grands-comptes\/","name":"Mes experts France grands comptes - Tubesca Comabi","isPartOf":{"@id":"https:\/\/prod.tubesca-comabi.com\/fr\/#website"},"datePublished":"2023-04-07T12:12:44+00:00","dateModified":"2023-04-07T12:12:48+00:00","breadcrumb":{"@id":"https:\/\/prod.tubesca-comabi.com\/fr\/mes-experts-france-grands-comptes\/#breadcrumb"},"inLanguage":"fr-FR","potentialAction":[{"@type":"ReadAction","target":["https:\/\/prod.tubesca-comabi.com\/fr\/mes-experts-france-grands-comptes\/"]}]},{"@type":"BreadcrumbList","@id":"https:\/\/prod.tubesca-comabi.com\/fr\/mes-experts-france-grands-comptes\/#breadcrumb","itemListElement":[{"@type":"ListItem","position":1,"name":"Tubesca-Comabi","item":"https:\/\/prod.tubesca-comabi.com\/fr\/"},{"@type":"ListItem","position":2,"name":"Mes experts France grands comptes"}]},{"@type":"WebSite","@id":"https:\/\/prod.tubesca-comabi.com\/fr\/#website","url":"https:\/\/prod.tubesca-comabi.com\/fr\/","name":"Tubesca Comabi","description":"Une entreprise du groupe Fr\u00e9n\u00e9hard &amp; Michaux","publisher":{"@id":"https:\/\/prod.tubesca-comabi.com\/fr\/#organization"},"potentialAction":[{"@type":"SearchAction","target":{"@type":"EntryPoint","urlTemplate":"https:\/\/prod.tubesca-comabi.com\/fr\/?s={search_term_string}"},"query-input":{"@type":"PropertyValueSpecification","valueRequired":true,"valueName":"search_term_string"}}],"inLanguage":"fr-FR"},{"@type":"Organization","@id":"https:\/\/prod.tubesca-comabi.com\/fr\/#organization","name":"Tubesca Comabi","url":"https:\/\/prod.tubesca-comabi.com\/fr\/","logo":{"@type":"ImageObject","inLanguage":"fr-FR","@id":"https:\/\/prod.tubesca-comabi.com\/fr\/#\/schema\/logo\/image\/","url":"https:\/\/prod.tubesca-comabi.com\/wp-content\/uploads\/sites\/3\/2022\/12\/tubesca-comabi_logo_0.png","contentUrl":"https:\/\/prod.tubesca-comabi.com\/wp-content\/uploads\/sites\/3\/2022\/12\/tubesca-comabi_logo_0.png","width":426,"height":54,"caption":"Tubesca Comabi"},"image":{"@id":"https:\/\/prod.tubesca-comabi.com\/fr\/#\/schema\/logo\/image\/"},"sameAs":["https:\/\/www.facebook.com\/tubescacomabi\/","https:\/\/x.com\/tubesca_comabi","https:\/\/www.youtube.com\/channel\/UCiiudWOV9mAvU9c7VkV4kmA","https:\/\/www.linkedin.com\/company\/tubesca-comabi","https:\/\/www.instagram.com\/tubesca.comabi\/"]}]}},"_links":{"self":[{"href":"https:\/\/prod.tubesca-comabi.com\/fr\/wp-json\/wp\/v2\/pages\/15963","targetHints":{"allow":["GET"]}}],"collection":[{"href":"https:\/\/prod.tubesca-comabi.com\/fr\/wp-json\/wp\/v2\/pages"}],"about":[{"href":"https:\/\/prod.tubesca-comabi.com\/fr\/wp-json\/wp\/v2\/types\/page"}],"author":[{"embeddable":true,"href":"https:\/\/prod.tubesca-comabi.com\/fr\/wp-json\/wp\/v2\/users\/1"}],"replies":[{"embeddable":true,"href":"https:\/\/prod.tubesca-comabi.com\/fr\/wp-json\/wp\/v2\/comments?post=15963"}],"version-history":[{"count":1,"href":"https:\/\/prod.tubesca-comabi.com\/fr\/wp-json\/wp\/v2\/pages\/15963\/revisions"}],"predecessor-version":[{"id":15964,"href":"https:\/\/prod.tubesca-comabi.com\/fr\/wp-json\/wp\/v2\/pages\/15963\/revisions\/15964"}],"wp:attachment":[{"href":"https:\/\/prod.tubesca-comabi.com\/fr\/wp-json\/wp\/v2\/media?parent=15963"}],"curies":[{"name":"wp","href":"https:\/\/api.w.org\/{rel}","templated":true}]}}