{"id":118,"date":"2022-12-13T13:39:46","date_gmt":"2022-12-13T12:39:46","guid":{"rendered":"https:\/\/prod.tubesca-comabi.com\/?page_id=118"},"modified":"2023-10-24T11:22:24","modified_gmt":"2023-10-24T09:22:24","slug":"bureau-d-etude","status":"publish","type":"page","link":"https:\/\/prod.tubesca-comabi.com\/fr\/bureau-d-etude\/","title":{"rendered":"Bureau d&#8217;\u00e9tudes"},"content":{"rendered":"\n<figure class=\"wp-block-image alignfull size-large\"><img loading=\"lazy\" decoding=\"async\" width=\"1024\" height=\"201\" src=\"https:\/\/prod.tubesca-comabi.com\/wp-content\/uploads\/sites\/3\/2023\/10\/be-tx-1024x201.jpg\" alt=\"\" class=\"wp-image-114455\" srcset=\"https:\/\/prod.tubesca-comabi.com\/wp-content\/uploads\/sites\/3\/2023\/10\/be-tx-1024x201.jpg 1024w, https:\/\/prod.tubesca-comabi.com\/wp-content\/uploads\/sites\/3\/2023\/10\/be-tx-600x118.jpg 600w, https:\/\/prod.tubesca-comabi.com\/wp-content\/uploads\/sites\/3\/2023\/10\/be-tx-300x59.jpg 300w, https:\/\/prod.tubesca-comabi.com\/wp-content\/uploads\/sites\/3\/2023\/10\/be-tx-768x151.jpg 768w, https:\/\/prod.tubesca-comabi.com\/wp-content\/uploads\/sites\/3\/2023\/10\/be-tx-1536x301.jpg 1536w, https:\/\/prod.tubesca-comabi.com\/wp-content\/uploads\/sites\/3\/2023\/10\/be-tx-2048x402.jpg 2048w\" sizes=\"auto, (max-width: 1024px) 100vw, 1024px\" \/><\/figure>\n\n\n\n<p class=\"has-text-align-center has-mycms-antracite-color has-text-color\">Tubesca-Comabi dispose de trois Bureaux d&#8217;\u00c9tudes int\u00e9gr\u00e9s et sp\u00e9cialis\u00e9s afin d&#8217;offrir un accompagnement complet \u00e0 ses clients.<\/p>\n\n\n\n<div class=\"wp-block-columns is-layout-flex wp-container-core-columns-is-layout-9d6595d7 wp-block-columns-is-layout-flex\">\n<div class=\"wp-block-column is-vertically-aligned-top is-layout-flow wp-block-column-is-layout-flow\">\n<figure class=\"wp-block-image aligncenter size-full is-resized\"><img loading=\"lazy\" decoding=\"async\" src=\"https:\/\/prod.tubesca-comabi.com\/wp-content\/uploads\/sites\/3\/2023\/02\/standard.svg\" alt=\"\" class=\"wp-image-10355\" width=\"75\" height=\"75\"\/><\/figure>\n\n\n\n<h2 class=\"wp-block-heading\" id=\"un-bureau-d-etudes-dedie-au-developpement-des-produits-standards-1\"><strong>Un bureau d&#8217;\u00e9tudes d\u00e9di\u00e9 au d\u00e9veloppement des produits standards<\/strong><\/h2>\n\n\n\n<figure class=\"wp-block-image size-full\"><img loading=\"lazy\" decoding=\"async\" width=\"593\" height=\"593\" src=\"https:\/\/prod.tubesca-comabi.com\/wp-content\/uploads\/sites\/3\/2023\/03\/produits-standards.jpg\" alt=\"\" class=\"wp-image-11758\" srcset=\"https:\/\/prod.tubesca-comabi.com\/wp-content\/uploads\/sites\/3\/2023\/03\/produits-standards.jpg 593w, https:\/\/prod.tubesca-comabi.com\/wp-content\/uploads\/sites\/3\/2023\/03\/produits-standards-300x300.jpg 300w, https:\/\/prod.tubesca-comabi.com\/wp-content\/uploads\/sites\/3\/2023\/03\/produits-standards-150x150.jpg 150w, https:\/\/prod.tubesca-comabi.com\/wp-content\/uploads\/sites\/3\/2023\/03\/produits-standards-100x100.jpg 100w\" sizes=\"auto, (max-width: 593px) 100vw, 593px\" \/><\/figure>\n\n\n\n<p class=\"has-mycms-antracite-color has-text-color\">Une \u00e9quipe d\u00e9di\u00e9e \u00e0 la conception des produits catalogue.<\/p>\n<\/div>\n\n\n\n<div class=\"wp-block-column is-layout-flow wp-block-column-is-layout-flow\">\n<figure class=\"wp-block-image aligncenter size-full is-resized\"><img loading=\"lazy\" decoding=\"async\" src=\"https:\/\/prod.tubesca-comabi.com\/wp-content\/uploads\/sites\/3\/2023\/02\/sur-mesure.svg\" alt=\"\" class=\"wp-image-10350\" width=\"75\" height=\"75\"\/><\/figure>\n\n\n\n<h2 class=\"wp-block-heading\" id=\"un-bureau-d-etudes-dedie-a-ses-solutions-sur-mesure-1\"><strong>Un bureau d&#8217;\u00e9tudes d\u00e9di\u00e9 \u00e0 ses solutions sur-mesure<\/strong><\/h2>\n\n\n\n<figure class=\"wp-block-image size-full\"><img loading=\"lazy\" decoding=\"async\" width=\"593\" height=\"593\" src=\"https:\/\/prod.tubesca-comabi.com\/wp-content\/uploads\/sites\/3\/2023\/03\/produits-sur-mesure.jpg\" alt=\"\" class=\"wp-image-11763\" srcset=\"https:\/\/prod.tubesca-comabi.com\/wp-content\/uploads\/sites\/3\/2023\/03\/produits-sur-mesure.jpg 593w, https:\/\/prod.tubesca-comabi.com\/wp-content\/uploads\/sites\/3\/2023\/03\/produits-sur-mesure-300x300.jpg 300w, https:\/\/prod.tubesca-comabi.com\/wp-content\/uploads\/sites\/3\/2023\/03\/produits-sur-mesure-150x150.jpg 150w, https:\/\/prod.tubesca-comabi.com\/wp-content\/uploads\/sites\/3\/2023\/03\/produits-sur-mesure-100x100.jpg 100w\" sizes=\"auto, (max-width: 593px) 100vw, 593px\" \/><\/figure>\n\n\n\n<p class=\"has-mycms-antracite-color has-text-color\">Des solutions imagin\u00e9es pour ses clients selon les situations et probl\u00e9matiques chantiers dans l&#8217;industrie, le transport et l&#8217;a\u00e9ronautique.<\/p>\n<\/div>\n\n\n\n<div class=\"wp-block-column is-layout-flow wp-block-column-is-layout-flow\">\n<figure class=\"wp-block-image aligncenter size-full is-resized\"><img loading=\"lazy\" decoding=\"async\" src=\"https:\/\/prod.tubesca-comabi.com\/wp-content\/uploads\/sites\/3\/2023\/02\/chantiers.svg\" alt=\"\" class=\"wp-image-10360\" width=\"75\" height=\"75\"\/><\/figure>\n\n\n\n<h2 class=\"wp-block-heading\" id=\"un-bureau-d-etudes-specifique-aux-applications-chantiers-1\"><strong>Un bureau d&#8217;\u00e9tudes sp\u00e9cifique aux applications chantiers<\/strong><\/h2>\n\n\n\n<figure class=\"wp-block-image size-full\"><img loading=\"lazy\" decoding=\"async\" width=\"593\" height=\"593\" src=\"https:\/\/prod.tubesca-comabi.com\/wp-content\/uploads\/sites\/3\/2023\/03\/chantiers-emblematiques.jpg\" alt=\"\" class=\"wp-image-11768\" srcset=\"https:\/\/prod.tubesca-comabi.com\/wp-content\/uploads\/sites\/3\/2023\/03\/chantiers-emblematiques.jpg 593w, https:\/\/prod.tubesca-comabi.com\/wp-content\/uploads\/sites\/3\/2023\/03\/chantiers-emblematiques-300x300.jpg 300w, https:\/\/prod.tubesca-comabi.com\/wp-content\/uploads\/sites\/3\/2023\/03\/chantiers-emblematiques-150x150.jpg 150w, https:\/\/prod.tubesca-comabi.com\/wp-content\/uploads\/sites\/3\/2023\/03\/chantiers-emblematiques-100x100.jpg 100w\" sizes=\"auto, (max-width: 593px) 100vw, 593px\" \/><\/figure>\n\n\n\n<p class=\"has-mycms-antracite-color has-text-color\">Un Bureau d&#8217;\u00c9tudes sp\u00e9cifique aux applications chantiers : d\u00e9di\u00e9 aux loueurs et grands comptes, une \u00e9quipe d&#8217;ing\u00e9nieurs accompagne diff\u00e9rents clients pour la r\u00e9alisation des plans, notes de calculs et nomenclatures.<\/p>\n<\/div>\n<\/div>\n","protected":false},"excerpt":{"rendered":"<p>Tubesca-Comabi dispose de trois Bureaux d&#8217;\u00c9tudes int\u00e9gr\u00e9s et sp\u00e9cialis\u00e9s afin d&#8217;offrir un accompagnement complet \u00e0 ses clients. Un bureau d&#8217;\u00e9tudes d\u00e9di\u00e9 au d\u00e9veloppement des produits standards Une \u00e9quipe d\u00e9di\u00e9e \u00e0 la conception des produits catalogue. Un bureau d&#8217;\u00e9tudes d\u00e9di\u00e9 \u00e0 ses solutions sur-mesure Des solutions imagin\u00e9es pour ses clients selon les situations et probl\u00e9matiques chantiers [&hellip;]<\/p>\n","protected":false},"author":1,"featured_media":0,"parent":0,"menu_order":0,"comment_status":"closed","ping_status":"closed","template":"","meta":{"_acf_changed":false,"ep_exclude_from_search":false,"footnotes":""},"class_list":["post-118","page","type-page","status-publish","hentry"],"acf":[],"yoast_head":"<!-- This site is optimized with the Yoast SEO plugin v27.3 - https:\/\/yoast.com\/product\/yoast-seo-wordpress\/ -->\n<title>Bureau d&#039;\u00e9tudes - Tubesca Comabi<\/title>\n<meta name=\"robots\" content=\"noindex, follow, max-snippet:-1, max-image-preview:large, max-video-preview:-1\" \/>\n<meta property=\"og:locale\" content=\"fr_FR\" \/>\n<meta property=\"og:type\" content=\"article\" \/>\n<meta property=\"og:title\" content=\"Bureau d&#039;\u00e9tudes - Tubesca Comabi\" \/>\n<meta property=\"og:description\" content=\"Tubesca-Comabi dispose de trois Bureaux d&#8217;\u00c9tudes int\u00e9gr\u00e9s et sp\u00e9cialis\u00e9s afin d&#8217;offrir un accompagnement complet \u00e0 ses clients. Un bureau d&#8217;\u00e9tudes d\u00e9di\u00e9 au d\u00e9veloppement des produits standards Une \u00e9quipe d\u00e9di\u00e9e \u00e0 la conception des produits catalogue. Un bureau d&#8217;\u00e9tudes d\u00e9di\u00e9 \u00e0 ses solutions sur-mesure Des solutions imagin\u00e9es pour ses clients selon les situations et probl\u00e9matiques chantiers [&hellip;]\" \/>\n<meta property=\"og:url\" content=\"https:\/\/prod.tubesca-comabi.com\/fr\/bureau-d-etude\/\" \/>\n<meta property=\"og:site_name\" content=\"Tubesca Comabi\" \/>\n<meta property=\"article:publisher\" content=\"https:\/\/www.facebook.com\/tubescacomabi\/\" \/>\n<meta property=\"article:modified_time\" content=\"2023-10-24T09:22:24+00:00\" \/>\n<meta property=\"og:image\" content=\"https:\/\/prod.tubesca-comabi.com\/wp-content\/uploads\/sites\/3\/2023\/10\/be-tx-1024x201.jpg\" \/>\n<meta name=\"twitter:card\" content=\"summary_large_image\" \/>\n<meta name=\"twitter:site\" content=\"@tubesca_comabi\" \/>\n<meta name=\"twitter:label1\" content=\"Dur\u00e9e de lecture estim\u00e9e\" \/>\n\t<meta name=\"twitter:data1\" content=\"2 minutes\" \/>\n<script type=\"application\/ld+json\" class=\"yoast-schema-graph\">{\"@context\":\"https:\\\/\\\/schema.org\",\"@graph\":[{\"@type\":\"WebPage\",\"@id\":\"https:\\\/\\\/prod.tubesca-comabi.com\\\/fr\\\/bureau-d-etude\\\/\",\"url\":\"https:\\\/\\\/prod.tubesca-comabi.com\\\/fr\\\/bureau-d-etude\\\/\",\"name\":\"Bureau d'\u00e9tudes - Tubesca Comabi\",\"isPartOf\":{\"@id\":\"https:\\\/\\\/prod.tubesca-comabi.com\\\/fr\\\/#website\"},\"primaryImageOfPage\":{\"@id\":\"https:\\\/\\\/prod.tubesca-comabi.com\\\/fr\\\/bureau-d-etude\\\/#primaryimage\"},\"image\":{\"@id\":\"https:\\\/\\\/prod.tubesca-comabi.com\\\/fr\\\/bureau-d-etude\\\/#primaryimage\"},\"thumbnailUrl\":\"https:\\\/\\\/prod.tubesca-comabi.com\\\/wp-content\\\/uploads\\\/sites\\\/3\\\/2023\\\/10\\\/be-tx-1024x201.jpg\",\"datePublished\":\"2022-12-13T12:39:46+00:00\",\"dateModified\":\"2023-10-24T09:22:24+00:00\",\"breadcrumb\":{\"@id\":\"https:\\\/\\\/prod.tubesca-comabi.com\\\/fr\\\/bureau-d-etude\\\/#breadcrumb\"},\"inLanguage\":\"fr-FR\",\"potentialAction\":[{\"@type\":\"ReadAction\",\"target\":[\"https:\\\/\\\/prod.tubesca-comabi.com\\\/fr\\\/bureau-d-etude\\\/\"]}]},{\"@type\":\"ImageObject\",\"inLanguage\":\"fr-FR\",\"@id\":\"https:\\\/\\\/prod.tubesca-comabi.com\\\/fr\\\/bureau-d-etude\\\/#primaryimage\",\"url\":\"https:\\\/\\\/prod.tubesca-comabi.com\\\/wp-content\\\/uploads\\\/sites\\\/3\\\/2023\\\/10\\\/be-tx-1024x201.jpg\",\"contentUrl\":\"https:\\\/\\\/prod.tubesca-comabi.com\\\/wp-content\\\/uploads\\\/sites\\\/3\\\/2023\\\/10\\\/be-tx-1024x201.jpg\"},{\"@type\":\"BreadcrumbList\",\"@id\":\"https:\\\/\\\/prod.tubesca-comabi.com\\\/fr\\\/bureau-d-etude\\\/#breadcrumb\",\"itemListElement\":[{\"@type\":\"ListItem\",\"position\":1,\"name\":\"Tubesca-Comabi\",\"item\":\"https:\\\/\\\/prod.tubesca-comabi.com\\\/fr\\\/\"},{\"@type\":\"ListItem\",\"position\":2,\"name\":\"Bureau d&#8217;\u00e9tudes\"}]},{\"@type\":\"WebSite\",\"@id\":\"https:\\\/\\\/prod.tubesca-comabi.com\\\/fr\\\/#website\",\"url\":\"https:\\\/\\\/prod.tubesca-comabi.com\\\/fr\\\/\",\"name\":\"Tubesca Comabi\",\"description\":\"Une entreprise du groupe Fr\u00e9n\u00e9hard &amp; Michaux\",\"publisher\":{\"@id\":\"https:\\\/\\\/prod.tubesca-comabi.com\\\/fr\\\/#organization\"},\"potentialAction\":[{\"@type\":\"SearchAction\",\"target\":{\"@type\":\"EntryPoint\",\"urlTemplate\":\"https:\\\/\\\/prod.tubesca-comabi.com\\\/fr\\\/?s={search_term_string}\"},\"query-input\":{\"@type\":\"PropertyValueSpecification\",\"valueRequired\":true,\"valueName\":\"search_term_string\"}}],\"inLanguage\":\"fr-FR\"},{\"@type\":\"Organization\",\"@id\":\"https:\\\/\\\/prod.tubesca-comabi.com\\\/fr\\\/#organization\",\"name\":\"Tubesca Comabi\",\"url\":\"https:\\\/\\\/prod.tubesca-comabi.com\\\/fr\\\/\",\"logo\":{\"@type\":\"ImageObject\",\"inLanguage\":\"fr-FR\",\"@id\":\"https:\\\/\\\/prod.tubesca-comabi.com\\\/fr\\\/#\\\/schema\\\/logo\\\/image\\\/\",\"url\":\"https:\\\/\\\/prod.tubesca-comabi.com\\\/wp-content\\\/uploads\\\/sites\\\/3\\\/2022\\\/12\\\/tubesca-comabi_logo_0.png\",\"contentUrl\":\"https:\\\/\\\/prod.tubesca-comabi.com\\\/wp-content\\\/uploads\\\/sites\\\/3\\\/2022\\\/12\\\/tubesca-comabi_logo_0.png\",\"width\":426,\"height\":54,\"caption\":\"Tubesca Comabi\"},\"image\":{\"@id\":\"https:\\\/\\\/prod.tubesca-comabi.com\\\/fr\\\/#\\\/schema\\\/logo\\\/image\\\/\"},\"sameAs\":[\"https:\\\/\\\/www.facebook.com\\\/tubescacomabi\\\/\",\"https:\\\/\\\/x.com\\\/tubesca_comabi\",\"https:\\\/\\\/www.youtube.com\\\/channel\\\/UCiiudWOV9mAvU9c7VkV4kmA\",\"https:\\\/\\\/www.linkedin.com\\\/company\\\/tubesca-comabi\",\"https:\\\/\\\/www.instagram.com\\\/tubesca.comabi\\\/\"]}]}<\/script>\n<!-- \/ Yoast SEO plugin. -->","yoast_head_json":{"title":"Bureau d'\u00e9tudes - Tubesca Comabi","robots":{"index":"noindex","follow":"follow","max-snippet":"max-snippet:-1","max-image-preview":"max-image-preview:large","max-video-preview":"max-video-preview:-1"},"og_locale":"fr_FR","og_type":"article","og_title":"Bureau d'\u00e9tudes - Tubesca Comabi","og_description":"Tubesca-Comabi dispose de trois Bureaux d&#8217;\u00c9tudes int\u00e9gr\u00e9s et sp\u00e9cialis\u00e9s afin d&#8217;offrir un accompagnement complet \u00e0 ses clients. Un bureau d&#8217;\u00e9tudes d\u00e9di\u00e9 au d\u00e9veloppement des produits standards Une \u00e9quipe d\u00e9di\u00e9e \u00e0 la conception des produits catalogue. Un bureau d&#8217;\u00e9tudes d\u00e9di\u00e9 \u00e0 ses solutions sur-mesure Des solutions imagin\u00e9es pour ses clients selon les situations et probl\u00e9matiques chantiers [&hellip;]","og_url":"https:\/\/prod.tubesca-comabi.com\/fr\/bureau-d-etude\/","og_site_name":"Tubesca Comabi","article_publisher":"https:\/\/www.facebook.com\/tubescacomabi\/","article_modified_time":"2023-10-24T09:22:24+00:00","og_image":[{"url":"https:\/\/prod.tubesca-comabi.com\/wp-content\/uploads\/sites\/3\/2023\/10\/be-tx-1024x201.jpg","type":"","width":"","height":""}],"twitter_card":"summary_large_image","twitter_site":"@tubesca_comabi","twitter_misc":{"Dur\u00e9e de lecture estim\u00e9e":"2 minutes"},"schema":{"@context":"https:\/\/schema.org","@graph":[{"@type":"WebPage","@id":"https:\/\/prod.tubesca-comabi.com\/fr\/bureau-d-etude\/","url":"https:\/\/prod.tubesca-comabi.com\/fr\/bureau-d-etude\/","name":"Bureau d'\u00e9tudes - Tubesca Comabi","isPartOf":{"@id":"https:\/\/prod.tubesca-comabi.com\/fr\/#website"},"primaryImageOfPage":{"@id":"https:\/\/prod.tubesca-comabi.com\/fr\/bureau-d-etude\/#primaryimage"},"image":{"@id":"https:\/\/prod.tubesca-comabi.com\/fr\/bureau-d-etude\/#primaryimage"},"thumbnailUrl":"https:\/\/prod.tubesca-comabi.com\/wp-content\/uploads\/sites\/3\/2023\/10\/be-tx-1024x201.jpg","datePublished":"2022-12-13T12:39:46+00:00","dateModified":"2023-10-24T09:22:24+00:00","breadcrumb":{"@id":"https:\/\/prod.tubesca-comabi.com\/fr\/bureau-d-etude\/#breadcrumb"},"inLanguage":"fr-FR","potentialAction":[{"@type":"ReadAction","target":["https:\/\/prod.tubesca-comabi.com\/fr\/bureau-d-etude\/"]}]},{"@type":"ImageObject","inLanguage":"fr-FR","@id":"https:\/\/prod.tubesca-comabi.com\/fr\/bureau-d-etude\/#primaryimage","url":"https:\/\/prod.tubesca-comabi.com\/wp-content\/uploads\/sites\/3\/2023\/10\/be-tx-1024x201.jpg","contentUrl":"https:\/\/prod.tubesca-comabi.com\/wp-content\/uploads\/sites\/3\/2023\/10\/be-tx-1024x201.jpg"},{"@type":"BreadcrumbList","@id":"https:\/\/prod.tubesca-comabi.com\/fr\/bureau-d-etude\/#breadcrumb","itemListElement":[{"@type":"ListItem","position":1,"name":"Tubesca-Comabi","item":"https:\/\/prod.tubesca-comabi.com\/fr\/"},{"@type":"ListItem","position":2,"name":"Bureau d&#8217;\u00e9tudes"}]},{"@type":"WebSite","@id":"https:\/\/prod.tubesca-comabi.com\/fr\/#website","url":"https:\/\/prod.tubesca-comabi.com\/fr\/","name":"Tubesca Comabi","description":"Une entreprise du groupe Fr\u00e9n\u00e9hard &amp; Michaux","publisher":{"@id":"https:\/\/prod.tubesca-comabi.com\/fr\/#organization"},"potentialAction":[{"@type":"SearchAction","target":{"@type":"EntryPoint","urlTemplate":"https:\/\/prod.tubesca-comabi.com\/fr\/?s={search_term_string}"},"query-input":{"@type":"PropertyValueSpecification","valueRequired":true,"valueName":"search_term_string"}}],"inLanguage":"fr-FR"},{"@type":"Organization","@id":"https:\/\/prod.tubesca-comabi.com\/fr\/#organization","name":"Tubesca Comabi","url":"https:\/\/prod.tubesca-comabi.com\/fr\/","logo":{"@type":"ImageObject","inLanguage":"fr-FR","@id":"https:\/\/prod.tubesca-comabi.com\/fr\/#\/schema\/logo\/image\/","url":"https:\/\/prod.tubesca-comabi.com\/wp-content\/uploads\/sites\/3\/2022\/12\/tubesca-comabi_logo_0.png","contentUrl":"https:\/\/prod.tubesca-comabi.com\/wp-content\/uploads\/sites\/3\/2022\/12\/tubesca-comabi_logo_0.png","width":426,"height":54,"caption":"Tubesca Comabi"},"image":{"@id":"https:\/\/prod.tubesca-comabi.com\/fr\/#\/schema\/logo\/image\/"},"sameAs":["https:\/\/www.facebook.com\/tubescacomabi\/","https:\/\/x.com\/tubesca_comabi","https:\/\/www.youtube.com\/channel\/UCiiudWOV9mAvU9c7VkV4kmA","https:\/\/www.linkedin.com\/company\/tubesca-comabi","https:\/\/www.instagram.com\/tubesca.comabi\/"]}]}},"_links":{"self":[{"href":"https:\/\/prod.tubesca-comabi.com\/fr\/wp-json\/wp\/v2\/pages\/118","targetHints":{"allow":["GET"]}}],"collection":[{"href":"https:\/\/prod.tubesca-comabi.com\/fr\/wp-json\/wp\/v2\/pages"}],"about":[{"href":"https:\/\/prod.tubesca-comabi.com\/fr\/wp-json\/wp\/v2\/types\/page"}],"author":[{"embeddable":true,"href":"https:\/\/prod.tubesca-comabi.com\/fr\/wp-json\/wp\/v2\/users\/1"}],"replies":[{"embeddable":true,"href":"https:\/\/prod.tubesca-comabi.com\/fr\/wp-json\/wp\/v2\/comments?post=118"}],"version-history":[{"count":29,"href":"https:\/\/prod.tubesca-comabi.com\/fr\/wp-json\/wp\/v2\/pages\/118\/revisions"}],"predecessor-version":[{"id":114456,"href":"https:\/\/prod.tubesca-comabi.com\/fr\/wp-json\/wp\/v2\/pages\/118\/revisions\/114456"}],"wp:attachment":[{"href":"https:\/\/prod.tubesca-comabi.com\/fr\/wp-json\/wp\/v2\/media?parent=118"}],"curies":[{"name":"wp","href":"https:\/\/api.w.org\/{rel}","templated":true}]}}