{"id":114618,"date":"2023-11-17T10:45:42","date_gmt":"2023-11-17T09:45:42","guid":{"rendered":"https:\/\/prod.tubesca-comabi.com\/?page_id=114618"},"modified":"2023-11-17T10:46:04","modified_gmt":"2023-11-17T09:46:04","slug":"offre-nouvelle-gamme-pirl","status":"publish","type":"page","link":"https:\/\/prod.tubesca-comabi.com\/fr\/offre-nouvelle-gamme-pirl\/","title":{"rendered":"Offre nouvelle gamme PIRL"},"content":{"rendered":"\n<p class=\"has-text-align-center\">D\u00e9couvrez notre brochure d\u00e9di\u00e9e \u00e0 notre nouvelle gamme de PIRL et PIR.<\/p>\n\n\n\n<figure class=\"wp-block-image aligncenter size-large is-resized\"><a href=\"https:\/\/prod.tubesca-comabi.com\/wp-content\/uploads\/sites\/3\/2023\/11\/plaquette_PIRL_interieur-1.png\"><img loading=\"lazy\" decoding=\"async\" src=\"https:\/\/prod.tubesca-comabi.com\/wp-content\/uploads\/sites\/3\/2023\/11\/plaquette_PIRL_interieur-1-1024x768.png\" alt=\"\" class=\"wp-image-114619\" width=\"484\" height=\"363\" srcset=\"https:\/\/prod.tubesca-comabi.com\/wp-content\/uploads\/sites\/3\/2023\/11\/plaquette_PIRL_interieur-1-1024x768.png 1024w, https:\/\/prod.tubesca-comabi.com\/wp-content\/uploads\/sites\/3\/2023\/11\/plaquette_PIRL_interieur-1-600x450.png 600w, https:\/\/prod.tubesca-comabi.com\/wp-content\/uploads\/sites\/3\/2023\/11\/plaquette_PIRL_interieur-1-300x225.png 300w, https:\/\/prod.tubesca-comabi.com\/wp-content\/uploads\/sites\/3\/2023\/11\/plaquette_PIRL_interieur-1-768x576.png 768w, https:\/\/prod.tubesca-comabi.com\/wp-content\/uploads\/sites\/3\/2023\/11\/plaquette_PIRL_interieur-1-1536x1152.png 1536w, https:\/\/prod.tubesca-comabi.com\/wp-content\/uploads\/sites\/3\/2023\/11\/plaquette_PIRL_interieur-1-2048x1536.png 2048w, https:\/\/prod.tubesca-comabi.com\/wp-content\/uploads\/sites\/3\/2023\/11\/plaquette_PIRL_interieur-1-395x295.png 395w\" sizes=\"auto, (max-width: 484px) 100vw, 484px\" \/><\/a><\/figure>\n\n\n\n<div class=\"wp-block-buttons is-content-justification-center is-layout-flex wp-container-core-buttons-is-layout-16018d1d wp-block-buttons-is-layout-flex\">\n<div class=\"wp-block-button\"><a class=\"wp-block-button__link wp-element-button\" href=\"http:\/\/prod.tubesca-comabi.com\/wp-content\/uploads\/sites\/3\/2023\/11\/Tubesca_Comabi_nouvelle-gamme-PIR-PIRL_web.pdf\" target=\"_blank\" rel=\"noreferrer noopener\">t\u00e9l\u00e9charger<\/a><\/div>\n<\/div>\n","protected":false},"excerpt":{"rendered":"<p>D\u00e9couvrez notre brochure d\u00e9di\u00e9e \u00e0 notre nouvelle gamme de PIRL et PIR.<\/p>\n","protected":false},"author":8,"featured_media":0,"parent":0,"menu_order":0,"comment_status":"closed","ping_status":"closed","template":"","meta":{"_acf_changed":false,"ep_exclude_from_search":false,"footnotes":""},"class_list":["post-114618","page","type-page","status-publish","hentry"],"acf":[],"yoast_head":"<!-- This site is optimized with the Yoast SEO plugin v27.4 - https:\/\/yoast.com\/product\/yoast-seo-wordpress\/ -->\n<title>Offre nouvelle gamme PIRL - Tubesca Comabi<\/title>\n<meta name=\"robots\" content=\"noindex, follow, max-snippet:-1, max-image-preview:large, max-video-preview:-1\" \/>\n<meta property=\"og:locale\" content=\"fr_FR\" \/>\n<meta property=\"og:type\" content=\"article\" \/>\n<meta property=\"og:title\" content=\"Offre nouvelle gamme PIRL - Tubesca Comabi\" \/>\n<meta property=\"og:description\" content=\"D\u00e9couvrez notre brochure d\u00e9di\u00e9e \u00e0 notre nouvelle gamme de PIRL et PIR.\" \/>\n<meta property=\"og:url\" content=\"https:\/\/prod.tubesca-comabi.com\/fr\/offre-nouvelle-gamme-pirl\/\" \/>\n<meta property=\"og:site_name\" content=\"Tubesca Comabi\" \/>\n<meta property=\"article:publisher\" content=\"https:\/\/www.facebook.com\/tubescacomabi\/\" \/>\n<meta property=\"article:modified_time\" content=\"2023-11-17T09:46:04+00:00\" \/>\n<meta property=\"og:image\" content=\"https:\/\/prod.tubesca-comabi.com\/wp-content\/uploads\/sites\/3\/2023\/11\/plaquette_PIRL_interieur-1-1024x768.png\" \/>\n<meta name=\"twitter:card\" content=\"summary_large_image\" \/>\n<meta name=\"twitter:site\" content=\"@tubesca_comabi\" \/>\n<meta name=\"twitter:label1\" content=\"Dur\u00e9e de lecture estim\u00e9e\" \/>\n\t<meta name=\"twitter:data1\" content=\"1 minute\" \/>\n<script type=\"application\/ld+json\" class=\"yoast-schema-graph\">{\"@context\":\"https:\\\/\\\/schema.org\",\"@graph\":[{\"@type\":\"WebPage\",\"@id\":\"https:\\\/\\\/prod.tubesca-comabi.com\\\/fr\\\/offre-nouvelle-gamme-pirl\\\/\",\"url\":\"https:\\\/\\\/prod.tubesca-comabi.com\\\/fr\\\/offre-nouvelle-gamme-pirl\\\/\",\"name\":\"Offre nouvelle gamme PIRL - Tubesca Comabi\",\"isPartOf\":{\"@id\":\"https:\\\/\\\/prod.tubesca-comabi.com\\\/fr\\\/#website\"},\"primaryImageOfPage\":{\"@id\":\"https:\\\/\\\/prod.tubesca-comabi.com\\\/fr\\\/offre-nouvelle-gamme-pirl\\\/#primaryimage\"},\"image\":{\"@id\":\"https:\\\/\\\/prod.tubesca-comabi.com\\\/fr\\\/offre-nouvelle-gamme-pirl\\\/#primaryimage\"},\"thumbnailUrl\":\"https:\\\/\\\/prod.tubesca-comabi.com\\\/wp-content\\\/uploads\\\/sites\\\/3\\\/2023\\\/11\\\/plaquette_PIRL_interieur-1-1024x768.png\",\"datePublished\":\"2023-11-17T09:45:42+00:00\",\"dateModified\":\"2023-11-17T09:46:04+00:00\",\"breadcrumb\":{\"@id\":\"https:\\\/\\\/prod.tubesca-comabi.com\\\/fr\\\/offre-nouvelle-gamme-pirl\\\/#breadcrumb\"},\"inLanguage\":\"fr-FR\",\"potentialAction\":[{\"@type\":\"ReadAction\",\"target\":[\"https:\\\/\\\/prod.tubesca-comabi.com\\\/fr\\\/offre-nouvelle-gamme-pirl\\\/\"]}]},{\"@type\":\"ImageObject\",\"inLanguage\":\"fr-FR\",\"@id\":\"https:\\\/\\\/prod.tubesca-comabi.com\\\/fr\\\/offre-nouvelle-gamme-pirl\\\/#primaryimage\",\"url\":\"https:\\\/\\\/prod.tubesca-comabi.com\\\/wp-content\\\/uploads\\\/sites\\\/3\\\/2023\\\/11\\\/plaquette_PIRL_interieur-1-1024x768.png\",\"contentUrl\":\"https:\\\/\\\/prod.tubesca-comabi.com\\\/wp-content\\\/uploads\\\/sites\\\/3\\\/2023\\\/11\\\/plaquette_PIRL_interieur-1-1024x768.png\"},{\"@type\":\"BreadcrumbList\",\"@id\":\"https:\\\/\\\/prod.tubesca-comabi.com\\\/fr\\\/offre-nouvelle-gamme-pirl\\\/#breadcrumb\",\"itemListElement\":[{\"@type\":\"ListItem\",\"position\":1,\"name\":\"Tubesca-Comabi\",\"item\":\"https:\\\/\\\/prod.tubesca-comabi.com\\\/fr\\\/\"},{\"@type\":\"ListItem\",\"position\":2,\"name\":\"Offre nouvelle gamme PIRL\"}]},{\"@type\":\"WebSite\",\"@id\":\"https:\\\/\\\/prod.tubesca-comabi.com\\\/fr\\\/#website\",\"url\":\"https:\\\/\\\/prod.tubesca-comabi.com\\\/fr\\\/\",\"name\":\"Tubesca Comabi\",\"description\":\"Une entreprise du groupe Fr\u00e9n\u00e9hard &amp; Michaux\",\"publisher\":{\"@id\":\"https:\\\/\\\/prod.tubesca-comabi.com\\\/fr\\\/#organization\"},\"potentialAction\":[{\"@type\":\"SearchAction\",\"target\":{\"@type\":\"EntryPoint\",\"urlTemplate\":\"https:\\\/\\\/prod.tubesca-comabi.com\\\/fr\\\/?s={search_term_string}\"},\"query-input\":{\"@type\":\"PropertyValueSpecification\",\"valueRequired\":true,\"valueName\":\"search_term_string\"}}],\"inLanguage\":\"fr-FR\"},{\"@type\":\"Organization\",\"@id\":\"https:\\\/\\\/prod.tubesca-comabi.com\\\/fr\\\/#organization\",\"name\":\"Tubesca Comabi\",\"url\":\"https:\\\/\\\/prod.tubesca-comabi.com\\\/fr\\\/\",\"logo\":{\"@type\":\"ImageObject\",\"inLanguage\":\"fr-FR\",\"@id\":\"https:\\\/\\\/prod.tubesca-comabi.com\\\/fr\\\/#\\\/schema\\\/logo\\\/image\\\/\",\"url\":\"https:\\\/\\\/prod.tubesca-comabi.com\\\/wp-content\\\/uploads\\\/sites\\\/3\\\/2022\\\/12\\\/tubesca-comabi_logo_0.png\",\"contentUrl\":\"https:\\\/\\\/prod.tubesca-comabi.com\\\/wp-content\\\/uploads\\\/sites\\\/3\\\/2022\\\/12\\\/tubesca-comabi_logo_0.png\",\"width\":426,\"height\":54,\"caption\":\"Tubesca Comabi\"},\"image\":{\"@id\":\"https:\\\/\\\/prod.tubesca-comabi.com\\\/fr\\\/#\\\/schema\\\/logo\\\/image\\\/\"},\"sameAs\":[\"https:\\\/\\\/www.facebook.com\\\/tubescacomabi\\\/\",\"https:\\\/\\\/x.com\\\/tubesca_comabi\",\"https:\\\/\\\/www.youtube.com\\\/channel\\\/UCiiudWOV9mAvU9c7VkV4kmA\",\"https:\\\/\\\/www.linkedin.com\\\/company\\\/tubesca-comabi\",\"https:\\\/\\\/www.instagram.com\\\/tubesca.comabi\\\/\"]}]}<\/script>\n<!-- \/ Yoast SEO plugin. -->","yoast_head_json":{"title":"Offre nouvelle gamme PIRL - Tubesca Comabi","robots":{"index":"noindex","follow":"follow","max-snippet":"max-snippet:-1","max-image-preview":"max-image-preview:large","max-video-preview":"max-video-preview:-1"},"og_locale":"fr_FR","og_type":"article","og_title":"Offre nouvelle gamme PIRL - Tubesca Comabi","og_description":"D\u00e9couvrez notre brochure d\u00e9di\u00e9e \u00e0 notre nouvelle gamme de PIRL et PIR.","og_url":"https:\/\/prod.tubesca-comabi.com\/fr\/offre-nouvelle-gamme-pirl\/","og_site_name":"Tubesca Comabi","article_publisher":"https:\/\/www.facebook.com\/tubescacomabi\/","article_modified_time":"2023-11-17T09:46:04+00:00","og_image":[{"url":"https:\/\/prod.tubesca-comabi.com\/wp-content\/uploads\/sites\/3\/2023\/11\/plaquette_PIRL_interieur-1-1024x768.png","type":"","width":"","height":""}],"twitter_card":"summary_large_image","twitter_site":"@tubesca_comabi","twitter_misc":{"Dur\u00e9e de lecture estim\u00e9e":"1 minute"},"schema":{"@context":"https:\/\/schema.org","@graph":[{"@type":"WebPage","@id":"https:\/\/prod.tubesca-comabi.com\/fr\/offre-nouvelle-gamme-pirl\/","url":"https:\/\/prod.tubesca-comabi.com\/fr\/offre-nouvelle-gamme-pirl\/","name":"Offre nouvelle gamme PIRL - Tubesca Comabi","isPartOf":{"@id":"https:\/\/prod.tubesca-comabi.com\/fr\/#website"},"primaryImageOfPage":{"@id":"https:\/\/prod.tubesca-comabi.com\/fr\/offre-nouvelle-gamme-pirl\/#primaryimage"},"image":{"@id":"https:\/\/prod.tubesca-comabi.com\/fr\/offre-nouvelle-gamme-pirl\/#primaryimage"},"thumbnailUrl":"https:\/\/prod.tubesca-comabi.com\/wp-content\/uploads\/sites\/3\/2023\/11\/plaquette_PIRL_interieur-1-1024x768.png","datePublished":"2023-11-17T09:45:42+00:00","dateModified":"2023-11-17T09:46:04+00:00","breadcrumb":{"@id":"https:\/\/prod.tubesca-comabi.com\/fr\/offre-nouvelle-gamme-pirl\/#breadcrumb"},"inLanguage":"fr-FR","potentialAction":[{"@type":"ReadAction","target":["https:\/\/prod.tubesca-comabi.com\/fr\/offre-nouvelle-gamme-pirl\/"]}]},{"@type":"ImageObject","inLanguage":"fr-FR","@id":"https:\/\/prod.tubesca-comabi.com\/fr\/offre-nouvelle-gamme-pirl\/#primaryimage","url":"https:\/\/prod.tubesca-comabi.com\/wp-content\/uploads\/sites\/3\/2023\/11\/plaquette_PIRL_interieur-1-1024x768.png","contentUrl":"https:\/\/prod.tubesca-comabi.com\/wp-content\/uploads\/sites\/3\/2023\/11\/plaquette_PIRL_interieur-1-1024x768.png"},{"@type":"BreadcrumbList","@id":"https:\/\/prod.tubesca-comabi.com\/fr\/offre-nouvelle-gamme-pirl\/#breadcrumb","itemListElement":[{"@type":"ListItem","position":1,"name":"Tubesca-Comabi","item":"https:\/\/prod.tubesca-comabi.com\/fr\/"},{"@type":"ListItem","position":2,"name":"Offre nouvelle gamme PIRL"}]},{"@type":"WebSite","@id":"https:\/\/prod.tubesca-comabi.com\/fr\/#website","url":"https:\/\/prod.tubesca-comabi.com\/fr\/","name":"Tubesca Comabi","description":"Une entreprise du groupe Fr\u00e9n\u00e9hard &amp; Michaux","publisher":{"@id":"https:\/\/prod.tubesca-comabi.com\/fr\/#organization"},"potentialAction":[{"@type":"SearchAction","target":{"@type":"EntryPoint","urlTemplate":"https:\/\/prod.tubesca-comabi.com\/fr\/?s={search_term_string}"},"query-input":{"@type":"PropertyValueSpecification","valueRequired":true,"valueName":"search_term_string"}}],"inLanguage":"fr-FR"},{"@type":"Organization","@id":"https:\/\/prod.tubesca-comabi.com\/fr\/#organization","name":"Tubesca Comabi","url":"https:\/\/prod.tubesca-comabi.com\/fr\/","logo":{"@type":"ImageObject","inLanguage":"fr-FR","@id":"https:\/\/prod.tubesca-comabi.com\/fr\/#\/schema\/logo\/image\/","url":"https:\/\/prod.tubesca-comabi.com\/wp-content\/uploads\/sites\/3\/2022\/12\/tubesca-comabi_logo_0.png","contentUrl":"https:\/\/prod.tubesca-comabi.com\/wp-content\/uploads\/sites\/3\/2022\/12\/tubesca-comabi_logo_0.png","width":426,"height":54,"caption":"Tubesca Comabi"},"image":{"@id":"https:\/\/prod.tubesca-comabi.com\/fr\/#\/schema\/logo\/image\/"},"sameAs":["https:\/\/www.facebook.com\/tubescacomabi\/","https:\/\/x.com\/tubesca_comabi","https:\/\/www.youtube.com\/channel\/UCiiudWOV9mAvU9c7VkV4kmA","https:\/\/www.linkedin.com\/company\/tubesca-comabi","https:\/\/www.instagram.com\/tubesca.comabi\/"]}]}},"_links":{"self":[{"href":"https:\/\/prod.tubesca-comabi.com\/fr\/wp-json\/wp\/v2\/pages\/114618","targetHints":{"allow":["GET"]}}],"collection":[{"href":"https:\/\/prod.tubesca-comabi.com\/fr\/wp-json\/wp\/v2\/pages"}],"about":[{"href":"https:\/\/prod.tubesca-comabi.com\/fr\/wp-json\/wp\/v2\/types\/page"}],"author":[{"embeddable":true,"href":"https:\/\/prod.tubesca-comabi.com\/fr\/wp-json\/wp\/v2\/users\/8"}],"replies":[{"embeddable":true,"href":"https:\/\/prod.tubesca-comabi.com\/fr\/wp-json\/wp\/v2\/comments?post=114618"}],"version-history":[{"count":3,"href":"https:\/\/prod.tubesca-comabi.com\/fr\/wp-json\/wp\/v2\/pages\/114618\/revisions"}],"predecessor-version":[{"id":114623,"href":"https:\/\/prod.tubesca-comabi.com\/fr\/wp-json\/wp\/v2\/pages\/114618\/revisions\/114623"}],"wp:attachment":[{"href":"https:\/\/prod.tubesca-comabi.com\/fr\/wp-json\/wp\/v2\/media?parent=114618"}],"curies":[{"name":"wp","href":"https:\/\/api.w.org\/{rel}","templated":true}]}}