{"id":11211,"date":"2023-03-02T09:13:38","date_gmt":"2023-03-02T08:13:38","guid":{"rendered":"https:\/\/prod.tubesca-comabi.com\/?page_id=11211"},"modified":"2023-04-18T09:57:21","modified_gmt":"2023-04-18T07:57:21","slug":"pont-couvreur","status":"publish","type":"page","link":"https:\/\/prod.tubesca-comabi.com\/fr\/pont-couvreur\/","title":{"rendered":"Pont couvreur"},"content":{"rendered":"\n<div style=\"height:50px\" aria-hidden=\"true\" class=\"wp-block-spacer\"><\/div>\n\n\n\n<p>Les \u00e9chafaudages R200 COVER offrent un confort in\u00e9gal\u00e9 pour travailler en toute s\u00e9r\u00e9nit\u00e9 sur de multiples configurations de toitures. Le garde-corps d\u2019extr\u00e9mit\u00e9 60 cm s\u2019adapte aux d\u00e9ports de toiture gr\u00e2ce \u00e0 sa forme coud\u00e9e.<\/p>\n\n\n\n<ul class=\"is-style-mycms-bullets-orange wp-block-list\"><li>Permet d&#8217;\u00e9conomiser du mat\u00e9riel<\/li><li>18 m lin\u00e9aires avec 2 sapines <\/li><li>Jusqu&#8217;\u00e0 30 m lin\u00e9aires avec seulement 3 sapines <\/li><li>D\u00e9ports de 0,80 m, 1,00 m et 1,50 m pour r\u00e9pondre aux sp\u00e9cificit\u00e9s de chaque chantier<\/li><\/ul>\n\n\n\n<div class=\"wp-block-columns is-layout-flex wp-container-core-columns-is-layout-9d6595d7 wp-block-columns-is-layout-flex\">\n<div class=\"wp-block-column is-layout-flow wp-block-column-is-layout-flow\">\n<figure class=\"wp-block-image size-large\"><a href=\"https:\/\/prod.tubesca-comabi.com\/wp-content\/uploads\/sites\/3\/2023\/04\/ECHAFAUDAGES-FIXES_COVER-200_DET_1.png\"><img loading=\"lazy\" decoding=\"async\" width=\"1024\" height=\"621\" src=\"https:\/\/prod.tubesca-comabi.com\/wp-content\/uploads\/sites\/3\/2023\/04\/ECHAFAUDAGES-FIXES_COVER-200_DET_1-1024x621.png\" alt=\"\" class=\"wp-image-18544\" srcset=\"https:\/\/prod.tubesca-comabi.com\/wp-content\/uploads\/sites\/3\/2023\/04\/ECHAFAUDAGES-FIXES_COVER-200_DET_1-1024x621.png 1024w, https:\/\/prod.tubesca-comabi.com\/wp-content\/uploads\/sites\/3\/2023\/04\/ECHAFAUDAGES-FIXES_COVER-200_DET_1-300x182.png 300w, https:\/\/prod.tubesca-comabi.com\/wp-content\/uploads\/sites\/3\/2023\/04\/ECHAFAUDAGES-FIXES_COVER-200_DET_1-768x466.png 768w, https:\/\/prod.tubesca-comabi.com\/wp-content\/uploads\/sites\/3\/2023\/04\/ECHAFAUDAGES-FIXES_COVER-200_DET_1-1536x931.png 1536w, https:\/\/prod.tubesca-comabi.com\/wp-content\/uploads\/sites\/3\/2023\/04\/ECHAFAUDAGES-FIXES_COVER-200_DET_1-2048x1242.png 2048w, https:\/\/prod.tubesca-comabi.com\/wp-content\/uploads\/sites\/3\/2023\/04\/ECHAFAUDAGES-FIXES_COVER-200_DET_1-600x364.png 600w\" sizes=\"auto, (max-width: 1024px) 100vw, 1024px\" \/><\/a><\/figure>\n<\/div>\n\n\n\n<div class=\"wp-block-column is-layout-flow wp-block-column-is-layout-flow\">\n<figure class=\"wp-block-image size-large\"><a href=\"https:\/\/prod.tubesca-comabi.com\/wp-content\/uploads\/sites\/3\/2023\/04\/ECHAFAUDAGES-FIXES_COVER-200_SITU_3-scaled.jpg\"><img loading=\"lazy\" decoding=\"async\" width=\"1024\" height=\"683\" src=\"https:\/\/prod.tubesca-comabi.com\/wp-content\/uploads\/sites\/3\/2023\/04\/ECHAFAUDAGES-FIXES_COVER-200_SITU_3-1024x683.jpg\" alt=\"\" class=\"wp-image-18554\" srcset=\"https:\/\/prod.tubesca-comabi.com\/wp-content\/uploads\/sites\/3\/2023\/04\/ECHAFAUDAGES-FIXES_COVER-200_SITU_3-1024x683.jpg 1024w, https:\/\/prod.tubesca-comabi.com\/wp-content\/uploads\/sites\/3\/2023\/04\/ECHAFAUDAGES-FIXES_COVER-200_SITU_3-300x200.jpg 300w, https:\/\/prod.tubesca-comabi.com\/wp-content\/uploads\/sites\/3\/2023\/04\/ECHAFAUDAGES-FIXES_COVER-200_SITU_3-768x512.jpg 768w, https:\/\/prod.tubesca-comabi.com\/wp-content\/uploads\/sites\/3\/2023\/04\/ECHAFAUDAGES-FIXES_COVER-200_SITU_3-1536x1024.jpg 1536w, https:\/\/prod.tubesca-comabi.com\/wp-content\/uploads\/sites\/3\/2023\/04\/ECHAFAUDAGES-FIXES_COVER-200_SITU_3-2048x1365.jpg 2048w, https:\/\/prod.tubesca-comabi.com\/wp-content\/uploads\/sites\/3\/2023\/04\/ECHAFAUDAGES-FIXES_COVER-200_SITU_3-541x360.jpg 541w, https:\/\/prod.tubesca-comabi.com\/wp-content\/uploads\/sites\/3\/2023\/04\/ECHAFAUDAGES-FIXES_COVER-200_SITU_3-317x211.jpg 317w, https:\/\/prod.tubesca-comabi.com\/wp-content\/uploads\/sites\/3\/2023\/04\/ECHAFAUDAGES-FIXES_COVER-200_SITU_3-600x400.jpg 600w\" sizes=\"auto, (max-width: 1024px) 100vw, 1024px\" \/><\/a><\/figure>\n<\/div>\n\n\n\n<div class=\"wp-block-column is-layout-flow wp-block-column-is-layout-flow\">\n<figure class=\"wp-block-image size-large\"><a href=\"https:\/\/prod.tubesca-comabi.com\/wp-content\/uploads\/sites\/3\/2023\/04\/ECHAFAUDAGES-FIXES_COVER-200_SITU_5.jpg\"><img loading=\"lazy\" decoding=\"async\" width=\"1024\" height=\"693\" src=\"https:\/\/prod.tubesca-comabi.com\/wp-content\/uploads\/sites\/3\/2023\/04\/ECHAFAUDAGES-FIXES_COVER-200_SITU_5-1024x693.jpg\" alt=\"\" class=\"wp-image-18549\" srcset=\"https:\/\/prod.tubesca-comabi.com\/wp-content\/uploads\/sites\/3\/2023\/04\/ECHAFAUDAGES-FIXES_COVER-200_SITU_5-1024x693.jpg 1024w, https:\/\/prod.tubesca-comabi.com\/wp-content\/uploads\/sites\/3\/2023\/04\/ECHAFAUDAGES-FIXES_COVER-200_SITU_5-300x203.jpg 300w, https:\/\/prod.tubesca-comabi.com\/wp-content\/uploads\/sites\/3\/2023\/04\/ECHAFAUDAGES-FIXES_COVER-200_SITU_5-768x520.jpg 768w, https:\/\/prod.tubesca-comabi.com\/wp-content\/uploads\/sites\/3\/2023\/04\/ECHAFAUDAGES-FIXES_COVER-200_SITU_5-1536x1039.jpg 1536w, https:\/\/prod.tubesca-comabi.com\/wp-content\/uploads\/sites\/3\/2023\/04\/ECHAFAUDAGES-FIXES_COVER-200_SITU_5-2048x1386.jpg 2048w, https:\/\/prod.tubesca-comabi.com\/wp-content\/uploads\/sites\/3\/2023\/04\/ECHAFAUDAGES-FIXES_COVER-200_SITU_5-600x406.jpg 600w\" sizes=\"auto, (max-width: 1024px) 100vw, 1024px\" \/><\/a><\/figure>\n<\/div>\n<\/div>\n\n\n\n<p><\/p>\n\n\n\n<div class=\"wp-block-columns is-layout-flex wp-container-core-columns-is-layout-9d6595d7 wp-block-columns-is-layout-flex\">\n<div class=\"wp-block-column is-layout-flow wp-block-column-is-layout-flow\">\n<figure class=\"wp-block-image size-large is-resized\"><a href=\"https:\/\/prod.tubesca-comabi.com\/wp-content\/uploads\/sites\/3\/2023\/04\/ECHAFAUDAGES-FIXES_COVER-200_SITU_1-scaled.jpg\"><img loading=\"lazy\" decoding=\"async\" src=\"https:\/\/prod.tubesca-comabi.com\/wp-content\/uploads\/sites\/3\/2023\/04\/ECHAFAUDAGES-FIXES_COVER-200_SITU_1-683x1024.jpg\" alt=\"\" class=\"wp-image-18559\" width=\"225\" height=\"337\" srcset=\"https:\/\/prod.tubesca-comabi.com\/wp-content\/uploads\/sites\/3\/2023\/04\/ECHAFAUDAGES-FIXES_COVER-200_SITU_1-683x1024.jpg 683w, https:\/\/prod.tubesca-comabi.com\/wp-content\/uploads\/sites\/3\/2023\/04\/ECHAFAUDAGES-FIXES_COVER-200_SITU_1-200x300.jpg 200w, https:\/\/prod.tubesca-comabi.com\/wp-content\/uploads\/sites\/3\/2023\/04\/ECHAFAUDAGES-FIXES_COVER-200_SITU_1-768x1152.jpg 768w, https:\/\/prod.tubesca-comabi.com\/wp-content\/uploads\/sites\/3\/2023\/04\/ECHAFAUDAGES-FIXES_COVER-200_SITU_1-1024x1536.jpg 1024w, https:\/\/prod.tubesca-comabi.com\/wp-content\/uploads\/sites\/3\/2023\/04\/ECHAFAUDAGES-FIXES_COVER-200_SITU_1-1365x2048.jpg 1365w, https:\/\/prod.tubesca-comabi.com\/wp-content\/uploads\/sites\/3\/2023\/04\/ECHAFAUDAGES-FIXES_COVER-200_SITU_1-600x900.jpg 600w, https:\/\/prod.tubesca-comabi.com\/wp-content\/uploads\/sites\/3\/2023\/04\/ECHAFAUDAGES-FIXES_COVER-200_SITU_1-scaled.jpg 1707w\" sizes=\"auto, (max-width: 225px) 100vw, 225px\" \/><\/a><\/figure>\n<\/div>\n\n\n\n<div class=\"wp-block-column is-layout-flow wp-block-column-is-layout-flow\">\n<figure class=\"wp-block-image size-large is-resized\"><a href=\"https:\/\/prod.tubesca-comabi.com\/wp-content\/uploads\/sites\/3\/2023\/04\/ECHAFAUDAGES-FIXES_COVER-200_SITU_2-scaled.jpg\"><img loading=\"lazy\" decoding=\"async\" src=\"https:\/\/prod.tubesca-comabi.com\/wp-content\/uploads\/sites\/3\/2023\/04\/ECHAFAUDAGES-FIXES_COVER-200_SITU_2-683x1024.jpg\" alt=\"\" class=\"wp-image-18564\" width=\"225\" height=\"338\" srcset=\"https:\/\/prod.tubesca-comabi.com\/wp-content\/uploads\/sites\/3\/2023\/04\/ECHAFAUDAGES-FIXES_COVER-200_SITU_2-683x1024.jpg 683w, https:\/\/prod.tubesca-comabi.com\/wp-content\/uploads\/sites\/3\/2023\/04\/ECHAFAUDAGES-FIXES_COVER-200_SITU_2-200x300.jpg 200w, https:\/\/prod.tubesca-comabi.com\/wp-content\/uploads\/sites\/3\/2023\/04\/ECHAFAUDAGES-FIXES_COVER-200_SITU_2-768x1152.jpg 768w, https:\/\/prod.tubesca-comabi.com\/wp-content\/uploads\/sites\/3\/2023\/04\/ECHAFAUDAGES-FIXES_COVER-200_SITU_2-1024x1536.jpg 1024w, https:\/\/prod.tubesca-comabi.com\/wp-content\/uploads\/sites\/3\/2023\/04\/ECHAFAUDAGES-FIXES_COVER-200_SITU_2-1365x2048.jpg 1365w, https:\/\/prod.tubesca-comabi.com\/wp-content\/uploads\/sites\/3\/2023\/04\/ECHAFAUDAGES-FIXES_COVER-200_SITU_2-600x900.jpg 600w, https:\/\/prod.tubesca-comabi.com\/wp-content\/uploads\/sites\/3\/2023\/04\/ECHAFAUDAGES-FIXES_COVER-200_SITU_2-scaled.jpg 1707w\" sizes=\"auto, (max-width: 225px) 100vw, 225px\" \/><\/a><\/figure>\n<\/div>\n\n\n\n<div class=\"wp-block-column is-layout-flow wp-block-column-is-layout-flow\"><\/div>\n<\/div>\n","protected":false},"excerpt":{"rendered":"<p>Les \u00e9chafaudages R200 COVER offrent un confort in\u00e9gal\u00e9 pour travailler en toute s\u00e9r\u00e9nit\u00e9 sur de multiples configurations de toitures. Le garde-corps d\u2019extr\u00e9mit\u00e9 60 cm s\u2019adapte aux d\u00e9ports de toiture gr\u00e2ce \u00e0 sa forme coud\u00e9e. Permet d&#8217;\u00e9conomiser du mat\u00e9riel 18 m lin\u00e9aires avec 2 sapines Jusqu&#8217;\u00e0 30 m lin\u00e9aires avec seulement 3 sapines D\u00e9ports de 0,80 [&hellip;]<\/p>\n","protected":false},"author":8,"featured_media":0,"parent":0,"menu_order":0,"comment_status":"closed","ping_status":"closed","template":"","meta":{"_acf_changed":false,"ep_exclude_from_search":false,"footnotes":""},"class_list":["post-11211","page","type-page","status-publish","hentry"],"acf":[],"yoast_head":"<!-- This site is optimized with the Yoast SEO plugin v27.5 - https:\/\/yoast.com\/product\/yoast-seo-wordpress\/ -->\n<title>Pont couvreur - Tubesca Comabi<\/title>\n<meta name=\"robots\" content=\"noindex, follow, max-snippet:-1, max-image-preview:large, max-video-preview:-1\" \/>\n<meta property=\"og:locale\" content=\"fr_FR\" \/>\n<meta property=\"og:type\" content=\"article\" \/>\n<meta property=\"og:title\" content=\"Pont couvreur - Tubesca Comabi\" \/>\n<meta property=\"og:description\" content=\"Les \u00e9chafaudages R200 COVER offrent un confort in\u00e9gal\u00e9 pour travailler en toute s\u00e9r\u00e9nit\u00e9 sur de multiples configurations de toitures. Le garde-corps d\u2019extr\u00e9mit\u00e9 60 cm s\u2019adapte aux d\u00e9ports de toiture gr\u00e2ce \u00e0 sa forme coud\u00e9e. Permet d&#8217;\u00e9conomiser du mat\u00e9riel 18 m lin\u00e9aires avec 2 sapines Jusqu&#8217;\u00e0 30 m lin\u00e9aires avec seulement 3 sapines D\u00e9ports de 0,80 [&hellip;]\" \/>\n<meta property=\"og:url\" content=\"https:\/\/prod.tubesca-comabi.com\/fr\/pont-couvreur\/\" \/>\n<meta property=\"og:site_name\" content=\"Tubesca Comabi\" \/>\n<meta property=\"article:publisher\" content=\"https:\/\/www.facebook.com\/tubescacomabi\/\" \/>\n<meta property=\"article:modified_time\" content=\"2023-04-18T07:57:21+00:00\" \/>\n<meta property=\"og:image\" content=\"https:\/\/prod.tubesca-comabi.com\/wp-content\/uploads\/sites\/3\/2023\/04\/ECHAFAUDAGES-FIXES_COVER-200_DET_1-1024x621.png\" \/>\n<meta name=\"twitter:card\" content=\"summary_large_image\" \/>\n<meta name=\"twitter:site\" content=\"@tubesca_comabi\" \/>\n<meta name=\"twitter:label1\" content=\"Dur\u00e9e de lecture estim\u00e9e\" \/>\n\t<meta name=\"twitter:data1\" content=\"2 minutes\" \/>\n<script type=\"application\/ld+json\" class=\"yoast-schema-graph\">{\"@context\":\"https:\\\/\\\/schema.org\",\"@graph\":[{\"@type\":\"WebPage\",\"@id\":\"https:\\\/\\\/prod.tubesca-comabi.com\\\/fr\\\/pont-couvreur\\\/\",\"url\":\"https:\\\/\\\/prod.tubesca-comabi.com\\\/fr\\\/pont-couvreur\\\/\",\"name\":\"Pont couvreur - Tubesca Comabi\",\"isPartOf\":{\"@id\":\"https:\\\/\\\/prod.tubesca-comabi.com\\\/fr\\\/#website\"},\"primaryImageOfPage\":{\"@id\":\"https:\\\/\\\/prod.tubesca-comabi.com\\\/fr\\\/pont-couvreur\\\/#primaryimage\"},\"image\":{\"@id\":\"https:\\\/\\\/prod.tubesca-comabi.com\\\/fr\\\/pont-couvreur\\\/#primaryimage\"},\"thumbnailUrl\":\"https:\\\/\\\/prod.tubesca-comabi.com\\\/wp-content\\\/uploads\\\/sites\\\/3\\\/2023\\\/04\\\/ECHAFAUDAGES-FIXES_COVER-200_DET_1-1024x621.png\",\"datePublished\":\"2023-03-02T08:13:38+00:00\",\"dateModified\":\"2023-04-18T07:57:21+00:00\",\"breadcrumb\":{\"@id\":\"https:\\\/\\\/prod.tubesca-comabi.com\\\/fr\\\/pont-couvreur\\\/#breadcrumb\"},\"inLanguage\":\"fr-FR\",\"potentialAction\":[{\"@type\":\"ReadAction\",\"target\":[\"https:\\\/\\\/prod.tubesca-comabi.com\\\/fr\\\/pont-couvreur\\\/\"]}]},{\"@type\":\"ImageObject\",\"inLanguage\":\"fr-FR\",\"@id\":\"https:\\\/\\\/prod.tubesca-comabi.com\\\/fr\\\/pont-couvreur\\\/#primaryimage\",\"url\":\"https:\\\/\\\/prod.tubesca-comabi.com\\\/wp-content\\\/uploads\\\/sites\\\/3\\\/2023\\\/04\\\/ECHAFAUDAGES-FIXES_COVER-200_DET_1-1024x621.png\",\"contentUrl\":\"https:\\\/\\\/prod.tubesca-comabi.com\\\/wp-content\\\/uploads\\\/sites\\\/3\\\/2023\\\/04\\\/ECHAFAUDAGES-FIXES_COVER-200_DET_1-1024x621.png\"},{\"@type\":\"BreadcrumbList\",\"@id\":\"https:\\\/\\\/prod.tubesca-comabi.com\\\/fr\\\/pont-couvreur\\\/#breadcrumb\",\"itemListElement\":[{\"@type\":\"ListItem\",\"position\":1,\"name\":\"Tubesca-Comabi\",\"item\":\"https:\\\/\\\/prod.tubesca-comabi.com\\\/fr\\\/\"},{\"@type\":\"ListItem\",\"position\":2,\"name\":\"Pont couvreur\"}]},{\"@type\":\"WebSite\",\"@id\":\"https:\\\/\\\/prod.tubesca-comabi.com\\\/fr\\\/#website\",\"url\":\"https:\\\/\\\/prod.tubesca-comabi.com\\\/fr\\\/\",\"name\":\"Tubesca Comabi\",\"description\":\"Une entreprise du groupe Fr\u00e9n\u00e9hard &amp; Michaux\",\"publisher\":{\"@id\":\"https:\\\/\\\/prod.tubesca-comabi.com\\\/fr\\\/#organization\"},\"potentialAction\":[{\"@type\":\"SearchAction\",\"target\":{\"@type\":\"EntryPoint\",\"urlTemplate\":\"https:\\\/\\\/prod.tubesca-comabi.com\\\/fr\\\/?s={search_term_string}\"},\"query-input\":{\"@type\":\"PropertyValueSpecification\",\"valueRequired\":true,\"valueName\":\"search_term_string\"}}],\"inLanguage\":\"fr-FR\"},{\"@type\":\"Organization\",\"@id\":\"https:\\\/\\\/prod.tubesca-comabi.com\\\/fr\\\/#organization\",\"name\":\"Tubesca Comabi\",\"url\":\"https:\\\/\\\/prod.tubesca-comabi.com\\\/fr\\\/\",\"logo\":{\"@type\":\"ImageObject\",\"inLanguage\":\"fr-FR\",\"@id\":\"https:\\\/\\\/prod.tubesca-comabi.com\\\/fr\\\/#\\\/schema\\\/logo\\\/image\\\/\",\"url\":\"https:\\\/\\\/prod.tubesca-comabi.com\\\/wp-content\\\/uploads\\\/sites\\\/3\\\/2022\\\/12\\\/tubesca-comabi_logo_0.png\",\"contentUrl\":\"https:\\\/\\\/prod.tubesca-comabi.com\\\/wp-content\\\/uploads\\\/sites\\\/3\\\/2022\\\/12\\\/tubesca-comabi_logo_0.png\",\"width\":426,\"height\":54,\"caption\":\"Tubesca Comabi\"},\"image\":{\"@id\":\"https:\\\/\\\/prod.tubesca-comabi.com\\\/fr\\\/#\\\/schema\\\/logo\\\/image\\\/\"},\"sameAs\":[\"https:\\\/\\\/www.facebook.com\\\/tubescacomabi\\\/\",\"https:\\\/\\\/x.com\\\/tubesca_comabi\",\"https:\\\/\\\/www.youtube.com\\\/channel\\\/UCiiudWOV9mAvU9c7VkV4kmA\",\"https:\\\/\\\/www.linkedin.com\\\/company\\\/tubesca-comabi\",\"https:\\\/\\\/www.instagram.com\\\/tubesca.comabi\\\/\"]}]}<\/script>\n<!-- \/ Yoast SEO plugin. -->","yoast_head_json":{"title":"Pont couvreur - Tubesca Comabi","robots":{"index":"noindex","follow":"follow","max-snippet":"max-snippet:-1","max-image-preview":"max-image-preview:large","max-video-preview":"max-video-preview:-1"},"og_locale":"fr_FR","og_type":"article","og_title":"Pont couvreur - Tubesca Comabi","og_description":"Les \u00e9chafaudages R200 COVER offrent un confort in\u00e9gal\u00e9 pour travailler en toute s\u00e9r\u00e9nit\u00e9 sur de multiples configurations de toitures. Le garde-corps d\u2019extr\u00e9mit\u00e9 60 cm s\u2019adapte aux d\u00e9ports de toiture gr\u00e2ce \u00e0 sa forme coud\u00e9e. Permet d&#8217;\u00e9conomiser du mat\u00e9riel 18 m lin\u00e9aires avec 2 sapines Jusqu&#8217;\u00e0 30 m lin\u00e9aires avec seulement 3 sapines D\u00e9ports de 0,80 [&hellip;]","og_url":"https:\/\/prod.tubesca-comabi.com\/fr\/pont-couvreur\/","og_site_name":"Tubesca Comabi","article_publisher":"https:\/\/www.facebook.com\/tubescacomabi\/","article_modified_time":"2023-04-18T07:57:21+00:00","og_image":[{"url":"https:\/\/prod.tubesca-comabi.com\/wp-content\/uploads\/sites\/3\/2023\/04\/ECHAFAUDAGES-FIXES_COVER-200_DET_1-1024x621.png","type":"","width":"","height":""}],"twitter_card":"summary_large_image","twitter_site":"@tubesca_comabi","twitter_misc":{"Dur\u00e9e de lecture estim\u00e9e":"2 minutes"},"schema":{"@context":"https:\/\/schema.org","@graph":[{"@type":"WebPage","@id":"https:\/\/prod.tubesca-comabi.com\/fr\/pont-couvreur\/","url":"https:\/\/prod.tubesca-comabi.com\/fr\/pont-couvreur\/","name":"Pont couvreur - Tubesca Comabi","isPartOf":{"@id":"https:\/\/prod.tubesca-comabi.com\/fr\/#website"},"primaryImageOfPage":{"@id":"https:\/\/prod.tubesca-comabi.com\/fr\/pont-couvreur\/#primaryimage"},"image":{"@id":"https:\/\/prod.tubesca-comabi.com\/fr\/pont-couvreur\/#primaryimage"},"thumbnailUrl":"https:\/\/prod.tubesca-comabi.com\/wp-content\/uploads\/sites\/3\/2023\/04\/ECHAFAUDAGES-FIXES_COVER-200_DET_1-1024x621.png","datePublished":"2023-03-02T08:13:38+00:00","dateModified":"2023-04-18T07:57:21+00:00","breadcrumb":{"@id":"https:\/\/prod.tubesca-comabi.com\/fr\/pont-couvreur\/#breadcrumb"},"inLanguage":"fr-FR","potentialAction":[{"@type":"ReadAction","target":["https:\/\/prod.tubesca-comabi.com\/fr\/pont-couvreur\/"]}]},{"@type":"ImageObject","inLanguage":"fr-FR","@id":"https:\/\/prod.tubesca-comabi.com\/fr\/pont-couvreur\/#primaryimage","url":"https:\/\/prod.tubesca-comabi.com\/wp-content\/uploads\/sites\/3\/2023\/04\/ECHAFAUDAGES-FIXES_COVER-200_DET_1-1024x621.png","contentUrl":"https:\/\/prod.tubesca-comabi.com\/wp-content\/uploads\/sites\/3\/2023\/04\/ECHAFAUDAGES-FIXES_COVER-200_DET_1-1024x621.png"},{"@type":"BreadcrumbList","@id":"https:\/\/prod.tubesca-comabi.com\/fr\/pont-couvreur\/#breadcrumb","itemListElement":[{"@type":"ListItem","position":1,"name":"Tubesca-Comabi","item":"https:\/\/prod.tubesca-comabi.com\/fr\/"},{"@type":"ListItem","position":2,"name":"Pont couvreur"}]},{"@type":"WebSite","@id":"https:\/\/prod.tubesca-comabi.com\/fr\/#website","url":"https:\/\/prod.tubesca-comabi.com\/fr\/","name":"Tubesca Comabi","description":"Une entreprise du groupe Fr\u00e9n\u00e9hard &amp; Michaux","publisher":{"@id":"https:\/\/prod.tubesca-comabi.com\/fr\/#organization"},"potentialAction":[{"@type":"SearchAction","target":{"@type":"EntryPoint","urlTemplate":"https:\/\/prod.tubesca-comabi.com\/fr\/?s={search_term_string}"},"query-input":{"@type":"PropertyValueSpecification","valueRequired":true,"valueName":"search_term_string"}}],"inLanguage":"fr-FR"},{"@type":"Organization","@id":"https:\/\/prod.tubesca-comabi.com\/fr\/#organization","name":"Tubesca Comabi","url":"https:\/\/prod.tubesca-comabi.com\/fr\/","logo":{"@type":"ImageObject","inLanguage":"fr-FR","@id":"https:\/\/prod.tubesca-comabi.com\/fr\/#\/schema\/logo\/image\/","url":"https:\/\/prod.tubesca-comabi.com\/wp-content\/uploads\/sites\/3\/2022\/12\/tubesca-comabi_logo_0.png","contentUrl":"https:\/\/prod.tubesca-comabi.com\/wp-content\/uploads\/sites\/3\/2022\/12\/tubesca-comabi_logo_0.png","width":426,"height":54,"caption":"Tubesca Comabi"},"image":{"@id":"https:\/\/prod.tubesca-comabi.com\/fr\/#\/schema\/logo\/image\/"},"sameAs":["https:\/\/www.facebook.com\/tubescacomabi\/","https:\/\/x.com\/tubesca_comabi","https:\/\/www.youtube.com\/channel\/UCiiudWOV9mAvU9c7VkV4kmA","https:\/\/www.linkedin.com\/company\/tubesca-comabi","https:\/\/www.instagram.com\/tubesca.comabi\/"]}]}},"_links":{"self":[{"href":"https:\/\/prod.tubesca-comabi.com\/fr\/wp-json\/wp\/v2\/pages\/11211","targetHints":{"allow":["GET"]}}],"collection":[{"href":"https:\/\/prod.tubesca-comabi.com\/fr\/wp-json\/wp\/v2\/pages"}],"about":[{"href":"https:\/\/prod.tubesca-comabi.com\/fr\/wp-json\/wp\/v2\/types\/page"}],"author":[{"embeddable":true,"href":"https:\/\/prod.tubesca-comabi.com\/fr\/wp-json\/wp\/v2\/users\/8"}],"replies":[{"embeddable":true,"href":"https:\/\/prod.tubesca-comabi.com\/fr\/wp-json\/wp\/v2\/comments?post=11211"}],"version-history":[{"count":3,"href":"https:\/\/prod.tubesca-comabi.com\/fr\/wp-json\/wp\/v2\/pages\/11211\/revisions"}],"predecessor-version":[{"id":18569,"href":"https:\/\/prod.tubesca-comabi.com\/fr\/wp-json\/wp\/v2\/pages\/11211\/revisions\/18569"}],"wp:attachment":[{"href":"https:\/\/prod.tubesca-comabi.com\/fr\/wp-json\/wp\/v2\/media?parent=11211"}],"curies":[{"name":"wp","href":"https:\/\/api.w.org\/{rel}","templated":true}]}}