{"id":110979,"date":"2023-09-29T15:40:43","date_gmt":"2023-09-29T13:40:43","guid":{"rendered":"https:\/\/prod.tubesca-comabi.com\/?page_id=110979"},"modified":"2023-09-29T15:40:48","modified_gmt":"2023-09-29T13:40:48","slug":"la-collegiale-notre-dame-dauffay-entre-dans-la-derniere-phase-de-sa-renovation-avec-la-restauration-de-sa-fleche-a-72-metres-de-hauteur","status":"publish","type":"page","link":"https:\/\/prod.tubesca-comabi.com\/fr\/la-collegiale-notre-dame-dauffay-entre-dans-la-derniere-phase-de-sa-renovation-avec-la-restauration-de-sa-fleche-a-72-metres-de-hauteur\/","title":{"rendered":"LA COLL\u00c9GIALE NOTRE-DAME-D\u2019AUFFAY ENTRE DANS LA DERNI\u00c8RE PHASE DE SA R\u00c9NOVATION AVEC LA RESTAURATION DE SA FL\u00c8CHE A 72 METRES DE HAUTEUR"},"content":{"rendered":"\n<p><strong>Apr\u00e8s six ann\u00e9es de travaux, la coll\u00e9giale Notre-Dame-d\u2019Auffay (76) est entr\u00e9e dans sa sixi\u00e8me et derni\u00e8re phase de r\u00e9novation avec la d\u00e9pose et la restauration de la fl\u00e8che. Une \u00e9tape cruciale qui n\u00e9cessite l\u2019installation d\u2019un \u00e9chafaudage auto-stable sur 25 m\u00e8tres de hauteur, dont Tubesca-Comabi a la charge de l\u2019approvisionnement, du montage et du d\u00e9montage.<\/strong><\/p>\n\n\n\n<p><br>Situ\u00e9e \u00e0 Val-de-Scie, en Seine-Maritime (76), la coll\u00e9giale de Notre-Dame-d\u2019Auffay est un monument datant du XIe si\u00e8cle. Des restaurations de grande ampleur ont d\u00e9but\u00e9 en 2017 sur cet \u00e9difice class\u00e9 aux Monuments Historiques. Une organisation minutieuse en six \u00e9tapes cl\u00e9s, avec une tranche ferme et cinq tranches conditionnelles, ont permis la r\u00e9habilitation de la coll\u00e9giale. Cette ann\u00e9e, le chantier de r\u00e9habilitation est entr\u00e9 dans sa derni\u00e8re phase, consid\u00e9r\u00e9e comme cruciale dans la pr\u00e9servation de ce monument du patrimoine.<\/p>\n\n\n\n<h2 class=\"wp-block-heading\" id=\"des-defis-techniques-surmontes-par-une-solution-sur-mesure\"><br>Des d\u00e9fis techniques surmont\u00e9s par une solution sur-mesure<\/h2>\n\n\n\n<div class=\"wp-block-columns is-layout-flex wp-container-core-columns-is-layout-9d6595d7 wp-block-columns-is-layout-flex\">\n<div class=\"wp-block-column is-layout-flow wp-block-column-is-layout-flow\" style=\"flex-basis:33.33%\">\n<figure class=\"wp-block-image size-full\"><a href=\"https:\/\/prod.tubesca-comabi.com\/wp-content\/uploads\/sites\/3\/2023\/09\/CP_Chantier_Auffay_verbatim_2809.jpg\"><img loading=\"lazy\" decoding=\"async\" width=\"406\" height=\"273\" src=\"https:\/\/prod.tubesca-comabi.com\/wp-content\/uploads\/sites\/3\/2023\/09\/CP_Chantier_Auffay_verbatim_2809.jpg\" alt=\"\" class=\"wp-image-110980\" srcset=\"https:\/\/prod.tubesca-comabi.com\/wp-content\/uploads\/sites\/3\/2023\/09\/CP_Chantier_Auffay_verbatim_2809.jpg 406w, https:\/\/prod.tubesca-comabi.com\/wp-content\/uploads\/sites\/3\/2023\/09\/CP_Chantier_Auffay_verbatim_2809-300x202.jpg 300w\" sizes=\"auto, (max-width: 406px) 100vw, 406px\" \/><\/a><\/figure>\n<\/div>\n\n\n\n<div class=\"wp-block-column is-layout-flow wp-block-column-is-layout-flow\" style=\"flex-basis:66.66%\">\n<p>Leader fran\u00e7ais dans la fabrication et la commercialisation de solutions d&#8217;acc\u00e8s et de travail en hauteur, Tubesca-Comabi a la charge de l\u2019approvisionnement, du montage et du d\u00e9montage des \u00e9chafaudages, et ce durant tout le chantier. Cette derni\u00e8re \u00e9tape, qui consiste \u00e0 la r\u00e9novation int\u00e9grale du sommet de la fl\u00e8che, a n\u00e9cessit\u00e9 l\u2019installation de 36 niveaux d\u2019\u00e9chafaudage sur 72 m\u00e8tres de hauteur. Pour Tubesca-Comabi, le d\u00e9fi technique le plus complexe, au niveau de la fl\u00e8che, a \u00e9t\u00e9 la mise en place d\u2019un \u00e9chafaudage auto-stable sur une hauteur de 25 m\u00e8tres, pour permettre aux artisans d\u2019intervenir en toute s\u00e9curit\u00e9 et efficacit\u00e9.<\/p>\n\n\n\n<p><\/p>\n\n\n\n<p><\/p>\n\n\n\n<p><\/p>\n\n\n\n<p><\/p>\n\n\n\n<p><\/p>\n<\/div>\n<\/div>\n\n\n\n<p>Avec ce projet de r\u00e9novation d\u2019envergure, vient toute une s\u00e9rie de contraintes techniques et logistiques. Afin d\u2019assurer la restauration de la fl\u00e8che, un \u00e9quipement sp\u00e9cifique a d\u00fb \u00eatre mis en place pour assurer la s\u00e9curit\u00e9 des travailleurs \u00e0 72 m\u00e8tres de hauteur.<\/p>\n\n\n\n<div class=\"wp-block-columns is-layout-flex wp-container-core-columns-is-layout-9d6595d7 wp-block-columns-is-layout-flex\">\n<div class=\"wp-block-column is-layout-flow wp-block-column-is-layout-flow\" style=\"flex-basis:33.33%\">\n<figure class=\"wp-block-image size-full\"><a href=\"http:\/\/prod.tubesca-comabi.com\/wp-content\/uploads\/sites\/3\/2023\/09\/Image1-1.png\"><img loading=\"lazy\" decoding=\"async\" width=\"480\" height=\"591\" src=\"http:\/\/prod.tubesca-comabi.com\/wp-content\/uploads\/sites\/3\/2023\/09\/Image1-1.png\" alt=\"\" class=\"wp-image-110971\" srcset=\"https:\/\/prod.tubesca-comabi.com\/wp-content\/uploads\/sites\/3\/2023\/09\/Image1-1.png 480w, https:\/\/prod.tubesca-comabi.com\/wp-content\/uploads\/sites\/3\/2023\/09\/Image1-1-244x300.png 244w\" sizes=\"auto, (max-width: 480px) 100vw, 480px\" \/><\/a><\/figure>\n<\/div>\n\n\n\n<div class=\"wp-block-column is-layout-flow wp-block-column-is-layout-flow\" style=\"flex-basis:66.66%\">\n<p>La structure a \u00e9t\u00e9 imagin\u00e9e et con\u00e7ue pour faciliter l\u2019acc\u00e8s aux divers corps de m\u00e9tier et se compose :<\/p>\n\n\n\n<ul class=\"wp-block-list\">\n<li><strong>Un \u00e9chafaudage ext\u00e9rieur multidirectionnel M368 <\/strong>d\u2019un m\u00e8tre de large<\/li>\n\n\n\n<li><strong>Un \u00e9chafaudage auto-stable<\/strong>, au niveau de la fl\u00e8che, sur une hauteur de 25 m\u00e8tres<\/li>\n\n\n\n<li><strong>Deux \u00e9chafaudages int\u00e9rieurs<\/strong> : dans la salle des cloches et au niveau de la fl\u00e8che, pour renforcer l\u2019\u00e9chafaudage ext\u00e9rieur et simplifier le travail des tailleurs de pierre.<\/li>\n\n\n\n<li><strong>Des filets de protection<\/strong> autour du clocher avec des syst\u00e8mes d\u2019approvisionnement \u00e0 53 m\u00e8tres<\/li>\n\n\n\n<li><strong>Un escalier UNISTEP de 70 m\u00e8tres<\/strong> pour simplifier l\u2019acc\u00e8s aux \u00e9quipes de r\u00e9novation.<br><\/li>\n<\/ul>\n\n\n\n<p>De m\u00eame, les pieds des autres \u00e9chafaudages reposant sur les hauteurs de la coll\u00e9giale, des pr\u00e9cautions suppl\u00e9mentaires ont d\u00fb \u00eatre imagin\u00e9es et \u00e9tablies pour \u00e9viter leur endommagement pendant la dur\u00e9e des travaux.<\/p>\n<\/div>\n<\/div>\n\n\n\n<h2 class=\"wp-block-heading\" id=\"le-chantier-en-chiffres\">Le chantier en chiffres :<\/h2>\n\n\n\n<ul class=\"wp-block-list\">\n<li>6 ann\u00e9es de travaux et 6 \u00e9tapes<\/li>\n\n\n\n<li>85 tonnes de mat\u00e9riels utilis\u00e9es<\/li>\n\n\n\n<li>36 niveaux d\u2019\u00e9chafaudages sur 72 m\u00e8tres de hauteur<\/li>\n\n\n\n<li>Un \u00e9chafaudage auto-stable de 25 m\u00e8tres de hauteur<\/li>\n<\/ul>\n\n\n\n<h2 class=\"wp-block-heading\" id=\"la-parole-a-jean-charles-durand-ingenieur-travaux-de-tubesca-comabi\">La parole \u00e0 Jean-Charles Durand, ing\u00e9nieur travaux de Tubesca-Comabi<\/h2>\n\n\n\n<div class=\"wp-block-columns is-layout-flex wp-container-core-columns-is-layout-9d6595d7 wp-block-columns-is-layout-flex\">\n<div class=\"wp-block-column is-layout-flow wp-block-column-is-layout-flow\" style=\"flex-basis:33.33%\">\n<figure class=\"wp-block-image size-full\"><a href=\"http:\/\/prod.tubesca-comabi.com\/wp-content\/uploads\/sites\/3\/2023\/09\/Jean_Charles_Durand.jpg\"><img loading=\"lazy\" decoding=\"async\" width=\"253\" height=\"338\" src=\"http:\/\/prod.tubesca-comabi.com\/wp-content\/uploads\/sites\/3\/2023\/09\/Jean_Charles_Durand.jpg\" alt=\"\" class=\"wp-image-110981\" srcset=\"https:\/\/prod.tubesca-comabi.com\/wp-content\/uploads\/sites\/3\/2023\/09\/Jean_Charles_Durand.jpg 253w, https:\/\/prod.tubesca-comabi.com\/wp-content\/uploads\/sites\/3\/2023\/09\/Jean_Charles_Durand-225x300.jpg 225w\" sizes=\"auto, (max-width: 253px) 100vw, 253px\" \/><\/a><\/figure>\n<\/div>\n\n\n\n<div class=\"wp-block-column is-layout-flow wp-block-column-is-layout-flow\" style=\"flex-basis:66.66%\">\n<p><strong>Au-del\u00e0 des contraintes techniques pr\u00e9alables, avez-vous \u00e9t\u00e9 confront\u00e9s \u00e0 d\u2019autres contraintes sur le chantier ?<\/strong><br>Nous avons d\u00fb faire face \u00e0 plusieurs difficult\u00e9s techniques, notamment pour r\u00e9duire les efforts au niveau des appuis en toiture. La forte pente nous a donc amen\u00e9s \u00e0 r\u00e9duire les mailles \u00e0 la base de l&#8217;\u00e9chafaudage pour faciliter le travail des monteurs et r\u00e9duire la charge au niveau des pieds. Des sous-\u00e9taiements ont \u00e9galement \u00e9t\u00e9 ajout\u00e9s en sous-toiture pour soulager la charpente. L&#8217;autre principale difficult\u00e9 \u00e9tait de rendre l&#8217;\u00e9chafaudage autostable sur les 20 derniers m\u00e8tres, la fl\u00e8che \u00e9tant d\u00e9pos\u00e9e afin d&#8217;\u00eatre reconstruite. Les appuis \u00e9taient impossibles sur celle-ci.<\/p>\n<\/div>\n<\/div>\n\n\n\n<p><strong>Y-a-t \u2019il un point sur lequel vous voudriez insister ?<\/strong><br>Sur ce type de chantier, il est tr\u00e8s difficile de bien appr\u00e9hender la dur\u00e9e du temps de montage. Beaucoup d&#8217;al\u00e9as rentrent en compte, notamment l&#8217;acheminement des pi\u00e8ces ; celles-ci sont reprises jusqu&#8217;\u00e0 quatre fois avant d&#8217;\u00eatre mises en place. Cela nous am\u00e8nera \u00e0 r\u00e9fl\u00e9chir diff\u00e9remment lors de nos futurs chantiers d&#8217;envergure.<\/p>\n\n\n\n<p><br><strong>Comment qualifieriez-vous ce chantier ?<\/strong><br>Ce chantier s&#8217;est av\u00e9r\u00e9 tr\u00e8s enrichissant tant sur le plan technique que sur le plan organisationnel et me permettra d&#8217;appr\u00e9hender diff\u00e9remment nos prochains chantiers. D&#8217;un point de vue plus personnel, je consid\u00e8re que c&#8217;est un v\u00e9ritable privil\u00e8ge de pouvoir explorer l&#8217;int\u00e9rieur et le sommet d&#8217;une fl\u00e8che ! Une visite impossible sans \u00e9chafaudage, sans parler de la vue alentour depuis le sommet.<\/p>\n\n\n\n<div class=\"wp-block-buttons is-layout-flex wp-block-buttons-is-layout-flex\">\n<div class=\"wp-block-button\"><a class=\"wp-block-button__link wp-element-button\" href=\"http:\/\/prod.tubesca-comabi.com\/wp-content\/uploads\/sites\/3\/2023\/09\/CP_Chantier_Auffay_verbatim_2809.pdf\" target=\"_blank\" rel=\"noreferrer noopener\">Lire le communiqu\u00e9<\/a><\/div>\n<\/div>\n","protected":false},"excerpt":{"rendered":"<p>Apr\u00e8s six ann\u00e9es de travaux, la coll\u00e9giale Notre-Dame-d\u2019Auffay (76) est entr\u00e9e dans sa sixi\u00e8me et derni\u00e8re phase de r\u00e9novation avec la d\u00e9pose et la restauration de la fl\u00e8che. Une \u00e9tape cruciale qui n\u00e9cessite l\u2019installation d\u2019un \u00e9chafaudage auto-stable sur 25 m\u00e8tres de hauteur, dont Tubesca-Comabi a la charge de l\u2019approvisionnement, du montage et du d\u00e9montage. Situ\u00e9e [&hellip;]<\/p>\n","protected":false},"author":8,"featured_media":0,"parent":0,"menu_order":0,"comment_status":"closed","ping_status":"closed","template":"","meta":{"_acf_changed":false,"ep_exclude_from_search":false,"footnotes":""},"class_list":["post-110979","page","type-page","status-publish","hentry"],"acf":[],"yoast_head":"<!-- This site is optimized with the Yoast SEO plugin v27.4 - https:\/\/yoast.com\/product\/yoast-seo-wordpress\/ -->\n<title>LA COLL\u00c9GIALE NOTRE-DAME-D\u2019AUFFAY ENTRE DANS LA DERNI\u00c8RE PHASE DE SA R\u00c9NOVATION AVEC LA RESTAURATION DE SA FL\u00c8CHE A 72 METRES DE HAUTEUR - Tubesca Comabi<\/title>\n<meta name=\"robots\" content=\"noindex, follow, max-snippet:-1, max-image-preview:large, max-video-preview:-1\" \/>\n<meta property=\"og:locale\" content=\"fr_FR\" \/>\n<meta property=\"og:type\" content=\"article\" \/>\n<meta property=\"og:title\" content=\"LA COLL\u00c9GIALE NOTRE-DAME-D\u2019AUFFAY ENTRE DANS LA DERNI\u00c8RE PHASE DE SA R\u00c9NOVATION AVEC LA RESTAURATION DE SA FL\u00c8CHE A 72 METRES DE HAUTEUR - Tubesca Comabi\" \/>\n<meta property=\"og:description\" content=\"Apr\u00e8s six ann\u00e9es de travaux, la coll\u00e9giale Notre-Dame-d\u2019Auffay (76) est entr\u00e9e dans sa sixi\u00e8me et derni\u00e8re phase de r\u00e9novation avec la d\u00e9pose et la restauration de la fl\u00e8che. Une \u00e9tape cruciale qui n\u00e9cessite l\u2019installation d\u2019un \u00e9chafaudage auto-stable sur 25 m\u00e8tres de hauteur, dont Tubesca-Comabi a la charge de l\u2019approvisionnement, du montage et du d\u00e9montage. Situ\u00e9e [&hellip;]\" \/>\n<meta property=\"og:url\" content=\"https:\/\/prod.tubesca-comabi.com\/fr\/la-collegiale-notre-dame-dauffay-entre-dans-la-derniere-phase-de-sa-renovation-avec-la-restauration-de-sa-fleche-a-72-metres-de-hauteur\/\" \/>\n<meta property=\"og:site_name\" content=\"Tubesca Comabi\" \/>\n<meta property=\"article:publisher\" content=\"https:\/\/www.facebook.com\/tubescacomabi\/\" \/>\n<meta property=\"article:modified_time\" content=\"2023-09-29T13:40:48+00:00\" \/>\n<meta property=\"og:image\" content=\"https:\/\/prod.tubesca-comabi.com\/wp-content\/uploads\/sites\/3\/2023\/09\/CP_Chantier_Auffay_verbatim_2809.jpg\" \/>\n<meta name=\"twitter:card\" content=\"summary_large_image\" \/>\n<meta name=\"twitter:site\" content=\"@tubesca_comabi\" \/>\n<meta name=\"twitter:label1\" content=\"Dur\u00e9e de lecture estim\u00e9e\" \/>\n\t<meta name=\"twitter:data1\" content=\"5 minutes\" \/>\n<script type=\"application\/ld+json\" class=\"yoast-schema-graph\">{\"@context\":\"https:\\\/\\\/schema.org\",\"@graph\":[{\"@type\":\"WebPage\",\"@id\":\"https:\\\/\\\/prod.tubesca-comabi.com\\\/fr\\\/la-collegiale-notre-dame-dauffay-entre-dans-la-derniere-phase-de-sa-renovation-avec-la-restauration-de-sa-fleche-a-72-metres-de-hauteur\\\/\",\"url\":\"https:\\\/\\\/prod.tubesca-comabi.com\\\/fr\\\/la-collegiale-notre-dame-dauffay-entre-dans-la-derniere-phase-de-sa-renovation-avec-la-restauration-de-sa-fleche-a-72-metres-de-hauteur\\\/\",\"name\":\"LA COLL\u00c9GIALE NOTRE-DAME-D\u2019AUFFAY ENTRE DANS LA DERNI\u00c8RE PHASE DE SA R\u00c9NOVATION AVEC LA RESTAURATION DE SA FL\u00c8CHE A 72 METRES DE HAUTEUR - Tubesca Comabi\",\"isPartOf\":{\"@id\":\"https:\\\/\\\/prod.tubesca-comabi.com\\\/fr\\\/#website\"},\"primaryImageOfPage\":{\"@id\":\"https:\\\/\\\/prod.tubesca-comabi.com\\\/fr\\\/la-collegiale-notre-dame-dauffay-entre-dans-la-derniere-phase-de-sa-renovation-avec-la-restauration-de-sa-fleche-a-72-metres-de-hauteur\\\/#primaryimage\"},\"image\":{\"@id\":\"https:\\\/\\\/prod.tubesca-comabi.com\\\/fr\\\/la-collegiale-notre-dame-dauffay-entre-dans-la-derniere-phase-de-sa-renovation-avec-la-restauration-de-sa-fleche-a-72-metres-de-hauteur\\\/#primaryimage\"},\"thumbnailUrl\":\"https:\\\/\\\/prod.tubesca-comabi.com\\\/wp-content\\\/uploads\\\/sites\\\/3\\\/2023\\\/09\\\/CP_Chantier_Auffay_verbatim_2809.jpg\",\"datePublished\":\"2023-09-29T13:40:43+00:00\",\"dateModified\":\"2023-09-29T13:40:48+00:00\",\"breadcrumb\":{\"@id\":\"https:\\\/\\\/prod.tubesca-comabi.com\\\/fr\\\/la-collegiale-notre-dame-dauffay-entre-dans-la-derniere-phase-de-sa-renovation-avec-la-restauration-de-sa-fleche-a-72-metres-de-hauteur\\\/#breadcrumb\"},\"inLanguage\":\"fr-FR\",\"potentialAction\":[{\"@type\":\"ReadAction\",\"target\":[\"https:\\\/\\\/prod.tubesca-comabi.com\\\/fr\\\/la-collegiale-notre-dame-dauffay-entre-dans-la-derniere-phase-de-sa-renovation-avec-la-restauration-de-sa-fleche-a-72-metres-de-hauteur\\\/\"]}]},{\"@type\":\"ImageObject\",\"inLanguage\":\"fr-FR\",\"@id\":\"https:\\\/\\\/prod.tubesca-comabi.com\\\/fr\\\/la-collegiale-notre-dame-dauffay-entre-dans-la-derniere-phase-de-sa-renovation-avec-la-restauration-de-sa-fleche-a-72-metres-de-hauteur\\\/#primaryimage\",\"url\":\"https:\\\/\\\/prod.tubesca-comabi.com\\\/wp-content\\\/uploads\\\/sites\\\/3\\\/2023\\\/09\\\/CP_Chantier_Auffay_verbatim_2809.jpg\",\"contentUrl\":\"https:\\\/\\\/prod.tubesca-comabi.com\\\/wp-content\\\/uploads\\\/sites\\\/3\\\/2023\\\/09\\\/CP_Chantier_Auffay_verbatim_2809.jpg\"},{\"@type\":\"BreadcrumbList\",\"@id\":\"https:\\\/\\\/prod.tubesca-comabi.com\\\/fr\\\/la-collegiale-notre-dame-dauffay-entre-dans-la-derniere-phase-de-sa-renovation-avec-la-restauration-de-sa-fleche-a-72-metres-de-hauteur\\\/#breadcrumb\",\"itemListElement\":[{\"@type\":\"ListItem\",\"position\":1,\"name\":\"Tubesca-Comabi\",\"item\":\"https:\\\/\\\/prod.tubesca-comabi.com\\\/fr\\\/\"},{\"@type\":\"ListItem\",\"position\":2,\"name\":\"LA COLL\u00c9GIALE NOTRE-DAME-D\u2019AUFFAY ENTRE DANS LA DERNI\u00c8RE PHASE DE SA R\u00c9NOVATION AVEC LA RESTAURATION DE SA FL\u00c8CHE A 72 METRES DE HAUTEUR\"}]},{\"@type\":\"WebSite\",\"@id\":\"https:\\\/\\\/prod.tubesca-comabi.com\\\/fr\\\/#website\",\"url\":\"https:\\\/\\\/prod.tubesca-comabi.com\\\/fr\\\/\",\"name\":\"Tubesca Comabi\",\"description\":\"Une entreprise du groupe Fr\u00e9n\u00e9hard &amp; Michaux\",\"publisher\":{\"@id\":\"https:\\\/\\\/prod.tubesca-comabi.com\\\/fr\\\/#organization\"},\"potentialAction\":[{\"@type\":\"SearchAction\",\"target\":{\"@type\":\"EntryPoint\",\"urlTemplate\":\"https:\\\/\\\/prod.tubesca-comabi.com\\\/fr\\\/?s={search_term_string}\"},\"query-input\":{\"@type\":\"PropertyValueSpecification\",\"valueRequired\":true,\"valueName\":\"search_term_string\"}}],\"inLanguage\":\"fr-FR\"},{\"@type\":\"Organization\",\"@id\":\"https:\\\/\\\/prod.tubesca-comabi.com\\\/fr\\\/#organization\",\"name\":\"Tubesca Comabi\",\"url\":\"https:\\\/\\\/prod.tubesca-comabi.com\\\/fr\\\/\",\"logo\":{\"@type\":\"ImageObject\",\"inLanguage\":\"fr-FR\",\"@id\":\"https:\\\/\\\/prod.tubesca-comabi.com\\\/fr\\\/#\\\/schema\\\/logo\\\/image\\\/\",\"url\":\"https:\\\/\\\/prod.tubesca-comabi.com\\\/wp-content\\\/uploads\\\/sites\\\/3\\\/2022\\\/12\\\/tubesca-comabi_logo_0.png\",\"contentUrl\":\"https:\\\/\\\/prod.tubesca-comabi.com\\\/wp-content\\\/uploads\\\/sites\\\/3\\\/2022\\\/12\\\/tubesca-comabi_logo_0.png\",\"width\":426,\"height\":54,\"caption\":\"Tubesca Comabi\"},\"image\":{\"@id\":\"https:\\\/\\\/prod.tubesca-comabi.com\\\/fr\\\/#\\\/schema\\\/logo\\\/image\\\/\"},\"sameAs\":[\"https:\\\/\\\/www.facebook.com\\\/tubescacomabi\\\/\",\"https:\\\/\\\/x.com\\\/tubesca_comabi\",\"https:\\\/\\\/www.youtube.com\\\/channel\\\/UCiiudWOV9mAvU9c7VkV4kmA\",\"https:\\\/\\\/www.linkedin.com\\\/company\\\/tubesca-comabi\",\"https:\\\/\\\/www.instagram.com\\\/tubesca.comabi\\\/\"]}]}<\/script>\n<!-- \/ Yoast SEO plugin. -->","yoast_head_json":{"title":"LA COLL\u00c9GIALE NOTRE-DAME-D\u2019AUFFAY ENTRE DANS LA DERNI\u00c8RE PHASE DE SA R\u00c9NOVATION AVEC LA RESTAURATION DE SA FL\u00c8CHE A 72 METRES DE HAUTEUR - Tubesca Comabi","robots":{"index":"noindex","follow":"follow","max-snippet":"max-snippet:-1","max-image-preview":"max-image-preview:large","max-video-preview":"max-video-preview:-1"},"og_locale":"fr_FR","og_type":"article","og_title":"LA COLL\u00c9GIALE NOTRE-DAME-D\u2019AUFFAY ENTRE DANS LA DERNI\u00c8RE PHASE DE SA R\u00c9NOVATION AVEC LA RESTAURATION DE SA FL\u00c8CHE A 72 METRES DE HAUTEUR - Tubesca Comabi","og_description":"Apr\u00e8s six ann\u00e9es de travaux, la coll\u00e9giale Notre-Dame-d\u2019Auffay (76) est entr\u00e9e dans sa sixi\u00e8me et derni\u00e8re phase de r\u00e9novation avec la d\u00e9pose et la restauration de la fl\u00e8che. Une \u00e9tape cruciale qui n\u00e9cessite l\u2019installation d\u2019un \u00e9chafaudage auto-stable sur 25 m\u00e8tres de hauteur, dont Tubesca-Comabi a la charge de l\u2019approvisionnement, du montage et du d\u00e9montage. Situ\u00e9e [&hellip;]","og_url":"https:\/\/prod.tubesca-comabi.com\/fr\/la-collegiale-notre-dame-dauffay-entre-dans-la-derniere-phase-de-sa-renovation-avec-la-restauration-de-sa-fleche-a-72-metres-de-hauteur\/","og_site_name":"Tubesca Comabi","article_publisher":"https:\/\/www.facebook.com\/tubescacomabi\/","article_modified_time":"2023-09-29T13:40:48+00:00","og_image":[{"url":"https:\/\/prod.tubesca-comabi.com\/wp-content\/uploads\/sites\/3\/2023\/09\/CP_Chantier_Auffay_verbatim_2809.jpg","type":"","width":"","height":""}],"twitter_card":"summary_large_image","twitter_site":"@tubesca_comabi","twitter_misc":{"Dur\u00e9e de lecture estim\u00e9e":"5 minutes"},"schema":{"@context":"https:\/\/schema.org","@graph":[{"@type":"WebPage","@id":"https:\/\/prod.tubesca-comabi.com\/fr\/la-collegiale-notre-dame-dauffay-entre-dans-la-derniere-phase-de-sa-renovation-avec-la-restauration-de-sa-fleche-a-72-metres-de-hauteur\/","url":"https:\/\/prod.tubesca-comabi.com\/fr\/la-collegiale-notre-dame-dauffay-entre-dans-la-derniere-phase-de-sa-renovation-avec-la-restauration-de-sa-fleche-a-72-metres-de-hauteur\/","name":"LA COLL\u00c9GIALE NOTRE-DAME-D\u2019AUFFAY ENTRE DANS LA DERNI\u00c8RE PHASE DE SA R\u00c9NOVATION AVEC LA RESTAURATION DE SA FL\u00c8CHE A 72 METRES DE HAUTEUR - Tubesca Comabi","isPartOf":{"@id":"https:\/\/prod.tubesca-comabi.com\/fr\/#website"},"primaryImageOfPage":{"@id":"https:\/\/prod.tubesca-comabi.com\/fr\/la-collegiale-notre-dame-dauffay-entre-dans-la-derniere-phase-de-sa-renovation-avec-la-restauration-de-sa-fleche-a-72-metres-de-hauteur\/#primaryimage"},"image":{"@id":"https:\/\/prod.tubesca-comabi.com\/fr\/la-collegiale-notre-dame-dauffay-entre-dans-la-derniere-phase-de-sa-renovation-avec-la-restauration-de-sa-fleche-a-72-metres-de-hauteur\/#primaryimage"},"thumbnailUrl":"https:\/\/prod.tubesca-comabi.com\/wp-content\/uploads\/sites\/3\/2023\/09\/CP_Chantier_Auffay_verbatim_2809.jpg","datePublished":"2023-09-29T13:40:43+00:00","dateModified":"2023-09-29T13:40:48+00:00","breadcrumb":{"@id":"https:\/\/prod.tubesca-comabi.com\/fr\/la-collegiale-notre-dame-dauffay-entre-dans-la-derniere-phase-de-sa-renovation-avec-la-restauration-de-sa-fleche-a-72-metres-de-hauteur\/#breadcrumb"},"inLanguage":"fr-FR","potentialAction":[{"@type":"ReadAction","target":["https:\/\/prod.tubesca-comabi.com\/fr\/la-collegiale-notre-dame-dauffay-entre-dans-la-derniere-phase-de-sa-renovation-avec-la-restauration-de-sa-fleche-a-72-metres-de-hauteur\/"]}]},{"@type":"ImageObject","inLanguage":"fr-FR","@id":"https:\/\/prod.tubesca-comabi.com\/fr\/la-collegiale-notre-dame-dauffay-entre-dans-la-derniere-phase-de-sa-renovation-avec-la-restauration-de-sa-fleche-a-72-metres-de-hauteur\/#primaryimage","url":"https:\/\/prod.tubesca-comabi.com\/wp-content\/uploads\/sites\/3\/2023\/09\/CP_Chantier_Auffay_verbatim_2809.jpg","contentUrl":"https:\/\/prod.tubesca-comabi.com\/wp-content\/uploads\/sites\/3\/2023\/09\/CP_Chantier_Auffay_verbatim_2809.jpg"},{"@type":"BreadcrumbList","@id":"https:\/\/prod.tubesca-comabi.com\/fr\/la-collegiale-notre-dame-dauffay-entre-dans-la-derniere-phase-de-sa-renovation-avec-la-restauration-de-sa-fleche-a-72-metres-de-hauteur\/#breadcrumb","itemListElement":[{"@type":"ListItem","position":1,"name":"Tubesca-Comabi","item":"https:\/\/prod.tubesca-comabi.com\/fr\/"},{"@type":"ListItem","position":2,"name":"LA COLL\u00c9GIALE NOTRE-DAME-D\u2019AUFFAY ENTRE DANS LA DERNI\u00c8RE PHASE DE SA R\u00c9NOVATION AVEC LA RESTAURATION DE SA FL\u00c8CHE A 72 METRES DE HAUTEUR"}]},{"@type":"WebSite","@id":"https:\/\/prod.tubesca-comabi.com\/fr\/#website","url":"https:\/\/prod.tubesca-comabi.com\/fr\/","name":"Tubesca Comabi","description":"Une entreprise du groupe Fr\u00e9n\u00e9hard &amp; Michaux","publisher":{"@id":"https:\/\/prod.tubesca-comabi.com\/fr\/#organization"},"potentialAction":[{"@type":"SearchAction","target":{"@type":"EntryPoint","urlTemplate":"https:\/\/prod.tubesca-comabi.com\/fr\/?s={search_term_string}"},"query-input":{"@type":"PropertyValueSpecification","valueRequired":true,"valueName":"search_term_string"}}],"inLanguage":"fr-FR"},{"@type":"Organization","@id":"https:\/\/prod.tubesca-comabi.com\/fr\/#organization","name":"Tubesca Comabi","url":"https:\/\/prod.tubesca-comabi.com\/fr\/","logo":{"@type":"ImageObject","inLanguage":"fr-FR","@id":"https:\/\/prod.tubesca-comabi.com\/fr\/#\/schema\/logo\/image\/","url":"https:\/\/prod.tubesca-comabi.com\/wp-content\/uploads\/sites\/3\/2022\/12\/tubesca-comabi_logo_0.png","contentUrl":"https:\/\/prod.tubesca-comabi.com\/wp-content\/uploads\/sites\/3\/2022\/12\/tubesca-comabi_logo_0.png","width":426,"height":54,"caption":"Tubesca Comabi"},"image":{"@id":"https:\/\/prod.tubesca-comabi.com\/fr\/#\/schema\/logo\/image\/"},"sameAs":["https:\/\/www.facebook.com\/tubescacomabi\/","https:\/\/x.com\/tubesca_comabi","https:\/\/www.youtube.com\/channel\/UCiiudWOV9mAvU9c7VkV4kmA","https:\/\/www.linkedin.com\/company\/tubesca-comabi","https:\/\/www.instagram.com\/tubesca.comabi\/"]}]}},"_links":{"self":[{"href":"https:\/\/prod.tubesca-comabi.com\/fr\/wp-json\/wp\/v2\/pages\/110979","targetHints":{"allow":["GET"]}}],"collection":[{"href":"https:\/\/prod.tubesca-comabi.com\/fr\/wp-json\/wp\/v2\/pages"}],"about":[{"href":"https:\/\/prod.tubesca-comabi.com\/fr\/wp-json\/wp\/v2\/types\/page"}],"author":[{"embeddable":true,"href":"https:\/\/prod.tubesca-comabi.com\/fr\/wp-json\/wp\/v2\/users\/8"}],"replies":[{"embeddable":true,"href":"https:\/\/prod.tubesca-comabi.com\/fr\/wp-json\/wp\/v2\/comments?post=110979"}],"version-history":[{"count":3,"href":"https:\/\/prod.tubesca-comabi.com\/fr\/wp-json\/wp\/v2\/pages\/110979\/revisions"}],"predecessor-version":[{"id":110984,"href":"https:\/\/prod.tubesca-comabi.com\/fr\/wp-json\/wp\/v2\/pages\/110979\/revisions\/110984"}],"wp:attachment":[{"href":"https:\/\/prod.tubesca-comabi.com\/fr\/wp-json\/wp\/v2\/media?parent=110979"}],"curies":[{"name":"wp","href":"https:\/\/api.w.org\/{rel}","templated":true}]}}