{"id":10993,"date":"2023-03-01T14:36:14","date_gmt":"2023-03-01T13:36:14","guid":{"rendered":"https:\/\/prod.tubesca-comabi.com\/?page_id=10993"},"modified":"2023-05-16T15:06:44","modified_gmt":"2023-05-16T13:06:44","slug":"echafaudage-m49","status":"publish","type":"page","link":"https:\/\/prod.tubesca-comabi.com\/fr\/echafaudage-m49\/","title":{"rendered":"\u00c9chafaudage M49"},"content":{"rendered":"\n<div style=\"height:50px\" aria-hidden=\"true\" class=\"wp-block-spacer\"><\/div>\n\n\n\n<h4 class=\"wp-block-heading\" id=\"echafaudage-fixe-acier-pour-les-macons\">\u00c9CHAFAUDAGE FIXE ACIER POUR LES MACONS<\/h4>\n\n\n\n<div class=\"wp-block-columns is-layout-flex wp-container-core-columns-is-layout-9d6595d7 wp-block-columns-is-layout-flex\">\n<div class=\"wp-block-column is-layout-flow wp-block-column-is-layout-flow\">\n<p>Les \u00e9chafaudages M49, r\u00e9sistants aux sollicitations extr\u00eames du m\u00e9tier de ma\u00e7on permettent des montages simples pour les chantiers du quotidien.<br>Le M49 est adapt\u00e9 par exemple aux ma\u00e7ons constructeurs, neuf ou r\u00e9novation et interventions sur maisons individuelles<\/p>\n\n\n\n<ul class=\"wp-block-list\"><li><strong>Cas d\u2019usage :&nbsp;<\/strong>Ma\u00e7onnerie<\/li><li><strong>Type :<\/strong>&nbsp;Lots d\u2019\u00e9chafaudage \u00e0 cadre ferm\u00e9<\/li><li><strong>Mat\u00e9riau&nbsp;<\/strong>: Acier<\/li><li><strong>\u00c9paisseur des montants<\/strong>&nbsp;: Acier&nbsp;:&nbsp;48.3mm<\/li><\/ul>\n\n\n\n<p><\/p>\n\n\n\n<p><strong>Conditions extr\u00eames<\/strong><\/p>\n\n\n\n<ul class=\"is-style-mycms-bullets-orange wp-block-list\"><li>Montants de 48,3 x 2,7<\/li><li>Galvanis\u00e9 \u00e0 chaud<\/li><li>Traverses \u00ab Oblongues \u00bb<\/li><li>Manchons rapport\u00e9s soud\u00e9s<\/li><\/ul>\n\n\n\n<p><\/p>\n\n\n\n<p><strong>Confortable<\/strong><\/p>\n\n\n\n<ul class=\"is-style-mycms-bullets-orange wp-block-list\"><li>Cadres \u00e0 \u00e9chelons, pour un r\u00e9glage tous les 50cm<\/li><li>Passage libre de 90cm<\/li><li>Clavet\u00e9, pour de multiples possibilit\u00e9<\/li><\/ul>\n\n\n\n<p><\/p>\n\n\n\n<p><strong>Adaptable<\/strong><\/p>\n\n\n\n<ul class=\"is-style-mycms-bullets-orange wp-block-list\"><li>Plusieurs d\u00e9parts possibles<\/li><li>Compositions multiples<\/li><\/ul>\n\n\n\n<div style=\"height:32px\" aria-hidden=\"true\" class=\"wp-block-spacer\"><\/div>\n\n\n\n<div class=\"wp-block-buttons is-layout-flex wp-block-buttons-is-layout-flex\">\n<div class=\"wp-block-button is-style-icon-fleche\"><a class=\"wp-block-button__link\" href=\"http:\/\/prod.tubesca-comabi.com\/wp-content\/uploads\/sites\/3\/2023\/04\/FicheProduit_M49.pdf\" target=\"_blank\" rel=\"noreferrer noopener\">Fiche technique M49<\/a><\/div>\n<\/div>\n<\/div>\n\n\n\n<div class=\"wp-block-column is-layout-flow wp-block-column-is-layout-flow\">\n<figure class=\"wp-block-image size-large is-resized\"><img loading=\"lazy\" decoding=\"async\" src=\"https:\/\/prod.tubesca-comabi.com\/wp-content\/uploads\/sites\/3\/2023\/04\/ECHAFAUDAGES-FIXES_M49_DET_1-707x1024.jpg\" alt=\"\" class=\"wp-image-18459\" width=\"269\" height=\"389\" srcset=\"https:\/\/prod.tubesca-comabi.com\/wp-content\/uploads\/sites\/3\/2023\/04\/ECHAFAUDAGES-FIXES_M49_DET_1-707x1024.jpg 707w, https:\/\/prod.tubesca-comabi.com\/wp-content\/uploads\/sites\/3\/2023\/04\/ECHAFAUDAGES-FIXES_M49_DET_1-207x300.jpg 207w, https:\/\/prod.tubesca-comabi.com\/wp-content\/uploads\/sites\/3\/2023\/04\/ECHAFAUDAGES-FIXES_M49_DET_1-768x1113.jpg 768w, https:\/\/prod.tubesca-comabi.com\/wp-content\/uploads\/sites\/3\/2023\/04\/ECHAFAUDAGES-FIXES_M49_DET_1-1060x1536.jpg 1060w, https:\/\/prod.tubesca-comabi.com\/wp-content\/uploads\/sites\/3\/2023\/04\/ECHAFAUDAGES-FIXES_M49_DET_1-1414x2048.jpg 1414w, https:\/\/prod.tubesca-comabi.com\/wp-content\/uploads\/sites\/3\/2023\/04\/ECHAFAUDAGES-FIXES_M49_DET_1-600x869.jpg 600w, https:\/\/prod.tubesca-comabi.com\/wp-content\/uploads\/sites\/3\/2023\/04\/ECHAFAUDAGES-FIXES_M49_DET_1-scaled.jpg 1767w\" sizes=\"auto, (max-width: 269px) 100vw, 269px\" \/><\/figure>\n\n\n\n<figure class=\"wp-block-image size-large is-resized\"><a href=\"https:\/\/prod.tubesca-comabi.com\/wp-content\/uploads\/sites\/3\/2023\/04\/FicheProduit_M49-scaled.jpg\"><img loading=\"lazy\" decoding=\"async\" src=\"https:\/\/prod.tubesca-comabi.com\/wp-content\/uploads\/sites\/3\/2023\/04\/FicheProduit_M49-1024x768.jpg\" alt=\"\" class=\"wp-image-18452\" width=\"416\" height=\"312\" srcset=\"https:\/\/prod.tubesca-comabi.com\/wp-content\/uploads\/sites\/3\/2023\/04\/FicheProduit_M49-1024x768.jpg 1024w, https:\/\/prod.tubesca-comabi.com\/wp-content\/uploads\/sites\/3\/2023\/04\/FicheProduit_M49-300x225.jpg 300w, https:\/\/prod.tubesca-comabi.com\/wp-content\/uploads\/sites\/3\/2023\/04\/FicheProduit_M49-768x576.jpg 768w, https:\/\/prod.tubesca-comabi.com\/wp-content\/uploads\/sites\/3\/2023\/04\/FicheProduit_M49-1536x1152.jpg 1536w, https:\/\/prod.tubesca-comabi.com\/wp-content\/uploads\/sites\/3\/2023\/04\/FicheProduit_M49-2048x1536.jpg 2048w, https:\/\/prod.tubesca-comabi.com\/wp-content\/uploads\/sites\/3\/2023\/04\/FicheProduit_M49-395x295.jpg 395w, https:\/\/prod.tubesca-comabi.com\/wp-content\/uploads\/sites\/3\/2023\/04\/FicheProduit_M49-600x450.jpg 600w\" sizes=\"auto, (max-width: 416px) 100vw, 416px\" \/><\/a><\/figure>\n<\/div>\n<\/div>\n\n\n\n<h2 class=\"has-text-align-center wp-block-heading\" id=\"les-points-forts-de-nos-echafaudages\"><strong>Les points forts de nos \u00e9chafaudages<\/strong><\/h2>\n\n\n<section class=\"section-group section-mycms-indigo-background-color\">\n<div class=\"wp-block-group has-mycms-indigo-background-color has-background is-layout-flow wp-block-group-is-layout-flow\">\n<div class=\"wp-block-columns is-style-default has-mycms-indigo-background-color has-background is-layout-flex wp-container-core-columns-is-layout-9d6595d7 wp-block-columns-is-layout-flex\">\n<div class=\"wp-block-column is-layout-flow wp-block-column-is-layout-flow\">\n<figure class=\"wp-block-image aligncenter size-full\"><a href=\"http:\/\/prod.tubesca-comabi.com\/wp-content\/uploads\/sites\/3\/2023\/04\/modulable-1-150x150-1.png\"><img loading=\"lazy\" decoding=\"async\" width=\"150\" height=\"150\" src=\"http:\/\/prod.tubesca-comabi.com\/wp-content\/uploads\/sites\/3\/2023\/04\/modulable-1-150x150-1.png\" alt=\"\" class=\"wp-image-18467\" srcset=\"https:\/\/prod.tubesca-comabi.com\/wp-content\/uploads\/sites\/3\/2023\/04\/modulable-1-150x150-1.png 150w, https:\/\/prod.tubesca-comabi.com\/wp-content\/uploads\/sites\/3\/2023\/04\/modulable-1-150x150-1-100x100.png 100w\" sizes=\"auto, (max-width: 150px) 100vw, 150px\" \/><\/a><\/figure>\n\n\n\n<p class=\"has-text-align-center has-mycms-white-color has-text-color\"><strong>Adaptables \u00e0 tous les environnements de travail<\/strong><\/p>\n<\/div>\n\n\n\n<div class=\"wp-block-column is-layout-flow wp-block-column-is-layout-flow\">\n<figure class=\"wp-block-image aligncenter size-full\"><a href=\"http:\/\/prod.tubesca-comabi.com\/wp-content\/uploads\/sites\/3\/2023\/04\/duree2.png\"><img loading=\"lazy\" decoding=\"async\" width=\"186\" height=\"177\" src=\"http:\/\/prod.tubesca-comabi.com\/wp-content\/uploads\/sites\/3\/2023\/04\/duree2.png\" alt=\"\" class=\"wp-image-18482\"\/><\/a><\/figure>\n\n\n\n<p class=\"has-text-align-center has-mycms-white-color has-text-color\"><strong>Vitesse de montage<br>rapide et s\u00e9curis\u00e9e<\/strong><\/p>\n<\/div>\n\n\n\n<div class=\"wp-block-column is-layout-flow wp-block-column-is-layout-flow\">\n<figure class=\"wp-block-image aligncenter size-full\"><a href=\"http:\/\/prod.tubesca-comabi.com\/wp-content\/uploads\/sites\/3\/2023\/04\/livraison-express-1-150x150-1.png\"><img loading=\"lazy\" decoding=\"async\" width=\"150\" height=\"150\" src=\"http:\/\/prod.tubesca-comabi.com\/wp-content\/uploads\/sites\/3\/2023\/04\/livraison-express-1-150x150-1.png\" alt=\"\" class=\"wp-image-18477\" srcset=\"https:\/\/prod.tubesca-comabi.com\/wp-content\/uploads\/sites\/3\/2023\/04\/livraison-express-1-150x150-1.png 150w, https:\/\/prod.tubesca-comabi.com\/wp-content\/uploads\/sites\/3\/2023\/04\/livraison-express-1-150x150-1-100x100.png 100w\" sizes=\"auto, (max-width: 150px) 100vw, 150px\" \/><\/a><\/figure>\n\n\n\n<p class=\"has-text-align-center has-mycms-white-color has-text-color\"><strong>Livraison<br>rapide<\/strong><\/p>\n<\/div>\n<\/div>\n<\/div>\n<\/section>","protected":false},"excerpt":{"rendered":"<p>\u00c9CHAFAUDAGE FIXE ACIER POUR LES MACONS Les \u00e9chafaudages M49, r\u00e9sistants aux sollicitations extr\u00eames du m\u00e9tier de ma\u00e7on permettent des montages simples pour les chantiers du quotidien.Le M49 est adapt\u00e9 par exemple aux ma\u00e7ons constructeurs, neuf ou r\u00e9novation et interventions sur maisons individuelles Cas d\u2019usage :&nbsp;Ma\u00e7onnerie Type :&nbsp;Lots d\u2019\u00e9chafaudage \u00e0 cadre ferm\u00e9 Mat\u00e9riau&nbsp;: Acier \u00c9paisseur des [&hellip;]<\/p>\n","protected":false},"author":8,"featured_media":0,"parent":0,"menu_order":0,"comment_status":"closed","ping_status":"closed","template":"","meta":{"_acf_changed":false,"ep_exclude_from_search":false,"footnotes":""},"class_list":["post-10993","page","type-page","status-publish","hentry"],"acf":[],"yoast_head":"<!-- This site is optimized with the Yoast SEO plugin v27.5 - https:\/\/yoast.com\/product\/yoast-seo-wordpress\/ -->\n<title>\u00c9chafaudage M49 - Tubesca Comabi<\/title>\n<meta name=\"robots\" content=\"noindex, follow, max-snippet:-1, max-image-preview:large, max-video-preview:-1\" \/>\n<meta property=\"og:locale\" content=\"fr_FR\" \/>\n<meta property=\"og:type\" content=\"article\" \/>\n<meta property=\"og:title\" content=\"\u00c9chafaudage M49 - Tubesca Comabi\" \/>\n<meta property=\"og:description\" content=\"\u00c9CHAFAUDAGE FIXE ACIER POUR LES MACONS Les \u00e9chafaudages M49, r\u00e9sistants aux sollicitations extr\u00eames du m\u00e9tier de ma\u00e7on permettent des montages simples pour les chantiers du quotidien.Le M49 est adapt\u00e9 par exemple aux ma\u00e7ons constructeurs, neuf ou r\u00e9novation et interventions sur maisons individuelles Cas d\u2019usage :&nbsp;Ma\u00e7onnerie Type :&nbsp;Lots d\u2019\u00e9chafaudage \u00e0 cadre ferm\u00e9 Mat\u00e9riau&nbsp;: Acier \u00c9paisseur des [&hellip;]\" \/>\n<meta property=\"og:url\" content=\"https:\/\/prod.tubesca-comabi.com\/fr\/echafaudage-m49\/\" \/>\n<meta property=\"og:site_name\" content=\"Tubesca Comabi\" \/>\n<meta property=\"article:publisher\" content=\"https:\/\/www.facebook.com\/tubescacomabi\/\" \/>\n<meta property=\"article:modified_time\" content=\"2023-05-16T13:06:44+00:00\" \/>\n<meta property=\"og:image\" content=\"https:\/\/prod.tubesca-comabi.com\/wp-content\/uploads\/sites\/3\/2023\/04\/ECHAFAUDAGES-FIXES_M49_DET_1-707x1024.jpg\" \/>\n<meta name=\"twitter:card\" content=\"summary_large_image\" \/>\n<meta name=\"twitter:site\" content=\"@tubesca_comabi\" \/>\n<meta name=\"twitter:label1\" content=\"Dur\u00e9e de lecture estim\u00e9e\" \/>\n\t<meta name=\"twitter:data1\" content=\"2 minutes\" \/>\n<script type=\"application\/ld+json\" class=\"yoast-schema-graph\">{\"@context\":\"https:\\\/\\\/schema.org\",\"@graph\":[{\"@type\":\"WebPage\",\"@id\":\"https:\\\/\\\/prod.tubesca-comabi.com\\\/fr\\\/echafaudage-m49\\\/\",\"url\":\"https:\\\/\\\/prod.tubesca-comabi.com\\\/fr\\\/echafaudage-m49\\\/\",\"name\":\"\u00c9chafaudage M49 - Tubesca Comabi\",\"isPartOf\":{\"@id\":\"https:\\\/\\\/prod.tubesca-comabi.com\\\/fr\\\/#website\"},\"primaryImageOfPage\":{\"@id\":\"https:\\\/\\\/prod.tubesca-comabi.com\\\/fr\\\/echafaudage-m49\\\/#primaryimage\"},\"image\":{\"@id\":\"https:\\\/\\\/prod.tubesca-comabi.com\\\/fr\\\/echafaudage-m49\\\/#primaryimage\"},\"thumbnailUrl\":\"https:\\\/\\\/prod.tubesca-comabi.com\\\/wp-content\\\/uploads\\\/sites\\\/3\\\/2023\\\/04\\\/ECHAFAUDAGES-FIXES_M49_DET_1-707x1024.jpg\",\"datePublished\":\"2023-03-01T13:36:14+00:00\",\"dateModified\":\"2023-05-16T13:06:44+00:00\",\"breadcrumb\":{\"@id\":\"https:\\\/\\\/prod.tubesca-comabi.com\\\/fr\\\/echafaudage-m49\\\/#breadcrumb\"},\"inLanguage\":\"fr-FR\",\"potentialAction\":[{\"@type\":\"ReadAction\",\"target\":[\"https:\\\/\\\/prod.tubesca-comabi.com\\\/fr\\\/echafaudage-m49\\\/\"]}]},{\"@type\":\"ImageObject\",\"inLanguage\":\"fr-FR\",\"@id\":\"https:\\\/\\\/prod.tubesca-comabi.com\\\/fr\\\/echafaudage-m49\\\/#primaryimage\",\"url\":\"https:\\\/\\\/prod.tubesca-comabi.com\\\/wp-content\\\/uploads\\\/sites\\\/3\\\/2023\\\/04\\\/ECHAFAUDAGES-FIXES_M49_DET_1-707x1024.jpg\",\"contentUrl\":\"https:\\\/\\\/prod.tubesca-comabi.com\\\/wp-content\\\/uploads\\\/sites\\\/3\\\/2023\\\/04\\\/ECHAFAUDAGES-FIXES_M49_DET_1-707x1024.jpg\"},{\"@type\":\"BreadcrumbList\",\"@id\":\"https:\\\/\\\/prod.tubesca-comabi.com\\\/fr\\\/echafaudage-m49\\\/#breadcrumb\",\"itemListElement\":[{\"@type\":\"ListItem\",\"position\":1,\"name\":\"Tubesca-Comabi\",\"item\":\"https:\\\/\\\/prod.tubesca-comabi.com\\\/fr\\\/\"},{\"@type\":\"ListItem\",\"position\":2,\"name\":\"\u00c9chafaudage M49\"}]},{\"@type\":\"WebSite\",\"@id\":\"https:\\\/\\\/prod.tubesca-comabi.com\\\/fr\\\/#website\",\"url\":\"https:\\\/\\\/prod.tubesca-comabi.com\\\/fr\\\/\",\"name\":\"Tubesca Comabi\",\"description\":\"Une entreprise du groupe Fr\u00e9n\u00e9hard &amp; Michaux\",\"publisher\":{\"@id\":\"https:\\\/\\\/prod.tubesca-comabi.com\\\/fr\\\/#organization\"},\"potentialAction\":[{\"@type\":\"SearchAction\",\"target\":{\"@type\":\"EntryPoint\",\"urlTemplate\":\"https:\\\/\\\/prod.tubesca-comabi.com\\\/fr\\\/?s={search_term_string}\"},\"query-input\":{\"@type\":\"PropertyValueSpecification\",\"valueRequired\":true,\"valueName\":\"search_term_string\"}}],\"inLanguage\":\"fr-FR\"},{\"@type\":\"Organization\",\"@id\":\"https:\\\/\\\/prod.tubesca-comabi.com\\\/fr\\\/#organization\",\"name\":\"Tubesca Comabi\",\"url\":\"https:\\\/\\\/prod.tubesca-comabi.com\\\/fr\\\/\",\"logo\":{\"@type\":\"ImageObject\",\"inLanguage\":\"fr-FR\",\"@id\":\"https:\\\/\\\/prod.tubesca-comabi.com\\\/fr\\\/#\\\/schema\\\/logo\\\/image\\\/\",\"url\":\"https:\\\/\\\/prod.tubesca-comabi.com\\\/wp-content\\\/uploads\\\/sites\\\/3\\\/2022\\\/12\\\/tubesca-comabi_logo_0.png\",\"contentUrl\":\"https:\\\/\\\/prod.tubesca-comabi.com\\\/wp-content\\\/uploads\\\/sites\\\/3\\\/2022\\\/12\\\/tubesca-comabi_logo_0.png\",\"width\":426,\"height\":54,\"caption\":\"Tubesca Comabi\"},\"image\":{\"@id\":\"https:\\\/\\\/prod.tubesca-comabi.com\\\/fr\\\/#\\\/schema\\\/logo\\\/image\\\/\"},\"sameAs\":[\"https:\\\/\\\/www.facebook.com\\\/tubescacomabi\\\/\",\"https:\\\/\\\/x.com\\\/tubesca_comabi\",\"https:\\\/\\\/www.youtube.com\\\/channel\\\/UCiiudWOV9mAvU9c7VkV4kmA\",\"https:\\\/\\\/www.linkedin.com\\\/company\\\/tubesca-comabi\",\"https:\\\/\\\/www.instagram.com\\\/tubesca.comabi\\\/\"]}]}<\/script>\n<!-- \/ Yoast SEO plugin. -->","yoast_head_json":{"title":"\u00c9chafaudage M49 - Tubesca Comabi","robots":{"index":"noindex","follow":"follow","max-snippet":"max-snippet:-1","max-image-preview":"max-image-preview:large","max-video-preview":"max-video-preview:-1"},"og_locale":"fr_FR","og_type":"article","og_title":"\u00c9chafaudage M49 - Tubesca Comabi","og_description":"\u00c9CHAFAUDAGE FIXE ACIER POUR LES MACONS Les \u00e9chafaudages M49, r\u00e9sistants aux sollicitations extr\u00eames du m\u00e9tier de ma\u00e7on permettent des montages simples pour les chantiers du quotidien.Le M49 est adapt\u00e9 par exemple aux ma\u00e7ons constructeurs, neuf ou r\u00e9novation et interventions sur maisons individuelles Cas d\u2019usage :&nbsp;Ma\u00e7onnerie Type :&nbsp;Lots d\u2019\u00e9chafaudage \u00e0 cadre ferm\u00e9 Mat\u00e9riau&nbsp;: Acier \u00c9paisseur des [&hellip;]","og_url":"https:\/\/prod.tubesca-comabi.com\/fr\/echafaudage-m49\/","og_site_name":"Tubesca Comabi","article_publisher":"https:\/\/www.facebook.com\/tubescacomabi\/","article_modified_time":"2023-05-16T13:06:44+00:00","og_image":[{"url":"https:\/\/prod.tubesca-comabi.com\/wp-content\/uploads\/sites\/3\/2023\/04\/ECHAFAUDAGES-FIXES_M49_DET_1-707x1024.jpg","type":"","width":"","height":""}],"twitter_card":"summary_large_image","twitter_site":"@tubesca_comabi","twitter_misc":{"Dur\u00e9e de lecture estim\u00e9e":"2 minutes"},"schema":{"@context":"https:\/\/schema.org","@graph":[{"@type":"WebPage","@id":"https:\/\/prod.tubesca-comabi.com\/fr\/echafaudage-m49\/","url":"https:\/\/prod.tubesca-comabi.com\/fr\/echafaudage-m49\/","name":"\u00c9chafaudage M49 - Tubesca Comabi","isPartOf":{"@id":"https:\/\/prod.tubesca-comabi.com\/fr\/#website"},"primaryImageOfPage":{"@id":"https:\/\/prod.tubesca-comabi.com\/fr\/echafaudage-m49\/#primaryimage"},"image":{"@id":"https:\/\/prod.tubesca-comabi.com\/fr\/echafaudage-m49\/#primaryimage"},"thumbnailUrl":"https:\/\/prod.tubesca-comabi.com\/wp-content\/uploads\/sites\/3\/2023\/04\/ECHAFAUDAGES-FIXES_M49_DET_1-707x1024.jpg","datePublished":"2023-03-01T13:36:14+00:00","dateModified":"2023-05-16T13:06:44+00:00","breadcrumb":{"@id":"https:\/\/prod.tubesca-comabi.com\/fr\/echafaudage-m49\/#breadcrumb"},"inLanguage":"fr-FR","potentialAction":[{"@type":"ReadAction","target":["https:\/\/prod.tubesca-comabi.com\/fr\/echafaudage-m49\/"]}]},{"@type":"ImageObject","inLanguage":"fr-FR","@id":"https:\/\/prod.tubesca-comabi.com\/fr\/echafaudage-m49\/#primaryimage","url":"https:\/\/prod.tubesca-comabi.com\/wp-content\/uploads\/sites\/3\/2023\/04\/ECHAFAUDAGES-FIXES_M49_DET_1-707x1024.jpg","contentUrl":"https:\/\/prod.tubesca-comabi.com\/wp-content\/uploads\/sites\/3\/2023\/04\/ECHAFAUDAGES-FIXES_M49_DET_1-707x1024.jpg"},{"@type":"BreadcrumbList","@id":"https:\/\/prod.tubesca-comabi.com\/fr\/echafaudage-m49\/#breadcrumb","itemListElement":[{"@type":"ListItem","position":1,"name":"Tubesca-Comabi","item":"https:\/\/prod.tubesca-comabi.com\/fr\/"},{"@type":"ListItem","position":2,"name":"\u00c9chafaudage M49"}]},{"@type":"WebSite","@id":"https:\/\/prod.tubesca-comabi.com\/fr\/#website","url":"https:\/\/prod.tubesca-comabi.com\/fr\/","name":"Tubesca Comabi","description":"Une entreprise du groupe Fr\u00e9n\u00e9hard &amp; Michaux","publisher":{"@id":"https:\/\/prod.tubesca-comabi.com\/fr\/#organization"},"potentialAction":[{"@type":"SearchAction","target":{"@type":"EntryPoint","urlTemplate":"https:\/\/prod.tubesca-comabi.com\/fr\/?s={search_term_string}"},"query-input":{"@type":"PropertyValueSpecification","valueRequired":true,"valueName":"search_term_string"}}],"inLanguage":"fr-FR"},{"@type":"Organization","@id":"https:\/\/prod.tubesca-comabi.com\/fr\/#organization","name":"Tubesca Comabi","url":"https:\/\/prod.tubesca-comabi.com\/fr\/","logo":{"@type":"ImageObject","inLanguage":"fr-FR","@id":"https:\/\/prod.tubesca-comabi.com\/fr\/#\/schema\/logo\/image\/","url":"https:\/\/prod.tubesca-comabi.com\/wp-content\/uploads\/sites\/3\/2022\/12\/tubesca-comabi_logo_0.png","contentUrl":"https:\/\/prod.tubesca-comabi.com\/wp-content\/uploads\/sites\/3\/2022\/12\/tubesca-comabi_logo_0.png","width":426,"height":54,"caption":"Tubesca Comabi"},"image":{"@id":"https:\/\/prod.tubesca-comabi.com\/fr\/#\/schema\/logo\/image\/"},"sameAs":["https:\/\/www.facebook.com\/tubescacomabi\/","https:\/\/x.com\/tubesca_comabi","https:\/\/www.youtube.com\/channel\/UCiiudWOV9mAvU9c7VkV4kmA","https:\/\/www.linkedin.com\/company\/tubesca-comabi","https:\/\/www.instagram.com\/tubesca.comabi\/"]}]}},"_links":{"self":[{"href":"https:\/\/prod.tubesca-comabi.com\/fr\/wp-json\/wp\/v2\/pages\/10993","targetHints":{"allow":["GET"]}}],"collection":[{"href":"https:\/\/prod.tubesca-comabi.com\/fr\/wp-json\/wp\/v2\/pages"}],"about":[{"href":"https:\/\/prod.tubesca-comabi.com\/fr\/wp-json\/wp\/v2\/types\/page"}],"author":[{"embeddable":true,"href":"https:\/\/prod.tubesca-comabi.com\/fr\/wp-json\/wp\/v2\/users\/8"}],"replies":[{"embeddable":true,"href":"https:\/\/prod.tubesca-comabi.com\/fr\/wp-json\/wp\/v2\/comments?post=10993"}],"version-history":[{"count":20,"href":"https:\/\/prod.tubesca-comabi.com\/fr\/wp-json\/wp\/v2\/pages\/10993\/revisions"}],"predecessor-version":[{"id":111370,"href":"https:\/\/prod.tubesca-comabi.com\/fr\/wp-json\/wp\/v2\/pages\/10993\/revisions\/111370"}],"wp:attachment":[{"href":"https:\/\/prod.tubesca-comabi.com\/fr\/wp-json\/wp\/v2\/media?parent=10993"}],"curies":[{"name":"wp","href":"https:\/\/api.w.org\/{rel}","templated":true}]}}