{"id":8789,"date":"2023-01-27T11:35:59","date_gmt":"2023-01-27T10:35:59","guid":{"rendered":"https:\/\/prod.tubesca-comabi.com\/politique-de-confidentialite\/"},"modified":"2023-07-17T15:55:42","modified_gmt":"2023-07-17T13:55:42","slug":"politica-de-privacidad","status":"publish","type":"page","link":"https:\/\/prod.tubesca-comabi.com\/es\/politica-de-privacidad\/","title":{"rendered":"POL\u00cdTICA DE PRIVACIDAD"},"content":{"rendered":"\n<p>Tubesca-Comabi (en adelante &#8220;<strong>Nosotros<\/strong>&#8220;) concede la m\u00e1xima importancia al respeto de la protecci\u00f3n de los datos personales de los usuarios de su sitio web (<a href=\"https:\/\/www.tubesca-comabi.com\">https:\/\/www.tubesca-comabi.com<\/a>) (en adelante conjuntamente &#8220;<strong>Usted<\/strong>&#8220;).<\/p>\n\n\n\n<p>Con el fin de proporcionarle informaci\u00f3n completa y transparente sobre el uso que hacemos de sus datos personales, as\u00ed como sobre los diversos derechos que puede ejercer, hemos desarrollado esta pol\u00edtica de privacidad.<\/p>\n\n\n\n<p>Recopilamos sus datos personales de manera justa, legal y transparente y sus datos, as\u00ed recopilados, son proporcionales a los fines de nuestro tratamiento.<\/p>\n\n\n\n<ol class=\"wp-block-list\" type=\"1\">\n<li><strong>DEFINICIONES<\/strong><\/li>\n<\/ol>\n\n\n\n<ul class=\"wp-block-list\">\n<li><strong>\u00bfQu\u00e9 son los datos personales<\/strong> <strong>?<\/strong> Los datos personales &#8211; o datos de car\u00e1cter personal &#8211; son informaci\u00f3n que puede identificarle, directa o indirectamente. Puede ser su nombre, apellidos, direcci\u00f3n postal y de correo electr\u00f3nico, as\u00ed como datos de navegaci\u00f3n.<\/li>\n\n\n\n<li><strong>\u00bfQu\u00e9 es un responsable del tratamiento<\/strong> <strong>?<\/strong> Es la persona u organizaci\u00f3n que decide el tratamiento de sus datos personales y determina por qu\u00e9 y c\u00f3mo se utilizan.<\/li>\n\n\n\n<li><strong>\u00bfQu\u00e9 es una finalidad<\/strong> <strong>?<\/strong> Es el prop\u00f3sito principal para el que se utilizan sus datos.<\/li>\n\n\n\n<li><strong>\u00bfQu\u00e9 es una base legal<\/strong> <strong>?<\/strong> Es la base sobre la que es l\u00edcito el uso de sus datos.<\/li>\n\n\n\n<li><strong>\u00bfQu\u00e9 es un per\u00edodo de conservaci\u00f3n<\/strong> <strong>?<\/strong> Es el tiempo que necesitamos para utilizar sus datos en relaci\u00f3n con la finalidad para la que fueron recogidos, a menos que la ley nos permita o exija conservarlos durante m\u00e1s tiempo.<\/li>\n<\/ul>\n\n\n\n<ul class=\"wp-block-list\">\n<li><strong>\u00bfQui\u00e9n es el responsable del tratamiento?<\/strong><\/li>\n<\/ul>\n\n\n\n<p>Tubesca-Comabi es responsable del tratamiento de los datos personales recopilados en el Sitio<\/p>\n\n\n\n<ul class=\"wp-block-list\">\n<li><strong>\u00bfPOR QU\u00c9 UTILIZAMOS SUS DATOS Y CU\u00c1NTO TIEMPO LOS CONSERVAMOS?<\/strong><\/li>\n<\/ul>\n\n\n\n<p>Con el fin de simplificar la presentaci\u00f3n de las caracter\u00edsticas del tratamiento realizado, presentamos en la siguiente tabla los motivos por los que tratamos sus datos (finalidades), nuestras justificaciones para el tratamiento (bases legales) as\u00ed como el periodo durante el cual los utilizamos (plazo de conservaci\u00f3n).<\/p>\n\n\n\n<figure class=\"wp-block-table\"><table><tbody><tr><td><strong>Finalidades<\/strong><strong><\/strong><\/td><td><strong>Bases legales<\/strong><strong><\/strong><\/td><td><strong>Plazo de conservaci\u00f3n<\/strong><strong><\/strong><\/td><\/tr><tr><td>Creaci\u00f3n y gesti\u00f3n de su cuenta de cliente en el sitio&nbsp;<\/td><td>Ejecuci\u00f3n contractual<\/td><td>Los datos se conservar\u00e1n hasta que elimine su cuenta. Si ya no utiliza su cuenta y no se ha eliminado, la consideraremos inactiva despu\u00e9s de un per\u00edodo de dos a\u00f1os y la eliminaremos a menos que se oponga.<\/td><\/tr><tr><td>Gesti\u00f3n de sus solicitudes de presupuestos<\/td><td>Ejecuci\u00f3n contractual<\/td><td>Sin almacenamiento<\/td><\/tr><tr><td>Env\u00edo de ofertas comerciales por correo electr\u00f3nico a menos que se oponga a recibir dichas solicitudes<br><br><\/td><td>Nuestro inter\u00e9s leg\u00edtimo en hacerle recomendaciones sobre productos que puedan ser de su inter\u00e9s. &nbsp;<\/td><td>Durante 3 a\u00f1os despu\u00e9s de nuestro \u00faltimo contacto con usted o hasta que se d\u00e9 de baja para recibir dichas solicitudes.<\/td><\/tr><tr><td>Contestar a sus preguntas<\/td><td>Nuestro inter\u00e9s leg\u00edtimo en responder a sus solicitudes<\/td><td>Tiempo necesario para responder a sus solicitudes<\/td><\/tr><tr><td>Gesti\u00f3n del sitio mediante el uso de cookies<\/td><td>Nuestro inter\u00e9s leg\u00edtimo en garantizar el funcionamiento de nuestro sitio, medir su tr\u00e1fico, conocer la relevancia de su contenido y su atractivo.<\/td><td>Sus datos se conservan durante un per\u00edodo no superior a 13 meses.<\/td><\/tr><\/tbody><\/table><\/figure>\n\n\n\n<ul class=\"wp-block-list\">\n<li><strong>\u00bfQU\u00c9 DATOS PERSONALES RECOGEMOS?<\/strong><\/li>\n<\/ul>\n\n\n\n<p>Para llevar a cabo los tratamientos descritos anteriormente, recopilamos:<\/p>\n\n\n\n<ul class=\"wp-block-list\">\n<li>Sus apellidos,<\/li>\n\n\n\n<li>Su nombre,<\/li>\n\n\n\n<li>Su direcci\u00f3n de correo electr\u00f3nico profesional,<\/li>\n\n\n\n<li>El n\u00famero de tel\u00e9fono de su empresa.<\/li>\n<\/ul>\n\n\n\n<p>En su caso, tambi\u00e9n podemos recoger datos personales que puede introducir en la zona de comentarios libres de la secci\u00f3n Mensajes cuando desee ponerse en contacto con nosotros. En este sentido, le pedimos que en estos apartados s\u00f3lo haga comentarios neutros y objetivos y que limite los datos personales que pueda aportar a lo estrictamente necesario.<\/p>\n\n\n\n<p>Con su consentimiento previo, tambi\u00e9n podemos recoger datos relativos a su navegaci\u00f3n por las p\u00e1ginas del sitio y su direcci\u00f3n IP mediante el uso de cookies. Llevamos a cabo mediciones de audiencia que nos permiten elaborar estad\u00edsticas sobre la utilizaci\u00f3n de la p\u00e1gina web y analizar el rendimiento de las campa\u00f1as publicitarias. Para obtener m\u00e1s informaci\u00f3n sobre la finalidad de las cookies utilizadas, sus emisores y los medios de los que dispone para oponerse a ellas, le invitamos a consultar la siguiente direcci\u00f3n: <a href=\"http:\/\/www.axeptio.com\">www.axeptio.com<\/a><\/p>\n\n\n\n<ul class=\"wp-block-list\">\n<li><strong>\u00bfA QUI\u00c9N TRANSMITIMOS SUS DATOS?<\/strong><\/li>\n<\/ul>\n\n\n\n<p>Sus datos personales s\u00f3lo se transmitir\u00e1n dentro de nuestros distintos departamentos a las personas autorizadas a tratarlos, en particular a los miembros de nuestro departamento de ventas.<\/p>\n\n\n\n<p>Tambi\u00e9n se transmiten a nuestros proveedores de servicios externos, que act\u00faan en nuestro nombre y por cuenta nuestra, como los que participan en la gesti\u00f3n de nuestro sitio web y el alojamiento de nuestros datos. Sus datos tambi\u00e9n pueden ser transmitidos a nuestras empresas asociadas, miembros del grupo Fr\u00e9n\u00e9hard &amp; Michaux, para que realicen determinados servicios a petici\u00f3n suya. Por ejemplo, sus datos pueden ser transmitidos a la empresa Gamesystem para la realizaci\u00f3n de presupuestos para el control de su EPI. Nos aseguramos de que estos \u00faltimos ofrezcan las garant\u00edas necesarias para respetar la seguridad y la confidencialidad de sus datos.<\/p>\n\n\n\n<p>&nbsp;Tambi\u00e9n podemos estar obligados, en virtud de una obligaci\u00f3n legal, a transmitir sus datos personales a una autoridad administrativa o a un organismo p\u00fablico autorizado (por ejemplo, la seguridad social, las autoridades fiscales u otros).<\/p>\n\n\n\n<ul class=\"wp-block-list\">\n<li><strong>\u00bfSE COMPARTEN SUS DATOS CON DESTINATARIOS FUERA DE LA UNI\u00d3N EUROPEA?<\/strong><\/li>\n<\/ul>\n\n\n\n<p>Nuestro tratamiento de datos personales se lleva a cabo principalmente en Europa.<\/p>\n\n\n\n<p>Sin embargo, pueden producirse transferencias de datos personales a un pa\u00eds fuera de la Uni\u00f3n Europea. En caso de que dicha transferencia se realice a un pa\u00eds cuyo nivel de protecci\u00f3n no sea considerado adecuado por las autoridades europeas, nos comprometemos a proporcionar las garant\u00edas adecuadas para la transferencia de acuerdo con la legislaci\u00f3n aplicable.<\/p>\n\n\n\n<p>Por ejemplo, nos aseguramos de que las empresas que tratan sus datos firmen contratos de tratamiento de datos basados en las cl\u00e1usulas contractuales est\u00e1ndar validadas por la Comisi\u00f3n Europea, a las que se pueden a\u00f1adir medidas adicionales, o que se hayan adherido a un c\u00f3digo de conducta o a un sistema de certificaci\u00f3n.<\/p>\n\n\n\n<p>Puede solicitar m\u00e1s informaci\u00f3n sobre las garant\u00edas establecidas envi\u00e1ndonos un correo electr\u00f3nico a la direcci\u00f3n indicada en la secci\u00f3n 7 &#8211; <em>\u00bfQu\u00e9 derechos tiene sobre sus datos personales?<\/em> m\u00e1s adelante.<\/p>\n\n\n\n<ul class=\"wp-block-list\">\n<li><strong>\u00bfQU\u00c9 DERECHOS TIENE SOBRE SUS DATOS PERSONALES?<\/strong><\/li>\n<\/ul>\n\n\n\n<p>De acuerdo con la normativa vigente, usted tiene los siguientes derechos:<\/p>\n\n\n\n<ul class=\"wp-block-list\">\n<li>Derecho a solicitar al responsable del tratamiento <strong>el acceso<\/strong> a sus datos personales,<\/li>\n\n\n\n<li>Derecho a solicitar<strong> la rectificaci\u00f3n o supresi\u00f3n<\/strong> de sus datos,<\/li>\n\n\n\n<li>En su caso, el derecho a solicitar <strong>una limitaci\u00f3n al tratamiento de sus datos<\/strong>,<\/li>\n\n\n\n<li>El derecho<strong> a oponerse al tratamiento<\/strong>. En el caso del tratamiento basado en su consentimiento, puede retirarlo en cualquier momento.<\/li>\n\n\n\n<li>En determinadas circunstancias, el <strong>derecho a la portabilidad de sus datos personales<\/strong>.<\/li>\n<\/ul>\n\n\n\n<p>El derecho a la portabilidad le permite, cuando el tratamiento de sus datos se basa en su consentimiento o en un contrato y se lleva a cabo mediante procesos automatizados, obtener de nosotros que le proporcionemos sus datos en un formato estructurado, de uso com\u00fan y legible por m\u00e1quina. Los datos personales obtenidos de este modo pueden ser transmitidos a otro responsable del tratamiento sin que nosotros interfiramos en ello.&nbsp;<\/p>\n\n\n\n<p>Tambi\u00e9n puede <strong>definir directivas generales o espec\u00edficas sobre lo que ocurre con sus datos personales despu\u00e9s de su muerte<\/strong>. Las directivas generales pueden registrarse en un tercero de confianza certificado por la CNIL, mientras que las directivas espec\u00edficas pueden dirigirse al responsable del tratamiento de datos correspondiente. &nbsp;<\/p>\n\n\n\n<p>Puede ejercer sus derechos poni\u00e9ndose en contacto con nosotros por correo electr\u00f3nico en <a href=\"mailto:communication@tubesca-comabi.com\">communication@tubesca-comabi.com<\/a> o por correo postal en la siguiente direcci\u00f3n:<\/p>\n\n\n\n<p>Tubesca Comabi SAS<\/p>\n\n\n\n<p>976, route de Saint Bernard<\/p>\n\n\n\n<p>01604 Tr\u00e9voux<\/p>\n\n\n\n<p>Para m\u00e1s informaci\u00f3n sobre sus derechos: <a href=\"https:\/\/www.cnil.fr\/fr\/les-droits-pour-maitriser-vos-donnees-personnelles\">https:\/\/www.cnil.fr\/fr\/les-droits-pour-maitriser-vos-donnees-personnelles<\/a><\/p>\n\n\n\n<p>En caso de que considere que no estamos cumpliendo con nuestras obligaciones o con sus derechos respecto a sus datos personales, puede presentar una reclamaci\u00f3n<strong> ante la <\/strong><a href=\"https:\/\/www.cnil.fr\/\">CNIL<\/a>, de acuerdo con la normativa aplicable.<\/p>\n\n\n\n<ul class=\"wp-block-list\">\n<li><strong>CAMBIO DE POL\u00cdTICA<\/strong><\/li>\n<\/ul>\n\n\n\n<p>La presente pol\u00edtica de privacidad podr\u00e1 ser modificada o complementada en cualquier momento, en particular para cumplir con cualquier avance legislativo, reglamentario, jurisprudencial o tecnol\u00f3gico.<\/p>\n\n\n\n<p>Fecha de la \u00faltima actualizaci\u00f3n: 02\/02\/2023<\/p>\n","protected":false},"excerpt":{"rendered":"<p>Tubesca-Comabi (en adelante &#8220;Nosotros&#8220;) concede la m\u00e1xima importancia al respeto de la protecci\u00f3n de los datos personales de los usuarios de su sitio web (https:\/\/www.tubesca-comabi.com) (en adelante conjuntamente &#8220;Usted&#8220;). Con el fin de proporcionarle informaci\u00f3n completa y transparente sobre el uso que hacemos de sus datos personales, as\u00ed como sobre los diversos derechos que puede [&hellip;]<\/p>\n","protected":false},"author":1,"featured_media":0,"parent":0,"menu_order":0,"comment_status":"closed","ping_status":"closed","template":"","meta":{"_acf_changed":false,"ep_exclude_from_search":false,"footnotes":""},"class_list":["post-8789","page","type-page","status-publish","hentry"],"acf":[],"yoast_head":"<!-- This site is optimized with the Yoast SEO plugin v27.3 - https:\/\/yoast.com\/product\/yoast-seo-wordpress\/ -->\n<title>POL\u00cdTICA DE PRIVACIDAD - Tubesca Comabi<\/title>\n<meta name=\"robots\" content=\"noindex, follow, max-snippet:-1, max-image-preview:large, max-video-preview:-1\" \/>\n<meta property=\"og:locale\" content=\"es_ES\" \/>\n<meta property=\"og:type\" content=\"article\" \/>\n<meta property=\"og:title\" content=\"POL\u00cdTICA DE PRIVACIDAD - Tubesca Comabi\" \/>\n<meta property=\"og:description\" content=\"Tubesca-Comabi (en adelante &#8220;Nosotros&#8220;) concede la m\u00e1xima importancia al respeto de la protecci\u00f3n de los datos personales de los usuarios de su sitio web (https:\/\/www.tubesca-comabi.com) (en adelante conjuntamente &#8220;Usted&#8220;). Con el fin de proporcionarle informaci\u00f3n completa y transparente sobre el uso que hacemos de sus datos personales, as\u00ed como sobre los diversos derechos que puede [&hellip;]\" \/>\n<meta property=\"og:url\" content=\"https:\/\/prod.tubesca-comabi.com\/es\/politica-de-privacidad\/\" \/>\n<meta property=\"og:site_name\" content=\"Tubesca Comabi\" \/>\n<meta property=\"article:publisher\" content=\"https:\/\/www.facebook.com\/tubescacomabi\/\" \/>\n<meta property=\"article:modified_time\" content=\"2023-07-17T13:55:42+00:00\" \/>\n<meta name=\"twitter:card\" content=\"summary_large_image\" \/>\n<meta name=\"twitter:site\" content=\"@tubesca_comabi\" \/>\n<meta name=\"twitter:label1\" content=\"Tiempo de lectura\" \/>\n\t<meta name=\"twitter:data1\" content=\"7 minutos\" \/>\n<script type=\"application\/ld+json\" class=\"yoast-schema-graph\">{\"@context\":\"https:\\\/\\\/schema.org\",\"@graph\":[{\"@type\":\"WebPage\",\"@id\":\"https:\\\/\\\/prod.tubesca-comabi.com\\\/es\\\/politica-de-privacidad\\\/\",\"url\":\"https:\\\/\\\/prod.tubesca-comabi.com\\\/es\\\/politica-de-privacidad\\\/\",\"name\":\"POL\u00cdTICA DE PRIVACIDAD - Tubesca Comabi\",\"isPartOf\":{\"@id\":\"https:\\\/\\\/prod.tubesca-comabi.com\\\/es\\\/#website\"},\"datePublished\":\"2023-01-27T10:35:59+00:00\",\"dateModified\":\"2023-07-17T13:55:42+00:00\",\"breadcrumb\":{\"@id\":\"https:\\\/\\\/prod.tubesca-comabi.com\\\/es\\\/politica-de-privacidad\\\/#breadcrumb\"},\"inLanguage\":\"es\",\"potentialAction\":[{\"@type\":\"ReadAction\",\"target\":[\"https:\\\/\\\/prod.tubesca-comabi.com\\\/es\\\/politica-de-privacidad\\\/\"]}]},{\"@type\":\"BreadcrumbList\",\"@id\":\"https:\\\/\\\/prod.tubesca-comabi.com\\\/es\\\/politica-de-privacidad\\\/#breadcrumb\",\"itemListElement\":[{\"@type\":\"ListItem\",\"position\":1,\"name\":\"Tubesca-Comabi\",\"item\":\"https:\\\/\\\/prod.tubesca-comabi.com\\\/es\\\/\"},{\"@type\":\"ListItem\",\"position\":2,\"name\":\"POL\u00cdTICA DE PRIVACIDAD\"}]},{\"@type\":\"WebSite\",\"@id\":\"https:\\\/\\\/prod.tubesca-comabi.com\\\/es\\\/#website\",\"url\":\"https:\\\/\\\/prod.tubesca-comabi.com\\\/es\\\/\",\"name\":\"Tubesca Comabi\",\"description\":\"Une entreprise du groupe Fr\u00e9n\u00e9hard &amp; Michaux\",\"publisher\":{\"@id\":\"https:\\\/\\\/prod.tubesca-comabi.com\\\/es\\\/#organization\"},\"potentialAction\":[{\"@type\":\"SearchAction\",\"target\":{\"@type\":\"EntryPoint\",\"urlTemplate\":\"https:\\\/\\\/prod.tubesca-comabi.com\\\/es\\\/?s={search_term_string}\"},\"query-input\":{\"@type\":\"PropertyValueSpecification\",\"valueRequired\":true,\"valueName\":\"search_term_string\"}}],\"inLanguage\":\"es\"},{\"@type\":\"Organization\",\"@id\":\"https:\\\/\\\/prod.tubesca-comabi.com\\\/es\\\/#organization\",\"name\":\"Tubesca Comabi\",\"url\":\"https:\\\/\\\/prod.tubesca-comabi.com\\\/es\\\/\",\"logo\":{\"@type\":\"ImageObject\",\"inLanguage\":\"es\",\"@id\":\"https:\\\/\\\/prod.tubesca-comabi.com\\\/es\\\/#\\\/schema\\\/logo\\\/image\\\/\",\"url\":\"https:\\\/\\\/prod.tubesca-comabi.com\\\/wp-content\\\/uploads\\\/sites\\\/3\\\/2022\\\/12\\\/tubesca-comabi_logo_0.png\",\"contentUrl\":\"https:\\\/\\\/prod.tubesca-comabi.com\\\/wp-content\\\/uploads\\\/sites\\\/3\\\/2022\\\/12\\\/tubesca-comabi_logo_0.png\",\"width\":426,\"height\":54,\"caption\":\"Tubesca Comabi\"},\"image\":{\"@id\":\"https:\\\/\\\/prod.tubesca-comabi.com\\\/es\\\/#\\\/schema\\\/logo\\\/image\\\/\"},\"sameAs\":[\"https:\\\/\\\/www.facebook.com\\\/tubescacomabi\\\/\",\"https:\\\/\\\/x.com\\\/tubesca_comabi\",\"https:\\\/\\\/www.youtube.com\\\/channel\\\/UCiiudWOV9mAvU9c7VkV4kmA\",\"https:\\\/\\\/www.linkedin.com\\\/company\\\/tubesca-comabi\",\"https:\\\/\\\/www.instagram.com\\\/tubesca.comabi\\\/\"]}]}<\/script>\n<!-- \/ Yoast SEO plugin. -->","yoast_head_json":{"title":"POL\u00cdTICA DE PRIVACIDAD - Tubesca Comabi","robots":{"index":"noindex","follow":"follow","max-snippet":"max-snippet:-1","max-image-preview":"max-image-preview:large","max-video-preview":"max-video-preview:-1"},"og_locale":"es_ES","og_type":"article","og_title":"POL\u00cdTICA DE PRIVACIDAD - Tubesca Comabi","og_description":"Tubesca-Comabi (en adelante &#8220;Nosotros&#8220;) concede la m\u00e1xima importancia al respeto de la protecci\u00f3n de los datos personales de los usuarios de su sitio web (https:\/\/www.tubesca-comabi.com) (en adelante conjuntamente &#8220;Usted&#8220;). Con el fin de proporcionarle informaci\u00f3n completa y transparente sobre el uso que hacemos de sus datos personales, as\u00ed como sobre los diversos derechos que puede [&hellip;]","og_url":"https:\/\/prod.tubesca-comabi.com\/es\/politica-de-privacidad\/","og_site_name":"Tubesca Comabi","article_publisher":"https:\/\/www.facebook.com\/tubescacomabi\/","article_modified_time":"2023-07-17T13:55:42+00:00","twitter_card":"summary_large_image","twitter_site":"@tubesca_comabi","twitter_misc":{"Tiempo de lectura":"7 minutos"},"schema":{"@context":"https:\/\/schema.org","@graph":[{"@type":"WebPage","@id":"https:\/\/prod.tubesca-comabi.com\/es\/politica-de-privacidad\/","url":"https:\/\/prod.tubesca-comabi.com\/es\/politica-de-privacidad\/","name":"POL\u00cdTICA DE PRIVACIDAD - Tubesca Comabi","isPartOf":{"@id":"https:\/\/prod.tubesca-comabi.com\/es\/#website"},"datePublished":"2023-01-27T10:35:59+00:00","dateModified":"2023-07-17T13:55:42+00:00","breadcrumb":{"@id":"https:\/\/prod.tubesca-comabi.com\/es\/politica-de-privacidad\/#breadcrumb"},"inLanguage":"es","potentialAction":[{"@type":"ReadAction","target":["https:\/\/prod.tubesca-comabi.com\/es\/politica-de-privacidad\/"]}]},{"@type":"BreadcrumbList","@id":"https:\/\/prod.tubesca-comabi.com\/es\/politica-de-privacidad\/#breadcrumb","itemListElement":[{"@type":"ListItem","position":1,"name":"Tubesca-Comabi","item":"https:\/\/prod.tubesca-comabi.com\/es\/"},{"@type":"ListItem","position":2,"name":"POL\u00cdTICA DE PRIVACIDAD"}]},{"@type":"WebSite","@id":"https:\/\/prod.tubesca-comabi.com\/es\/#website","url":"https:\/\/prod.tubesca-comabi.com\/es\/","name":"Tubesca Comabi","description":"Une entreprise du groupe Fr\u00e9n\u00e9hard &amp; Michaux","publisher":{"@id":"https:\/\/prod.tubesca-comabi.com\/es\/#organization"},"potentialAction":[{"@type":"SearchAction","target":{"@type":"EntryPoint","urlTemplate":"https:\/\/prod.tubesca-comabi.com\/es\/?s={search_term_string}"},"query-input":{"@type":"PropertyValueSpecification","valueRequired":true,"valueName":"search_term_string"}}],"inLanguage":"es"},{"@type":"Organization","@id":"https:\/\/prod.tubesca-comabi.com\/es\/#organization","name":"Tubesca Comabi","url":"https:\/\/prod.tubesca-comabi.com\/es\/","logo":{"@type":"ImageObject","inLanguage":"es","@id":"https:\/\/prod.tubesca-comabi.com\/es\/#\/schema\/logo\/image\/","url":"https:\/\/prod.tubesca-comabi.com\/wp-content\/uploads\/sites\/3\/2022\/12\/tubesca-comabi_logo_0.png","contentUrl":"https:\/\/prod.tubesca-comabi.com\/wp-content\/uploads\/sites\/3\/2022\/12\/tubesca-comabi_logo_0.png","width":426,"height":54,"caption":"Tubesca Comabi"},"image":{"@id":"https:\/\/prod.tubesca-comabi.com\/es\/#\/schema\/logo\/image\/"},"sameAs":["https:\/\/www.facebook.com\/tubescacomabi\/","https:\/\/x.com\/tubesca_comabi","https:\/\/www.youtube.com\/channel\/UCiiudWOV9mAvU9c7VkV4kmA","https:\/\/www.linkedin.com\/company\/tubesca-comabi","https:\/\/www.instagram.com\/tubesca.comabi\/"]}]}},"_links":{"self":[{"href":"https:\/\/prod.tubesca-comabi.com\/es\/wp-json\/wp\/v2\/pages\/8789","targetHints":{"allow":["GET"]}}],"collection":[{"href":"https:\/\/prod.tubesca-comabi.com\/es\/wp-json\/wp\/v2\/pages"}],"about":[{"href":"https:\/\/prod.tubesca-comabi.com\/es\/wp-json\/wp\/v2\/types\/page"}],"author":[{"embeddable":true,"href":"https:\/\/prod.tubesca-comabi.com\/es\/wp-json\/wp\/v2\/users\/1"}],"replies":[{"embeddable":true,"href":"https:\/\/prod.tubesca-comabi.com\/es\/wp-json\/wp\/v2\/comments?post=8789"}],"version-history":[{"count":4,"href":"https:\/\/prod.tubesca-comabi.com\/es\/wp-json\/wp\/v2\/pages\/8789\/revisions"}],"predecessor-version":[{"id":70605,"href":"https:\/\/prod.tubesca-comabi.com\/es\/wp-json\/wp\/v2\/pages\/8789\/revisions\/70605"}],"wp:attachment":[{"href":"https:\/\/prod.tubesca-comabi.com\/es\/wp-json\/wp\/v2\/media?parent=8789"}],"curies":[{"name":"wp","href":"https:\/\/api.w.org\/{rel}","templated":true}]}}