{"id":30993,"date":"2023-04-18T10:07:37","date_gmt":"2023-04-18T08:07:37","guid":{"rendered":"https:\/\/prod.tubesca-comabi.com\/torres\/"},"modified":"2023-05-26T14:38:40","modified_gmt":"2023-05-26T12:38:40","slug":"torres","status":"publish","type":"page","link":"https:\/\/prod.tubesca-comabi.com\/es\/torres\/","title":{"rendered":"Torres"},"content":{"rendered":"\n<p>La torre de aprovisionamiento vertical permite abastecer todos los niveles de la estructura. Se utiliza como <strong>\u00e1rea temporal de almacenamiento para evitar obst\u00e1culos en la plataforma<\/strong>.<\/p>\n\n<figure class=\"wp-block-image aligncenter size-full\"><a href=\"https:\/\/prod.tubesca-comabi.com\/wp-content\/uploads\/sites\/3\/2023\/04\/tours_approvisionnement.jpg\"><img loading=\"lazy\" decoding=\"async\" width=\"690\" height=\"287\" src=\"https:\/\/prod.tubesca-comabi.com\/wp-content\/uploads\/sites\/3\/2023\/04\/tours_approvisionnement.jpg\" alt=\"\" class=\"wp-image-18590\" srcset=\"https:\/\/prod.tubesca-comabi.com\/wp-content\/uploads\/sites\/3\/2023\/04\/tours_approvisionnement.jpg 690w, https:\/\/prod.tubesca-comabi.com\/wp-content\/uploads\/sites\/3\/2023\/04\/tours_approvisionnement-300x125.jpg 300w, https:\/\/prod.tubesca-comabi.com\/wp-content\/uploads\/sites\/3\/2023\/04\/tours_approvisionnement-600x250.jpg 600w\" sizes=\"auto, (max-width: 690px) 100vw, 690px\" \/><\/a><\/figure>\n\n<p>Gracias a una barandilla basculante, <strong>el usuario est\u00e1 siempre seguro<\/strong> tanto al cargar, como al recibir los materiales.<\/p>\n\n<p>La longitud puede adaptarse mediante largueros est\u00e1ndares y la profundidad puede ajustarse de 1,50 a 2,00 m.<\/p>\n\n<figure class=\"wp-block-image aligncenter size-full\"><a href=\"https:\/\/prod.tubesca-comabi.com\/wp-content\/uploads\/sites\/3\/2023\/04\/garde-corps_basculant.jpg\"><img loading=\"lazy\" decoding=\"async\" width=\"342\" height=\"287\" src=\"https:\/\/prod.tubesca-comabi.com\/wp-content\/uploads\/sites\/3\/2023\/04\/garde-corps_basculant.jpg\" alt=\"\" class=\"wp-image-18595\" srcset=\"https:\/\/prod.tubesca-comabi.com\/wp-content\/uploads\/sites\/3\/2023\/04\/garde-corps_basculant.jpg 342w, https:\/\/prod.tubesca-comabi.com\/wp-content\/uploads\/sites\/3\/2023\/04\/garde-corps_basculant-300x252.jpg 300w\" sizes=\"auto, (max-width: 342px) 100vw, 342px\" \/><\/a><\/figure>\n","protected":false},"excerpt":{"rendered":"<p>La torre de aprovisionamiento vertical permite abastecer todos los niveles de la estructura. Se utiliza como \u00e1rea temporal de almacenamiento para evitar obst\u00e1culos en la plataforma. Gracias a una barandilla basculante, el usuario est\u00e1 siempre seguro tanto al cargar, como al recibir los materiales. La longitud puede adaptarse mediante largueros est\u00e1ndares y la profundidad puede [&hellip;]<\/p>\n","protected":false},"author":8,"featured_media":0,"parent":0,"menu_order":0,"comment_status":"closed","ping_status":"closed","template":"","meta":{"_acf_changed":false,"ep_exclude_from_search":false,"footnotes":""},"class_list":["post-30993","page","type-page","status-publish","hentry"],"acf":[],"yoast_head":"<!-- This site is optimized with the Yoast SEO plugin v27.5 - https:\/\/yoast.com\/product\/yoast-seo-wordpress\/ -->\n<title>Torres - Tubesca Comabi<\/title>\n<meta name=\"robots\" content=\"noindex, follow, max-snippet:-1, max-image-preview:large, max-video-preview:-1\" \/>\n<meta property=\"og:locale\" content=\"es_ES\" \/>\n<meta property=\"og:type\" content=\"article\" \/>\n<meta property=\"og:title\" content=\"Torres - Tubesca Comabi\" \/>\n<meta property=\"og:description\" content=\"La torre de aprovisionamiento vertical permite abastecer todos los niveles de la estructura. Se utiliza como \u00e1rea temporal de almacenamiento para evitar obst\u00e1culos en la plataforma. Gracias a una barandilla basculante, el usuario est\u00e1 siempre seguro tanto al cargar, como al recibir los materiales. La longitud puede adaptarse mediante largueros est\u00e1ndares y la profundidad puede [&hellip;]\" \/>\n<meta property=\"og:url\" content=\"https:\/\/prod.tubesca-comabi.com\/es\/torres\/\" \/>\n<meta property=\"og:site_name\" content=\"Tubesca Comabi\" \/>\n<meta property=\"article:publisher\" content=\"https:\/\/www.facebook.com\/tubescacomabi\/\" \/>\n<meta property=\"article:modified_time\" content=\"2023-05-26T12:38:40+00:00\" \/>\n<meta property=\"og:image\" content=\"https:\/\/prod.tubesca-comabi.com\/wp-content\/uploads\/sites\/3\/2023\/04\/tours_approvisionnement.jpg\" \/>\n<meta name=\"twitter:card\" content=\"summary_large_image\" \/>\n<meta name=\"twitter:site\" content=\"@tubesca_comabi\" \/>\n<script type=\"application\/ld+json\" class=\"yoast-schema-graph\">{\"@context\":\"https:\\\/\\\/schema.org\",\"@graph\":[{\"@type\":\"WebPage\",\"@id\":\"https:\\\/\\\/prod.tubesca-comabi.com\\\/es\\\/torres\\\/\",\"url\":\"https:\\\/\\\/prod.tubesca-comabi.com\\\/es\\\/torres\\\/\",\"name\":\"Torres - Tubesca Comabi\",\"isPartOf\":{\"@id\":\"https:\\\/\\\/prod.tubesca-comabi.com\\\/es\\\/#website\"},\"primaryImageOfPage\":{\"@id\":\"https:\\\/\\\/prod.tubesca-comabi.com\\\/es\\\/torres\\\/#primaryimage\"},\"image\":{\"@id\":\"https:\\\/\\\/prod.tubesca-comabi.com\\\/es\\\/torres\\\/#primaryimage\"},\"thumbnailUrl\":\"https:\\\/\\\/prod.tubesca-comabi.com\\\/wp-content\\\/uploads\\\/sites\\\/3\\\/2023\\\/04\\\/tours_approvisionnement.jpg\",\"datePublished\":\"2023-04-18T08:07:37+00:00\",\"dateModified\":\"2023-05-26T12:38:40+00:00\",\"breadcrumb\":{\"@id\":\"https:\\\/\\\/prod.tubesca-comabi.com\\\/es\\\/torres\\\/#breadcrumb\"},\"inLanguage\":\"es\",\"potentialAction\":[{\"@type\":\"ReadAction\",\"target\":[\"https:\\\/\\\/prod.tubesca-comabi.com\\\/es\\\/torres\\\/\"]}]},{\"@type\":\"ImageObject\",\"inLanguage\":\"es\",\"@id\":\"https:\\\/\\\/prod.tubesca-comabi.com\\\/es\\\/torres\\\/#primaryimage\",\"url\":\"https:\\\/\\\/prod.tubesca-comabi.com\\\/wp-content\\\/uploads\\\/sites\\\/3\\\/2023\\\/04\\\/tours_approvisionnement.jpg\",\"contentUrl\":\"https:\\\/\\\/prod.tubesca-comabi.com\\\/wp-content\\\/uploads\\\/sites\\\/3\\\/2023\\\/04\\\/tours_approvisionnement.jpg\"},{\"@type\":\"BreadcrumbList\",\"@id\":\"https:\\\/\\\/prod.tubesca-comabi.com\\\/es\\\/torres\\\/#breadcrumb\",\"itemListElement\":[{\"@type\":\"ListItem\",\"position\":1,\"name\":\"Tubesca-Comabi\",\"item\":\"https:\\\/\\\/prod.tubesca-comabi.com\\\/es\\\/\"},{\"@type\":\"ListItem\",\"position\":2,\"name\":\"Torres\"}]},{\"@type\":\"WebSite\",\"@id\":\"https:\\\/\\\/prod.tubesca-comabi.com\\\/es\\\/#website\",\"url\":\"https:\\\/\\\/prod.tubesca-comabi.com\\\/es\\\/\",\"name\":\"Tubesca Comabi\",\"description\":\"Une entreprise du groupe Fr\u00e9n\u00e9hard &amp; Michaux\",\"publisher\":{\"@id\":\"https:\\\/\\\/prod.tubesca-comabi.com\\\/es\\\/#organization\"},\"potentialAction\":[{\"@type\":\"SearchAction\",\"target\":{\"@type\":\"EntryPoint\",\"urlTemplate\":\"https:\\\/\\\/prod.tubesca-comabi.com\\\/es\\\/?s={search_term_string}\"},\"query-input\":{\"@type\":\"PropertyValueSpecification\",\"valueRequired\":true,\"valueName\":\"search_term_string\"}}],\"inLanguage\":\"es\"},{\"@type\":\"Organization\",\"@id\":\"https:\\\/\\\/prod.tubesca-comabi.com\\\/es\\\/#organization\",\"name\":\"Tubesca Comabi\",\"url\":\"https:\\\/\\\/prod.tubesca-comabi.com\\\/es\\\/\",\"logo\":{\"@type\":\"ImageObject\",\"inLanguage\":\"es\",\"@id\":\"https:\\\/\\\/prod.tubesca-comabi.com\\\/es\\\/#\\\/schema\\\/logo\\\/image\\\/\",\"url\":\"https:\\\/\\\/prod.tubesca-comabi.com\\\/wp-content\\\/uploads\\\/sites\\\/3\\\/2022\\\/12\\\/tubesca-comabi_logo_0.png\",\"contentUrl\":\"https:\\\/\\\/prod.tubesca-comabi.com\\\/wp-content\\\/uploads\\\/sites\\\/3\\\/2022\\\/12\\\/tubesca-comabi_logo_0.png\",\"width\":426,\"height\":54,\"caption\":\"Tubesca Comabi\"},\"image\":{\"@id\":\"https:\\\/\\\/prod.tubesca-comabi.com\\\/es\\\/#\\\/schema\\\/logo\\\/image\\\/\"},\"sameAs\":[\"https:\\\/\\\/www.facebook.com\\\/tubescacomabi\\\/\",\"https:\\\/\\\/x.com\\\/tubesca_comabi\",\"https:\\\/\\\/www.youtube.com\\\/channel\\\/UCiiudWOV9mAvU9c7VkV4kmA\",\"https:\\\/\\\/www.linkedin.com\\\/company\\\/tubesca-comabi\",\"https:\\\/\\\/www.instagram.com\\\/tubesca.comabi\\\/\"]}]}<\/script>\n<!-- \/ Yoast SEO plugin. -->","yoast_head_json":{"title":"Torres - Tubesca Comabi","robots":{"index":"noindex","follow":"follow","max-snippet":"max-snippet:-1","max-image-preview":"max-image-preview:large","max-video-preview":"max-video-preview:-1"},"og_locale":"es_ES","og_type":"article","og_title":"Torres - Tubesca Comabi","og_description":"La torre de aprovisionamiento vertical permite abastecer todos los niveles de la estructura. Se utiliza como \u00e1rea temporal de almacenamiento para evitar obst\u00e1culos en la plataforma. Gracias a una barandilla basculante, el usuario est\u00e1 siempre seguro tanto al cargar, como al recibir los materiales. La longitud puede adaptarse mediante largueros est\u00e1ndares y la profundidad puede [&hellip;]","og_url":"https:\/\/prod.tubesca-comabi.com\/es\/torres\/","og_site_name":"Tubesca Comabi","article_publisher":"https:\/\/www.facebook.com\/tubescacomabi\/","article_modified_time":"2023-05-26T12:38:40+00:00","og_image":[{"url":"https:\/\/prod.tubesca-comabi.com\/wp-content\/uploads\/sites\/3\/2023\/04\/tours_approvisionnement.jpg","type":"","width":"","height":""}],"twitter_card":"summary_large_image","twitter_site":"@tubesca_comabi","schema":{"@context":"https:\/\/schema.org","@graph":[{"@type":"WebPage","@id":"https:\/\/prod.tubesca-comabi.com\/es\/torres\/","url":"https:\/\/prod.tubesca-comabi.com\/es\/torres\/","name":"Torres - Tubesca Comabi","isPartOf":{"@id":"https:\/\/prod.tubesca-comabi.com\/es\/#website"},"primaryImageOfPage":{"@id":"https:\/\/prod.tubesca-comabi.com\/es\/torres\/#primaryimage"},"image":{"@id":"https:\/\/prod.tubesca-comabi.com\/es\/torres\/#primaryimage"},"thumbnailUrl":"https:\/\/prod.tubesca-comabi.com\/wp-content\/uploads\/sites\/3\/2023\/04\/tours_approvisionnement.jpg","datePublished":"2023-04-18T08:07:37+00:00","dateModified":"2023-05-26T12:38:40+00:00","breadcrumb":{"@id":"https:\/\/prod.tubesca-comabi.com\/es\/torres\/#breadcrumb"},"inLanguage":"es","potentialAction":[{"@type":"ReadAction","target":["https:\/\/prod.tubesca-comabi.com\/es\/torres\/"]}]},{"@type":"ImageObject","inLanguage":"es","@id":"https:\/\/prod.tubesca-comabi.com\/es\/torres\/#primaryimage","url":"https:\/\/prod.tubesca-comabi.com\/wp-content\/uploads\/sites\/3\/2023\/04\/tours_approvisionnement.jpg","contentUrl":"https:\/\/prod.tubesca-comabi.com\/wp-content\/uploads\/sites\/3\/2023\/04\/tours_approvisionnement.jpg"},{"@type":"BreadcrumbList","@id":"https:\/\/prod.tubesca-comabi.com\/es\/torres\/#breadcrumb","itemListElement":[{"@type":"ListItem","position":1,"name":"Tubesca-Comabi","item":"https:\/\/prod.tubesca-comabi.com\/es\/"},{"@type":"ListItem","position":2,"name":"Torres"}]},{"@type":"WebSite","@id":"https:\/\/prod.tubesca-comabi.com\/es\/#website","url":"https:\/\/prod.tubesca-comabi.com\/es\/","name":"Tubesca Comabi","description":"Une entreprise du groupe Fr\u00e9n\u00e9hard &amp; Michaux","publisher":{"@id":"https:\/\/prod.tubesca-comabi.com\/es\/#organization"},"potentialAction":[{"@type":"SearchAction","target":{"@type":"EntryPoint","urlTemplate":"https:\/\/prod.tubesca-comabi.com\/es\/?s={search_term_string}"},"query-input":{"@type":"PropertyValueSpecification","valueRequired":true,"valueName":"search_term_string"}}],"inLanguage":"es"},{"@type":"Organization","@id":"https:\/\/prod.tubesca-comabi.com\/es\/#organization","name":"Tubesca Comabi","url":"https:\/\/prod.tubesca-comabi.com\/es\/","logo":{"@type":"ImageObject","inLanguage":"es","@id":"https:\/\/prod.tubesca-comabi.com\/es\/#\/schema\/logo\/image\/","url":"https:\/\/prod.tubesca-comabi.com\/wp-content\/uploads\/sites\/3\/2022\/12\/tubesca-comabi_logo_0.png","contentUrl":"https:\/\/prod.tubesca-comabi.com\/wp-content\/uploads\/sites\/3\/2022\/12\/tubesca-comabi_logo_0.png","width":426,"height":54,"caption":"Tubesca Comabi"},"image":{"@id":"https:\/\/prod.tubesca-comabi.com\/es\/#\/schema\/logo\/image\/"},"sameAs":["https:\/\/www.facebook.com\/tubescacomabi\/","https:\/\/x.com\/tubesca_comabi","https:\/\/www.youtube.com\/channel\/UCiiudWOV9mAvU9c7VkV4kmA","https:\/\/www.linkedin.com\/company\/tubesca-comabi","https:\/\/www.instagram.com\/tubesca.comabi\/"]}]}},"_links":{"self":[{"href":"https:\/\/prod.tubesca-comabi.com\/es\/wp-json\/wp\/v2\/pages\/30993","targetHints":{"allow":["GET"]}}],"collection":[{"href":"https:\/\/prod.tubesca-comabi.com\/es\/wp-json\/wp\/v2\/pages"}],"about":[{"href":"https:\/\/prod.tubesca-comabi.com\/es\/wp-json\/wp\/v2\/types\/page"}],"author":[{"embeddable":true,"href":"https:\/\/prod.tubesca-comabi.com\/es\/wp-json\/wp\/v2\/users\/8"}],"replies":[{"embeddable":true,"href":"https:\/\/prod.tubesca-comabi.com\/es\/wp-json\/wp\/v2\/comments?post=30993"}],"version-history":[{"count":1,"href":"https:\/\/prod.tubesca-comabi.com\/es\/wp-json\/wp\/v2\/pages\/30993\/revisions"}],"predecessor-version":[{"id":30994,"href":"https:\/\/prod.tubesca-comabi.com\/es\/wp-json\/wp\/v2\/pages\/30993\/revisions\/30994"}],"wp:attachment":[{"href":"https:\/\/prod.tubesca-comabi.com\/es\/wp-json\/wp\/v2\/media?parent=30993"}],"curies":[{"name":"wp","href":"https:\/\/api.w.org\/{rel}","templated":true}]}}