{"id":10542,"date":"2023-01-27T14:19:44","date_gmt":"2023-01-27T13:19:44","guid":{"rendered":"https:\/\/prod.tubesca-comabi.com\/mantenimiento-industrial\/"},"modified":"2023-09-08T11:33:47","modified_gmt":"2023-09-08T09:33:47","slug":"mantenimiento-industrial","status":"publish","type":"page","link":"https:\/\/prod.tubesca-comabi.com\/es\/mantenimiento-industrial\/","title":{"rendered":"Mantenimiento industrial"},"content":{"rendered":"\n<p>Los trabajos de mantenimiento industrial requieren un equipo espec\u00edfico, est\u00e1ndar o a medida, el que tiene diferentes formas en funci\u00f3n de las tareas que se van a efectuar: en interiores, en exteriores, de acceso, para trabajar o desplazarse, para un uso ocasional o regular. Descubra todos nuestros proyectos realizados destinados al mantenimiento industrial.<\/p>\n\n\n\n<div class=\"wp-block-columns is-layout-flex wp-container-core-columns-is-layout-9d6595d7 wp-block-columns-is-layout-flex\">\n<div class=\"wp-block-column is-layout-flow wp-block-column-is-layout-flow\">\n<figure class=\"wp-block-image size-full\"><img loading=\"lazy\" decoding=\"async\" width=\"690\" height=\"400\" src=\"http:\/\/prod.tubesca-comabi.com\/wp-content\/uploads\/sites\/3\/2023\/05\/EDF-Chatou-1024x768-1-1.jpg\" alt=\"\" class=\"wp-image-20791\" srcset=\"https:\/\/prod.tubesca-comabi.com\/wp-content\/uploads\/sites\/3\/2023\/05\/EDF-Chatou-1024x768-1-1.jpg 690w, https:\/\/prod.tubesca-comabi.com\/wp-content\/uploads\/sites\/3\/2023\/05\/EDF-Chatou-1024x768-1-1-300x174.jpg 300w, https:\/\/prod.tubesca-comabi.com\/wp-content\/uploads\/sites\/3\/2023\/05\/EDF-Chatou-1024x768-1-1-600x348.jpg 600w\" sizes=\"auto, (max-width: 690px) 100vw, 690px\" \/><figcaption class=\"wp-element-caption\"><strong>EDF Chatou \u2013 Investigaci\u00f3n y desarrollo<\/strong><\/figcaption><\/figure>\n<\/div>\n\n\n\n<div class=\"wp-block-column is-layout-flow wp-block-column-is-layout-flow\">\n<figure class=\"wp-block-image size-full\"><img loading=\"lazy\" decoding=\"async\" width=\"690\" height=\"400\" src=\"http:\/\/prod.tubesca-comabi.com\/wp-content\/uploads\/sites\/3\/2023\/05\/echelles-crinolines-tubesca-comabi-1.jpg\" alt=\"\" class=\"wp-image-20796\" srcset=\"https:\/\/prod.tubesca-comabi.com\/wp-content\/uploads\/sites\/3\/2023\/05\/echelles-crinolines-tubesca-comabi-1.jpg 690w, https:\/\/prod.tubesca-comabi.com\/wp-content\/uploads\/sites\/3\/2023\/05\/echelles-crinolines-tubesca-comabi-1-300x174.jpg 300w, https:\/\/prod.tubesca-comabi.com\/wp-content\/uploads\/sites\/3\/2023\/05\/echelles-crinolines-tubesca-comabi-1-600x348.jpg 600w\" sizes=\"auto, (max-width: 690px) 100vw, 690px\" \/><figcaption class=\"wp-element-caption\"><strong>Obras ERDF<\/strong><\/figcaption><\/figure>\n<\/div>\n\n\n\n<div class=\"wp-block-column is-layout-flow wp-block-column-is-layout-flow\">\n<figure class=\"wp-block-image size-full\"><img loading=\"lazy\" decoding=\"async\" width=\"690\" height=\"400\" src=\"https:\/\/prod.tubesca-comabi.com\/wp-content\/uploads\/sites\/3\/2023\/05\/echelle_crinoline_passerelle_acces.jpg\" alt=\"\" class=\"wp-image-19927\" srcset=\"https:\/\/prod.tubesca-comabi.com\/wp-content\/uploads\/sites\/3\/2023\/05\/echelle_crinoline_passerelle_acces.jpg 690w, https:\/\/prod.tubesca-comabi.com\/wp-content\/uploads\/sites\/3\/2023\/05\/echelle_crinoline_passerelle_acces-300x174.jpg 300w, https:\/\/prod.tubesca-comabi.com\/wp-content\/uploads\/sites\/3\/2023\/05\/echelle_crinoline_passerelle_acces-600x348.jpg 600w\" sizes=\"auto, (max-width: 690px) 100vw, 690px\" \/><figcaption class=\"wp-element-caption\"><strong>Obras Hutchinson<\/strong><\/figcaption><\/figure>\n<\/div>\n<\/div>\n\n\n\n<div class=\"wp-block-columns is-layout-flex wp-container-core-columns-is-layout-9d6595d7 wp-block-columns-is-layout-flex\">\n<div class=\"wp-block-column is-layout-flow wp-block-column-is-layout-flow\">\n<figure class=\"wp-block-image size-full\"><img loading=\"lazy\" decoding=\"async\" width=\"645\" height=\"860\" src=\"http:\/\/prod.tubesca-comabi.com\/wp-content\/uploads\/sites\/3\/2023\/05\/thumbnail-6.jpg\" alt=\"\" class=\"wp-image-19806\" srcset=\"https:\/\/prod.tubesca-comabi.com\/wp-content\/uploads\/sites\/3\/2023\/05\/thumbnail-6.jpg 645w, https:\/\/prod.tubesca-comabi.com\/wp-content\/uploads\/sites\/3\/2023\/05\/thumbnail-6-225x300.jpg 225w, https:\/\/prod.tubesca-comabi.com\/wp-content\/uploads\/sites\/3\/2023\/05\/thumbnail-6-600x800.jpg 600w\" sizes=\"auto, (max-width: 645px) 100vw, 645px\" \/><figcaption class=\"wp-element-caption\"><strong>Chimenea en Aubervilliers<\/strong><\/figcaption><\/figure>\n<\/div>\n\n\n\n<div class=\"wp-block-column is-layout-flow wp-block-column-is-layout-flow\">\n<figure class=\"wp-block-image size-large\"><img loading=\"lazy\" decoding=\"async\" width=\"768\" height=\"1024\" src=\"https:\/\/prod.tubesca-comabi.com\/wp-content\/uploads\/sites\/3\/2023\/05\/DSCF4271-768x1024.jpg\" alt=\"\" class=\"wp-image-19961\" srcset=\"https:\/\/prod.tubesca-comabi.com\/wp-content\/uploads\/sites\/3\/2023\/05\/DSCF4271-768x1024.jpg 768w, https:\/\/prod.tubesca-comabi.com\/wp-content\/uploads\/sites\/3\/2023\/05\/DSCF4271-225x300.jpg 225w, https:\/\/prod.tubesca-comabi.com\/wp-content\/uploads\/sites\/3\/2023\/05\/DSCF4271-1152x1536.jpg 1152w, https:\/\/prod.tubesca-comabi.com\/wp-content\/uploads\/sites\/3\/2023\/05\/DSCF4271-1536x2048.jpg 1536w, https:\/\/prod.tubesca-comabi.com\/wp-content\/uploads\/sites\/3\/2023\/05\/DSCF4271-600x800.jpg 600w, https:\/\/prod.tubesca-comabi.com\/wp-content\/uploads\/sites\/3\/2023\/05\/DSCF4271-scaled.jpg 1920w\" sizes=\"auto, (max-width: 768px) 100vw, 768px\" \/><figcaption class=\"wp-element-caption\"><strong>Torre de agua en Par\u00eds<\/strong><\/figcaption><\/figure>\n<\/div>\n\n\n\n<div class=\"wp-block-column is-layout-flow wp-block-column-is-layout-flow\">\n<figure class=\"wp-block-image size-full\"><img loading=\"lazy\" decoding=\"async\" width=\"768\" height=\"1024\" src=\"http:\/\/prod.tubesca-comabi.com\/wp-content\/uploads\/sites\/3\/2023\/05\/PARILLY-2-683x1024-1.jpg\" alt=\"\" class=\"wp-image-20802\" srcset=\"https:\/\/prod.tubesca-comabi.com\/wp-content\/uploads\/sites\/3\/2023\/05\/PARILLY-2-683x1024-1.jpg 768w, https:\/\/prod.tubesca-comabi.com\/wp-content\/uploads\/sites\/3\/2023\/05\/PARILLY-2-683x1024-1-225x300.jpg 225w, https:\/\/prod.tubesca-comabi.com\/wp-content\/uploads\/sites\/3\/2023\/05\/PARILLY-2-683x1024-1-600x800.jpg 600w\" sizes=\"auto, (max-width: 768px) 100vw, 768px\" \/><figcaption class=\"wp-element-caption\"><strong>Torre de agua en Parilly<\/strong><\/figcaption><\/figure>\n<\/div>\n<\/div>\n","protected":false},"excerpt":{"rendered":"<p>Los trabajos de mantenimiento industrial requieren un equipo espec\u00edfico, est\u00e1ndar o a medida, el que tiene diferentes formas en funci\u00f3n de las tareas que se van a efectuar: en interiores, en exteriores, de acceso, para trabajar o desplazarse, para un uso ocasional o regular. Descubra todos nuestros proyectos realizados destinados al mantenimiento industrial.<\/p>\n","protected":false},"author":1,"featured_media":0,"parent":0,"menu_order":0,"comment_status":"closed","ping_status":"closed","template":"","meta":{"_acf_changed":false,"ep_exclude_from_search":false,"footnotes":""},"class_list":["post-10542","page","type-page","status-publish","hentry"],"acf":[],"yoast_head":"<!-- This site is optimized with the Yoast SEO plugin v27.4 - https:\/\/yoast.com\/product\/yoast-seo-wordpress\/ -->\n<title>Mantenimiento industrial - Tubesca Comabi<\/title>\n<meta name=\"robots\" content=\"noindex, follow, max-snippet:-1, max-image-preview:large, max-video-preview:-1\" \/>\n<meta property=\"og:locale\" content=\"es_ES\" \/>\n<meta property=\"og:type\" content=\"article\" \/>\n<meta property=\"og:title\" content=\"Mantenimiento industrial - Tubesca Comabi\" \/>\n<meta property=\"og:description\" content=\"Los trabajos de mantenimiento industrial requieren un equipo espec\u00edfico, est\u00e1ndar o a medida, el que tiene diferentes formas en funci\u00f3n de las tareas que se van a efectuar: en interiores, en exteriores, de acceso, para trabajar o desplazarse, para un uso ocasional o regular. Descubra todos nuestros proyectos realizados destinados al mantenimiento industrial.\" \/>\n<meta property=\"og:url\" content=\"https:\/\/prod.tubesca-comabi.com\/es\/mantenimiento-industrial\/\" \/>\n<meta property=\"og:site_name\" content=\"Tubesca Comabi\" \/>\n<meta property=\"article:publisher\" content=\"https:\/\/www.facebook.com\/tubescacomabi\/\" \/>\n<meta property=\"article:modified_time\" content=\"2023-09-08T09:33:47+00:00\" \/>\n<meta property=\"og:image\" content=\"http:\/\/prod.tubesca-comabi.com\/wp-content\/uploads\/sites\/3\/2023\/05\/EDF-Chatou-1024x768-1-1.jpg\" \/>\n<meta name=\"twitter:card\" content=\"summary_large_image\" \/>\n<meta name=\"twitter:site\" content=\"@tubesca_comabi\" \/>\n<meta name=\"twitter:label1\" content=\"Tiempo de lectura\" \/>\n\t<meta name=\"twitter:data1\" content=\"2 minutos\" \/>\n<script type=\"application\/ld+json\" class=\"yoast-schema-graph\">{\"@context\":\"https:\\\/\\\/schema.org\",\"@graph\":[{\"@type\":\"WebPage\",\"@id\":\"https:\\\/\\\/prod.tubesca-comabi.com\\\/es\\\/mantenimiento-industrial\\\/\",\"url\":\"https:\\\/\\\/prod.tubesca-comabi.com\\\/es\\\/mantenimiento-industrial\\\/\",\"name\":\"Mantenimiento industrial - Tubesca Comabi\",\"isPartOf\":{\"@id\":\"https:\\\/\\\/prod.tubesca-comabi.com\\\/es\\\/#website\"},\"primaryImageOfPage\":{\"@id\":\"https:\\\/\\\/prod.tubesca-comabi.com\\\/es\\\/mantenimiento-industrial\\\/#primaryimage\"},\"image\":{\"@id\":\"https:\\\/\\\/prod.tubesca-comabi.com\\\/es\\\/mantenimiento-industrial\\\/#primaryimage\"},\"thumbnailUrl\":\"http:\\\/\\\/prod.tubesca-comabi.com\\\/wp-content\\\/uploads\\\/sites\\\/3\\\/2023\\\/05\\\/EDF-Chatou-1024x768-1-1.jpg\",\"datePublished\":\"2023-01-27T13:19:44+00:00\",\"dateModified\":\"2023-09-08T09:33:47+00:00\",\"breadcrumb\":{\"@id\":\"https:\\\/\\\/prod.tubesca-comabi.com\\\/es\\\/mantenimiento-industrial\\\/#breadcrumb\"},\"inLanguage\":\"es\",\"potentialAction\":[{\"@type\":\"ReadAction\",\"target\":[\"https:\\\/\\\/prod.tubesca-comabi.com\\\/es\\\/mantenimiento-industrial\\\/\"]}]},{\"@type\":\"ImageObject\",\"inLanguage\":\"es\",\"@id\":\"https:\\\/\\\/prod.tubesca-comabi.com\\\/es\\\/mantenimiento-industrial\\\/#primaryimage\",\"url\":\"http:\\\/\\\/prod.tubesca-comabi.com\\\/wp-content\\\/uploads\\\/sites\\\/3\\\/2023\\\/05\\\/EDF-Chatou-1024x768-1-1.jpg\",\"contentUrl\":\"http:\\\/\\\/prod.tubesca-comabi.com\\\/wp-content\\\/uploads\\\/sites\\\/3\\\/2023\\\/05\\\/EDF-Chatou-1024x768-1-1.jpg\"},{\"@type\":\"BreadcrumbList\",\"@id\":\"https:\\\/\\\/prod.tubesca-comabi.com\\\/es\\\/mantenimiento-industrial\\\/#breadcrumb\",\"itemListElement\":[{\"@type\":\"ListItem\",\"position\":1,\"name\":\"Tubesca-Comabi\",\"item\":\"https:\\\/\\\/prod.tubesca-comabi.com\\\/es\\\/\"},{\"@type\":\"ListItem\",\"position\":2,\"name\":\"Mantenimiento industrial\"}]},{\"@type\":\"WebSite\",\"@id\":\"https:\\\/\\\/prod.tubesca-comabi.com\\\/es\\\/#website\",\"url\":\"https:\\\/\\\/prod.tubesca-comabi.com\\\/es\\\/\",\"name\":\"Tubesca Comabi\",\"description\":\"Une entreprise du groupe Fr\u00e9n\u00e9hard &amp; Michaux\",\"publisher\":{\"@id\":\"https:\\\/\\\/prod.tubesca-comabi.com\\\/es\\\/#organization\"},\"potentialAction\":[{\"@type\":\"SearchAction\",\"target\":{\"@type\":\"EntryPoint\",\"urlTemplate\":\"https:\\\/\\\/prod.tubesca-comabi.com\\\/es\\\/?s={search_term_string}\"},\"query-input\":{\"@type\":\"PropertyValueSpecification\",\"valueRequired\":true,\"valueName\":\"search_term_string\"}}],\"inLanguage\":\"es\"},{\"@type\":\"Organization\",\"@id\":\"https:\\\/\\\/prod.tubesca-comabi.com\\\/es\\\/#organization\",\"name\":\"Tubesca Comabi\",\"url\":\"https:\\\/\\\/prod.tubesca-comabi.com\\\/es\\\/\",\"logo\":{\"@type\":\"ImageObject\",\"inLanguage\":\"es\",\"@id\":\"https:\\\/\\\/prod.tubesca-comabi.com\\\/es\\\/#\\\/schema\\\/logo\\\/image\\\/\",\"url\":\"https:\\\/\\\/prod.tubesca-comabi.com\\\/wp-content\\\/uploads\\\/sites\\\/3\\\/2022\\\/12\\\/tubesca-comabi_logo_0.png\",\"contentUrl\":\"https:\\\/\\\/prod.tubesca-comabi.com\\\/wp-content\\\/uploads\\\/sites\\\/3\\\/2022\\\/12\\\/tubesca-comabi_logo_0.png\",\"width\":426,\"height\":54,\"caption\":\"Tubesca Comabi\"},\"image\":{\"@id\":\"https:\\\/\\\/prod.tubesca-comabi.com\\\/es\\\/#\\\/schema\\\/logo\\\/image\\\/\"},\"sameAs\":[\"https:\\\/\\\/www.facebook.com\\\/tubescacomabi\\\/\",\"https:\\\/\\\/x.com\\\/tubesca_comabi\",\"https:\\\/\\\/www.youtube.com\\\/channel\\\/UCiiudWOV9mAvU9c7VkV4kmA\",\"https:\\\/\\\/www.linkedin.com\\\/company\\\/tubesca-comabi\",\"https:\\\/\\\/www.instagram.com\\\/tubesca.comabi\\\/\"]}]}<\/script>\n<!-- \/ Yoast SEO plugin. -->","yoast_head_json":{"title":"Mantenimiento industrial - Tubesca Comabi","robots":{"index":"noindex","follow":"follow","max-snippet":"max-snippet:-1","max-image-preview":"max-image-preview:large","max-video-preview":"max-video-preview:-1"},"og_locale":"es_ES","og_type":"article","og_title":"Mantenimiento industrial - Tubesca Comabi","og_description":"Los trabajos de mantenimiento industrial requieren un equipo espec\u00edfico, est\u00e1ndar o a medida, el que tiene diferentes formas en funci\u00f3n de las tareas que se van a efectuar: en interiores, en exteriores, de acceso, para trabajar o desplazarse, para un uso ocasional o regular. Descubra todos nuestros proyectos realizados destinados al mantenimiento industrial.","og_url":"https:\/\/prod.tubesca-comabi.com\/es\/mantenimiento-industrial\/","og_site_name":"Tubesca Comabi","article_publisher":"https:\/\/www.facebook.com\/tubescacomabi\/","article_modified_time":"2023-09-08T09:33:47+00:00","og_image":[{"url":"http:\/\/prod.tubesca-comabi.com\/wp-content\/uploads\/sites\/3\/2023\/05\/EDF-Chatou-1024x768-1-1.jpg","type":"","width":"","height":""}],"twitter_card":"summary_large_image","twitter_site":"@tubesca_comabi","twitter_misc":{"Tiempo de lectura":"2 minutos"},"schema":{"@context":"https:\/\/schema.org","@graph":[{"@type":"WebPage","@id":"https:\/\/prod.tubesca-comabi.com\/es\/mantenimiento-industrial\/","url":"https:\/\/prod.tubesca-comabi.com\/es\/mantenimiento-industrial\/","name":"Mantenimiento industrial - Tubesca Comabi","isPartOf":{"@id":"https:\/\/prod.tubesca-comabi.com\/es\/#website"},"primaryImageOfPage":{"@id":"https:\/\/prod.tubesca-comabi.com\/es\/mantenimiento-industrial\/#primaryimage"},"image":{"@id":"https:\/\/prod.tubesca-comabi.com\/es\/mantenimiento-industrial\/#primaryimage"},"thumbnailUrl":"http:\/\/prod.tubesca-comabi.com\/wp-content\/uploads\/sites\/3\/2023\/05\/EDF-Chatou-1024x768-1-1.jpg","datePublished":"2023-01-27T13:19:44+00:00","dateModified":"2023-09-08T09:33:47+00:00","breadcrumb":{"@id":"https:\/\/prod.tubesca-comabi.com\/es\/mantenimiento-industrial\/#breadcrumb"},"inLanguage":"es","potentialAction":[{"@type":"ReadAction","target":["https:\/\/prod.tubesca-comabi.com\/es\/mantenimiento-industrial\/"]}]},{"@type":"ImageObject","inLanguage":"es","@id":"https:\/\/prod.tubesca-comabi.com\/es\/mantenimiento-industrial\/#primaryimage","url":"http:\/\/prod.tubesca-comabi.com\/wp-content\/uploads\/sites\/3\/2023\/05\/EDF-Chatou-1024x768-1-1.jpg","contentUrl":"http:\/\/prod.tubesca-comabi.com\/wp-content\/uploads\/sites\/3\/2023\/05\/EDF-Chatou-1024x768-1-1.jpg"},{"@type":"BreadcrumbList","@id":"https:\/\/prod.tubesca-comabi.com\/es\/mantenimiento-industrial\/#breadcrumb","itemListElement":[{"@type":"ListItem","position":1,"name":"Tubesca-Comabi","item":"https:\/\/prod.tubesca-comabi.com\/es\/"},{"@type":"ListItem","position":2,"name":"Mantenimiento industrial"}]},{"@type":"WebSite","@id":"https:\/\/prod.tubesca-comabi.com\/es\/#website","url":"https:\/\/prod.tubesca-comabi.com\/es\/","name":"Tubesca Comabi","description":"Une entreprise du groupe Fr\u00e9n\u00e9hard &amp; Michaux","publisher":{"@id":"https:\/\/prod.tubesca-comabi.com\/es\/#organization"},"potentialAction":[{"@type":"SearchAction","target":{"@type":"EntryPoint","urlTemplate":"https:\/\/prod.tubesca-comabi.com\/es\/?s={search_term_string}"},"query-input":{"@type":"PropertyValueSpecification","valueRequired":true,"valueName":"search_term_string"}}],"inLanguage":"es"},{"@type":"Organization","@id":"https:\/\/prod.tubesca-comabi.com\/es\/#organization","name":"Tubesca Comabi","url":"https:\/\/prod.tubesca-comabi.com\/es\/","logo":{"@type":"ImageObject","inLanguage":"es","@id":"https:\/\/prod.tubesca-comabi.com\/es\/#\/schema\/logo\/image\/","url":"https:\/\/prod.tubesca-comabi.com\/wp-content\/uploads\/sites\/3\/2022\/12\/tubesca-comabi_logo_0.png","contentUrl":"https:\/\/prod.tubesca-comabi.com\/wp-content\/uploads\/sites\/3\/2022\/12\/tubesca-comabi_logo_0.png","width":426,"height":54,"caption":"Tubesca Comabi"},"image":{"@id":"https:\/\/prod.tubesca-comabi.com\/es\/#\/schema\/logo\/image\/"},"sameAs":["https:\/\/www.facebook.com\/tubescacomabi\/","https:\/\/x.com\/tubesca_comabi","https:\/\/www.youtube.com\/channel\/UCiiudWOV9mAvU9c7VkV4kmA","https:\/\/www.linkedin.com\/company\/tubesca-comabi","https:\/\/www.instagram.com\/tubesca.comabi\/"]}]}},"_links":{"self":[{"href":"https:\/\/prod.tubesca-comabi.com\/es\/wp-json\/wp\/v2\/pages\/10542","targetHints":{"allow":["GET"]}}],"collection":[{"href":"https:\/\/prod.tubesca-comabi.com\/es\/wp-json\/wp\/v2\/pages"}],"about":[{"href":"https:\/\/prod.tubesca-comabi.com\/es\/wp-json\/wp\/v2\/types\/page"}],"author":[{"embeddable":true,"href":"https:\/\/prod.tubesca-comabi.com\/es\/wp-json\/wp\/v2\/users\/1"}],"replies":[{"embeddable":true,"href":"https:\/\/prod.tubesca-comabi.com\/es\/wp-json\/wp\/v2\/comments?post=10542"}],"version-history":[{"count":8,"href":"https:\/\/prod.tubesca-comabi.com\/es\/wp-json\/wp\/v2\/pages\/10542\/revisions"}],"predecessor-version":[{"id":103789,"href":"https:\/\/prod.tubesca-comabi.com\/es\/wp-json\/wp\/v2\/pages\/10542\/revisions\/103789"}],"wp:attachment":[{"href":"https:\/\/prod.tubesca-comabi.com\/es\/wp-json\/wp\/v2\/media?parent=10542"}],"curies":[{"name":"wp","href":"https:\/\/api.w.org\/{rel}","templated":true}]}}