{"id":9503,"date":"2023-01-27T10:18:08","date_gmt":"2023-01-27T09:18:08","guid":{"rendered":"https:\/\/prod.tubesca-comabi.com\/die-gruppe\/"},"modified":"2023-10-24T15:23:50","modified_gmt":"2023-10-24T13:23:50","slug":"die-gruppe","status":"publish","type":"page","link":"https:\/\/prod.tubesca-comabi.com\/de\/die-gruppe\/","title":{"rendered":"Die Gruppe"},"content":{"rendered":"\n<figure class=\"wp-block-image alignfull size-large\"><img loading=\"lazy\" decoding=\"async\" width=\"1024\" height=\"201\" src=\"https:\/\/prod.tubesca-comabi.com\/wp-content\/uploads\/sites\/3\/2023\/03\/frenehard-michaux-1024x201.jpg\" alt=\"\" class=\"wp-image-11673\" srcset=\"https:\/\/prod.tubesca-comabi.com\/wp-content\/uploads\/sites\/3\/2023\/03\/frenehard-michaux-1024x201.jpg 1024w, https:\/\/prod.tubesca-comabi.com\/wp-content\/uploads\/sites\/3\/2023\/03\/frenehard-michaux-300x59.jpg 300w, https:\/\/prod.tubesca-comabi.com\/wp-content\/uploads\/sites\/3\/2023\/03\/frenehard-michaux-768x151.jpg 768w, https:\/\/prod.tubesca-comabi.com\/wp-content\/uploads\/sites\/3\/2023\/03\/frenehard-michaux-1536x301.jpg 1536w, https:\/\/prod.tubesca-comabi.com\/wp-content\/uploads\/sites\/3\/2023\/03\/frenehard-michaux-2048x402.jpg 2048w, https:\/\/prod.tubesca-comabi.com\/wp-content\/uploads\/sites\/3\/2023\/03\/frenehard-michaux-600x118.jpg 600w\" sizes=\"auto, (max-width: 1024px) 100vw, 1024px\" \/><\/figure>\n\n<p class=\"has-mycms-antracite-color has-text-color\">Die Unternehmen des Fr\u00e9n\u00e9hard &amp; Michaux-Konzerns besch\u00e4ftigt weltweit mehr als <strong>1200 Mitarbeiter<\/strong>. Sie liefern Qualit\u00e4tsprodukte und -dienstleistungen f\u00fcr die Sicherheit bei H\u00f6henarbeiten, die Befestigung von Elementen von D\u00e4chern oder Dachrinnen, die s\u00e4mtlichen Anforderungen der Fachleute aus <strong>Bau und Industrie gerecht werden.<\/strong><\/p>\n\n<div style=\"height:20px\" aria-hidden=\"true\" class=\"wp-block-spacer\"><\/div>\n\n<div class=\"wp-block-columns is-layout-flex wp-container-core-columns-is-layout-9d6595d7 wp-block-columns-is-layout-flex\">\n<div class=\"wp-block-column is-layout-flow wp-block-column-is-layout-flow\">\n<figure class=\"wp-block-image aligncenter size-full is-resized\"><img loading=\"lazy\" decoding=\"async\" src=\"https:\/\/prod.tubesca-comabi.com\/wp-content\/uploads\/sites\/3\/2023\/02\/localisation.png\" alt=\"\" class=\"wp-image-8161\" width=\"60\" height=\"60\" srcset=\"https:\/\/prod.tubesca-comabi.com\/wp-content\/uploads\/sites\/3\/2023\/02\/localisation.png 179w, https:\/\/prod.tubesca-comabi.com\/wp-content\/uploads\/sites\/3\/2023\/02\/localisation-150x150.png 150w, https:\/\/prod.tubesca-comabi.com\/wp-content\/uploads\/sites\/3\/2023\/02\/localisation-100x100.png 100w\" sizes=\"auto, (max-width: 60px) 100vw, 60px\" \/><\/figure>\n\n\n\n<p class=\"has-text-align-center has-mycms-antracite-color has-text-color\">24 Standorte in Europa<\/p>\n<\/div>\n\n\n\n<div class=\"wp-block-column is-layout-flow wp-block-column-is-layout-flow\">\n<figure class=\"wp-block-image aligncenter size-full is-resized\"><img loading=\"lazy\" decoding=\"async\" src=\"https:\/\/prod.tubesca-comabi.com\/wp-content\/uploads\/sites\/3\/2023\/02\/rentabilite.png\" alt=\"\" class=\"wp-image-8363\" width=\"60\" height=\"60\" srcset=\"https:\/\/prod.tubesca-comabi.com\/wp-content\/uploads\/sites\/3\/2023\/02\/rentabilite.png 177w, https:\/\/prod.tubesca-comabi.com\/wp-content\/uploads\/sites\/3\/2023\/02\/rentabilite-150x150.png 150w, https:\/\/prod.tubesca-comabi.com\/wp-content\/uploads\/sites\/3\/2023\/02\/rentabilite-100x100.png 100w\" sizes=\"auto, (max-width: 60px) 100vw, 60px\" \/><\/figure>\n\n\n\n<p class=\"has-text-align-center has-mycms-antracite-color has-text-color\">Umsatz von 300 Millionen Euro<\/p>\n<\/div>\n\n\n\n<div class=\"wp-block-column is-layout-flow wp-block-column-is-layout-flow\">\n<figure class=\"wp-block-image aligncenter size-full is-resized\"><img loading=\"lazy\" decoding=\"async\" src=\"https:\/\/prod.tubesca-comabi.com\/wp-content\/uploads\/sites\/3\/2023\/02\/monde.png\" alt=\"\" class=\"wp-image-8169\" width=\"60\" height=\"60\" srcset=\"https:\/\/prod.tubesca-comabi.com\/wp-content\/uploads\/sites\/3\/2023\/02\/monde.png 178w, https:\/\/prod.tubesca-comabi.com\/wp-content\/uploads\/sites\/3\/2023\/02\/monde-150x150.png 150w, https:\/\/prod.tubesca-comabi.com\/wp-content\/uploads\/sites\/3\/2023\/02\/monde-100x100.png 100w\" sizes=\"auto, (max-width: 60px) 100vw, 60px\" \/><\/figure>\n\n\n\n<p class=\"has-text-align-center has-mycms-antracite-color has-text-color\">Pr\u00e4senz in \u00fcber 70 L\u00e4ndern<\/p>\n<\/div>\n<\/div>\n\n<div class=\"wp-block-media-text alignwide is-stacked-on-mobile\" style=\"grid-template-columns:35% auto\"><figure class=\"wp-block-media-text__media\"><img loading=\"lazy\" decoding=\"async\" width=\"1024\" height=\"1024\" src=\"https:\/\/prod.tubesca-comabi.com\/wp-content\/uploads\/sites\/3\/2023\/02\/carte-groupe2-1024x1024.jpg\" alt=\"\" class=\"wp-image-8368 size-full\" srcset=\"https:\/\/prod.tubesca-comabi.com\/wp-content\/uploads\/sites\/3\/2023\/02\/carte-groupe2-1024x1024.jpg 1024w, https:\/\/prod.tubesca-comabi.com\/wp-content\/uploads\/sites\/3\/2023\/02\/carte-groupe2-300x300.jpg 300w, https:\/\/prod.tubesca-comabi.com\/wp-content\/uploads\/sites\/3\/2023\/02\/carte-groupe2-150x150.jpg 150w, https:\/\/prod.tubesca-comabi.com\/wp-content\/uploads\/sites\/3\/2023\/02\/carte-groupe2-768x768.jpg 768w, https:\/\/prod.tubesca-comabi.com\/wp-content\/uploads\/sites\/3\/2023\/02\/carte-groupe2-600x600.jpg 600w, https:\/\/prod.tubesca-comabi.com\/wp-content\/uploads\/sites\/3\/2023\/02\/carte-groupe2-100x100.jpg 100w, https:\/\/prod.tubesca-comabi.com\/wp-content\/uploads\/sites\/3\/2023\/02\/carte-groupe2.jpg 1080w\" sizes=\"auto, (max-width: 1024px) 100vw, 1024px\" \/><\/figure><div class=\"wp-block-media-text__content\">\n<h2 class=\"wp-block-heading\" id=\"notre-vision\">Unsere Vision<\/h2>\n\n\n\n<p class=\"has-mycms-antracite-color has-text-color\">Die Unternehmen der Gruppe verbindet eine gemeinsame industrielle Tradition : Aluminium und Stahl. Sie teilen die gleiche Vorstellung von H\u00f6henarbeit: Hergestellt werden Vorrichtungen f\u00fcr den einfachen Zugang (Ger\u00fcste und Leitern), kollektive und individuelle Absturzsicherungen sowie Zubeh\u00f6r f\u00fcr D\u00e4cher und Bedachungen f\u00fcr professionelle Anwender.<\/p>\n\n\n\n<p class=\"has-mycms-antracite-color has-text-color\">Mit 24 internationalen L\u00e4ndern kann die Gruppe Bau- und Industrieprofis in ganz Europa mit einer gro\u00dfen Vielfalt an Produkten versorgen.<\/p>\n<\/div><\/div>\n\n<div class=\"wp-block-media-text has-media-on-the-right is-stacked-on-mobile is-vertically-aligned-center\" style=\"grid-template-columns:auto 43%\"><div class=\"wp-block-media-text__content\">\n<h2 class=\"wp-block-heading\" id=\"notre-ambition\">Unsere Ambition<\/h2>\n\n\n\n<ul class=\"has-mycms-antracite-color has-text-color wp-block-list\">\n<li>Aufbau von Synergien zwischen unseren Unternehmenseinheiten, um starke Ideen zu entwickeln.<\/li>\n\n\n\n<li>St\u00e4rkung der grundlegenden Berufsfelder in allen unseren Unternehmen<\/li>\n\n\n\n<li>Kapitalisierung unserer historischen Marken, um neue M\u00e4rkte zu erobern.<\/li>\n\n\n\n<li>Ausweitung der Pr\u00e4senz der Gruppe auf den M\u00e4rkten f\u00fcr Bau und Industrie.<\/li>\n\n\n\n<li>Gemeinsame Nutzung unserer F&amp;E-Ressourcen zur Weiterentwicklung unserer Produktpalette.<\/li>\n<\/ul>\n<\/div><figure class=\"wp-block-media-text__media\"><img loading=\"lazy\" decoding=\"async\" width=\"1024\" height=\"683\" src=\"https:\/\/prod.tubesca-comabi.com\/wp-content\/uploads\/sites\/3\/2023\/10\/23-10-12_12-07-18-reportage-photo-metier-entreprise-www-1024x683.jpg\" alt=\"\" class=\"wp-image-114448 size-full\" srcset=\"https:\/\/prod.tubesca-comabi.com\/wp-content\/uploads\/sites\/3\/2023\/10\/23-10-12_12-07-18-reportage-photo-metier-entreprise-www-1024x683.jpg 1024w, https:\/\/prod.tubesca-comabi.com\/wp-content\/uploads\/sites\/3\/2023\/10\/23-10-12_12-07-18-reportage-photo-metier-entreprise-www-600x400.jpg 600w, https:\/\/prod.tubesca-comabi.com\/wp-content\/uploads\/sites\/3\/2023\/10\/23-10-12_12-07-18-reportage-photo-metier-entreprise-www-300x200.jpg 300w, https:\/\/prod.tubesca-comabi.com\/wp-content\/uploads\/sites\/3\/2023\/10\/23-10-12_12-07-18-reportage-photo-metier-entreprise-www-768x512.jpg 768w, https:\/\/prod.tubesca-comabi.com\/wp-content\/uploads\/sites\/3\/2023\/10\/23-10-12_12-07-18-reportage-photo-metier-entreprise-www-1536x1024.jpg 1536w, https:\/\/prod.tubesca-comabi.com\/wp-content\/uploads\/sites\/3\/2023\/10\/23-10-12_12-07-18-reportage-photo-metier-entreprise-www-541x360.jpg 541w, https:\/\/prod.tubesca-comabi.com\/wp-content\/uploads\/sites\/3\/2023\/10\/23-10-12_12-07-18-reportage-photo-metier-entreprise-www-317x211.jpg 317w, https:\/\/prod.tubesca-comabi.com\/wp-content\/uploads\/sites\/3\/2023\/10\/23-10-12_12-07-18-reportage-photo-metier-entreprise-www.jpg 1980w\" sizes=\"auto, (max-width: 1024px) 100vw, 1024px\" \/><\/figure><\/div>\n<section class=\"mycms-timeline\">\n  <div class=\"mycms-timeline__list\">\n          <div class=\"mycms-timeline__item\">\n        <img decoding=\"async\" class=\"mycms-timeline__item__image\" loading=\"lazy\" src=\"https:\/\/prod.tubesca-comabi.com\/wp-content\/uploads\/sites\/3\/2023\/02\/frenehard-1-150x150.jpg\" width=\"150\" height=\"150\" alt=\"\">\n        <time class=\"mycms-timeline__item__date\" datetime=\"1889\">1889<\/time>\n        <div class=\"mycms-timeline__item__content\"><p>Cr\u00e9ation de l\u2019atelier <b>MICHAUX. <\/b>Premier fabricant fran\u00e7ais d\u2019accessoires de couverture, de goutti\u00e8res et de solutions de protection contre les chutes de hauteur pour le b\u00e2timent<\/p>\n<\/div>\n      <\/div>\n          <div class=\"mycms-timeline__item\">\n        <img decoding=\"async\" class=\"mycms-timeline__item__image\" loading=\"lazy\" src=\"https:\/\/prod.tubesca-comabi.com\/wp-content\/uploads\/sites\/3\/2023\/02\/fixation-gouttiere-150x150.jpg\" width=\"150\" height=\"150\" alt=\"\">\n        <time class=\"mycms-timeline__item__date\" datetime=\"1922\">1922<\/time>\n        <div class=\"mycms-timeline__item__content\"><p>D\u00e9but de la production \u00ab\u00a0Toits &amp; Fixation \u00bb.<br \/>\nCr\u00e9ation de <b>FR\u00c9N\u00c9HARD &amp; MICHAUX<\/b><\/p>\n<\/div>\n      <\/div>\n          <div class=\"mycms-timeline__item\">\n        <img decoding=\"async\" class=\"mycms-timeline__item__image\" loading=\"lazy\" src=\"https:\/\/prod.tubesca-comabi.com\/wp-content\/uploads\/sites\/3\/2023\/02\/securigard-150x150.jpg\" width=\"150\" height=\"150\" alt=\"\">\n        <time class=\"mycms-timeline__item__date\" datetime=\"1998\">1998<\/time>\n        <div class=\"mycms-timeline__item__content\"><p>Cr\u00e9ation de l\u2019activit\u00e9 \u00ab\u00a0Protection anti-chute\u00a0\u00bb.<\/p>\n<\/div>\n      <\/div>\n          <div class=\"mycms-timeline__item\">\n        <img decoding=\"async\" class=\"mycms-timeline__item__image\" loading=\"lazy\" src=\"https:\/\/prod.tubesca-comabi.com\/wp-content\/uploads\/sites\/3\/2023\/02\/securigard-logo-1-150x150.jpg\" width=\"150\" height=\"150\" alt=\"\">\n        <time class=\"mycms-timeline__item__date\" datetime=\"2003\">2003<\/time>\n        <div class=\"mycms-timeline__item__content\"><p>Cr\u00e9ation de la marque <b>SECURIGARD <\/b><\/p>\n<\/div>\n      <\/div>\n          <div class=\"mycms-timeline__item\">\n        <img decoding=\"async\" class=\"mycms-timeline__item__image\" loading=\"lazy\" src=\"https:\/\/prod.tubesca-comabi.com\/wp-content\/uploads\/sites\/3\/2023\/02\/fmsringue-150x150.jpg\" width=\"150\" height=\"150\" alt=\"\">\n        <time class=\"mycms-timeline__item__date\" datetime=\"2007\">2007<\/time>\n        <div class=\"mycms-timeline__item__content\"><p>Int\u00e9gration de <b>FMS\u00a0RINGUE<\/b>,\u00a0 sp\u00e9cialiste dans l\u2019activit\u00e9 de location d\u2019\u00e9chafaudage avec prestation en France.<\/p>\n<\/div>\n      <\/div>\n          <div class=\"mycms-timeline__item\">\n        <img decoding=\"async\" class=\"mycms-timeline__item__image\" loading=\"lazy\" src=\"https:\/\/prod.tubesca-comabi.com\/wp-content\/uploads\/sites\/3\/2023\/02\/tubesca-150x150.jpg\" width=\"150\" height=\"150\" alt=\"\">\n        <time class=\"mycms-timeline__item__date\" datetime=\"2016\">2016<\/time>\n        <div class=\"mycms-timeline__item__content\"><p>Acquisition de TUBESCA-COMABI, leader dans la fabrication et la commercialisation de solutions d&#8217;acc\u00e8s et de travail en hauteur.<br \/>\nAcquisition d&#8217;ARTUB, entreprise sp\u00e9cialis\u00e9e dans les solutions d&#8217;acc\u00e8s en hauteur destin\u00e9es aux particuliers.<br \/>\nAcquisition de SKYWORKS, sp\u00e9cialis\u00e9e dans la commercialisation de solutions d&#8217;acc\u00e8s aux Pays-Bas.<br \/>\nAcquisition de TENDO, fabricant d&#8217;\u00e9chafaudages en Espagne.<\/p>\n<\/div>\n      <\/div>\n          <div class=\"mycms-timeline__item\">\n        <img decoding=\"async\" class=\"mycms-timeline__item__image\" loading=\"lazy\" src=\"https:\/\/prod.tubesca-comabi.com\/wp-content\/uploads\/sites\/3\/2023\/02\/syam-150x150.jpg\" width=\"150\" height=\"150\" alt=\"\">\n        <time class=\"mycms-timeline__item__date\" datetime=\"2018\">2018<\/time>\n        <div class=\"mycms-timeline__item__content\"><p>Int\u00e9gration de <b>SYAM<\/b>, fabricant fran\u00e7ais d\u2019un syst\u00e8me unique brevet\u00e9 d\u2019ancrage mobile.<\/p>\n<\/div>\n      <\/div>\n          <div class=\"mycms-timeline__item\">\n        <img decoding=\"async\" class=\"mycms-timeline__item__image\" loading=\"lazy\" src=\"https:\/\/prod.tubesca-comabi.com\/wp-content\/uploads\/sites\/3\/2023\/02\/mae-1-150x150.jpg\" width=\"150\" height=\"150\" alt=\"\">\n        <time class=\"mycms-timeline__item__date\" datetime=\"2020\">2020<\/time>\n        <div class=\"mycms-timeline__item__content\"><p>Int\u00e9gration de <b>MA ESTRUCTURAS<\/b>, sp\u00e9cialiste dans l\u2019activit\u00e9 de location d\u2019\u00e9chafaudage avec prestation en Espagne.<\/p>\n<\/div>\n      <\/div>\n          <div class=\"mycms-timeline__item\">\n        <img decoding=\"async\" class=\"mycms-timeline__item__image\" loading=\"lazy\" src=\"https:\/\/prod.tubesca-comabi.com\/wp-content\/uploads\/sites\/3\/2023\/02\/gamesystem-150x150.jpg\" width=\"150\" height=\"150\" alt=\"\">\n        <time class=\"mycms-timeline__item__date\" datetime=\"2021\">2021<\/time>\n        <div class=\"mycms-timeline__item__content\"><p>Acquisition de GAMESYSTEM, soci\u00e9t\u00e9 sp\u00e9cialis\u00e9e dans la fabrication et la mise en \u0153uvre de solutions d&#8217;ing\u00e9nierie sur-mesure pour la maintenance industrielle.<\/p>\n<\/div>\n      <\/div>\n          <div class=\"mycms-timeline__item\">\n        <img decoding=\"async\" class=\"mycms-timeline__item__image\" loading=\"lazy\" src=\"https:\/\/prod.tubesca-comabi.com\/wp-content\/uploads\/sites\/3\/2023\/02\/altrex-1-150x150.jpg\" width=\"150\" height=\"150\" alt=\"\">\n        <time class=\"mycms-timeline__item__date\" datetime=\"2022\">2022<\/time>\n        <div class=\"mycms-timeline__item__content\"><p>Int\u00e9gration d\u2019<b>ALTREX<\/b>, sp\u00e9cialiste n\u00e9erlandais de solutions d\u2019acc\u00e8s en hauteur. Le groupe dispose de deux filiales ; en Belgique et en Espagne.<\/p>\n<\/div>\n      <\/div>\n      <\/div>\n<\/section>\n\n<p><\/p>\n","protected":false},"excerpt":{"rendered":"<p>Die Unternehmen des Fr\u00e9n\u00e9hard &amp; Michaux-Konzerns besch\u00e4ftigt weltweit mehr als 1200 Mitarbeiter. Sie liefern Qualit\u00e4tsprodukte und -dienstleistungen f\u00fcr die Sicherheit bei H\u00f6henarbeiten, die Befestigung von Elementen von D\u00e4chern oder Dachrinnen, die s\u00e4mtlichen Anforderungen der Fachleute aus Bau und Industrie gerecht werden. 24 Standorte in Europa Umsatz von 300 Millionen Euro Pr\u00e4senz in \u00fcber 70 L\u00e4ndern [&hellip;]<\/p>\n","protected":false},"author":1,"featured_media":0,"parent":0,"menu_order":0,"comment_status":"closed","ping_status":"closed","template":"","meta":{"_acf_changed":false,"ep_exclude_from_search":false,"footnotes":""},"class_list":["post-9503","page","type-page","status-publish","hentry"],"acf":[],"yoast_head":"<!-- This site is optimized with the Yoast SEO plugin v27.5 - https:\/\/yoast.com\/product\/yoast-seo-wordpress\/ -->\n<title>Die Gruppe - Tubesca Comabi<\/title>\n<meta name=\"robots\" content=\"noindex, follow, max-snippet:-1, max-image-preview:large, max-video-preview:-1\" \/>\n<meta property=\"og:locale\" content=\"de_DE\" \/>\n<meta property=\"og:type\" content=\"article\" \/>\n<meta property=\"og:title\" content=\"Die Gruppe - Tubesca Comabi\" \/>\n<meta property=\"og:description\" content=\"Die Unternehmen des Fr\u00e9n\u00e9hard &amp; Michaux-Konzerns besch\u00e4ftigt weltweit mehr als 1200 Mitarbeiter. Sie liefern Qualit\u00e4tsprodukte und -dienstleistungen f\u00fcr die Sicherheit bei H\u00f6henarbeiten, die Befestigung von Elementen von D\u00e4chern oder Dachrinnen, die s\u00e4mtlichen Anforderungen der Fachleute aus Bau und Industrie gerecht werden. 24 Standorte in Europa Umsatz von 300 Millionen Euro Pr\u00e4senz in \u00fcber 70 L\u00e4ndern [&hellip;]\" \/>\n<meta property=\"og:url\" content=\"https:\/\/prod.tubesca-comabi.com\/de\/die-gruppe\/\" \/>\n<meta property=\"og:site_name\" content=\"Tubesca Comabi\" \/>\n<meta property=\"article:publisher\" content=\"https:\/\/www.facebook.com\/tubescacomabi\/\" \/>\n<meta property=\"article:modified_time\" content=\"2023-10-24T13:23:50+00:00\" \/>\n<meta property=\"og:image\" content=\"https:\/\/prod.tubesca-comabi.com\/wp-content\/uploads\/sites\/3\/2023\/03\/frenehard-michaux-1024x201.jpg\" \/>\n<meta name=\"twitter:card\" content=\"summary_large_image\" \/>\n<meta name=\"twitter:site\" content=\"@tubesca_comabi\" \/>\n<meta name=\"twitter:label1\" content=\"Gesch\u00e4tzte Lesezeit\" \/>\n\t<meta name=\"twitter:data1\" content=\"3\u00a0Minuten\" \/>\n<script type=\"application\/ld+json\" class=\"yoast-schema-graph\">{\"@context\":\"https:\\\/\\\/schema.org\",\"@graph\":[{\"@type\":\"WebPage\",\"@id\":\"https:\\\/\\\/prod.tubesca-comabi.com\\\/de\\\/die-gruppe\\\/\",\"url\":\"https:\\\/\\\/prod.tubesca-comabi.com\\\/de\\\/die-gruppe\\\/\",\"name\":\"Die Gruppe - Tubesca Comabi\",\"isPartOf\":{\"@id\":\"https:\\\/\\\/prod.tubesca-comabi.com\\\/de\\\/#website\"},\"primaryImageOfPage\":{\"@id\":\"https:\\\/\\\/prod.tubesca-comabi.com\\\/de\\\/die-gruppe\\\/#primaryimage\"},\"image\":{\"@id\":\"https:\\\/\\\/prod.tubesca-comabi.com\\\/de\\\/die-gruppe\\\/#primaryimage\"},\"thumbnailUrl\":\"https:\\\/\\\/prod.tubesca-comabi.com\\\/wp-content\\\/uploads\\\/sites\\\/3\\\/2023\\\/03\\\/frenehard-michaux-1024x201.jpg\",\"datePublished\":\"2023-01-27T09:18:08+00:00\",\"dateModified\":\"2023-10-24T13:23:50+00:00\",\"breadcrumb\":{\"@id\":\"https:\\\/\\\/prod.tubesca-comabi.com\\\/de\\\/die-gruppe\\\/#breadcrumb\"},\"inLanguage\":\"de\",\"potentialAction\":[{\"@type\":\"ReadAction\",\"target\":[\"https:\\\/\\\/prod.tubesca-comabi.com\\\/de\\\/die-gruppe\\\/\"]}]},{\"@type\":\"ImageObject\",\"inLanguage\":\"de\",\"@id\":\"https:\\\/\\\/prod.tubesca-comabi.com\\\/de\\\/die-gruppe\\\/#primaryimage\",\"url\":\"https:\\\/\\\/prod.tubesca-comabi.com\\\/wp-content\\\/uploads\\\/sites\\\/3\\\/2023\\\/03\\\/frenehard-michaux-1024x201.jpg\",\"contentUrl\":\"https:\\\/\\\/prod.tubesca-comabi.com\\\/wp-content\\\/uploads\\\/sites\\\/3\\\/2023\\\/03\\\/frenehard-michaux-1024x201.jpg\"},{\"@type\":\"BreadcrumbList\",\"@id\":\"https:\\\/\\\/prod.tubesca-comabi.com\\\/de\\\/die-gruppe\\\/#breadcrumb\",\"itemListElement\":[{\"@type\":\"ListItem\",\"position\":1,\"name\":\"Tubesca-Comabi\",\"item\":\"https:\\\/\\\/prod.tubesca-comabi.com\\\/de\\\/\"},{\"@type\":\"ListItem\",\"position\":2,\"name\":\"Die Gruppe\"}]},{\"@type\":\"WebSite\",\"@id\":\"https:\\\/\\\/prod.tubesca-comabi.com\\\/de\\\/#website\",\"url\":\"https:\\\/\\\/prod.tubesca-comabi.com\\\/de\\\/\",\"name\":\"Tubesca Comabi\",\"description\":\"Une entreprise du groupe Fr\u00e9n\u00e9hard &amp; Michaux\",\"publisher\":{\"@id\":\"https:\\\/\\\/prod.tubesca-comabi.com\\\/de\\\/#organization\"},\"potentialAction\":[{\"@type\":\"SearchAction\",\"target\":{\"@type\":\"EntryPoint\",\"urlTemplate\":\"https:\\\/\\\/prod.tubesca-comabi.com\\\/de\\\/?s={search_term_string}\"},\"query-input\":{\"@type\":\"PropertyValueSpecification\",\"valueRequired\":true,\"valueName\":\"search_term_string\"}}],\"inLanguage\":\"de\"},{\"@type\":\"Organization\",\"@id\":\"https:\\\/\\\/prod.tubesca-comabi.com\\\/de\\\/#organization\",\"name\":\"Tubesca Comabi\",\"url\":\"https:\\\/\\\/prod.tubesca-comabi.com\\\/de\\\/\",\"logo\":{\"@type\":\"ImageObject\",\"inLanguage\":\"de\",\"@id\":\"https:\\\/\\\/prod.tubesca-comabi.com\\\/de\\\/#\\\/schema\\\/logo\\\/image\\\/\",\"url\":\"https:\\\/\\\/prod.tubesca-comabi.com\\\/wp-content\\\/uploads\\\/sites\\\/3\\\/2022\\\/12\\\/tubesca-comabi_logo_0.png\",\"contentUrl\":\"https:\\\/\\\/prod.tubesca-comabi.com\\\/wp-content\\\/uploads\\\/sites\\\/3\\\/2022\\\/12\\\/tubesca-comabi_logo_0.png\",\"width\":426,\"height\":54,\"caption\":\"Tubesca Comabi\"},\"image\":{\"@id\":\"https:\\\/\\\/prod.tubesca-comabi.com\\\/de\\\/#\\\/schema\\\/logo\\\/image\\\/\"},\"sameAs\":[\"https:\\\/\\\/www.facebook.com\\\/tubescacomabi\\\/\",\"https:\\\/\\\/x.com\\\/tubesca_comabi\",\"https:\\\/\\\/www.youtube.com\\\/channel\\\/UCiiudWOV9mAvU9c7VkV4kmA\",\"https:\\\/\\\/www.linkedin.com\\\/company\\\/tubesca-comabi\",\"https:\\\/\\\/www.instagram.com\\\/tubesca.comabi\\\/\"]}]}<\/script>\n<!-- \/ Yoast SEO plugin. -->","yoast_head_json":{"title":"Die Gruppe - Tubesca Comabi","robots":{"index":"noindex","follow":"follow","max-snippet":"max-snippet:-1","max-image-preview":"max-image-preview:large","max-video-preview":"max-video-preview:-1"},"og_locale":"de_DE","og_type":"article","og_title":"Die Gruppe - Tubesca Comabi","og_description":"Die Unternehmen des Fr\u00e9n\u00e9hard &amp; Michaux-Konzerns besch\u00e4ftigt weltweit mehr als 1200 Mitarbeiter. Sie liefern Qualit\u00e4tsprodukte und -dienstleistungen f\u00fcr die Sicherheit bei H\u00f6henarbeiten, die Befestigung von Elementen von D\u00e4chern oder Dachrinnen, die s\u00e4mtlichen Anforderungen der Fachleute aus Bau und Industrie gerecht werden. 24 Standorte in Europa Umsatz von 300 Millionen Euro Pr\u00e4senz in \u00fcber 70 L\u00e4ndern [&hellip;]","og_url":"https:\/\/prod.tubesca-comabi.com\/de\/die-gruppe\/","og_site_name":"Tubesca Comabi","article_publisher":"https:\/\/www.facebook.com\/tubescacomabi\/","article_modified_time":"2023-10-24T13:23:50+00:00","og_image":[{"url":"https:\/\/prod.tubesca-comabi.com\/wp-content\/uploads\/sites\/3\/2023\/03\/frenehard-michaux-1024x201.jpg","type":"","width":"","height":""}],"twitter_card":"summary_large_image","twitter_site":"@tubesca_comabi","twitter_misc":{"Gesch\u00e4tzte Lesezeit":"3\u00a0Minuten"},"schema":{"@context":"https:\/\/schema.org","@graph":[{"@type":"WebPage","@id":"https:\/\/prod.tubesca-comabi.com\/de\/die-gruppe\/","url":"https:\/\/prod.tubesca-comabi.com\/de\/die-gruppe\/","name":"Die Gruppe - Tubesca Comabi","isPartOf":{"@id":"https:\/\/prod.tubesca-comabi.com\/de\/#website"},"primaryImageOfPage":{"@id":"https:\/\/prod.tubesca-comabi.com\/de\/die-gruppe\/#primaryimage"},"image":{"@id":"https:\/\/prod.tubesca-comabi.com\/de\/die-gruppe\/#primaryimage"},"thumbnailUrl":"https:\/\/prod.tubesca-comabi.com\/wp-content\/uploads\/sites\/3\/2023\/03\/frenehard-michaux-1024x201.jpg","datePublished":"2023-01-27T09:18:08+00:00","dateModified":"2023-10-24T13:23:50+00:00","breadcrumb":{"@id":"https:\/\/prod.tubesca-comabi.com\/de\/die-gruppe\/#breadcrumb"},"inLanguage":"de","potentialAction":[{"@type":"ReadAction","target":["https:\/\/prod.tubesca-comabi.com\/de\/die-gruppe\/"]}]},{"@type":"ImageObject","inLanguage":"de","@id":"https:\/\/prod.tubesca-comabi.com\/de\/die-gruppe\/#primaryimage","url":"https:\/\/prod.tubesca-comabi.com\/wp-content\/uploads\/sites\/3\/2023\/03\/frenehard-michaux-1024x201.jpg","contentUrl":"https:\/\/prod.tubesca-comabi.com\/wp-content\/uploads\/sites\/3\/2023\/03\/frenehard-michaux-1024x201.jpg"},{"@type":"BreadcrumbList","@id":"https:\/\/prod.tubesca-comabi.com\/de\/die-gruppe\/#breadcrumb","itemListElement":[{"@type":"ListItem","position":1,"name":"Tubesca-Comabi","item":"https:\/\/prod.tubesca-comabi.com\/de\/"},{"@type":"ListItem","position":2,"name":"Die Gruppe"}]},{"@type":"WebSite","@id":"https:\/\/prod.tubesca-comabi.com\/de\/#website","url":"https:\/\/prod.tubesca-comabi.com\/de\/","name":"Tubesca Comabi","description":"Une entreprise du groupe Fr\u00e9n\u00e9hard &amp; Michaux","publisher":{"@id":"https:\/\/prod.tubesca-comabi.com\/de\/#organization"},"potentialAction":[{"@type":"SearchAction","target":{"@type":"EntryPoint","urlTemplate":"https:\/\/prod.tubesca-comabi.com\/de\/?s={search_term_string}"},"query-input":{"@type":"PropertyValueSpecification","valueRequired":true,"valueName":"search_term_string"}}],"inLanguage":"de"},{"@type":"Organization","@id":"https:\/\/prod.tubesca-comabi.com\/de\/#organization","name":"Tubesca Comabi","url":"https:\/\/prod.tubesca-comabi.com\/de\/","logo":{"@type":"ImageObject","inLanguage":"de","@id":"https:\/\/prod.tubesca-comabi.com\/de\/#\/schema\/logo\/image\/","url":"https:\/\/prod.tubesca-comabi.com\/wp-content\/uploads\/sites\/3\/2022\/12\/tubesca-comabi_logo_0.png","contentUrl":"https:\/\/prod.tubesca-comabi.com\/wp-content\/uploads\/sites\/3\/2022\/12\/tubesca-comabi_logo_0.png","width":426,"height":54,"caption":"Tubesca Comabi"},"image":{"@id":"https:\/\/prod.tubesca-comabi.com\/de\/#\/schema\/logo\/image\/"},"sameAs":["https:\/\/www.facebook.com\/tubescacomabi\/","https:\/\/x.com\/tubesca_comabi","https:\/\/www.youtube.com\/channel\/UCiiudWOV9mAvU9c7VkV4kmA","https:\/\/www.linkedin.com\/company\/tubesca-comabi","https:\/\/www.instagram.com\/tubesca.comabi\/"]}]}},"_links":{"self":[{"href":"https:\/\/prod.tubesca-comabi.com\/de\/wp-json\/wp\/v2\/pages\/9503","targetHints":{"allow":["GET"]}}],"collection":[{"href":"https:\/\/prod.tubesca-comabi.com\/de\/wp-json\/wp\/v2\/pages"}],"about":[{"href":"https:\/\/prod.tubesca-comabi.com\/de\/wp-json\/wp\/v2\/types\/page"}],"author":[{"embeddable":true,"href":"https:\/\/prod.tubesca-comabi.com\/de\/wp-json\/wp\/v2\/users\/1"}],"replies":[{"embeddable":true,"href":"https:\/\/prod.tubesca-comabi.com\/de\/wp-json\/wp\/v2\/comments?post=9503"}],"version-history":[{"count":12,"href":"https:\/\/prod.tubesca-comabi.com\/de\/wp-json\/wp\/v2\/pages\/9503\/revisions"}],"predecessor-version":[{"id":114535,"href":"https:\/\/prod.tubesca-comabi.com\/de\/wp-json\/wp\/v2\/pages\/9503\/revisions\/114535"}],"wp:attachment":[{"href":"https:\/\/prod.tubesca-comabi.com\/de\/wp-json\/wp\/v2\/media?parent=9503"}],"curies":[{"name":"wp","href":"https:\/\/api.w.org\/{rel}","templated":true}]}}