{"id":31021,"date":"2023-04-18T10:04:13","date_gmt":"2023-04-18T08:04:13","guid":{"rendered":"https:\/\/prod.tubesca-comabi.com\/fussgaengertunnel\/"},"modified":"2023-05-26T15:56:06","modified_gmt":"2023-05-26T13:56:06","slug":"fussgaengertunnel","status":"publish","type":"page","link":"https:\/\/prod.tubesca-comabi.com\/de\/fussgaengertunnel\/","title":{"rendered":"FUSSG\u00c4NGERTUNNEL"},"content":{"rendered":"\n<p>Unsere Ger\u00fcststrukturen <strong>bieten die M\u00f6glichkeit, Fu\u00dfg\u00e4ngertunnel f\u00fcr Tragger\u00fcste auf \u00f6ffentlichen Stra\u00dfen vorzusehen.<\/strong><\/p>\n\n<p><\/p>\n\n<figure class=\"wp-block-image aligncenter size-full\"><a href=\"https:\/\/prod.tubesca-comabi.com\/wp-content\/uploads\/sites\/3\/2023\/04\/passage_pieton.jpg\"><img loading=\"lazy\" decoding=\"async\" width=\"690\" height=\"287\" src=\"https:\/\/prod.tubesca-comabi.com\/wp-content\/uploads\/sites\/3\/2023\/04\/passage_pieton.jpg\" alt=\"\" class=\"wp-image-18571\" srcset=\"https:\/\/prod.tubesca-comabi.com\/wp-content\/uploads\/sites\/3\/2023\/04\/passage_pieton.jpg 690w, https:\/\/prod.tubesca-comabi.com\/wp-content\/uploads\/sites\/3\/2023\/04\/passage_pieton-300x125.jpg 300w, https:\/\/prod.tubesca-comabi.com\/wp-content\/uploads\/sites\/3\/2023\/04\/passage_pieton-600x250.jpg 600w\" sizes=\"auto, (max-width: 690px) 100vw, 690px\" \/><\/a><\/figure>\n\n<p>Um die Funktion eines Fu\u00dfg\u00e4ngertunnels zu gew\u00e4hrleisten, verwenden Sie die folgenden Komponenten:<\/p>\n\n<ul class=\"is-style-mycms-bullets-orange wp-block-list\"><li>2 Holme mit 2,00 m<\/li><li>2 Holme mit 0,50 m M368 oder SOLIDIUM<\/li><li>2 Schraubf\u00fc\u00dfe<\/li><li>2 Klappsplinte RCM12<\/li><li>1 Fussg\u00e4ngertunnelbalken 04001002 oder 1 Stahltr\u00e4ger mit einer Breite von mindestens 1,50 m<\/li><\/ul>\n\n<p><\/p>\n\n<p><strong>Entspricht den Vorschriften und Normen EN 12810 \u2013 12811.<\/strong><\/p>\n\n<div class=\"wp-block-columns is-layout-flex wp-container-core-columns-is-layout-9d6595d7 wp-block-columns-is-layout-flex\">\n<div class=\"wp-block-column is-layout-flow wp-block-column-is-layout-flow\">\n<figure class=\"wp-block-image size-full\"><a href=\"https:\/\/prod.tubesca-comabi.com\/wp-content\/uploads\/sites\/3\/2023\/04\/passages_pieton2.jpg\"><img loading=\"lazy\" decoding=\"async\" width=\"342\" height=\"287\" src=\"https:\/\/prod.tubesca-comabi.com\/wp-content\/uploads\/sites\/3\/2023\/04\/passages_pieton2.jpg\" alt=\"\" class=\"wp-image-18576\" srcset=\"https:\/\/prod.tubesca-comabi.com\/wp-content\/uploads\/sites\/3\/2023\/04\/passages_pieton2.jpg 342w, https:\/\/prod.tubesca-comabi.com\/wp-content\/uploads\/sites\/3\/2023\/04\/passages_pieton2-300x252.jpg 300w\" sizes=\"auto, (max-width: 342px) 100vw, 342px\" \/><\/a><\/figure>\n<\/div>\n\n\n\n<div class=\"wp-block-column is-layout-flow wp-block-column-is-layout-flow\">\n<figure class=\"wp-block-image size-full\"><a href=\"https:\/\/prod.tubesca-comabi.com\/wp-content\/uploads\/sites\/3\/2023\/04\/passages_pietons3.jpg\"><img loading=\"lazy\" decoding=\"async\" width=\"342\" height=\"287\" src=\"https:\/\/prod.tubesca-comabi.com\/wp-content\/uploads\/sites\/3\/2023\/04\/passages_pietons3.jpg\" alt=\"\" class=\"wp-image-18581\" srcset=\"https:\/\/prod.tubesca-comabi.com\/wp-content\/uploads\/sites\/3\/2023\/04\/passages_pietons3.jpg 342w, https:\/\/prod.tubesca-comabi.com\/wp-content\/uploads\/sites\/3\/2023\/04\/passages_pietons3-300x252.jpg 300w\" sizes=\"auto, (max-width: 342px) 100vw, 342px\" \/><\/a><\/figure>\n<\/div>\n<\/div>\n","protected":false},"excerpt":{"rendered":"<p>Unsere Ger\u00fcststrukturen bieten die M\u00f6glichkeit, Fu\u00dfg\u00e4ngertunnel f\u00fcr Tragger\u00fcste auf \u00f6ffentlichen Stra\u00dfen vorzusehen. Um die Funktion eines Fu\u00dfg\u00e4ngertunnels zu gew\u00e4hrleisten, verwenden Sie die folgenden Komponenten: 2 Holme mit 2,00 m 2 Holme mit 0,50 m M368 oder SOLIDIUM 2 Schraubf\u00fc\u00dfe 2 Klappsplinte RCM12 1 Fussg\u00e4ngertunnelbalken 04001002 oder 1 Stahltr\u00e4ger mit einer Breite von mindestens 1,50 m [&hellip;]<\/p>\n","protected":false},"author":8,"featured_media":0,"parent":0,"menu_order":0,"comment_status":"closed","ping_status":"closed","template":"","meta":{"_acf_changed":false,"ep_exclude_from_search":false,"footnotes":""},"class_list":["post-31021","page","type-page","status-publish","hentry"],"acf":[],"yoast_head":"<!-- This site is optimized with the Yoast SEO plugin v27.5 - https:\/\/yoast.com\/product\/yoast-seo-wordpress\/ -->\n<title>FUSSG\u00c4NGERTUNNEL - Tubesca Comabi<\/title>\n<meta name=\"robots\" content=\"noindex, follow, max-snippet:-1, max-image-preview:large, max-video-preview:-1\" \/>\n<meta property=\"og:locale\" content=\"de_DE\" \/>\n<meta property=\"og:type\" content=\"article\" \/>\n<meta property=\"og:title\" content=\"FUSSG\u00c4NGERTUNNEL - Tubesca Comabi\" \/>\n<meta property=\"og:description\" content=\"Unsere Ger\u00fcststrukturen bieten die M\u00f6glichkeit, Fu\u00dfg\u00e4ngertunnel f\u00fcr Tragger\u00fcste auf \u00f6ffentlichen Stra\u00dfen vorzusehen. Um die Funktion eines Fu\u00dfg\u00e4ngertunnels zu gew\u00e4hrleisten, verwenden Sie die folgenden Komponenten: 2 Holme mit 2,00 m 2 Holme mit 0,50 m M368 oder SOLIDIUM 2 Schraubf\u00fc\u00dfe 2 Klappsplinte RCM12 1 Fussg\u00e4ngertunnelbalken 04001002 oder 1 Stahltr\u00e4ger mit einer Breite von mindestens 1,50 m [&hellip;]\" \/>\n<meta property=\"og:url\" content=\"https:\/\/prod.tubesca-comabi.com\/de\/fussgaengertunnel\/\" \/>\n<meta property=\"og:site_name\" content=\"Tubesca Comabi\" \/>\n<meta property=\"article:publisher\" content=\"https:\/\/www.facebook.com\/tubescacomabi\/\" \/>\n<meta property=\"article:modified_time\" content=\"2023-05-26T13:56:06+00:00\" \/>\n<meta property=\"og:image\" content=\"https:\/\/prod.tubesca-comabi.com\/wp-content\/uploads\/sites\/3\/2023\/04\/passage_pieton.jpg\" \/>\n<meta name=\"twitter:card\" content=\"summary_large_image\" \/>\n<meta name=\"twitter:site\" content=\"@tubesca_comabi\" \/>\n<script type=\"application\/ld+json\" class=\"yoast-schema-graph\">{\"@context\":\"https:\\\/\\\/schema.org\",\"@graph\":[{\"@type\":\"WebPage\",\"@id\":\"https:\\\/\\\/prod.tubesca-comabi.com\\\/de\\\/fussgaengertunnel\\\/\",\"url\":\"https:\\\/\\\/prod.tubesca-comabi.com\\\/de\\\/fussgaengertunnel\\\/\",\"name\":\"FUSSG\u00c4NGERTUNNEL - Tubesca Comabi\",\"isPartOf\":{\"@id\":\"https:\\\/\\\/prod.tubesca-comabi.com\\\/de\\\/#website\"},\"primaryImageOfPage\":{\"@id\":\"https:\\\/\\\/prod.tubesca-comabi.com\\\/de\\\/fussgaengertunnel\\\/#primaryimage\"},\"image\":{\"@id\":\"https:\\\/\\\/prod.tubesca-comabi.com\\\/de\\\/fussgaengertunnel\\\/#primaryimage\"},\"thumbnailUrl\":\"https:\\\/\\\/prod.tubesca-comabi.com\\\/wp-content\\\/uploads\\\/sites\\\/3\\\/2023\\\/04\\\/passage_pieton.jpg\",\"datePublished\":\"2023-04-18T08:04:13+00:00\",\"dateModified\":\"2023-05-26T13:56:06+00:00\",\"breadcrumb\":{\"@id\":\"https:\\\/\\\/prod.tubesca-comabi.com\\\/de\\\/fussgaengertunnel\\\/#breadcrumb\"},\"inLanguage\":\"de\",\"potentialAction\":[{\"@type\":\"ReadAction\",\"target\":[\"https:\\\/\\\/prod.tubesca-comabi.com\\\/de\\\/fussgaengertunnel\\\/\"]}]},{\"@type\":\"ImageObject\",\"inLanguage\":\"de\",\"@id\":\"https:\\\/\\\/prod.tubesca-comabi.com\\\/de\\\/fussgaengertunnel\\\/#primaryimage\",\"url\":\"https:\\\/\\\/prod.tubesca-comabi.com\\\/wp-content\\\/uploads\\\/sites\\\/3\\\/2023\\\/04\\\/passage_pieton.jpg\",\"contentUrl\":\"https:\\\/\\\/prod.tubesca-comabi.com\\\/wp-content\\\/uploads\\\/sites\\\/3\\\/2023\\\/04\\\/passage_pieton.jpg\"},{\"@type\":\"BreadcrumbList\",\"@id\":\"https:\\\/\\\/prod.tubesca-comabi.com\\\/de\\\/fussgaengertunnel\\\/#breadcrumb\",\"itemListElement\":[{\"@type\":\"ListItem\",\"position\":1,\"name\":\"Tubesca-Comabi\",\"item\":\"https:\\\/\\\/prod.tubesca-comabi.com\\\/de\\\/\"},{\"@type\":\"ListItem\",\"position\":2,\"name\":\"FUSSG\u00c4NGERTUNNEL\"}]},{\"@type\":\"WebSite\",\"@id\":\"https:\\\/\\\/prod.tubesca-comabi.com\\\/de\\\/#website\",\"url\":\"https:\\\/\\\/prod.tubesca-comabi.com\\\/de\\\/\",\"name\":\"Tubesca Comabi\",\"description\":\"Une entreprise du groupe Fr\u00e9n\u00e9hard &amp; Michaux\",\"publisher\":{\"@id\":\"https:\\\/\\\/prod.tubesca-comabi.com\\\/de\\\/#organization\"},\"potentialAction\":[{\"@type\":\"SearchAction\",\"target\":{\"@type\":\"EntryPoint\",\"urlTemplate\":\"https:\\\/\\\/prod.tubesca-comabi.com\\\/de\\\/?s={search_term_string}\"},\"query-input\":{\"@type\":\"PropertyValueSpecification\",\"valueRequired\":true,\"valueName\":\"search_term_string\"}}],\"inLanguage\":\"de\"},{\"@type\":\"Organization\",\"@id\":\"https:\\\/\\\/prod.tubesca-comabi.com\\\/de\\\/#organization\",\"name\":\"Tubesca Comabi\",\"url\":\"https:\\\/\\\/prod.tubesca-comabi.com\\\/de\\\/\",\"logo\":{\"@type\":\"ImageObject\",\"inLanguage\":\"de\",\"@id\":\"https:\\\/\\\/prod.tubesca-comabi.com\\\/de\\\/#\\\/schema\\\/logo\\\/image\\\/\",\"url\":\"https:\\\/\\\/prod.tubesca-comabi.com\\\/wp-content\\\/uploads\\\/sites\\\/3\\\/2022\\\/12\\\/tubesca-comabi_logo_0.png\",\"contentUrl\":\"https:\\\/\\\/prod.tubesca-comabi.com\\\/wp-content\\\/uploads\\\/sites\\\/3\\\/2022\\\/12\\\/tubesca-comabi_logo_0.png\",\"width\":426,\"height\":54,\"caption\":\"Tubesca Comabi\"},\"image\":{\"@id\":\"https:\\\/\\\/prod.tubesca-comabi.com\\\/de\\\/#\\\/schema\\\/logo\\\/image\\\/\"},\"sameAs\":[\"https:\\\/\\\/www.facebook.com\\\/tubescacomabi\\\/\",\"https:\\\/\\\/x.com\\\/tubesca_comabi\",\"https:\\\/\\\/www.youtube.com\\\/channel\\\/UCiiudWOV9mAvU9c7VkV4kmA\",\"https:\\\/\\\/www.linkedin.com\\\/company\\\/tubesca-comabi\",\"https:\\\/\\\/www.instagram.com\\\/tubesca.comabi\\\/\"]}]}<\/script>\n<!-- \/ Yoast SEO plugin. -->","yoast_head_json":{"title":"FUSSG\u00c4NGERTUNNEL - Tubesca Comabi","robots":{"index":"noindex","follow":"follow","max-snippet":"max-snippet:-1","max-image-preview":"max-image-preview:large","max-video-preview":"max-video-preview:-1"},"og_locale":"de_DE","og_type":"article","og_title":"FUSSG\u00c4NGERTUNNEL - Tubesca Comabi","og_description":"Unsere Ger\u00fcststrukturen bieten die M\u00f6glichkeit, Fu\u00dfg\u00e4ngertunnel f\u00fcr Tragger\u00fcste auf \u00f6ffentlichen Stra\u00dfen vorzusehen. Um die Funktion eines Fu\u00dfg\u00e4ngertunnels zu gew\u00e4hrleisten, verwenden Sie die folgenden Komponenten: 2 Holme mit 2,00 m 2 Holme mit 0,50 m M368 oder SOLIDIUM 2 Schraubf\u00fc\u00dfe 2 Klappsplinte RCM12 1 Fussg\u00e4ngertunnelbalken 04001002 oder 1 Stahltr\u00e4ger mit einer Breite von mindestens 1,50 m [&hellip;]","og_url":"https:\/\/prod.tubesca-comabi.com\/de\/fussgaengertunnel\/","og_site_name":"Tubesca Comabi","article_publisher":"https:\/\/www.facebook.com\/tubescacomabi\/","article_modified_time":"2023-05-26T13:56:06+00:00","og_image":[{"url":"https:\/\/prod.tubesca-comabi.com\/wp-content\/uploads\/sites\/3\/2023\/04\/passage_pieton.jpg","type":"","width":"","height":""}],"twitter_card":"summary_large_image","twitter_site":"@tubesca_comabi","schema":{"@context":"https:\/\/schema.org","@graph":[{"@type":"WebPage","@id":"https:\/\/prod.tubesca-comabi.com\/de\/fussgaengertunnel\/","url":"https:\/\/prod.tubesca-comabi.com\/de\/fussgaengertunnel\/","name":"FUSSG\u00c4NGERTUNNEL - Tubesca Comabi","isPartOf":{"@id":"https:\/\/prod.tubesca-comabi.com\/de\/#website"},"primaryImageOfPage":{"@id":"https:\/\/prod.tubesca-comabi.com\/de\/fussgaengertunnel\/#primaryimage"},"image":{"@id":"https:\/\/prod.tubesca-comabi.com\/de\/fussgaengertunnel\/#primaryimage"},"thumbnailUrl":"https:\/\/prod.tubesca-comabi.com\/wp-content\/uploads\/sites\/3\/2023\/04\/passage_pieton.jpg","datePublished":"2023-04-18T08:04:13+00:00","dateModified":"2023-05-26T13:56:06+00:00","breadcrumb":{"@id":"https:\/\/prod.tubesca-comabi.com\/de\/fussgaengertunnel\/#breadcrumb"},"inLanguage":"de","potentialAction":[{"@type":"ReadAction","target":["https:\/\/prod.tubesca-comabi.com\/de\/fussgaengertunnel\/"]}]},{"@type":"ImageObject","inLanguage":"de","@id":"https:\/\/prod.tubesca-comabi.com\/de\/fussgaengertunnel\/#primaryimage","url":"https:\/\/prod.tubesca-comabi.com\/wp-content\/uploads\/sites\/3\/2023\/04\/passage_pieton.jpg","contentUrl":"https:\/\/prod.tubesca-comabi.com\/wp-content\/uploads\/sites\/3\/2023\/04\/passage_pieton.jpg"},{"@type":"BreadcrumbList","@id":"https:\/\/prod.tubesca-comabi.com\/de\/fussgaengertunnel\/#breadcrumb","itemListElement":[{"@type":"ListItem","position":1,"name":"Tubesca-Comabi","item":"https:\/\/prod.tubesca-comabi.com\/de\/"},{"@type":"ListItem","position":2,"name":"FUSSG\u00c4NGERTUNNEL"}]},{"@type":"WebSite","@id":"https:\/\/prod.tubesca-comabi.com\/de\/#website","url":"https:\/\/prod.tubesca-comabi.com\/de\/","name":"Tubesca Comabi","description":"Une entreprise du groupe Fr\u00e9n\u00e9hard &amp; Michaux","publisher":{"@id":"https:\/\/prod.tubesca-comabi.com\/de\/#organization"},"potentialAction":[{"@type":"SearchAction","target":{"@type":"EntryPoint","urlTemplate":"https:\/\/prod.tubesca-comabi.com\/de\/?s={search_term_string}"},"query-input":{"@type":"PropertyValueSpecification","valueRequired":true,"valueName":"search_term_string"}}],"inLanguage":"de"},{"@type":"Organization","@id":"https:\/\/prod.tubesca-comabi.com\/de\/#organization","name":"Tubesca Comabi","url":"https:\/\/prod.tubesca-comabi.com\/de\/","logo":{"@type":"ImageObject","inLanguage":"de","@id":"https:\/\/prod.tubesca-comabi.com\/de\/#\/schema\/logo\/image\/","url":"https:\/\/prod.tubesca-comabi.com\/wp-content\/uploads\/sites\/3\/2022\/12\/tubesca-comabi_logo_0.png","contentUrl":"https:\/\/prod.tubesca-comabi.com\/wp-content\/uploads\/sites\/3\/2022\/12\/tubesca-comabi_logo_0.png","width":426,"height":54,"caption":"Tubesca Comabi"},"image":{"@id":"https:\/\/prod.tubesca-comabi.com\/de\/#\/schema\/logo\/image\/"},"sameAs":["https:\/\/www.facebook.com\/tubescacomabi\/","https:\/\/x.com\/tubesca_comabi","https:\/\/www.youtube.com\/channel\/UCiiudWOV9mAvU9c7VkV4kmA","https:\/\/www.linkedin.com\/company\/tubesca-comabi","https:\/\/www.instagram.com\/tubesca.comabi\/"]}]}},"_links":{"self":[{"href":"https:\/\/prod.tubesca-comabi.com\/de\/wp-json\/wp\/v2\/pages\/31021","targetHints":{"allow":["GET"]}}],"collection":[{"href":"https:\/\/prod.tubesca-comabi.com\/de\/wp-json\/wp\/v2\/pages"}],"about":[{"href":"https:\/\/prod.tubesca-comabi.com\/de\/wp-json\/wp\/v2\/types\/page"}],"author":[{"embeddable":true,"href":"https:\/\/prod.tubesca-comabi.com\/de\/wp-json\/wp\/v2\/users\/8"}],"replies":[{"embeddable":true,"href":"https:\/\/prod.tubesca-comabi.com\/de\/wp-json\/wp\/v2\/comments?post=31021"}],"version-history":[{"count":1,"href":"https:\/\/prod.tubesca-comabi.com\/de\/wp-json\/wp\/v2\/pages\/31021\/revisions"}],"predecessor-version":[{"id":31022,"href":"https:\/\/prod.tubesca-comabi.com\/de\/wp-json\/wp\/v2\/pages\/31021\/revisions\/31022"}],"wp:attachment":[{"href":"https:\/\/prod.tubesca-comabi.com\/de\/wp-json\/wp\/v2\/media?parent=31021"}],"curies":[{"name":"wp","href":"https:\/\/api.w.org\/{rel}","templated":true}]}}