{"id":10037,"date":"2023-01-27T10:19:00","date_gmt":"2023-01-27T09:19:00","guid":{"rendered":"https:\/\/prod.tubesca-comabi.com\/unsere-werte\/"},"modified":"2023-04-19T15:01:31","modified_gmt":"2023-04-19T13:01:31","slug":"unsere-werte","status":"publish","type":"page","link":"https:\/\/prod.tubesca-comabi.com\/de\/unsere-werte\/","title":{"rendered":"UNSERE WERTE"},"content":{"rendered":"\n<figure class=\"wp-block-image alignfull size-large\"><img loading=\"lazy\" decoding=\"async\" width=\"1024\" height=\"201\" src=\"https:\/\/prod.tubesca-comabi.com\/wp-content\/uploads\/sites\/3\/2023\/03\/nos-valeurs-1024x201.jpg\" alt=\"\" class=\"wp-image-11654\" srcset=\"https:\/\/prod.tubesca-comabi.com\/wp-content\/uploads\/sites\/3\/2023\/03\/nos-valeurs-1024x201.jpg 1024w, https:\/\/prod.tubesca-comabi.com\/wp-content\/uploads\/sites\/3\/2023\/03\/nos-valeurs-300x59.jpg 300w, https:\/\/prod.tubesca-comabi.com\/wp-content\/uploads\/sites\/3\/2023\/03\/nos-valeurs-768x151.jpg 768w, https:\/\/prod.tubesca-comabi.com\/wp-content\/uploads\/sites\/3\/2023\/03\/nos-valeurs-1536x301.jpg 1536w, https:\/\/prod.tubesca-comabi.com\/wp-content\/uploads\/sites\/3\/2023\/03\/nos-valeurs-2048x402.jpg 2048w, https:\/\/prod.tubesca-comabi.com\/wp-content\/uploads\/sites\/3\/2023\/03\/nos-valeurs-600x118.jpg 600w\" sizes=\"auto, (max-width: 1024px) 100vw, 1024px\" \/><\/figure>\n\n<div class=\"wp-block-columns are-vertically-aligned-center is-layout-flex wp-container-core-columns-is-layout-9d6595d7 wp-block-columns-is-layout-flex\">\n<div class=\"wp-block-column is-vertically-aligned-center is-layout-flow wp-block-column-is-layout-flow\" style=\"flex-basis:20%\">\n<figure class=\"wp-block-image aligncenter size-full is-resized\"><img loading=\"lazy\" decoding=\"async\" src=\"https:\/\/prod.tubesca-comabi.com\/wp-content\/uploads\/sites\/3\/2023\/02\/ecouter.png\" alt=\"\" class=\"wp-image-8035\" width=\"133\" height=\"134\" srcset=\"https:\/\/prod.tubesca-comabi.com\/wp-content\/uploads\/sites\/3\/2023\/02\/ecouter.png 177w, https:\/\/prod.tubesca-comabi.com\/wp-content\/uploads\/sites\/3\/2023\/02\/ecouter-150x150.png 150w, https:\/\/prod.tubesca-comabi.com\/wp-content\/uploads\/sites\/3\/2023\/02\/ecouter-100x100.png 100w\" sizes=\"auto, (max-width: 133px) 100vw, 133px\" \/><\/figure>\n\n\n\n<p class=\"has-text-align-center is-style-nomargin has-mycms-antracite-color has-text-color\"><strong>Kundenorientiertheit<\/strong><\/p>\n<\/div>\n\n\n\n<div class=\"wp-block-column is-vertically-aligned-center is-layout-flow wp-block-column-is-layout-flow\" style=\"flex-basis:80%\">\n<p>Bei Tubesca-Comabi, nehmen wir <strong>uns die Zeit<\/strong>, unseren Kunden zuzuh\u00f6ren und auf ihre <strong>Erwartungen einzugehen<\/strong>, um f\u00fcr sie <strong>die Produkte und Dienstleistungen der Zukunft zu gestalten<\/strong>.<\/p>\n\n\n\n<p>Die aufrichtige und st\u00e4ndige Bereitschaft unserer Mitarbeiter und Kollegen, auf die Bed\u00fcrfnisse unserer Kunden und Partner einzugehen, ist die Grundlage f\u00fcr eine solide und lohnende Arbeit.<\/p>\n<\/div>\n<\/div>\n\n<div class=\"wp-block-columns are-vertically-aligned-center is-layout-flex wp-container-core-columns-is-layout-9d6595d7 wp-block-columns-is-layout-flex\">\n<div class=\"wp-block-column is-vertically-aligned-center is-layout-flow wp-block-column-is-layout-flow\" style=\"flex-basis:20%\">\n<figure class=\"wp-block-image aligncenter size-full is-resized\"><img loading=\"lazy\" decoding=\"async\" src=\"https:\/\/prod.tubesca-comabi.com\/wp-content\/uploads\/sites\/3\/2023\/02\/sengager.png\" alt=\"\" class=\"wp-image-8040\" width=\"133\" height=\"134\" srcset=\"https:\/\/prod.tubesca-comabi.com\/wp-content\/uploads\/sites\/3\/2023\/02\/sengager.png 177w, https:\/\/prod.tubesca-comabi.com\/wp-content\/uploads\/sites\/3\/2023\/02\/sengager-150x150.png 150w, https:\/\/prod.tubesca-comabi.com\/wp-content\/uploads\/sites\/3\/2023\/02\/sengager-100x100.png 100w\" sizes=\"auto, (max-width: 133px) 100vw, 133px\" \/><\/figure>\n\n\n\n<p class=\"has-text-align-center is-style-nomargin has-mycms-antracite-color has-text-color\"><strong>Verpflichtung<\/strong><\/p>\n<\/div>\n\n\n\n<div class=\"wp-block-column is-vertically-aligned-center is-layout-flow wp-block-column-is-layout-flow\" style=\"flex-basis:80%\">\n<p>BeiTubesca-Comabi, ist die Einhaltung der Verpflichtungen f\u00fcr alle grundlegend.<\/p>\n\n\n\n<p>Wir bef\u00fcrworten eine Kultur der Eigeninitiative, die mit der Verantwortung verbunden ist, die eingegangenen Verpflichtungen zu erf\u00fcllen, sowohl zwischen den Mitarbeitern als auch gegen\u00fcber Kunden und Partnern.<\/p>\n<\/div>\n<\/div>\n\n<div class=\"wp-block-columns are-vertically-aligned-center is-layout-flex wp-container-core-columns-is-layout-9d6595d7 wp-block-columns-is-layout-flex\">\n<div class=\"wp-block-column is-vertically-aligned-center is-layout-flow wp-block-column-is-layout-flow\" style=\"flex-basis:20%\">\n<figure class=\"wp-block-image aligncenter size-full is-resized\"><img loading=\"lazy\" decoding=\"async\" src=\"https:\/\/prod.tubesca-comabi.com\/wp-content\/uploads\/sites\/3\/2023\/02\/innover.png\" alt=\"\" class=\"wp-image-8044\" width=\"134\" height=\"134\" srcset=\"https:\/\/prod.tubesca-comabi.com\/wp-content\/uploads\/sites\/3\/2023\/02\/innover.png 178w, https:\/\/prod.tubesca-comabi.com\/wp-content\/uploads\/sites\/3\/2023\/02\/innover-150x150.png 150w, https:\/\/prod.tubesca-comabi.com\/wp-content\/uploads\/sites\/3\/2023\/02\/innover-100x100.png 100w\" sizes=\"auto, (max-width: 134px) 100vw, 134px\" \/><\/figure>\n\n\n\n<p class=\"has-text-align-center is-style-nomargin has-mycms-antracite-color has-text-color\"><strong>Innovation<\/strong><\/p>\n<\/div>\n\n\n\n<div class=\"wp-block-column is-vertically-aligned-center is-layout-flow wp-block-column-is-layout-flow\" style=\"flex-basis:80%\">\n<p>Bei Tubesca-Comabi, ist Innovation das Herzst\u00fcck unserer Identit\u00e4t. Arbeiten<strong> <\/strong>wir Hand in Hand mit unseren Kunden und Partnern mit dem Ziel der kontinuierlichen Verbesserung unserer Produkte und Prozesse.<\/p>\n\n\n\n<p>Wir ermutigen zur Eigeninitiative und hinterfragen uns selbst, sowohl <strong>auf Unternehmensebene<\/strong> als auch als <strong>Einzelpersonen<\/strong>, in dem Bestreben, <strong>neue Ideen zu entwickeln<\/strong>.<\/p>\n<\/div>\n<\/div>\n\n<div class=\"wp-block-columns are-vertically-aligned-center is-layout-flex wp-container-core-columns-is-layout-9d6595d7 wp-block-columns-is-layout-flex\">\n<div class=\"wp-block-column is-vertically-aligned-center is-layout-flow wp-block-column-is-layout-flow\" style=\"flex-basis:20%\">\n<figure class=\"wp-block-image aligncenter size-full is-resized\"><img loading=\"lazy\" decoding=\"async\" src=\"https:\/\/prod.tubesca-comabi.com\/wp-content\/uploads\/sites\/3\/2023\/02\/proteger.png\" alt=\"\" class=\"wp-image-8048\" width=\"134\" height=\"134\" srcset=\"https:\/\/prod.tubesca-comabi.com\/wp-content\/uploads\/sites\/3\/2023\/02\/proteger.png 178w, https:\/\/prod.tubesca-comabi.com\/wp-content\/uploads\/sites\/3\/2023\/02\/proteger-150x150.png 150w, https:\/\/prod.tubesca-comabi.com\/wp-content\/uploads\/sites\/3\/2023\/02\/proteger-100x100.png 100w\" sizes=\"auto, (max-width: 134px) 100vw, 134px\" \/><\/figure>\n\n\n\n<p class=\"has-text-align-center is-style-nomargin has-mycms-antracite-color has-text-color\"><strong>Sicherheit<\/strong><\/p>\n<\/div>\n\n\n\n<div class=\"wp-block-column is-vertically-aligned-center is-layout-flow wp-block-column-is-layout-flow\" style=\"flex-basis:80%\">\n<p>Bei Tubesca-Comabi, sind H\u00f6he und Sicherheit untrennbar miteinander verbunden. Die Gesundheit und Sicherheit unserer Mitarbeitenden steht f\u00fcr uns ganz klar im Vordergrund.<\/p>\n\n\n\n<p>Die Qualit\u00e4t unserer Produkte und die kontrollierte Abwicklung unserer Prozesse gew\u00e4hrleisten unseren Kunden Sicherheit und den Fortbestand ihrer Anlagen.<\/p>\n<\/div>\n<\/div>\n\n<div class=\"wp-block-columns are-vertically-aligned-center is-layout-flex wp-container-core-columns-is-layout-9d6595d7 wp-block-columns-is-layout-flex\">\n<div class=\"wp-block-column is-vertically-aligned-center is-layout-flow wp-block-column-is-layout-flow\" style=\"flex-basis:20%\">\n<figure class=\"wp-block-image aligncenter size-full is-resized\"><img loading=\"lazy\" decoding=\"async\" src=\"https:\/\/prod.tubesca-comabi.com\/wp-content\/uploads\/sites\/3\/2023\/02\/selever.png\" alt=\"\" class=\"wp-image-8052\" width=\"133\" height=\"134\" srcset=\"https:\/\/prod.tubesca-comabi.com\/wp-content\/uploads\/sites\/3\/2023\/02\/selever.png 177w, https:\/\/prod.tubesca-comabi.com\/wp-content\/uploads\/sites\/3\/2023\/02\/selever-150x150.png 150w, https:\/\/prod.tubesca-comabi.com\/wp-content\/uploads\/sites\/3\/2023\/02\/selever-100x100.png 100w\" sizes=\"auto, (max-width: 133px) 100vw, 133px\" \/><\/figure>\n\n\n\n<p class=\"has-text-align-center is-style-nomargin has-mycms-antracite-color has-text-color\"><strong>Zusammenhalt<\/strong><\/p>\n<\/div>\n\n\n\n<div class=\"wp-block-column is-vertically-aligned-center is-layout-flow wp-block-column-is-layout-flow\" style=\"flex-basis:80%\">\n<p>Bei Tubesca-Comabi stehen wir \u00fcberzeugt hinter unseren Mitarbeitenden. Die F\u00f6rderung der pers\u00f6nlichen Entwicklung, die Erweiterung von Kompetenzen, die Unterst\u00fctzung von positivem Verhalten und Teamarbeit sind Bestandteil unserer Unternehmenskultur.<\/p>\n\n\n\n<p>Diesen Stolz tragen wir nach au\u00dfen und wir w\u00fcrdigen die Frauen und M\u00e4nner, die f\u00fcr unsere Marken, unser Image und unsere Betriebe arbeiten und einstehen.<\/p>\n<\/div>\n<\/div>\n","protected":false},"excerpt":{"rendered":"<p>Kundenorientiertheit Bei Tubesca-Comabi, nehmen wir uns die Zeit, unseren Kunden zuzuh\u00f6ren und auf ihre Erwartungen einzugehen, um f\u00fcr sie die Produkte und Dienstleistungen der Zukunft zu gestalten. Die aufrichtige und st\u00e4ndige Bereitschaft unserer Mitarbeiter und Kollegen, auf die Bed\u00fcrfnisse unserer Kunden und Partner einzugehen, ist die Grundlage f\u00fcr eine solide und lohnende Arbeit. Verpflichtung BeiTubesca-Comabi, [&hellip;]<\/p>\n","protected":false},"author":1,"featured_media":0,"parent":0,"menu_order":0,"comment_status":"closed","ping_status":"closed","template":"","meta":{"_acf_changed":false,"ep_exclude_from_search":false,"footnotes":""},"class_list":["post-10037","page","type-page","status-publish","hentry"],"acf":[],"yoast_head":"<!-- This site is optimized with the Yoast SEO plugin v27.3 - https:\/\/yoast.com\/product\/yoast-seo-wordpress\/ -->\n<title>UNSERE WERTE - Tubesca Comabi<\/title>\n<meta name=\"robots\" content=\"noindex, follow, max-snippet:-1, max-image-preview:large, max-video-preview:-1\" \/>\n<meta property=\"og:locale\" content=\"de_DE\" \/>\n<meta property=\"og:type\" content=\"article\" \/>\n<meta property=\"og:title\" content=\"UNSERE WERTE - Tubesca Comabi\" \/>\n<meta property=\"og:description\" content=\"Kundenorientiertheit Bei Tubesca-Comabi, nehmen wir uns die Zeit, unseren Kunden zuzuh\u00f6ren und auf ihre Erwartungen einzugehen, um f\u00fcr sie die Produkte und Dienstleistungen der Zukunft zu gestalten. Die aufrichtige und st\u00e4ndige Bereitschaft unserer Mitarbeiter und Kollegen, auf die Bed\u00fcrfnisse unserer Kunden und Partner einzugehen, ist die Grundlage f\u00fcr eine solide und lohnende Arbeit. Verpflichtung BeiTubesca-Comabi, [&hellip;]\" \/>\n<meta property=\"og:url\" content=\"https:\/\/prod.tubesca-comabi.com\/de\/unsere-werte\/\" \/>\n<meta property=\"og:site_name\" content=\"Tubesca Comabi\" \/>\n<meta property=\"article:publisher\" content=\"https:\/\/www.facebook.com\/tubescacomabi\/\" \/>\n<meta property=\"article:modified_time\" content=\"2023-04-19T13:01:31+00:00\" \/>\n<meta property=\"og:image\" content=\"https:\/\/prod.tubesca-comabi.com\/wp-content\/uploads\/sites\/3\/2023\/03\/nos-valeurs-1024x201.jpg\" \/>\n<meta name=\"twitter:card\" content=\"summary_large_image\" \/>\n<meta name=\"twitter:site\" content=\"@tubesca_comabi\" \/>\n<meta name=\"twitter:label1\" content=\"Gesch\u00e4tzte Lesezeit\" \/>\n\t<meta name=\"twitter:data1\" content=\"1\u00a0Minute\" \/>\n<script type=\"application\/ld+json\" class=\"yoast-schema-graph\">{\"@context\":\"https:\\\/\\\/schema.org\",\"@graph\":[{\"@type\":\"WebPage\",\"@id\":\"https:\\\/\\\/prod.tubesca-comabi.com\\\/de\\\/unsere-werte\\\/\",\"url\":\"https:\\\/\\\/prod.tubesca-comabi.com\\\/de\\\/unsere-werte\\\/\",\"name\":\"UNSERE WERTE - Tubesca Comabi\",\"isPartOf\":{\"@id\":\"https:\\\/\\\/prod.tubesca-comabi.com\\\/de\\\/#website\"},\"primaryImageOfPage\":{\"@id\":\"https:\\\/\\\/prod.tubesca-comabi.com\\\/de\\\/unsere-werte\\\/#primaryimage\"},\"image\":{\"@id\":\"https:\\\/\\\/prod.tubesca-comabi.com\\\/de\\\/unsere-werte\\\/#primaryimage\"},\"thumbnailUrl\":\"https:\\\/\\\/prod.tubesca-comabi.com\\\/wp-content\\\/uploads\\\/sites\\\/3\\\/2023\\\/03\\\/nos-valeurs-1024x201.jpg\",\"datePublished\":\"2023-01-27T09:19:00+00:00\",\"dateModified\":\"2023-04-19T13:01:31+00:00\",\"breadcrumb\":{\"@id\":\"https:\\\/\\\/prod.tubesca-comabi.com\\\/de\\\/unsere-werte\\\/#breadcrumb\"},\"inLanguage\":\"de\",\"potentialAction\":[{\"@type\":\"ReadAction\",\"target\":[\"https:\\\/\\\/prod.tubesca-comabi.com\\\/de\\\/unsere-werte\\\/\"]}]},{\"@type\":\"ImageObject\",\"inLanguage\":\"de\",\"@id\":\"https:\\\/\\\/prod.tubesca-comabi.com\\\/de\\\/unsere-werte\\\/#primaryimage\",\"url\":\"https:\\\/\\\/prod.tubesca-comabi.com\\\/wp-content\\\/uploads\\\/sites\\\/3\\\/2023\\\/03\\\/nos-valeurs-1024x201.jpg\",\"contentUrl\":\"https:\\\/\\\/prod.tubesca-comabi.com\\\/wp-content\\\/uploads\\\/sites\\\/3\\\/2023\\\/03\\\/nos-valeurs-1024x201.jpg\"},{\"@type\":\"BreadcrumbList\",\"@id\":\"https:\\\/\\\/prod.tubesca-comabi.com\\\/de\\\/unsere-werte\\\/#breadcrumb\",\"itemListElement\":[{\"@type\":\"ListItem\",\"position\":1,\"name\":\"Tubesca-Comabi\",\"item\":\"https:\\\/\\\/prod.tubesca-comabi.com\\\/de\\\/\"},{\"@type\":\"ListItem\",\"position\":2,\"name\":\"UNSERE WERTE\"}]},{\"@type\":\"WebSite\",\"@id\":\"https:\\\/\\\/prod.tubesca-comabi.com\\\/de\\\/#website\",\"url\":\"https:\\\/\\\/prod.tubesca-comabi.com\\\/de\\\/\",\"name\":\"Tubesca Comabi\",\"description\":\"Une entreprise du groupe Fr\u00e9n\u00e9hard &amp; Michaux\",\"publisher\":{\"@id\":\"https:\\\/\\\/prod.tubesca-comabi.com\\\/de\\\/#organization\"},\"potentialAction\":[{\"@type\":\"SearchAction\",\"target\":{\"@type\":\"EntryPoint\",\"urlTemplate\":\"https:\\\/\\\/prod.tubesca-comabi.com\\\/de\\\/?s={search_term_string}\"},\"query-input\":{\"@type\":\"PropertyValueSpecification\",\"valueRequired\":true,\"valueName\":\"search_term_string\"}}],\"inLanguage\":\"de\"},{\"@type\":\"Organization\",\"@id\":\"https:\\\/\\\/prod.tubesca-comabi.com\\\/de\\\/#organization\",\"name\":\"Tubesca Comabi\",\"url\":\"https:\\\/\\\/prod.tubesca-comabi.com\\\/de\\\/\",\"logo\":{\"@type\":\"ImageObject\",\"inLanguage\":\"de\",\"@id\":\"https:\\\/\\\/prod.tubesca-comabi.com\\\/de\\\/#\\\/schema\\\/logo\\\/image\\\/\",\"url\":\"https:\\\/\\\/prod.tubesca-comabi.com\\\/wp-content\\\/uploads\\\/sites\\\/3\\\/2022\\\/12\\\/tubesca-comabi_logo_0.png\",\"contentUrl\":\"https:\\\/\\\/prod.tubesca-comabi.com\\\/wp-content\\\/uploads\\\/sites\\\/3\\\/2022\\\/12\\\/tubesca-comabi_logo_0.png\",\"width\":426,\"height\":54,\"caption\":\"Tubesca Comabi\"},\"image\":{\"@id\":\"https:\\\/\\\/prod.tubesca-comabi.com\\\/de\\\/#\\\/schema\\\/logo\\\/image\\\/\"},\"sameAs\":[\"https:\\\/\\\/www.facebook.com\\\/tubescacomabi\\\/\",\"https:\\\/\\\/x.com\\\/tubesca_comabi\",\"https:\\\/\\\/www.youtube.com\\\/channel\\\/UCiiudWOV9mAvU9c7VkV4kmA\",\"https:\\\/\\\/www.linkedin.com\\\/company\\\/tubesca-comabi\",\"https:\\\/\\\/www.instagram.com\\\/tubesca.comabi\\\/\"]}]}<\/script>\n<!-- \/ Yoast SEO plugin. -->","yoast_head_json":{"title":"UNSERE WERTE - Tubesca Comabi","robots":{"index":"noindex","follow":"follow","max-snippet":"max-snippet:-1","max-image-preview":"max-image-preview:large","max-video-preview":"max-video-preview:-1"},"og_locale":"de_DE","og_type":"article","og_title":"UNSERE WERTE - Tubesca Comabi","og_description":"Kundenorientiertheit Bei Tubesca-Comabi, nehmen wir uns die Zeit, unseren Kunden zuzuh\u00f6ren und auf ihre Erwartungen einzugehen, um f\u00fcr sie die Produkte und Dienstleistungen der Zukunft zu gestalten. Die aufrichtige und st\u00e4ndige Bereitschaft unserer Mitarbeiter und Kollegen, auf die Bed\u00fcrfnisse unserer Kunden und Partner einzugehen, ist die Grundlage f\u00fcr eine solide und lohnende Arbeit. Verpflichtung BeiTubesca-Comabi, [&hellip;]","og_url":"https:\/\/prod.tubesca-comabi.com\/de\/unsere-werte\/","og_site_name":"Tubesca Comabi","article_publisher":"https:\/\/www.facebook.com\/tubescacomabi\/","article_modified_time":"2023-04-19T13:01:31+00:00","og_image":[{"url":"https:\/\/prod.tubesca-comabi.com\/wp-content\/uploads\/sites\/3\/2023\/03\/nos-valeurs-1024x201.jpg","type":"","width":"","height":""}],"twitter_card":"summary_large_image","twitter_site":"@tubesca_comabi","twitter_misc":{"Gesch\u00e4tzte Lesezeit":"1\u00a0Minute"},"schema":{"@context":"https:\/\/schema.org","@graph":[{"@type":"WebPage","@id":"https:\/\/prod.tubesca-comabi.com\/de\/unsere-werte\/","url":"https:\/\/prod.tubesca-comabi.com\/de\/unsere-werte\/","name":"UNSERE WERTE - Tubesca Comabi","isPartOf":{"@id":"https:\/\/prod.tubesca-comabi.com\/de\/#website"},"primaryImageOfPage":{"@id":"https:\/\/prod.tubesca-comabi.com\/de\/unsere-werte\/#primaryimage"},"image":{"@id":"https:\/\/prod.tubesca-comabi.com\/de\/unsere-werte\/#primaryimage"},"thumbnailUrl":"https:\/\/prod.tubesca-comabi.com\/wp-content\/uploads\/sites\/3\/2023\/03\/nos-valeurs-1024x201.jpg","datePublished":"2023-01-27T09:19:00+00:00","dateModified":"2023-04-19T13:01:31+00:00","breadcrumb":{"@id":"https:\/\/prod.tubesca-comabi.com\/de\/unsere-werte\/#breadcrumb"},"inLanguage":"de","potentialAction":[{"@type":"ReadAction","target":["https:\/\/prod.tubesca-comabi.com\/de\/unsere-werte\/"]}]},{"@type":"ImageObject","inLanguage":"de","@id":"https:\/\/prod.tubesca-comabi.com\/de\/unsere-werte\/#primaryimage","url":"https:\/\/prod.tubesca-comabi.com\/wp-content\/uploads\/sites\/3\/2023\/03\/nos-valeurs-1024x201.jpg","contentUrl":"https:\/\/prod.tubesca-comabi.com\/wp-content\/uploads\/sites\/3\/2023\/03\/nos-valeurs-1024x201.jpg"},{"@type":"BreadcrumbList","@id":"https:\/\/prod.tubesca-comabi.com\/de\/unsere-werte\/#breadcrumb","itemListElement":[{"@type":"ListItem","position":1,"name":"Tubesca-Comabi","item":"https:\/\/prod.tubesca-comabi.com\/de\/"},{"@type":"ListItem","position":2,"name":"UNSERE WERTE"}]},{"@type":"WebSite","@id":"https:\/\/prod.tubesca-comabi.com\/de\/#website","url":"https:\/\/prod.tubesca-comabi.com\/de\/","name":"Tubesca Comabi","description":"Une entreprise du groupe Fr\u00e9n\u00e9hard &amp; Michaux","publisher":{"@id":"https:\/\/prod.tubesca-comabi.com\/de\/#organization"},"potentialAction":[{"@type":"SearchAction","target":{"@type":"EntryPoint","urlTemplate":"https:\/\/prod.tubesca-comabi.com\/de\/?s={search_term_string}"},"query-input":{"@type":"PropertyValueSpecification","valueRequired":true,"valueName":"search_term_string"}}],"inLanguage":"de"},{"@type":"Organization","@id":"https:\/\/prod.tubesca-comabi.com\/de\/#organization","name":"Tubesca Comabi","url":"https:\/\/prod.tubesca-comabi.com\/de\/","logo":{"@type":"ImageObject","inLanguage":"de","@id":"https:\/\/prod.tubesca-comabi.com\/de\/#\/schema\/logo\/image\/","url":"https:\/\/prod.tubesca-comabi.com\/wp-content\/uploads\/sites\/3\/2022\/12\/tubesca-comabi_logo_0.png","contentUrl":"https:\/\/prod.tubesca-comabi.com\/wp-content\/uploads\/sites\/3\/2022\/12\/tubesca-comabi_logo_0.png","width":426,"height":54,"caption":"Tubesca Comabi"},"image":{"@id":"https:\/\/prod.tubesca-comabi.com\/de\/#\/schema\/logo\/image\/"},"sameAs":["https:\/\/www.facebook.com\/tubescacomabi\/","https:\/\/x.com\/tubesca_comabi","https:\/\/www.youtube.com\/channel\/UCiiudWOV9mAvU9c7VkV4kmA","https:\/\/www.linkedin.com\/company\/tubesca-comabi","https:\/\/www.instagram.com\/tubesca.comabi\/"]}]}},"_links":{"self":[{"href":"https:\/\/prod.tubesca-comabi.com\/de\/wp-json\/wp\/v2\/pages\/10037","targetHints":{"allow":["GET"]}}],"collection":[{"href":"https:\/\/prod.tubesca-comabi.com\/de\/wp-json\/wp\/v2\/pages"}],"about":[{"href":"https:\/\/prod.tubesca-comabi.com\/de\/wp-json\/wp\/v2\/types\/page"}],"author":[{"embeddable":true,"href":"https:\/\/prod.tubesca-comabi.com\/de\/wp-json\/wp\/v2\/users\/1"}],"replies":[{"embeddable":true,"href":"https:\/\/prod.tubesca-comabi.com\/de\/wp-json\/wp\/v2\/comments?post=10037"}],"version-history":[{"count":5,"href":"https:\/\/prod.tubesca-comabi.com\/de\/wp-json\/wp\/v2\/pages\/10037\/revisions"}],"predecessor-version":[{"id":19039,"href":"https:\/\/prod.tubesca-comabi.com\/de\/wp-json\/wp\/v2\/pages\/10037\/revisions\/19039"}],"wp:attachment":[{"href":"https:\/\/prod.tubesca-comabi.com\/de\/wp-json\/wp\/v2\/media?parent=10037"}],"curies":[{"name":"wp","href":"https:\/\/api.w.org\/{rel}","templated":true}]}}